{"id":14930,"date":"2022-10-17T13:30:10","date_gmt":"2022-10-17T11:30:10","guid":{"rendered":"https:\/\/www.cupoftea.si\/?page_id=14930"},"modified":"2022-10-17T13:30:10","modified_gmt":"2022-10-17T11:30:10","slug":"made-in-slovenia-selection-of-design-excellence","status":"publish","type":"page","link":"https:\/\/www.cupoftea.si\/de\/made-in-slovenia-selection-of-design-excellence\/","title":{"rendered":"&#8222;Made in Slovenia&#8220; Selection of Design Excellence"},"content":{"rendered":"<section class=\"wpb-content-wrapper\"><p>[vc_row row_content_width=&#8220;grid&#8220; content_text_aligment=&#8220;left&#8220; use_row_as_full_screen_section=&#8220;no&#8220;][vc_column][vc_custom_heading text=&#8220;&#8222;Made in Slovenia&#8222; Selection of Design Excellence&#8220; font_container=&#8220;tag:h2|text_align:center&#8220; google_fonts=&#8220;font_family:Open%20Sans%3A300%2C300italic%2Cregular%2Citalic%2C600%2C600italic%2C700%2C700italic%2C800%2C800italic|font_style:600%20bold%20regular%3A600%3Anormal&#8220;][vc_empty_space height=&#8220;14px&#8220;][vc_custom_heading text=&#8220;Unsere \u201eReloved Armchairs\u201c haben das unikate Designlabel, \u201eMade in Slovenia\u201c und &#8222;Designed with Excellence&#8222; erhalten. Damit f\u00f6rdert das &#8222;Zentrum f\u00fcr Kreativit\u00e4t&#8222; (The Center for Creativity) die Entwicklung von Produkten und Dienstleistungen, die Kreativit\u00e4t mit einer unternehmerischen Vision verbinden. Es f\u00f6rdert die nachhaltigen Prinzipien und tr\u00e4gt zur Zusammenarbeit zwischen dem Kreativ- und Wirtschaftssektor mit dem Ziel des sozialen Fortschritts, der Entwicklung innovativer Produkte und Dienstleistungen und der Anerkennung slowenischer Marken bei.&#8220; font_container=&#8220;tag:h2|font_size:16|text_align:center|color:%23666666|line_height:1.5&#8243; google_fonts=&#8220;font_family:Open%20Sans%3A300%2C300italic%2Cregular%2Citalic%2C600%2C600italic%2C700%2C700italic%2C800%2C800italic|font_style:300%20light%20regular%3A300%3Anormal&#8220;][\/vc_column][\/vc_row][vc_row content_text_aligment=&#8220;&#8220; use_row_as_full_screen_section=&#8220;no&#8220;][vc_column][vc_empty_space][\/vc_column][\/vc_row][vc_row row_content_width=&#8220;grid&#8220; content_text_aligment=&#8220;center&#8220; use_row_as_full_screen_section=&#8220;no&#8220;][vc_column][vc_single_image image=&#8220;14618&#8243; img_size=&#8220;full&#8220;][\/vc_column][\/vc_row][vc_row content_text_aligment=&#8220;&#8220; use_row_as_full_screen_section=&#8220;no&#8220;][vc_column][vc_empty_space height=&#8220;52px&#8220;][\/vc_column][\/vc_row]<\/p>\n<\/section>","protected":false},"excerpt":{"rendered":"<p>[vc_row row_content_width=&#8220;grid&#8220; content_text_aligment=&#8220;left&#8220; use_row_as_full_screen_section=&#8220;no&#8220;][vc_column][vc_custom_heading text=&#8220;&#8222;Made in Slovenia&#8222; Selection of Design Excellence&#8220; font_container=&#8220;tag:h2|text_align:center&#8220; google_fonts=&#8220;font_family:Open%20Sans%3A300%2C300italic%2Cregular%2Citalic%2C600%2C600italic%2C700%2C700italic%2C800%2C800italic|font_style:600%20bold%20regular%3A600%3Anormal&#8220;][vc_empty_space height=&#8220;14px&#8220;][vc_custom_heading text=&#8220;Unsere \u201eReloved Armchairs\u201c haben das unikate Designlabel, \u201eMade in Slovenia\u201c und &#8222;Designed with Excellence&#8222; erhalten. Damit f\u00f6rdert das &#8222;Zentrum f\u00fcr Kreativit\u00e4t&#8222; (The Center for Creativity) die Entwicklung von Produkten und Dienstleistungen, [&hellip;]<\/p>\n","protected":false},"author":2,"featured_media":0,"parent":0,"menu_order":0,"comment_status":"closed","ping_status":"closed","template":"","meta":{"_acf_changed":false,"footnotes":"","_links_to":"","_links_to_target":""},"class_list":["post-14930","page","type-page","status-publish","hentry"],"acf":[],"yoast_head":"<!-- This site is optimized with the Yoast SEO plugin v25.2 - https:\/\/yoast.com\/wordpress\/plugins\/seo\/ -->\n<title>&quot;Made in Slovenia&quot; Selection of Design Excellence - CUP OF TEA<\/title>\n<meta name=\"robots\" content=\"index, follow, max-snippet:-1, max-image-preview:large, max-video-preview:-1\" \/>\n<link rel=\"canonical\" href=\"https:\/\/www.cupoftea.si\/de\/made-in-slovenia-selection-of-design-excellence\/\" \/>\n<meta property=\"og:locale\" content=\"de_DE\" \/>\n<meta property=\"og:type\" content=\"article\" \/>\n<meta property=\"og:title\" content=\"&quot;Made in Slovenia&quot; Selection of Design Excellence - CUP OF TEA\" \/>\n<meta property=\"og:description\" content=\"[vc_row row_content_width=&#8220;grid&#8220; content_text_aligment=&#8220;left&#8220; use_row_as_full_screen_section=&#8220;no&#8220;][vc_column][vc_custom_heading text=&#8220;&#8222;Made in Slovenia&#8222; Selection of Design Excellence&#8220; font_container=&#8220;tag:h2|text_align:center&#8220; google_fonts=&#8220;font_family:Open%20Sans%3A300%2C300italic%2Cregular%2Citalic%2C600%2C600italic%2C700%2C700italic%2C800%2C800italic|font_style:600%20bold%20regular%3A600%3Anormal&#8220;][vc_empty_space height=&#8220;14px&#8220;][vc_custom_heading text=&#8220;Unsere \u201eReloved Armchairs\u201c haben das unikate Designlabel, \u201eMade in Slovenia\u201c und &#8222;Designed with Excellence&#8222; erhalten. Damit f\u00f6rdert das &#8222;Zentrum f\u00fcr Kreativit\u00e4t&#8222; (The Center for Creativity) die Entwicklung von Produkten und Dienstleistungen, [&hellip;]\" \/>\n<meta property=\"og:url\" content=\"https:\/\/www.cupoftea.si\/de\/made-in-slovenia-selection-of-design-excellence\/\" \/>\n<meta property=\"og:site_name\" content=\"CUP OF TEA\" \/>\n<meta property=\"article:publisher\" content=\"https:\/\/www.facebook.com\/cupoftea.si\/\" \/>\n<meta property=\"og:image\" content=\"https:\/\/www.cupoftea.si\/wp-content\/uploads\/2017\/11\/cup_of_tea_velvet_cushion4.jpg\" \/>\n\t<meta property=\"og:image:width\" content=\"585\" \/>\n\t<meta property=\"og:image:height\" content=\"780\" \/>\n\t<meta property=\"og:image:type\" content=\"image\/jpeg\" \/>\n<meta name=\"twitter:card\" content=\"summary_large_image\" \/>\n<meta name=\"twitter:site\" content=\"@CupOfTeaSI\" \/>\n<meta name=\"twitter:label1\" content=\"Gesch\u00e4tzte Lesezeit\" \/>\n\t<meta name=\"twitter:data1\" content=\"1\u00a0Minute\" \/>\n<script type=\"application\/ld+json\" class=\"yoast-schema-graph\">{\"@context\":\"https:\/\/schema.org\",\"@graph\":[{\"@type\":\"WebPage\",\"@id\":\"https:\/\/www.cupoftea.si\/de\/made-in-slovenia-selection-of-design-excellence\/\",\"url\":\"https:\/\/www.cupoftea.si\/de\/made-in-slovenia-selection-of-design-excellence\/\",\"name\":\"\\\"Made in Slovenia\\\" Selection of Design Excellence - CUP OF TEA\",\"isPartOf\":{\"@id\":\"https:\/\/www.cupoftea.si\/#website\"},\"datePublished\":\"2022-10-17T11:30:10+00:00\",\"breadcrumb\":{\"@id\":\"https:\/\/www.cupoftea.si\/de\/made-in-slovenia-selection-of-design-excellence\/#breadcrumb\"},\"inLanguage\":\"de\",\"potentialAction\":[{\"@type\":\"ReadAction\",\"target\":[\"https:\/\/www.cupoftea.si\/de\/made-in-slovenia-selection-of-design-excellence\/\"]}]},{\"@type\":\"BreadcrumbList\",\"@id\":\"https:\/\/www.cupoftea.si\/de\/made-in-slovenia-selection-of-design-excellence\/#breadcrumb\",\"itemListElement\":[{\"@type\":\"ListItem\",\"position\":1,\"name\":\"Home\",\"item\":\"https:\/\/www.cupoftea.si\/de\/\"},{\"@type\":\"ListItem\",\"position\":2,\"name\":\"&#8220;Made in Slovenia&#8221; Selection of Design Excellence\"}]},{\"@type\":\"WebSite\",\"@id\":\"https:\/\/www.cupoftea.si\/#website\",\"url\":\"https:\/\/www.cupoftea.si\/\",\"name\":\"CUP OF TEA\",\"description\":\"Reloved Furniture &amp; Interiors\",\"potentialAction\":[{\"@type\":\"SearchAction\",\"target\":{\"@type\":\"EntryPoint\",\"urlTemplate\":\"https:\/\/www.cupoftea.si\/?s={search_term_string}\"},\"query-input\":{\"@type\":\"PropertyValueSpecification\",\"valueRequired\":true,\"valueName\":\"search_term_string\"}}],\"inLanguage\":\"de\"}]}<\/script>\n<!-- \/ Yoast SEO plugin. -->","yoast_head_json":{"title":"\"Made in Slovenia\" Selection of Design Excellence - CUP OF TEA","robots":{"index":"index","follow":"follow","max-snippet":"max-snippet:-1","max-image-preview":"max-image-preview:large","max-video-preview":"max-video-preview:-1"},"canonical":"https:\/\/www.cupoftea.si\/de\/made-in-slovenia-selection-of-design-excellence\/","og_locale":"de_DE","og_type":"article","og_title":"\"Made in Slovenia\" Selection of Design Excellence - CUP OF TEA","og_description":"[vc_row row_content_width=&#8220;grid&#8220; content_text_aligment=&#8220;left&#8220; use_row_as_full_screen_section=&#8220;no&#8220;][vc_column][vc_custom_heading text=&#8220;&#8222;Made in Slovenia&#8222; Selection of Design Excellence&#8220; font_container=&#8220;tag:h2|text_align:center&#8220; google_fonts=&#8220;font_family:Open%20Sans%3A300%2C300italic%2Cregular%2Citalic%2C600%2C600italic%2C700%2C700italic%2C800%2C800italic|font_style:600%20bold%20regular%3A600%3Anormal&#8220;][vc_empty_space height=&#8220;14px&#8220;][vc_custom_heading text=&#8220;Unsere \u201eReloved Armchairs\u201c haben das unikate Designlabel, \u201eMade in Slovenia\u201c und &#8222;Designed with Excellence&#8222; erhalten. Damit f\u00f6rdert das &#8222;Zentrum f\u00fcr Kreativit\u00e4t&#8222; (The Center for Creativity) die Entwicklung von Produkten und Dienstleistungen, [&hellip;]","og_url":"https:\/\/www.cupoftea.si\/de\/made-in-slovenia-selection-of-design-excellence\/","og_site_name":"CUP OF TEA","article_publisher":"https:\/\/www.facebook.com\/cupoftea.si\/","og_image":[{"width":585,"height":780,"url":"https:\/\/www.cupoftea.si\/wp-content\/uploads\/2017\/11\/cup_of_tea_velvet_cushion4.jpg","type":"image\/jpeg"}],"twitter_card":"summary_large_image","twitter_site":"@CupOfTeaSI","twitter_misc":{"Gesch\u00e4tzte Lesezeit":"1\u00a0Minute"},"schema":{"@context":"https:\/\/schema.org","@graph":[{"@type":"WebPage","@id":"https:\/\/www.cupoftea.si\/de\/made-in-slovenia-selection-of-design-excellence\/","url":"https:\/\/www.cupoftea.si\/de\/made-in-slovenia-selection-of-design-excellence\/","name":"\"Made in Slovenia\" Selection of Design Excellence - CUP OF TEA","isPartOf":{"@id":"https:\/\/www.cupoftea.si\/#website"},"datePublished":"2022-10-17T11:30:10+00:00","breadcrumb":{"@id":"https:\/\/www.cupoftea.si\/de\/made-in-slovenia-selection-of-design-excellence\/#breadcrumb"},"inLanguage":"de","potentialAction":[{"@type":"ReadAction","target":["https:\/\/www.cupoftea.si\/de\/made-in-slovenia-selection-of-design-excellence\/"]}]},{"@type":"BreadcrumbList","@id":"https:\/\/www.cupoftea.si\/de\/made-in-slovenia-selection-of-design-excellence\/#breadcrumb","itemListElement":[{"@type":"ListItem","position":1,"name":"Home","item":"https:\/\/www.cupoftea.si\/de\/"},{"@type":"ListItem","position":2,"name":"&#8220;Made in Slovenia&#8221; Selection of Design Excellence"}]},{"@type":"WebSite","@id":"https:\/\/www.cupoftea.si\/#website","url":"https:\/\/www.cupoftea.si\/","name":"CUP OF TEA","description":"Reloved Furniture &amp; Interiors","potentialAction":[{"@type":"SearchAction","target":{"@type":"EntryPoint","urlTemplate":"https:\/\/www.cupoftea.si\/?s={search_term_string}"},"query-input":{"@type":"PropertyValueSpecification","valueRequired":true,"valueName":"search_term_string"}}],"inLanguage":"de"}]}},"_links":{"self":[{"href":"https:\/\/www.cupoftea.si\/de\/wp-json\/wp\/v2\/pages\/14930"}],"collection":[{"href":"https:\/\/www.cupoftea.si\/de\/wp-json\/wp\/v2\/pages"}],"about":[{"href":"https:\/\/www.cupoftea.si\/de\/wp-json\/wp\/v2\/types\/page"}],"author":[{"embeddable":true,"href":"https:\/\/www.cupoftea.si\/de\/wp-json\/wp\/v2\/users\/2"}],"replies":[{"embeddable":true,"href":"https:\/\/www.cupoftea.si\/de\/wp-json\/wp\/v2\/comments?post=14930"}],"version-history":[{"count":3,"href":"https:\/\/www.cupoftea.si\/de\/wp-json\/wp\/v2\/pages\/14930\/revisions"}],"predecessor-version":[{"id":15455,"href":"https:\/\/www.cupoftea.si\/de\/wp-json\/wp\/v2\/pages\/14930\/revisions\/15455"}],"wp:attachment":[{"href":"https:\/\/www.cupoftea.si\/de\/wp-json\/wp\/v2\/media?parent=14930"}],"curies":[{"name":"wp","href":"https:\/\/api.w.org\/{rel}","templated":true}]}}