{"id":15203,"date":"2021-05-24T12:29:58","date_gmt":"2021-05-24T10:29:58","guid":{"rendered":"https:\/\/www.cupoftea.si\/product\/reloved-sessel-066\/"},"modified":"2022-11-29T13:33:13","modified_gmt":"2022-11-29T12:33:13","slug":"reloved-sessel-066","status":"publish","type":"product","link":"https:\/\/www.cupoftea.si\/de\/produkt\/reloved-sessel-066\/","title":{"rendered":"Reloved Sessel 066"},"content":{"rendered":"<p><span data-sheets-value=\"{&quot;1&quot;:2,&quot;2&quot;:&quot;Dieser geliebte Sessel wurde mit viel Liebe aufbereitet und ist bereit f\u00fcr eine zweite Chance im neuen Zuhause. Ein bisschen aufmerksame Pflege und ein modernes Makeover haben daf\u00fcr gesorgt, dass er viele Jahre lang bequem bleibt. Unsere Sessel sind die Empf\u00e4nger des unikaten Labels f\u00fcr hervorragendes Design \u201eMade in Slovenia.&quot;&quot;}\" data-sheets-userformat=\"{&quot;2&quot;:13247,&quot;3&quot;:{&quot;1&quot;:0},&quot;4&quot;:{&quot;1&quot;:2,&quot;2&quot;:13302264},&quot;5&quot;:{&quot;1&quot;:[{&quot;1&quot;:2,&quot;2&quot;:0,&quot;5&quot;:{&quot;1&quot;:2,&quot;2&quot;:0}},{&quot;1&quot;:0,&quot;2&quot;:0,&quot;3&quot;:3},{&quot;1&quot;:1,&quot;2&quot;:0,&quot;4&quot;:1}]},&quot;6&quot;:{&quot;1&quot;:[{&quot;1&quot;:2,&quot;2&quot;:0,&quot;5&quot;:{&quot;1&quot;:2,&quot;2&quot;:0}},{&quot;1&quot;:0,&quot;2&quot;:0,&quot;3&quot;:3},{&quot;1&quot;:1,&quot;2&quot;:0,&quot;4&quot;:1}]},&quot;7&quot;:{&quot;1&quot;:[{&quot;1&quot;:2,&quot;2&quot;:0,&quot;5&quot;:{&quot;1&quot;:2,&quot;2&quot;:0}},{&quot;1&quot;:0,&quot;2&quot;:0,&quot;3&quot;:3},{&quot;1&quot;:1,&quot;2&quot;:0,&quot;4&quot;:1}]},&quot;8&quot;:{&quot;1&quot;:[{&quot;1&quot;:2,&quot;2&quot;:0,&quot;5&quot;:{&quot;1&quot;:2,&quot;2&quot;:0}},{&quot;1&quot;:0,&quot;2&quot;:0,&quot;3&quot;:3},{&quot;1&quot;:1,&quot;2&quot;:0,&quot;4&quot;:1}]},&quot;10&quot;:2,&quot;11&quot;:4,&quot;12&quot;:0,&quot;15&quot;:&quot;Calibri, Arial&quot;,&quot;16&quot;:11}\">Dieser Sessel wurde mit viel Liebe restauriert und ist bereit f\u00fcr eine zweite Chance im neuen Zuhause. Ein bisschen aufmerksame Pflege und ein modernes Makeover, haben daf\u00fcr gesorgt, dass er viele Jahre lang bequem bleibt. Unsere Sessel sind die Empf\u00e4nger des unikaten Labels f\u00fcr hervorragendes Design \u201eMade in Slovenia.&#8220;<\/span><\/p>\n","protected":false},"excerpt":{"rendered":"<p><strong>Farbe:<\/strong> Sonniges Gelb (Die Farbe kann aufgrund der Bildschirmaufl\u00f6sung leicht abweichen.)<\/p>\n<p><strong>Material: <\/strong>Der Sessel behielt sein urspr\u00fcngliches Holz, erhielt neue, bequeme Kissen und ist mit einem hochwertigen, sorgf\u00e4ltig ausgew\u00e4hlten Samtbezug, ausgestattet.<\/p>\n","protected":false},"featured_media":14496,"template":"","meta":{"_acf_changed":false,"_links_to":"","_links_to_target":""},"product_brand":[],"product_cat":[811,823],"product_tag":[812],"class_list":{"0":"post-15203","1":"product","2":"type-product","3":"status-publish","4":"has-post-thumbnail","6":"product_cat-mobel","7":"product_cat-angebot","8":"product_tag-sessel","10":"first","11":"instock","12":"sale","13":"shipping-taxable","14":"purchasable","15":"product-type-simple"},"acf":[],"yoast_head":"<!-- This site is optimized with the Yoast SEO plugin v25.2 - https:\/\/yoast.com\/wordpress\/plugins\/seo\/ -->\n<title>Reloved Sessel 066 - CUP OF TEA<\/title>\n<meta name=\"robots\" content=\"index, follow, max-snippet:-1, max-image-preview:large, max-video-preview:-1\" \/>\n<link rel=\"canonical\" href=\"https:\/\/www.cupoftea.si\/de\/produkt\/reloved-sessel-066\/\" \/>\n<meta property=\"og:locale\" content=\"de_DE\" \/>\n<meta property=\"og:type\" content=\"article\" \/>\n<meta property=\"og:title\" content=\"Reloved Sessel 066 - CUP OF TEA\" \/>\n<meta property=\"og:description\" content=\"Farbe: Sonniges Gelb (Die Farbe kann aufgrund der Bildschirmaufl\u00f6sung leicht abweichen.)  Material: Der Sessel behielt sein urspr\u00fcngliches Holz, erhielt neue, bequeme Kissen und ist mit einem hochwertigen, sorgf\u00e4ltig ausgew\u00e4hlten Samtbezug, ausgestattet.\" \/>\n<meta property=\"og:url\" content=\"https:\/\/www.cupoftea.si\/de\/produkt\/reloved-sessel-066\/\" \/>\n<meta property=\"og:site_name\" content=\"CUP OF TEA\" \/>\n<meta property=\"article:publisher\" content=\"https:\/\/www.facebook.com\/cupoftea.si\/\" \/>\n<meta property=\"article:modified_time\" content=\"2022-11-29T12:33:13+00:00\" \/>\n<meta property=\"og:image\" content=\"https:\/\/www.cupoftea.si\/wp-content\/uploads\/2021\/05\/PSR-2000px-20210503-COT-produkti0950-scaled-e1621852473801.jpg\" \/>\n\t<meta property=\"og:image:width\" content=\"1804\" \/>\n\t<meta property=\"og:image:height\" content=\"1804\" \/>\n\t<meta property=\"og:image:type\" content=\"image\/jpeg\" \/>\n<meta name=\"twitter:card\" content=\"summary_large_image\" \/>\n<meta name=\"twitter:site\" content=\"@CupOfTeaSI\" \/>\n<script type=\"application\/ld+json\" class=\"yoast-schema-graph\">{\"@context\":\"https:\/\/schema.org\",\"@graph\":[{\"@type\":\"WebPage\",\"@id\":\"https:\/\/www.cupoftea.si\/de\/produkt\/reloved-sessel-066\/\",\"url\":\"https:\/\/www.cupoftea.si\/de\/produkt\/reloved-sessel-066\/\",\"name\":\"Reloved Sessel 066 - CUP OF TEA\",\"isPartOf\":{\"@id\":\"https:\/\/www.cupoftea.si\/#website\"},\"primaryImageOfPage\":{\"@id\":\"https:\/\/www.cupoftea.si\/de\/produkt\/reloved-sessel-066\/#primaryimage\"},\"image\":{\"@id\":\"https:\/\/www.cupoftea.si\/de\/produkt\/reloved-sessel-066\/#primaryimage\"},\"thumbnailUrl\":\"https:\/\/www.cupoftea.si\/wp-content\/uploads\/2021\/05\/PSR-2000px-20210503-COT-produkti0950-scaled-e1621852473801.jpg\",\"datePublished\":\"2021-05-24T10:29:58+00:00\",\"dateModified\":\"2022-11-29T12:33:13+00:00\",\"breadcrumb\":{\"@id\":\"https:\/\/www.cupoftea.si\/de\/produkt\/reloved-sessel-066\/#breadcrumb\"},\"inLanguage\":\"de\",\"potentialAction\":[{\"@type\":\"ReadAction\",\"target\":[\"https:\/\/www.cupoftea.si\/de\/produkt\/reloved-sessel-066\/\"]}]},{\"@type\":\"ImageObject\",\"inLanguage\":\"de\",\"@id\":\"https:\/\/www.cupoftea.si\/de\/produkt\/reloved-sessel-066\/#primaryimage\",\"url\":\"https:\/\/www.cupoftea.si\/wp-content\/uploads\/2021\/05\/PSR-2000px-20210503-COT-produkti0950-scaled-e1621852473801.jpg\",\"contentUrl\":\"https:\/\/www.cupoftea.si\/wp-content\/uploads\/2021\/05\/PSR-2000px-20210503-COT-produkti0950-scaled-e1621852473801.jpg\",\"width\":1804,\"height\":1804,\"caption\":\"RELOVED SESSEL GELB CUP OF TEA\"},{\"@type\":\"BreadcrumbList\",\"@id\":\"https:\/\/www.cupoftea.si\/de\/produkt\/reloved-sessel-066\/#breadcrumb\",\"itemListElement\":[{\"@type\":\"ListItem\",\"position\":1,\"name\":\"Home\",\"item\":\"https:\/\/www.cupoftea.si\/de\/\"},{\"@type\":\"ListItem\",\"position\":2,\"name\":\"Shop\",\"item\":\"https:\/\/www.cupoftea.si\/de\/shop\/\"},{\"@type\":\"ListItem\",\"position\":3,\"name\":\"Reloved Sessel 066\"}]},{\"@type\":\"WebSite\",\"@id\":\"https:\/\/www.cupoftea.si\/#website\",\"url\":\"https:\/\/www.cupoftea.si\/\",\"name\":\"CUP OF TEA\",\"description\":\"Reloved Furniture &amp; Interiors\",\"potentialAction\":[{\"@type\":\"SearchAction\",\"target\":{\"@type\":\"EntryPoint\",\"urlTemplate\":\"https:\/\/www.cupoftea.si\/?s={search_term_string}\"},\"query-input\":{\"@type\":\"PropertyValueSpecification\",\"valueRequired\":true,\"valueName\":\"search_term_string\"}}],\"inLanguage\":\"de\"}]}<\/script>\n<!-- \/ Yoast SEO plugin. -->","yoast_head_json":{"title":"Reloved Sessel 066 - CUP OF TEA","robots":{"index":"index","follow":"follow","max-snippet":"max-snippet:-1","max-image-preview":"max-image-preview:large","max-video-preview":"max-video-preview:-1"},"canonical":"https:\/\/www.cupoftea.si\/de\/produkt\/reloved-sessel-066\/","og_locale":"de_DE","og_type":"article","og_title":"Reloved Sessel 066 - CUP OF TEA","og_description":"Farbe: Sonniges Gelb (Die Farbe kann aufgrund der Bildschirmaufl\u00f6sung leicht abweichen.)  Material: Der Sessel behielt sein urspr\u00fcngliches Holz, erhielt neue, bequeme Kissen und ist mit einem hochwertigen, sorgf\u00e4ltig ausgew\u00e4hlten Samtbezug, ausgestattet.","og_url":"https:\/\/www.cupoftea.si\/de\/produkt\/reloved-sessel-066\/","og_site_name":"CUP OF TEA","article_publisher":"https:\/\/www.facebook.com\/cupoftea.si\/","article_modified_time":"2022-11-29T12:33:13+00:00","og_image":[{"width":1804,"height":1804,"url":"https:\/\/www.cupoftea.si\/wp-content\/uploads\/2021\/05\/PSR-2000px-20210503-COT-produkti0950-scaled-e1621852473801.jpg","type":"image\/jpeg"}],"twitter_card":"summary_large_image","twitter_site":"@CupOfTeaSI","schema":{"@context":"https:\/\/schema.org","@graph":[{"@type":"WebPage","@id":"https:\/\/www.cupoftea.si\/de\/produkt\/reloved-sessel-066\/","url":"https:\/\/www.cupoftea.si\/de\/produkt\/reloved-sessel-066\/","name":"Reloved Sessel 066 - CUP OF TEA","isPartOf":{"@id":"https:\/\/www.cupoftea.si\/#website"},"primaryImageOfPage":{"@id":"https:\/\/www.cupoftea.si\/de\/produkt\/reloved-sessel-066\/#primaryimage"},"image":{"@id":"https:\/\/www.cupoftea.si\/de\/produkt\/reloved-sessel-066\/#primaryimage"},"thumbnailUrl":"https:\/\/www.cupoftea.si\/wp-content\/uploads\/2021\/05\/PSR-2000px-20210503-COT-produkti0950-scaled-e1621852473801.jpg","datePublished":"2021-05-24T10:29:58+00:00","dateModified":"2022-11-29T12:33:13+00:00","breadcrumb":{"@id":"https:\/\/www.cupoftea.si\/de\/produkt\/reloved-sessel-066\/#breadcrumb"},"inLanguage":"de","potentialAction":[{"@type":"ReadAction","target":["https:\/\/www.cupoftea.si\/de\/produkt\/reloved-sessel-066\/"]}]},{"@type":"ImageObject","inLanguage":"de","@id":"https:\/\/www.cupoftea.si\/de\/produkt\/reloved-sessel-066\/#primaryimage","url":"https:\/\/www.cupoftea.si\/wp-content\/uploads\/2021\/05\/PSR-2000px-20210503-COT-produkti0950-scaled-e1621852473801.jpg","contentUrl":"https:\/\/www.cupoftea.si\/wp-content\/uploads\/2021\/05\/PSR-2000px-20210503-COT-produkti0950-scaled-e1621852473801.jpg","width":1804,"height":1804,"caption":"RELOVED SESSEL GELB CUP OF TEA"},{"@type":"BreadcrumbList","@id":"https:\/\/www.cupoftea.si\/de\/produkt\/reloved-sessel-066\/#breadcrumb","itemListElement":[{"@type":"ListItem","position":1,"name":"Home","item":"https:\/\/www.cupoftea.si\/de\/"},{"@type":"ListItem","position":2,"name":"Shop","item":"https:\/\/www.cupoftea.si\/de\/shop\/"},{"@type":"ListItem","position":3,"name":"Reloved Sessel 066"}]},{"@type":"WebSite","@id":"https:\/\/www.cupoftea.si\/#website","url":"https:\/\/www.cupoftea.si\/","name":"CUP OF TEA","description":"Reloved Furniture &amp; Interiors","potentialAction":[{"@type":"SearchAction","target":{"@type":"EntryPoint","urlTemplate":"https:\/\/www.cupoftea.si\/?s={search_term_string}"},"query-input":{"@type":"PropertyValueSpecification","valueRequired":true,"valueName":"search_term_string"}}],"inLanguage":"de"}]}},"_links":{"self":[{"href":"https:\/\/www.cupoftea.si\/de\/wp-json\/wp\/v2\/product\/15203"}],"collection":[{"href":"https:\/\/www.cupoftea.si\/de\/wp-json\/wp\/v2\/product"}],"about":[{"href":"https:\/\/www.cupoftea.si\/de\/wp-json\/wp\/v2\/types\/product"}],"wp:featuredmedia":[{"embeddable":true,"href":"https:\/\/www.cupoftea.si\/de\/wp-json\/wp\/v2\/media\/14496"}],"wp:attachment":[{"href":"https:\/\/www.cupoftea.si\/de\/wp-json\/wp\/v2\/media?parent=15203"}],"wp:term":[{"taxonomy":"product_brand","embeddable":true,"href":"https:\/\/www.cupoftea.si\/de\/wp-json\/wp\/v2\/product_brand?post=15203"},{"taxonomy":"product_cat","embeddable":true,"href":"https:\/\/www.cupoftea.si\/de\/wp-json\/wp\/v2\/product_cat?post=15203"},{"taxonomy":"product_tag","embeddable":true,"href":"https:\/\/www.cupoftea.si\/de\/wp-json\/wp\/v2\/product_tag?post=15203"}],"curies":[{"name":"wp","href":"https:\/\/api.w.org\/{rel}","templated":true}]}}