{"id":15226,"date":"2017-11-06T12:57:37","date_gmt":"2017-11-06T11:57:37","guid":{"rendered":"https:\/\/www.cupoftea.si\/product\/samt-touch-kissen-2\/"},"modified":"2022-11-29T15:20:22","modified_gmt":"2022-11-29T14:20:22","slug":"samt-touch-kissen-2","status":"publish","type":"product","link":"https:\/\/www.cupoftea.si\/de\/produkt\/samt-touch-kissen-2\/","title":{"rendered":"Samt-Touch-Kissen"},"content":{"rendered":"<p><span data-sheets-value=\"{&quot;1&quot;:2,&quot;2&quot;:&quot;Handgemachtes, glamour\u00f6ses Samtkissen, verziert mit einem goldenen Rei\u00dfverschluss. Die Velvet Touch-Kollektion verleiht Ihrem Zuhause einen Hauch von Magie und Eleganz. Es ist in ausgew\u00e4hlten Farben und Abmessungen erh\u00e4ltlich.&quot;}\" data-sheets-userformat=\"{&quot;2&quot;:13247,&quot;3&quot;:{&quot;1&quot;:0},&quot;4&quot;:{&quot;1&quot;:2,&quot;2&quot;:13302264},&quot;5&quot;:{&quot;1&quot;:[{&quot;1&quot;:2,&quot;2&quot;:0,&quot;5&quot;:{&quot;1&quot;:2,&quot;2&quot;:0}},{&quot;1&quot;:0,&quot;2&quot;:0,&quot;3&quot;:3},{&quot;1&quot;:1,&quot;2&quot;:0,&quot;4&quot;:1}]},&quot;6&quot;:{&quot;1&quot;:[{&quot;1&quot;:2,&quot;2&quot;:0,&quot;5&quot;:{&quot;1&quot;:2,&quot;2&quot;:0}},{&quot;1&quot;:0,&quot;2&quot;:0,&quot;3&quot;:3},{&quot;1&quot;:1,&quot;2&quot;:0,&quot;4&quot;:1}]},&quot;7&quot;:{&quot;1&quot;:[{&quot;1&quot;:2,&quot;2&quot;:0,&quot;5&quot;:{&quot;1&quot;:2,&quot;2&quot;:0}},{&quot;1&quot;:0,&quot;2&quot;:0,&quot;3&quot;:3},{&quot;1&quot;:1,&quot;2&quot;:0,&quot;4&quot;:1}]},&quot;8&quot;:{&quot;1&quot;:[{&quot;1&quot;:2,&quot;2&quot;:0,&quot;5&quot;:{&quot;1&quot;:2,&quot;2&quot;:0}},{&quot;1&quot;:0,&quot;2&quot;:0,&quot;3&quot;:3},{&quot;1&quot;:1,&quot;2&quot;:0,&quot;4&quot;:1}]},&quot;10&quot;:2,&quot;11&quot;:4,&quot;12&quot;:0,&quot;15&quot;:&quot;Calibri&quot;,&quot;16&quot;:11}\">Handgefertigtes, glamour\u00f6ses Samtkissen, verziert mit einem goldenen Rei\u00dfverschluss. Die Velvet Touch-Kollektion verleiht deinem Zuhause einen Hauch von Magie und Eleganz. Es ist in ausgew\u00e4hlten Farben und Ma\u00dfen erh\u00e4ltlich.<\/span><\/p>\n","protected":false},"excerpt":{"rendered":"<p><strong>Farbe:<\/strong> K\u00f6nigsgelb (Die Farbe kann aufgrund der Bildschirmaufl\u00f6sung leicht abweichen.)<\/p>\n<p><strong>Material:\u00a0<\/strong><span data-sheets-value=\"{&quot;1&quot;:2,&quot;2&quot;:&quot;Der Kissenbezug besteht aus hochwertigem, strapazierf\u00e4higem Samt. Auf der R\u00fcckseite ist ein goldener Rei\u00dfverschluss sichtbar. Wir verwenden Polyesterf\u00fcller f\u00fcr einfache Pflege und langfristigen Komfort. Falls du einen anderen F\u00fcller haben m\u00f6chtest, kontaktiere uns bitte.&quot;}\" data-sheets-userformat=\"{&quot;2&quot;:15295,&quot;3&quot;:{&quot;1&quot;:0},&quot;4&quot;:{&quot;1&quot;:2,&quot;2&quot;:13302264},&quot;5&quot;:{&quot;1&quot;:[{&quot;1&quot;:2,&quot;2&quot;:0,&quot;5&quot;:{&quot;1&quot;:2,&quot;2&quot;:0}},{&quot;1&quot;:0,&quot;2&quot;:0,&quot;3&quot;:3},{&quot;1&quot;:1,&quot;2&quot;:0,&quot;4&quot;:1}]},&quot;6&quot;:{&quot;1&quot;:[{&quot;1&quot;:2,&quot;2&quot;:0,&quot;5&quot;:{&quot;1&quot;:2,&quot;2&quot;:0}},{&quot;1&quot;:0,&quot;2&quot;:0,&quot;3&quot;:3},{&quot;1&quot;:1,&quot;2&quot;:0,&quot;4&quot;:1}]},&quot;7&quot;:{&quot;1&quot;:[{&quot;1&quot;:2,&quot;2&quot;:0,&quot;5&quot;:{&quot;1&quot;:2,&quot;2&quot;:0}},{&quot;1&quot;:0,&quot;2&quot;:0,&quot;3&quot;:3},{&quot;1&quot;:1,&quot;2&quot;:0,&quot;4&quot;:1}]},&quot;8&quot;:{&quot;1&quot;:[{&quot;1&quot;:2,&quot;2&quot;:0,&quot;5&quot;:{&quot;1&quot;:2,&quot;2&quot;:0}},{&quot;1&quot;:0,&quot;2&quot;:0,&quot;3&quot;:3},{&quot;1&quot;:1,&quot;2&quot;:0,&quot;4&quot;:1}]},&quot;10&quot;:2,&quot;11&quot;:4,&quot;12&quot;:0,&quot;14&quot;:{&quot;1&quot;:2,&quot;2&quot;:0},&quot;15&quot;:&quot;Calibri, Arial&quot;,&quot;16&quot;:11}\">Der Kissenbezug besteht aus hochwertigem, strapazierf\u00e4higem Samt. Auf der R\u00fcckseite ist ein goldener Rei\u00dfverschluss sichtbar.\u00a0<\/span><\/p>\n<p><strong>Ma\u00dfe: <\/strong>40 x 40 cm oder 50 x 50 cm<\/p>\n<p><strong>Versand:<\/strong> Dieser Artikel ist auf Lager und bereit f\u00fcr den weltweiten Versand.<\/p>\n","protected":false},"featured_media":13709,"template":"","meta":{"_acf_changed":false,"_links_to":"","_links_to_target":""},"product_brand":[],"product_cat":[808],"product_tag":[854,855],"class_list":{"0":"post-15226","1":"product","2":"type-product","3":"status-publish","4":"has-post-thumbnail","6":"product_cat-gefuehl-von-samt","7":"product_tag-kissen","8":"product_tag-samt","10":"first","11":"instock","12":"shipping-taxable","13":"purchasable","14":"product-type-variable"},"acf":[],"yoast_head":"<!-- This site is optimized with the Yoast SEO plugin v25.2 - https:\/\/yoast.com\/wordpress\/plugins\/seo\/ -->\n<title>Samt-Touch-Kissen - CUP OF TEA<\/title>\n<meta name=\"robots\" content=\"index, follow, max-snippet:-1, max-image-preview:large, max-video-preview:-1\" \/>\n<link rel=\"canonical\" href=\"https:\/\/www.cupoftea.si\/de\/produkt\/samt-touch-kissen-2\/\" \/>\n<meta property=\"og:locale\" content=\"de_DE\" \/>\n<meta property=\"og:type\" content=\"article\" \/>\n<meta property=\"og:title\" content=\"Samt-Touch-Kissen - CUP OF TEA\" \/>\n<meta property=\"og:description\" content=\"Farbe: K\u00f6nigsgelb (Die Farbe kann aufgrund der Bildschirmaufl\u00f6sung leicht abweichen.)  Material:\u00a0Der Kissenbezug besteht aus hochwertigem, strapazierf\u00e4higem Samt. Auf der R\u00fcckseite ist ein goldener Rei\u00dfverschluss sichtbar.\u00a0  Ma\u00dfe: 40 x 40 cm oder 50 x 50 cm  Versand: Dieser Artikel ist auf Lager und bereit f\u00fcr den weltweiten Versand.\" \/>\n<meta property=\"og:url\" content=\"https:\/\/www.cupoftea.si\/de\/produkt\/samt-touch-kissen-2\/\" \/>\n<meta property=\"og:site_name\" content=\"CUP OF TEA\" \/>\n<meta property=\"article:publisher\" content=\"https:\/\/www.facebook.com\/cupoftea.si\/\" \/>\n<meta property=\"article:modified_time\" content=\"2022-11-29T14:20:22+00:00\" \/>\n<meta property=\"og:image\" content=\"https:\/\/www.cupoftea.si\/wp-content\/uploads\/2017\/11\/Cup_of_Tea_velvet_cushion_cover-53_-1024x683-1.jpg\" \/>\n\t<meta property=\"og:image:width\" content=\"1024\" \/>\n\t<meta property=\"og:image:height\" content=\"683\" \/>\n\t<meta property=\"og:image:type\" content=\"image\/jpeg\" \/>\n<meta name=\"twitter:card\" content=\"summary_large_image\" \/>\n<meta name=\"twitter:site\" content=\"@CupOfTeaSI\" \/>\n<script type=\"application\/ld+json\" class=\"yoast-schema-graph\">{\"@context\":\"https:\/\/schema.org\",\"@graph\":[{\"@type\":\"WebPage\",\"@id\":\"https:\/\/www.cupoftea.si\/de\/produkt\/samt-touch-kissen-2\/\",\"url\":\"https:\/\/www.cupoftea.si\/de\/produkt\/samt-touch-kissen-2\/\",\"name\":\"Samt-Touch-Kissen - CUP OF TEA\",\"isPartOf\":{\"@id\":\"https:\/\/www.cupoftea.si\/#website\"},\"primaryImageOfPage\":{\"@id\":\"https:\/\/www.cupoftea.si\/de\/produkt\/samt-touch-kissen-2\/#primaryimage\"},\"image\":{\"@id\":\"https:\/\/www.cupoftea.si\/de\/produkt\/samt-touch-kissen-2\/#primaryimage\"},\"thumbnailUrl\":\"https:\/\/www.cupoftea.si\/wp-content\/uploads\/2017\/11\/Cup_of_Tea_velvet_cushion_cover-53_-1024x683-1.jpg\",\"datePublished\":\"2017-11-06T11:57:37+00:00\",\"dateModified\":\"2022-11-29T14:20:22+00:00\",\"breadcrumb\":{\"@id\":\"https:\/\/www.cupoftea.si\/de\/produkt\/samt-touch-kissen-2\/#breadcrumb\"},\"inLanguage\":\"de\",\"potentialAction\":[{\"@type\":\"ReadAction\",\"target\":[\"https:\/\/www.cupoftea.si\/de\/produkt\/samt-touch-kissen-2\/\"]}]},{\"@type\":\"ImageObject\",\"inLanguage\":\"de\",\"@id\":\"https:\/\/www.cupoftea.si\/de\/produkt\/samt-touch-kissen-2\/#primaryimage\",\"url\":\"https:\/\/www.cupoftea.si\/wp-content\/uploads\/2017\/11\/Cup_of_Tea_velvet_cushion_cover-53_-1024x683-1.jpg\",\"contentUrl\":\"https:\/\/www.cupoftea.si\/wp-content\/uploads\/2017\/11\/Cup_of_Tea_velvet_cushion_cover-53_-1024x683-1.jpg\",\"width\":1024,\"height\":683,\"caption\":\"CUP OF TEA Samt Touch Kissen K\u00f6nigsgelb\"},{\"@type\":\"BreadcrumbList\",\"@id\":\"https:\/\/www.cupoftea.si\/de\/produkt\/samt-touch-kissen-2\/#breadcrumb\",\"itemListElement\":[{\"@type\":\"ListItem\",\"position\":1,\"name\":\"Home\",\"item\":\"https:\/\/www.cupoftea.si\/de\/\"},{\"@type\":\"ListItem\",\"position\":2,\"name\":\"Shop\",\"item\":\"https:\/\/www.cupoftea.si\/de\/shop\/\"},{\"@type\":\"ListItem\",\"position\":3,\"name\":\"Samt-Touch-Kissen\"}]},{\"@type\":\"WebSite\",\"@id\":\"https:\/\/www.cupoftea.si\/#website\",\"url\":\"https:\/\/www.cupoftea.si\/\",\"name\":\"CUP OF TEA\",\"description\":\"Reloved Furniture &amp; Interiors\",\"potentialAction\":[{\"@type\":\"SearchAction\",\"target\":{\"@type\":\"EntryPoint\",\"urlTemplate\":\"https:\/\/www.cupoftea.si\/?s={search_term_string}\"},\"query-input\":{\"@type\":\"PropertyValueSpecification\",\"valueRequired\":true,\"valueName\":\"search_term_string\"}}],\"inLanguage\":\"de\"}]}<\/script>\n<!-- \/ Yoast SEO plugin. -->","yoast_head_json":{"title":"Samt-Touch-Kissen - CUP OF TEA","robots":{"index":"index","follow":"follow","max-snippet":"max-snippet:-1","max-image-preview":"max-image-preview:large","max-video-preview":"max-video-preview:-1"},"canonical":"https:\/\/www.cupoftea.si\/de\/produkt\/samt-touch-kissen-2\/","og_locale":"de_DE","og_type":"article","og_title":"Samt-Touch-Kissen - CUP OF TEA","og_description":"Farbe: K\u00f6nigsgelb (Die Farbe kann aufgrund der Bildschirmaufl\u00f6sung leicht abweichen.)  Material:\u00a0Der Kissenbezug besteht aus hochwertigem, strapazierf\u00e4higem Samt. Auf der R\u00fcckseite ist ein goldener Rei\u00dfverschluss sichtbar.\u00a0  Ma\u00dfe: 40 x 40 cm oder 50 x 50 cm  Versand: Dieser Artikel ist auf Lager und bereit f\u00fcr den weltweiten Versand.","og_url":"https:\/\/www.cupoftea.si\/de\/produkt\/samt-touch-kissen-2\/","og_site_name":"CUP OF TEA","article_publisher":"https:\/\/www.facebook.com\/cupoftea.si\/","article_modified_time":"2022-11-29T14:20:22+00:00","og_image":[{"width":1024,"height":683,"url":"https:\/\/www.cupoftea.si\/wp-content\/uploads\/2017\/11\/Cup_of_Tea_velvet_cushion_cover-53_-1024x683-1.jpg","type":"image\/jpeg"}],"twitter_card":"summary_large_image","twitter_site":"@CupOfTeaSI","schema":{"@context":"https:\/\/schema.org","@graph":[{"@type":"WebPage","@id":"https:\/\/www.cupoftea.si\/de\/produkt\/samt-touch-kissen-2\/","url":"https:\/\/www.cupoftea.si\/de\/produkt\/samt-touch-kissen-2\/","name":"Samt-Touch-Kissen - CUP OF TEA","isPartOf":{"@id":"https:\/\/www.cupoftea.si\/#website"},"primaryImageOfPage":{"@id":"https:\/\/www.cupoftea.si\/de\/produkt\/samt-touch-kissen-2\/#primaryimage"},"image":{"@id":"https:\/\/www.cupoftea.si\/de\/produkt\/samt-touch-kissen-2\/#primaryimage"},"thumbnailUrl":"https:\/\/www.cupoftea.si\/wp-content\/uploads\/2017\/11\/Cup_of_Tea_velvet_cushion_cover-53_-1024x683-1.jpg","datePublished":"2017-11-06T11:57:37+00:00","dateModified":"2022-11-29T14:20:22+00:00","breadcrumb":{"@id":"https:\/\/www.cupoftea.si\/de\/produkt\/samt-touch-kissen-2\/#breadcrumb"},"inLanguage":"de","potentialAction":[{"@type":"ReadAction","target":["https:\/\/www.cupoftea.si\/de\/produkt\/samt-touch-kissen-2\/"]}]},{"@type":"ImageObject","inLanguage":"de","@id":"https:\/\/www.cupoftea.si\/de\/produkt\/samt-touch-kissen-2\/#primaryimage","url":"https:\/\/www.cupoftea.si\/wp-content\/uploads\/2017\/11\/Cup_of_Tea_velvet_cushion_cover-53_-1024x683-1.jpg","contentUrl":"https:\/\/www.cupoftea.si\/wp-content\/uploads\/2017\/11\/Cup_of_Tea_velvet_cushion_cover-53_-1024x683-1.jpg","width":1024,"height":683,"caption":"CUP OF TEA Samt Touch Kissen K\u00f6nigsgelb"},{"@type":"BreadcrumbList","@id":"https:\/\/www.cupoftea.si\/de\/produkt\/samt-touch-kissen-2\/#breadcrumb","itemListElement":[{"@type":"ListItem","position":1,"name":"Home","item":"https:\/\/www.cupoftea.si\/de\/"},{"@type":"ListItem","position":2,"name":"Shop","item":"https:\/\/www.cupoftea.si\/de\/shop\/"},{"@type":"ListItem","position":3,"name":"Samt-Touch-Kissen"}]},{"@type":"WebSite","@id":"https:\/\/www.cupoftea.si\/#website","url":"https:\/\/www.cupoftea.si\/","name":"CUP OF TEA","description":"Reloved Furniture &amp; Interiors","potentialAction":[{"@type":"SearchAction","target":{"@type":"EntryPoint","urlTemplate":"https:\/\/www.cupoftea.si\/?s={search_term_string}"},"query-input":{"@type":"PropertyValueSpecification","valueRequired":true,"valueName":"search_term_string"}}],"inLanguage":"de"}]}},"_links":{"self":[{"href":"https:\/\/www.cupoftea.si\/de\/wp-json\/wp\/v2\/product\/15226"}],"collection":[{"href":"https:\/\/www.cupoftea.si\/de\/wp-json\/wp\/v2\/product"}],"about":[{"href":"https:\/\/www.cupoftea.si\/de\/wp-json\/wp\/v2\/types\/product"}],"wp:featuredmedia":[{"embeddable":true,"href":"https:\/\/www.cupoftea.si\/de\/wp-json\/wp\/v2\/media\/13709"}],"wp:attachment":[{"href":"https:\/\/www.cupoftea.si\/de\/wp-json\/wp\/v2\/media?parent=15226"}],"wp:term":[{"taxonomy":"product_brand","embeddable":true,"href":"https:\/\/www.cupoftea.si\/de\/wp-json\/wp\/v2\/product_brand?post=15226"},{"taxonomy":"product_cat","embeddable":true,"href":"https:\/\/www.cupoftea.si\/de\/wp-json\/wp\/v2\/product_cat?post=15226"},{"taxonomy":"product_tag","embeddable":true,"href":"https:\/\/www.cupoftea.si\/de\/wp-json\/wp\/v2\/product_tag?post=15226"}],"curies":[{"name":"wp","href":"https:\/\/api.w.org\/{rel}","templated":true}]}}