{"id":15361,"date":"2017-11-01T23:46:58","date_gmt":"2017-11-01T22:46:58","guid":{"rendered":"https:\/\/www.cupoftea.si\/product\/gehakeltes-kreisteppich-4\/"},"modified":"2022-11-29T13:48:23","modified_gmt":"2022-11-29T12:48:23","slug":"gehakeltes-kreisteppich-4","status":"publish","type":"product","link":"https:\/\/www.cupoftea.si\/de\/produkt\/gehakeltes-kreisteppich-4\/","title":{"rendered":"Geh\u00e4keltes Kreisteppich"},"content":{"rendered":"<p><span data-sheets-value=\"{&quot;1&quot;:2,&quot;2&quot;:&quot;Ein handgestrickter, einzigartiger Teppich, der mit seinem organischen Design Gem\u00fctlichkeit in Ihr Zuhause bringt. Es besteht aus umweltfreundlichen Baumwollf\u00e4den, ist pflegeleicht und bleibt lange weich im Griff.&quot;}\" data-sheets-userformat=\"{&quot;2&quot;:13247,&quot;3&quot;:{&quot;1&quot;:0},&quot;4&quot;:{&quot;1&quot;:2,&quot;2&quot;:13302264},&quot;5&quot;:{&quot;1&quot;:[{&quot;1&quot;:2,&quot;2&quot;:0,&quot;5&quot;:{&quot;1&quot;:2,&quot;2&quot;:0}},{&quot;1&quot;:0,&quot;2&quot;:0,&quot;3&quot;:3},{&quot;1&quot;:1,&quot;2&quot;:0,&quot;4&quot;:1}]},&quot;6&quot;:{&quot;1&quot;:[{&quot;1&quot;:2,&quot;2&quot;:0,&quot;5&quot;:{&quot;1&quot;:2,&quot;2&quot;:0}},{&quot;1&quot;:0,&quot;2&quot;:0,&quot;3&quot;:3},{&quot;1&quot;:1,&quot;2&quot;:0,&quot;4&quot;:1}]},&quot;7&quot;:{&quot;1&quot;:[{&quot;1&quot;:2,&quot;2&quot;:0,&quot;5&quot;:{&quot;1&quot;:2,&quot;2&quot;:0}},{&quot;1&quot;:0,&quot;2&quot;:0,&quot;3&quot;:3},{&quot;1&quot;:1,&quot;2&quot;:0,&quot;4&quot;:1}]},&quot;8&quot;:{&quot;1&quot;:[{&quot;1&quot;:2,&quot;2&quot;:0,&quot;5&quot;:{&quot;1&quot;:2,&quot;2&quot;:0}},{&quot;1&quot;:0,&quot;2&quot;:0,&quot;3&quot;:3},{&quot;1&quot;:1,&quot;2&quot;:0,&quot;4&quot;:1}]},&quot;10&quot;:2,&quot;11&quot;:4,&quot;12&quot;:0,&quot;15&quot;:&quot;Calibri&quot;,&quot;16&quot;:11}\">Ein handgestrickter, unikater Teppich, der mit seinem organischen Design, Gem\u00fctlichkeit in dein Zuhause bringt. Es besteht aus umweltfreundlichen Baumwollf\u00e4den, ist pflegeleicht und bleibt lange weich im Griff.<\/span><\/p>\n","protected":false},"excerpt":{"rendered":"<p><strong>Farbe:<\/strong> Olivgr\u00fcn (Die Farbe kann aufgrund der Bildschirmaufl\u00f6sung leicht abweichen.)<\/p>\n<p><strong>Material:\u00a0<\/strong>Der Teppich wird von Hand, aus recycelten Baumwollf\u00e4den hergestellt<\/p>\n<p><strong>Ma\u00dfe:<\/strong> 128 x 47 cm<\/p>\n","protected":false},"featured_media":14289,"template":"","meta":{"_acf_changed":false,"_links_to":"","_links_to_target":""},"product_brand":[],"product_cat":[806,823,805],"product_tag":[887,859],"class_list":{"0":"post-15361","1":"product","2":"type-product","3":"status-publish","4":"has-post-thumbnail","6":"product_cat-teppich","7":"product_cat-angebot","8":"product_cat-haekeln","9":"product_tag-teppich","10":"product_tag-gehakelt","12":"first","13":"outofstock","14":"sale","15":"shipping-taxable","16":"purchasable","17":"product-type-simple"},"acf":[],"yoast_head":"<!-- This site is optimized with the Yoast SEO plugin v25.2 - https:\/\/yoast.com\/wordpress\/plugins\/seo\/ -->\n<title>Geh\u00e4keltes Kreisteppich - CUP OF TEA<\/title>\n<meta name=\"robots\" content=\"index, follow, max-snippet:-1, max-image-preview:large, max-video-preview:-1\" \/>\n<link rel=\"canonical\" href=\"https:\/\/www.cupoftea.si\/de\/produkt\/gehakeltes-kreisteppich-4\/\" \/>\n<meta property=\"og:locale\" content=\"de_DE\" \/>\n<meta property=\"og:type\" content=\"article\" \/>\n<meta property=\"og:title\" content=\"Geh\u00e4keltes Kreisteppich - CUP OF TEA\" \/>\n<meta property=\"og:description\" content=\"Farbe: Olivgr\u00fcn (Die Farbe kann aufgrund der Bildschirmaufl\u00f6sung leicht abweichen.)  Material:\u00a0Der Teppich wird von Hand, aus recycelten Baumwollf\u00e4den hergestellt  Ma\u00dfe: 128 x 47 cm\" \/>\n<meta property=\"og:url\" content=\"https:\/\/www.cupoftea.si\/de\/produkt\/gehakeltes-kreisteppich-4\/\" \/>\n<meta property=\"og:site_name\" content=\"CUP OF TEA\" \/>\n<meta property=\"article:publisher\" content=\"https:\/\/www.facebook.com\/cupoftea.si\/\" \/>\n<meta property=\"article:modified_time\" content=\"2022-11-29T12:48:23+00:00\" \/>\n<meta property=\"og:image\" content=\"https:\/\/www.cupoftea.si\/wp-content\/uploads\/2020\/09\/Cup-of-tea-2000px-250kb-34.jpg\" \/>\n\t<meta property=\"og:image:width\" content=\"2000\" \/>\n\t<meta property=\"og:image:height\" content=\"1333\" \/>\n\t<meta property=\"og:image:type\" content=\"image\/jpeg\" \/>\n<meta name=\"twitter:card\" content=\"summary_large_image\" \/>\n<meta name=\"twitter:site\" content=\"@CupOfTeaSI\" \/>\n<script type=\"application\/ld+json\" class=\"yoast-schema-graph\">{\"@context\":\"https:\/\/schema.org\",\"@graph\":[{\"@type\":\"WebPage\",\"@id\":\"https:\/\/www.cupoftea.si\/de\/produkt\/gehakeltes-kreisteppich-4\/\",\"url\":\"https:\/\/www.cupoftea.si\/de\/produkt\/gehakeltes-kreisteppich-4\/\",\"name\":\"Geh\u00e4keltes Kreisteppich - CUP OF TEA\",\"isPartOf\":{\"@id\":\"https:\/\/www.cupoftea.si\/#website\"},\"primaryImageOfPage\":{\"@id\":\"https:\/\/www.cupoftea.si\/de\/produkt\/gehakeltes-kreisteppich-4\/#primaryimage\"},\"image\":{\"@id\":\"https:\/\/www.cupoftea.si\/de\/produkt\/gehakeltes-kreisteppich-4\/#primaryimage\"},\"thumbnailUrl\":\"https:\/\/www.cupoftea.si\/wp-content\/uploads\/2020\/09\/Cup-of-tea-2000px-250kb-34.jpg\",\"datePublished\":\"2017-11-01T22:46:58+00:00\",\"dateModified\":\"2022-11-29T12:48:23+00:00\",\"breadcrumb\":{\"@id\":\"https:\/\/www.cupoftea.si\/de\/produkt\/gehakeltes-kreisteppich-4\/#breadcrumb\"},\"inLanguage\":\"de\",\"potentialAction\":[{\"@type\":\"ReadAction\",\"target\":[\"https:\/\/www.cupoftea.si\/de\/produkt\/gehakeltes-kreisteppich-4\/\"]}]},{\"@type\":\"ImageObject\",\"inLanguage\":\"de\",\"@id\":\"https:\/\/www.cupoftea.si\/de\/produkt\/gehakeltes-kreisteppich-4\/#primaryimage\",\"url\":\"https:\/\/www.cupoftea.si\/wp-content\/uploads\/2020\/09\/Cup-of-tea-2000px-250kb-34.jpg\",\"contentUrl\":\"https:\/\/www.cupoftea.si\/wp-content\/uploads\/2020\/09\/Cup-of-tea-2000px-250kb-34.jpg\",\"width\":2000,\"height\":1333,\"caption\":\"Cup of Tea Olivgr\u00fcn Geh\u00e4keltes Kreisteppich Teppich\"},{\"@type\":\"BreadcrumbList\",\"@id\":\"https:\/\/www.cupoftea.si\/de\/produkt\/gehakeltes-kreisteppich-4\/#breadcrumb\",\"itemListElement\":[{\"@type\":\"ListItem\",\"position\":1,\"name\":\"Home\",\"item\":\"https:\/\/www.cupoftea.si\/de\/\"},{\"@type\":\"ListItem\",\"position\":2,\"name\":\"Shop\",\"item\":\"https:\/\/www.cupoftea.si\/de\/shop\/\"},{\"@type\":\"ListItem\",\"position\":3,\"name\":\"Geh\u00e4keltes Kreisteppich\"}]},{\"@type\":\"WebSite\",\"@id\":\"https:\/\/www.cupoftea.si\/#website\",\"url\":\"https:\/\/www.cupoftea.si\/\",\"name\":\"CUP OF TEA\",\"description\":\"Reloved Furniture &amp; Interiors\",\"potentialAction\":[{\"@type\":\"SearchAction\",\"target\":{\"@type\":\"EntryPoint\",\"urlTemplate\":\"https:\/\/www.cupoftea.si\/?s={search_term_string}\"},\"query-input\":{\"@type\":\"PropertyValueSpecification\",\"valueRequired\":true,\"valueName\":\"search_term_string\"}}],\"inLanguage\":\"de\"}]}<\/script>\n<!-- \/ Yoast SEO plugin. -->","yoast_head_json":{"title":"Geh\u00e4keltes Kreisteppich - CUP OF TEA","robots":{"index":"index","follow":"follow","max-snippet":"max-snippet:-1","max-image-preview":"max-image-preview:large","max-video-preview":"max-video-preview:-1"},"canonical":"https:\/\/www.cupoftea.si\/de\/produkt\/gehakeltes-kreisteppich-4\/","og_locale":"de_DE","og_type":"article","og_title":"Geh\u00e4keltes Kreisteppich - CUP OF TEA","og_description":"Farbe: Olivgr\u00fcn (Die Farbe kann aufgrund der Bildschirmaufl\u00f6sung leicht abweichen.)  Material:\u00a0Der Teppich wird von Hand, aus recycelten Baumwollf\u00e4den hergestellt  Ma\u00dfe: 128 x 47 cm","og_url":"https:\/\/www.cupoftea.si\/de\/produkt\/gehakeltes-kreisteppich-4\/","og_site_name":"CUP OF TEA","article_publisher":"https:\/\/www.facebook.com\/cupoftea.si\/","article_modified_time":"2022-11-29T12:48:23+00:00","og_image":[{"width":2000,"height":1333,"url":"https:\/\/www.cupoftea.si\/wp-content\/uploads\/2020\/09\/Cup-of-tea-2000px-250kb-34.jpg","type":"image\/jpeg"}],"twitter_card":"summary_large_image","twitter_site":"@CupOfTeaSI","schema":{"@context":"https:\/\/schema.org","@graph":[{"@type":"WebPage","@id":"https:\/\/www.cupoftea.si\/de\/produkt\/gehakeltes-kreisteppich-4\/","url":"https:\/\/www.cupoftea.si\/de\/produkt\/gehakeltes-kreisteppich-4\/","name":"Geh\u00e4keltes Kreisteppich - CUP OF TEA","isPartOf":{"@id":"https:\/\/www.cupoftea.si\/#website"},"primaryImageOfPage":{"@id":"https:\/\/www.cupoftea.si\/de\/produkt\/gehakeltes-kreisteppich-4\/#primaryimage"},"image":{"@id":"https:\/\/www.cupoftea.si\/de\/produkt\/gehakeltes-kreisteppich-4\/#primaryimage"},"thumbnailUrl":"https:\/\/www.cupoftea.si\/wp-content\/uploads\/2020\/09\/Cup-of-tea-2000px-250kb-34.jpg","datePublished":"2017-11-01T22:46:58+00:00","dateModified":"2022-11-29T12:48:23+00:00","breadcrumb":{"@id":"https:\/\/www.cupoftea.si\/de\/produkt\/gehakeltes-kreisteppich-4\/#breadcrumb"},"inLanguage":"de","potentialAction":[{"@type":"ReadAction","target":["https:\/\/www.cupoftea.si\/de\/produkt\/gehakeltes-kreisteppich-4\/"]}]},{"@type":"ImageObject","inLanguage":"de","@id":"https:\/\/www.cupoftea.si\/de\/produkt\/gehakeltes-kreisteppich-4\/#primaryimage","url":"https:\/\/www.cupoftea.si\/wp-content\/uploads\/2020\/09\/Cup-of-tea-2000px-250kb-34.jpg","contentUrl":"https:\/\/www.cupoftea.si\/wp-content\/uploads\/2020\/09\/Cup-of-tea-2000px-250kb-34.jpg","width":2000,"height":1333,"caption":"Cup of Tea Olivgr\u00fcn Geh\u00e4keltes Kreisteppich Teppich"},{"@type":"BreadcrumbList","@id":"https:\/\/www.cupoftea.si\/de\/produkt\/gehakeltes-kreisteppich-4\/#breadcrumb","itemListElement":[{"@type":"ListItem","position":1,"name":"Home","item":"https:\/\/www.cupoftea.si\/de\/"},{"@type":"ListItem","position":2,"name":"Shop","item":"https:\/\/www.cupoftea.si\/de\/shop\/"},{"@type":"ListItem","position":3,"name":"Geh\u00e4keltes Kreisteppich"}]},{"@type":"WebSite","@id":"https:\/\/www.cupoftea.si\/#website","url":"https:\/\/www.cupoftea.si\/","name":"CUP OF TEA","description":"Reloved Furniture &amp; Interiors","potentialAction":[{"@type":"SearchAction","target":{"@type":"EntryPoint","urlTemplate":"https:\/\/www.cupoftea.si\/?s={search_term_string}"},"query-input":{"@type":"PropertyValueSpecification","valueRequired":true,"valueName":"search_term_string"}}],"inLanguage":"de"}]}},"_links":{"self":[{"href":"https:\/\/www.cupoftea.si\/de\/wp-json\/wp\/v2\/product\/15361"}],"collection":[{"href":"https:\/\/www.cupoftea.si\/de\/wp-json\/wp\/v2\/product"}],"about":[{"href":"https:\/\/www.cupoftea.si\/de\/wp-json\/wp\/v2\/types\/product"}],"wp:featuredmedia":[{"embeddable":true,"href":"https:\/\/www.cupoftea.si\/de\/wp-json\/wp\/v2\/media\/14289"}],"wp:attachment":[{"href":"https:\/\/www.cupoftea.si\/de\/wp-json\/wp\/v2\/media?parent=15361"}],"wp:term":[{"taxonomy":"product_brand","embeddable":true,"href":"https:\/\/www.cupoftea.si\/de\/wp-json\/wp\/v2\/product_brand?post=15361"},{"taxonomy":"product_cat","embeddable":true,"href":"https:\/\/www.cupoftea.si\/de\/wp-json\/wp\/v2\/product_cat?post=15361"},{"taxonomy":"product_tag","embeddable":true,"href":"https:\/\/www.cupoftea.si\/de\/wp-json\/wp\/v2\/product_tag?post=15361"}],"curies":[{"name":"wp","href":"https:\/\/api.w.org\/{rel}","templated":true}]}}