{"id":15418,"date":"2021-01-30T11:30:12","date_gmt":"2021-01-30T10:30:12","guid":{"rendered":"https:\/\/www.cupoftea.si\/product\/rundes-merino-love-kissen-3\/"},"modified":"2022-11-29T13:38:15","modified_gmt":"2022-11-29T12:38:15","slug":"rundes-merino-love-kissen-3","status":"publish","type":"product","link":"https:\/\/www.cupoftea.si\/de\/produkt\/rundes-merino-love-kissen-3\/","title":{"rendered":"Rundes Merino Love Kissen"},"content":{"rendered":"<p><span data-sheets-value=\"{&quot;1&quot;:2,&quot;2&quot;:&quot;Das handgewebte Kissen aus 100 % Merinowolle ist extrem weich, strapazierf\u00e4hig und schonend. Merinowolle hat antibakterielle und antimikrobielle Eigenschaften. Zudem ist es antistatisch, schmutzabweisend und nimmt keine Ger\u00fcche an.&quot;}\" data-sheets-userformat=\"{&quot;2&quot;:13247,&quot;3&quot;:{&quot;1&quot;:0},&quot;4&quot;:{&quot;1&quot;:2,&quot;2&quot;:13302264},&quot;5&quot;:{&quot;1&quot;:[{&quot;1&quot;:2,&quot;2&quot;:0,&quot;5&quot;:{&quot;1&quot;:2,&quot;2&quot;:0}},{&quot;1&quot;:0,&quot;2&quot;:0,&quot;3&quot;:3},{&quot;1&quot;:1,&quot;2&quot;:0,&quot;4&quot;:1}]},&quot;6&quot;:{&quot;1&quot;:[{&quot;1&quot;:2,&quot;2&quot;:0,&quot;5&quot;:{&quot;1&quot;:2,&quot;2&quot;:0}},{&quot;1&quot;:0,&quot;2&quot;:0,&quot;3&quot;:3},{&quot;1&quot;:1,&quot;2&quot;:0,&quot;4&quot;:1}]},&quot;7&quot;:{&quot;1&quot;:[{&quot;1&quot;:2,&quot;2&quot;:0,&quot;5&quot;:{&quot;1&quot;:2,&quot;2&quot;:0}},{&quot;1&quot;:0,&quot;2&quot;:0,&quot;3&quot;:3},{&quot;1&quot;:1,&quot;2&quot;:0,&quot;4&quot;:1}]},&quot;8&quot;:{&quot;1&quot;:[{&quot;1&quot;:2,&quot;2&quot;:0,&quot;5&quot;:{&quot;1&quot;:2,&quot;2&quot;:0}},{&quot;1&quot;:0,&quot;2&quot;:0,&quot;3&quot;:3},{&quot;1&quot;:1,&quot;2&quot;:0,&quot;4&quot;:1}]},&quot;10&quot;:2,&quot;11&quot;:4,&quot;12&quot;:0,&quot;15&quot;:&quot;Calibri&quot;,&quot;16&quot;:11}\">Das handgewebte Kissen, aus 100 % Merinowolle ist extrem weich, strapazierf\u00e4hig und schonend. Merinowolle hat antibakterielle und antimikrobielle Eigenschaften. Zudem ist es antistatisch, schmutzabweisend und nimmt keine Ger\u00fcche an.<\/span><\/p>\n","protected":false},"excerpt":{"rendered":"<p><strong>Farbe:<\/strong> <span data-sheets-value=\"{&quot;1&quot;:2,&quot;2&quot;:&quot;Bitte w\u00e4hlen Sie eine der folgenden Optionen aus. (Farbe kann aufgrund der Bildschirmaufl\u00f6sung leicht abweichen.)&quot;}\" data-sheets-userformat=\"{&quot;2&quot;:13247,&quot;3&quot;:{&quot;1&quot;:0},&quot;4&quot;:{&quot;1&quot;:2,&quot;2&quot;:13302264},&quot;5&quot;:{&quot;1&quot;:[{&quot;1&quot;:2,&quot;2&quot;:0,&quot;5&quot;:{&quot;1&quot;:2,&quot;2&quot;:0}},{&quot;1&quot;:0,&quot;2&quot;:0,&quot;3&quot;:3},{&quot;1&quot;:1,&quot;2&quot;:0,&quot;4&quot;:1}]},&quot;6&quot;:{&quot;1&quot;:[{&quot;1&quot;:2,&quot;2&quot;:0,&quot;5&quot;:{&quot;1&quot;:2,&quot;2&quot;:0}},{&quot;1&quot;:0,&quot;2&quot;:0,&quot;3&quot;:3},{&quot;1&quot;:1,&quot;2&quot;:0,&quot;4&quot;:1}]},&quot;7&quot;:{&quot;1&quot;:[{&quot;1&quot;:2,&quot;2&quot;:0,&quot;5&quot;:{&quot;1&quot;:2,&quot;2&quot;:0}},{&quot;1&quot;:0,&quot;2&quot;:0,&quot;3&quot;:3},{&quot;1&quot;:1,&quot;2&quot;:0,&quot;4&quot;:1}]},&quot;8&quot;:{&quot;1&quot;:[{&quot;1&quot;:2,&quot;2&quot;:0,&quot;5&quot;:{&quot;1&quot;:2,&quot;2&quot;:0}},{&quot;1&quot;:0,&quot;2&quot;:0,&quot;3&quot;:3},{&quot;1&quot;:1,&quot;2&quot;:0,&quot;4&quot;:1}]},&quot;10&quot;:2,&quot;11&quot;:4,&quot;12&quot;:0,&quot;15&quot;:&quot;Calibri&quot;,&quot;16&quot;:11}\">Lila (Farbe kann aufgrund der Bildschirmaufl\u00f6sung leicht abweichen.)<\/span><\/p>\n<p><strong>Material:<\/strong> Das Kissen besteht aus 100 % Merinowolle (ein nat\u00fcrliches Material, das f\u00fcr alle Jahreszeiten geeignet ist).<\/p>\n<p><strong>Ma\u00dfe:<\/strong> 30 cm Durchmesser<\/p>\n<p><strong>Versand:<\/strong> Dieser Artikel ist auf Lager\u00a0und bereit f\u00fcr den weltweiten Versand.<\/p>\n","protected":false},"featured_media":14408,"template":"","meta":{"_acf_changed":false,"_links_to":"","_links_to_target":""},"product_brand":[],"product_cat":[817,818,823],"product_tag":[855,876],"class_list":{"0":"post-15418","1":"product","2":"type-product","3":"status-publish","4":"has-post-thumbnail","6":"product_cat-stricken","7":"product_cat-wolle","8":"product_cat-angebot","9":"product_tag-samt","10":"product_tag-wolle","12":"first","13":"outofstock","14":"sale","15":"shipping-taxable","16":"purchasable","17":"product-type-simple"},"acf":[],"yoast_head":"<!-- This site is optimized with the Yoast SEO plugin v25.2 - https:\/\/yoast.com\/wordpress\/plugins\/seo\/ -->\n<title>Rundes Merino Love Kissen - CUP OF TEA<\/title>\n<meta name=\"robots\" content=\"index, follow, max-snippet:-1, max-image-preview:large, max-video-preview:-1\" \/>\n<link rel=\"canonical\" href=\"https:\/\/www.cupoftea.si\/de\/produkt\/rundes-merino-love-kissen-3\/\" \/>\n<meta property=\"og:locale\" content=\"de_DE\" \/>\n<meta property=\"og:type\" content=\"article\" \/>\n<meta property=\"og:title\" content=\"Rundes Merino Love Kissen - CUP OF TEA\" \/>\n<meta property=\"og:description\" content=\"Farbe: Lila (Farbe kann aufgrund der Bildschirmaufl\u00f6sung leicht abweichen.)  Material: Das Kissen besteht aus 100 % Merinowolle (ein nat\u00fcrliches Material, das f\u00fcr alle Jahreszeiten geeignet ist).  Ma\u00dfe: 30 cm Durchmesser  Versand: Dieser Artikel ist auf Lager\u00a0und bereit f\u00fcr den weltweiten Versand.\" \/>\n<meta property=\"og:url\" content=\"https:\/\/www.cupoftea.si\/de\/produkt\/rundes-merino-love-kissen-3\/\" \/>\n<meta property=\"og:site_name\" content=\"CUP OF TEA\" \/>\n<meta property=\"article:publisher\" content=\"https:\/\/www.facebook.com\/cupoftea.si\/\" \/>\n<meta property=\"article:modified_time\" content=\"2022-11-29T12:38:15+00:00\" \/>\n<meta property=\"og:image\" content=\"https:\/\/www.cupoftea.si\/wp-content\/uploads\/2021\/01\/IMG_1431-3-scaled.jpg\" \/>\n\t<meta property=\"og:image:width\" content=\"2560\" \/>\n\t<meta property=\"og:image:height\" content=\"1711\" \/>\n\t<meta property=\"og:image:type\" content=\"image\/jpeg\" \/>\n<meta name=\"twitter:card\" content=\"summary_large_image\" \/>\n<meta name=\"twitter:site\" content=\"@CupOfTeaSI\" \/>\n<script type=\"application\/ld+json\" class=\"yoast-schema-graph\">{\"@context\":\"https:\/\/schema.org\",\"@graph\":[{\"@type\":\"WebPage\",\"@id\":\"https:\/\/www.cupoftea.si\/de\/produkt\/rundes-merino-love-kissen-3\/\",\"url\":\"https:\/\/www.cupoftea.si\/de\/produkt\/rundes-merino-love-kissen-3\/\",\"name\":\"Rundes Merino Love Kissen - CUP OF TEA\",\"isPartOf\":{\"@id\":\"https:\/\/www.cupoftea.si\/#website\"},\"primaryImageOfPage\":{\"@id\":\"https:\/\/www.cupoftea.si\/de\/produkt\/rundes-merino-love-kissen-3\/#primaryimage\"},\"image\":{\"@id\":\"https:\/\/www.cupoftea.si\/de\/produkt\/rundes-merino-love-kissen-3\/#primaryimage\"},\"thumbnailUrl\":\"https:\/\/www.cupoftea.si\/wp-content\/uploads\/2021\/01\/IMG_1431-3-scaled.jpg\",\"datePublished\":\"2021-01-30T10:30:12+00:00\",\"dateModified\":\"2022-11-29T12:38:15+00:00\",\"breadcrumb\":{\"@id\":\"https:\/\/www.cupoftea.si\/de\/produkt\/rundes-merino-love-kissen-3\/#breadcrumb\"},\"inLanguage\":\"de\",\"potentialAction\":[{\"@type\":\"ReadAction\",\"target\":[\"https:\/\/www.cupoftea.si\/de\/produkt\/rundes-merino-love-kissen-3\/\"]}]},{\"@type\":\"ImageObject\",\"inLanguage\":\"de\",\"@id\":\"https:\/\/www.cupoftea.si\/de\/produkt\/rundes-merino-love-kissen-3\/#primaryimage\",\"url\":\"https:\/\/www.cupoftea.si\/wp-content\/uploads\/2021\/01\/IMG_1431-3-scaled.jpg\",\"contentUrl\":\"https:\/\/www.cupoftea.si\/wp-content\/uploads\/2021\/01\/IMG_1431-3-scaled.jpg\",\"width\":2560,\"height\":1711},{\"@type\":\"BreadcrumbList\",\"@id\":\"https:\/\/www.cupoftea.si\/de\/produkt\/rundes-merino-love-kissen-3\/#breadcrumb\",\"itemListElement\":[{\"@type\":\"ListItem\",\"position\":1,\"name\":\"Home\",\"item\":\"https:\/\/www.cupoftea.si\/de\/\"},{\"@type\":\"ListItem\",\"position\":2,\"name\":\"Shop\",\"item\":\"https:\/\/www.cupoftea.si\/de\/shop\/\"},{\"@type\":\"ListItem\",\"position\":3,\"name\":\"Rundes Merino Love Kissen\"}]},{\"@type\":\"WebSite\",\"@id\":\"https:\/\/www.cupoftea.si\/#website\",\"url\":\"https:\/\/www.cupoftea.si\/\",\"name\":\"CUP OF TEA\",\"description\":\"Reloved Furniture &amp; Interiors\",\"potentialAction\":[{\"@type\":\"SearchAction\",\"target\":{\"@type\":\"EntryPoint\",\"urlTemplate\":\"https:\/\/www.cupoftea.si\/?s={search_term_string}\"},\"query-input\":{\"@type\":\"PropertyValueSpecification\",\"valueRequired\":true,\"valueName\":\"search_term_string\"}}],\"inLanguage\":\"de\"}]}<\/script>\n<!-- \/ Yoast SEO plugin. -->","yoast_head_json":{"title":"Rundes Merino Love Kissen - CUP OF TEA","robots":{"index":"index","follow":"follow","max-snippet":"max-snippet:-1","max-image-preview":"max-image-preview:large","max-video-preview":"max-video-preview:-1"},"canonical":"https:\/\/www.cupoftea.si\/de\/produkt\/rundes-merino-love-kissen-3\/","og_locale":"de_DE","og_type":"article","og_title":"Rundes Merino Love Kissen - CUP OF TEA","og_description":"Farbe: Lila (Farbe kann aufgrund der Bildschirmaufl\u00f6sung leicht abweichen.)  Material: Das Kissen besteht aus 100 % Merinowolle (ein nat\u00fcrliches Material, das f\u00fcr alle Jahreszeiten geeignet ist).  Ma\u00dfe: 30 cm Durchmesser  Versand: Dieser Artikel ist auf Lager\u00a0und bereit f\u00fcr den weltweiten Versand.","og_url":"https:\/\/www.cupoftea.si\/de\/produkt\/rundes-merino-love-kissen-3\/","og_site_name":"CUP OF TEA","article_publisher":"https:\/\/www.facebook.com\/cupoftea.si\/","article_modified_time":"2022-11-29T12:38:15+00:00","og_image":[{"width":2560,"height":1711,"url":"https:\/\/www.cupoftea.si\/wp-content\/uploads\/2021\/01\/IMG_1431-3-scaled.jpg","type":"image\/jpeg"}],"twitter_card":"summary_large_image","twitter_site":"@CupOfTeaSI","schema":{"@context":"https:\/\/schema.org","@graph":[{"@type":"WebPage","@id":"https:\/\/www.cupoftea.si\/de\/produkt\/rundes-merino-love-kissen-3\/","url":"https:\/\/www.cupoftea.si\/de\/produkt\/rundes-merino-love-kissen-3\/","name":"Rundes Merino Love Kissen - CUP OF TEA","isPartOf":{"@id":"https:\/\/www.cupoftea.si\/#website"},"primaryImageOfPage":{"@id":"https:\/\/www.cupoftea.si\/de\/produkt\/rundes-merino-love-kissen-3\/#primaryimage"},"image":{"@id":"https:\/\/www.cupoftea.si\/de\/produkt\/rundes-merino-love-kissen-3\/#primaryimage"},"thumbnailUrl":"https:\/\/www.cupoftea.si\/wp-content\/uploads\/2021\/01\/IMG_1431-3-scaled.jpg","datePublished":"2021-01-30T10:30:12+00:00","dateModified":"2022-11-29T12:38:15+00:00","breadcrumb":{"@id":"https:\/\/www.cupoftea.si\/de\/produkt\/rundes-merino-love-kissen-3\/#breadcrumb"},"inLanguage":"de","potentialAction":[{"@type":"ReadAction","target":["https:\/\/www.cupoftea.si\/de\/produkt\/rundes-merino-love-kissen-3\/"]}]},{"@type":"ImageObject","inLanguage":"de","@id":"https:\/\/www.cupoftea.si\/de\/produkt\/rundes-merino-love-kissen-3\/#primaryimage","url":"https:\/\/www.cupoftea.si\/wp-content\/uploads\/2021\/01\/IMG_1431-3-scaled.jpg","contentUrl":"https:\/\/www.cupoftea.si\/wp-content\/uploads\/2021\/01\/IMG_1431-3-scaled.jpg","width":2560,"height":1711},{"@type":"BreadcrumbList","@id":"https:\/\/www.cupoftea.si\/de\/produkt\/rundes-merino-love-kissen-3\/#breadcrumb","itemListElement":[{"@type":"ListItem","position":1,"name":"Home","item":"https:\/\/www.cupoftea.si\/de\/"},{"@type":"ListItem","position":2,"name":"Shop","item":"https:\/\/www.cupoftea.si\/de\/shop\/"},{"@type":"ListItem","position":3,"name":"Rundes Merino Love Kissen"}]},{"@type":"WebSite","@id":"https:\/\/www.cupoftea.si\/#website","url":"https:\/\/www.cupoftea.si\/","name":"CUP OF TEA","description":"Reloved Furniture &amp; Interiors","potentialAction":[{"@type":"SearchAction","target":{"@type":"EntryPoint","urlTemplate":"https:\/\/www.cupoftea.si\/?s={search_term_string}"},"query-input":{"@type":"PropertyValueSpecification","valueRequired":true,"valueName":"search_term_string"}}],"inLanguage":"de"}]}},"_links":{"self":[{"href":"https:\/\/www.cupoftea.si\/de\/wp-json\/wp\/v2\/product\/15418"}],"collection":[{"href":"https:\/\/www.cupoftea.si\/de\/wp-json\/wp\/v2\/product"}],"about":[{"href":"https:\/\/www.cupoftea.si\/de\/wp-json\/wp\/v2\/types\/product"}],"wp:featuredmedia":[{"embeddable":true,"href":"https:\/\/www.cupoftea.si\/de\/wp-json\/wp\/v2\/media\/14408"}],"wp:attachment":[{"href":"https:\/\/www.cupoftea.si\/de\/wp-json\/wp\/v2\/media?parent=15418"}],"wp:term":[{"taxonomy":"product_brand","embeddable":true,"href":"https:\/\/www.cupoftea.si\/de\/wp-json\/wp\/v2\/product_brand?post=15418"},{"taxonomy":"product_cat","embeddable":true,"href":"https:\/\/www.cupoftea.si\/de\/wp-json\/wp\/v2\/product_cat?post=15418"},{"taxonomy":"product_tag","embeddable":true,"href":"https:\/\/www.cupoftea.si\/de\/wp-json\/wp\/v2\/product_tag?post=15418"}],"curies":[{"name":"wp","href":"https:\/\/api.w.org\/{rel}","templated":true}]}}