{"id":15442,"date":"2021-06-08T10:49:33","date_gmt":"2021-06-08T08:49:33","guid":{"rendered":"https:\/\/www.cupoftea.si\/product\/gehakeltes-mehrzweckkorb\/"},"modified":"2022-11-29T13:31:36","modified_gmt":"2022-11-29T12:31:36","slug":"gehakeltes-mehrzweckkorb","status":"publish","type":"product","link":"https:\/\/www.cupoftea.si\/de\/produkt\/gehakeltes-mehrzweckkorb\/","title":{"rendered":"Geh\u00e4keltes Mehrzweckkorb"},"content":{"rendered":"<p><span data-sheets-value=\"{&quot;1&quot;:2,&quot;2&quot;:&quot;Der Mehrzweckkorb bringt ein Gef\u00fchl von Komfort in dein Zuhause oder B\u00fcro und ist perfekt f\u00fcr all deine kleinen Gegenst\u00e4nde. Bewahre alles, von Bleistiften, Heftklammern, Schl\u00fcsseln bis hin zu Watte, Cremes und anderen kleinen Sachen auf, damit du diese immer zur Hand hast, aber gleichzeitig auch organisiert und sicher.&quot;}\" data-sheets-userformat=\"{&quot;2&quot;:13247,&quot;3&quot;:{&quot;1&quot;:0},&quot;4&quot;:{&quot;1&quot;:2,&quot;2&quot;:13302264},&quot;5&quot;:{&quot;1&quot;:[{&quot;1&quot;:2,&quot;2&quot;:0,&quot;5&quot;:{&quot;1&quot;:2,&quot;2&quot;:0}},{&quot;1&quot;:0,&quot;2&quot;:0,&quot;3&quot;:3},{&quot;1&quot;:1,&quot;2&quot;:0,&quot;4&quot;:1}]},&quot;6&quot;:{&quot;1&quot;:[{&quot;1&quot;:2,&quot;2&quot;:0,&quot;5&quot;:{&quot;1&quot;:2,&quot;2&quot;:0}},{&quot;1&quot;:0,&quot;2&quot;:0,&quot;3&quot;:3},{&quot;1&quot;:1,&quot;2&quot;:0,&quot;4&quot;:1}]},&quot;7&quot;:{&quot;1&quot;:[{&quot;1&quot;:2,&quot;2&quot;:0,&quot;5&quot;:{&quot;1&quot;:2,&quot;2&quot;:0}},{&quot;1&quot;:0,&quot;2&quot;:0,&quot;3&quot;:3},{&quot;1&quot;:1,&quot;2&quot;:0,&quot;4&quot;:1}]},&quot;8&quot;:{&quot;1&quot;:[{&quot;1&quot;:2,&quot;2&quot;:0,&quot;5&quot;:{&quot;1&quot;:2,&quot;2&quot;:0}},{&quot;1&quot;:0,&quot;2&quot;:0,&quot;3&quot;:3},{&quot;1&quot;:1,&quot;2&quot;:0,&quot;4&quot;:1}]},&quot;10&quot;:2,&quot;11&quot;:4,&quot;12&quot;:0,&quot;15&quot;:&quot;Calibri&quot;,&quot;16&quot;:11}\">Der Mehrzweckkorb bringt ein Gef\u00fchl von Komfort in dein Zuhause oder B\u00fcro und ist perfekt f\u00fcr all die kleinen Gegenst\u00e4nde. Bewahre alles, von Bleistiften, Heftklammern, Schl\u00fcsseln bis hin zur Watte, Cremes und anderen kleinen Sachen auf, damit du diese immer zur Hand hast, aber gleichzeitig auch organisiert bleibst.<\/span><\/p>\n","protected":false},"excerpt":{"rendered":"<p><strong>Farbe:<\/strong> <span data-sheets-value=\"{&quot;1&quot;:2,&quot;2&quot;:&quot;Bitte w\u00e4hlen Sie eine der folgenden Optionen aus. (Farbe kann aufgrund der Bildschirmaufl\u00f6sung leicht abweichen.)&quot;}\" data-sheets-userformat=\"{&quot;2&quot;:13247,&quot;3&quot;:{&quot;1&quot;:0},&quot;4&quot;:{&quot;1&quot;:2,&quot;2&quot;:13302264},&quot;5&quot;:{&quot;1&quot;:[{&quot;1&quot;:2,&quot;2&quot;:0,&quot;5&quot;:{&quot;1&quot;:2,&quot;2&quot;:0}},{&quot;1&quot;:0,&quot;2&quot;:0,&quot;3&quot;:3},{&quot;1&quot;:1,&quot;2&quot;:0,&quot;4&quot;:1}]},&quot;6&quot;:{&quot;1&quot;:[{&quot;1&quot;:2,&quot;2&quot;:0,&quot;5&quot;:{&quot;1&quot;:2,&quot;2&quot;:0}},{&quot;1&quot;:0,&quot;2&quot;:0,&quot;3&quot;:3},{&quot;1&quot;:1,&quot;2&quot;:0,&quot;4&quot;:1}]},&quot;7&quot;:{&quot;1&quot;:[{&quot;1&quot;:2,&quot;2&quot;:0,&quot;5&quot;:{&quot;1&quot;:2,&quot;2&quot;:0}},{&quot;1&quot;:0,&quot;2&quot;:0,&quot;3&quot;:3},{&quot;1&quot;:1,&quot;2&quot;:0,&quot;4&quot;:1}]},&quot;8&quot;:{&quot;1&quot;:[{&quot;1&quot;:2,&quot;2&quot;:0,&quot;5&quot;:{&quot;1&quot;:2,&quot;2&quot;:0}},{&quot;1&quot;:0,&quot;2&quot;:0,&quot;3&quot;:3},{&quot;1&quot;:1,&quot;2&quot;:0,&quot;4&quot;:1}]},&quot;10&quot;:2,&quot;11&quot;:4,&quot;12&quot;:0,&quot;15&quot;:&quot;Calibri&quot;,&quot;16&quot;:11}\">Bitte w\u00e4hle eine der folgenden Optionen aus. (Farbe kann aufgrund der Bildschirmaufl\u00f6sung leicht abweichen.)<\/span><\/p>\n<p><strong>Material:<\/strong> Handgewebt aus umweltfreundlichen, recycelten Baumwollf\u00e4den.<\/p>\n<p><span data-sheets-value=\"{&quot;1&quot;:2,&quot;2&quot;:&quot;&quot;klein - etwa 13 cm Durchmesser, 8 cm H\u00f6hen| medium - ca. 17 cm Durchmesser und 9,5 cm H\u00f6he&quot;&quot;}\" data-sheets-userformat=\"{&quot;2&quot;:13247,&quot;3&quot;:{&quot;1&quot;:0},&quot;4&quot;:{&quot;1&quot;:2,&quot;2&quot;:13302264},&quot;5&quot;:{&quot;1&quot;:[{&quot;1&quot;:2,&quot;2&quot;:0,&quot;5&quot;:{&quot;1&quot;:2,&quot;2&quot;:0}},{&quot;1&quot;:0,&quot;2&quot;:0,&quot;3&quot;:3},{&quot;1&quot;:1,&quot;2&quot;:0,&quot;4&quot;:1}]},&quot;6&quot;:{&quot;1&quot;:[{&quot;1&quot;:2,&quot;2&quot;:0,&quot;5&quot;:{&quot;1&quot;:2,&quot;2&quot;:0}},{&quot;1&quot;:0,&quot;2&quot;:0,&quot;3&quot;:3},{&quot;1&quot;:1,&quot;2&quot;:0,&quot;4&quot;:1}]},&quot;7&quot;:{&quot;1&quot;:[{&quot;1&quot;:2,&quot;2&quot;:0,&quot;5&quot;:{&quot;1&quot;:2,&quot;2&quot;:0}},{&quot;1&quot;:0,&quot;2&quot;:0,&quot;3&quot;:3},{&quot;1&quot;:1,&quot;2&quot;:0,&quot;4&quot;:1}]},&quot;8&quot;:{&quot;1&quot;:[{&quot;1&quot;:2,&quot;2&quot;:0,&quot;5&quot;:{&quot;1&quot;:2,&quot;2&quot;:0}},{&quot;1&quot;:0,&quot;2&quot;:0,&quot;3&quot;:3},{&quot;1&quot;:1,&quot;2&quot;:0,&quot;4&quot;:1}]},&quot;10&quot;:2,&quot;11&quot;:4,&quot;12&quot;:0,&quot;15&quot;:&quot;Calibri&quot;,&quot;16&quot;:11}\"><strong>Abmessungen: <\/strong>Klein &#8211; etwa 13 cm Durchmesser, 8 cm H\u00f6he oder medium &#8211; etwa 17 cm Durchmesser und 9,5 cm H\u00f6he<\/span><\/p>\n","protected":false},"featured_media":14517,"template":"","meta":{"_acf_changed":false,"_links_to":"","_links_to_target":""},"product_brand":[],"product_cat":[805,819],"product_tag":[859,927],"class_list":{"0":"post-15442","1":"product","2":"type-product","3":"status-publish","4":"has-post-thumbnail","6":"product_cat-haekeln","7":"product_cat-koerbchen","8":"product_tag-gehakelt","9":"product_tag-korb","11":"first","12":"instock","13":"shipping-taxable","14":"purchasable","15":"product-type-variable"},"acf":[],"yoast_head":"<!-- This site is optimized with the Yoast SEO plugin v25.2 - https:\/\/yoast.com\/wordpress\/plugins\/seo\/ -->\n<title>Geh\u00e4keltes Mehrzweckkorb - CUP OF TEA<\/title>\n<meta name=\"robots\" content=\"index, follow, max-snippet:-1, max-image-preview:large, max-video-preview:-1\" \/>\n<link rel=\"canonical\" href=\"https:\/\/www.cupoftea.si\/de\/produkt\/gehakeltes-mehrzweckkorb\/\" \/>\n<meta property=\"og:locale\" content=\"de_DE\" \/>\n<meta property=\"og:type\" content=\"article\" \/>\n<meta property=\"og:title\" content=\"Geh\u00e4keltes Mehrzweckkorb - CUP OF TEA\" \/>\n<meta property=\"og:description\" content=\"Farbe: Bitte w\u00e4hle eine der folgenden Optionen aus. (Farbe kann aufgrund der Bildschirmaufl\u00f6sung leicht abweichen.)  Material: Handgewebt aus umweltfreundlichen, recycelten Baumwollf\u00e4den.  Abmessungen: Klein - etwa 13 cm Durchmesser, 8 cm H\u00f6he oder medium - etwa 17 cm Durchmesser und 9,5 cm H\u00f6he\" \/>\n<meta property=\"og:url\" content=\"https:\/\/www.cupoftea.si\/de\/produkt\/gehakeltes-mehrzweckkorb\/\" \/>\n<meta property=\"og:site_name\" content=\"CUP OF TEA\" \/>\n<meta property=\"article:publisher\" content=\"https:\/\/www.facebook.com\/cupoftea.si\/\" \/>\n<meta property=\"article:modified_time\" content=\"2022-11-29T12:31:36+00:00\" \/>\n<meta property=\"og:image\" content=\"https:\/\/www.cupoftea.si\/wp-content\/uploads\/2021\/05\/PSR-2000px-20210503-COT-produkti1029-scaled.jpg\" \/>\n\t<meta property=\"og:image:width\" content=\"2560\" \/>\n\t<meta property=\"og:image:height\" content=\"1920\" \/>\n\t<meta property=\"og:image:type\" content=\"image\/jpeg\" \/>\n<meta name=\"twitter:card\" content=\"summary_large_image\" \/>\n<meta name=\"twitter:site\" content=\"@CupOfTeaSI\" \/>\n<script type=\"application\/ld+json\" class=\"yoast-schema-graph\">{\"@context\":\"https:\/\/schema.org\",\"@graph\":[{\"@type\":\"WebPage\",\"@id\":\"https:\/\/www.cupoftea.si\/de\/produkt\/gehakeltes-mehrzweckkorb\/\",\"url\":\"https:\/\/www.cupoftea.si\/de\/produkt\/gehakeltes-mehrzweckkorb\/\",\"name\":\"Geh\u00e4keltes Mehrzweckkorb - CUP OF TEA\",\"isPartOf\":{\"@id\":\"https:\/\/www.cupoftea.si\/#website\"},\"primaryImageOfPage\":{\"@id\":\"https:\/\/www.cupoftea.si\/de\/produkt\/gehakeltes-mehrzweckkorb\/#primaryimage\"},\"image\":{\"@id\":\"https:\/\/www.cupoftea.si\/de\/produkt\/gehakeltes-mehrzweckkorb\/#primaryimage\"},\"thumbnailUrl\":\"https:\/\/www.cupoftea.si\/wp-content\/uploads\/2021\/05\/PSR-2000px-20210503-COT-produkti1029-scaled.jpg\",\"datePublished\":\"2021-06-08T08:49:33+00:00\",\"dateModified\":\"2022-11-29T12:31:36+00:00\",\"breadcrumb\":{\"@id\":\"https:\/\/www.cupoftea.si\/de\/produkt\/gehakeltes-mehrzweckkorb\/#breadcrumb\"},\"inLanguage\":\"de\",\"potentialAction\":[{\"@type\":\"ReadAction\",\"target\":[\"https:\/\/www.cupoftea.si\/de\/produkt\/gehakeltes-mehrzweckkorb\/\"]}]},{\"@type\":\"ImageObject\",\"inLanguage\":\"de\",\"@id\":\"https:\/\/www.cupoftea.si\/de\/produkt\/gehakeltes-mehrzweckkorb\/#primaryimage\",\"url\":\"https:\/\/www.cupoftea.si\/wp-content\/uploads\/2021\/05\/PSR-2000px-20210503-COT-produkti1029-scaled.jpg\",\"contentUrl\":\"https:\/\/www.cupoftea.si\/wp-content\/uploads\/2021\/05\/PSR-2000px-20210503-COT-produkti1029-scaled.jpg\",\"width\":2560,\"height\":1920,\"caption\":\"CUP OF TEA Geh\u00e4keltes Mehrzweckkorb rose\"},{\"@type\":\"BreadcrumbList\",\"@id\":\"https:\/\/www.cupoftea.si\/de\/produkt\/gehakeltes-mehrzweckkorb\/#breadcrumb\",\"itemListElement\":[{\"@type\":\"ListItem\",\"position\":1,\"name\":\"Home\",\"item\":\"https:\/\/www.cupoftea.si\/de\/\"},{\"@type\":\"ListItem\",\"position\":2,\"name\":\"Shop\",\"item\":\"https:\/\/www.cupoftea.si\/de\/shop\/\"},{\"@type\":\"ListItem\",\"position\":3,\"name\":\"Geh\u00e4keltes Mehrzweckkorb\"}]},{\"@type\":\"WebSite\",\"@id\":\"https:\/\/www.cupoftea.si\/#website\",\"url\":\"https:\/\/www.cupoftea.si\/\",\"name\":\"CUP OF TEA\",\"description\":\"Reloved Furniture &amp; Interiors\",\"potentialAction\":[{\"@type\":\"SearchAction\",\"target\":{\"@type\":\"EntryPoint\",\"urlTemplate\":\"https:\/\/www.cupoftea.si\/?s={search_term_string}\"},\"query-input\":{\"@type\":\"PropertyValueSpecification\",\"valueRequired\":true,\"valueName\":\"search_term_string\"}}],\"inLanguage\":\"de\"}]}<\/script>\n<!-- \/ Yoast SEO plugin. -->","yoast_head_json":{"title":"Geh\u00e4keltes Mehrzweckkorb - CUP OF TEA","robots":{"index":"index","follow":"follow","max-snippet":"max-snippet:-1","max-image-preview":"max-image-preview:large","max-video-preview":"max-video-preview:-1"},"canonical":"https:\/\/www.cupoftea.si\/de\/produkt\/gehakeltes-mehrzweckkorb\/","og_locale":"de_DE","og_type":"article","og_title":"Geh\u00e4keltes Mehrzweckkorb - CUP OF TEA","og_description":"Farbe: Bitte w\u00e4hle eine der folgenden Optionen aus. (Farbe kann aufgrund der Bildschirmaufl\u00f6sung leicht abweichen.)  Material: Handgewebt aus umweltfreundlichen, recycelten Baumwollf\u00e4den.  Abmessungen: Klein - etwa 13 cm Durchmesser, 8 cm H\u00f6he oder medium - etwa 17 cm Durchmesser und 9,5 cm H\u00f6he","og_url":"https:\/\/www.cupoftea.si\/de\/produkt\/gehakeltes-mehrzweckkorb\/","og_site_name":"CUP OF TEA","article_publisher":"https:\/\/www.facebook.com\/cupoftea.si\/","article_modified_time":"2022-11-29T12:31:36+00:00","og_image":[{"width":2560,"height":1920,"url":"https:\/\/www.cupoftea.si\/wp-content\/uploads\/2021\/05\/PSR-2000px-20210503-COT-produkti1029-scaled.jpg","type":"image\/jpeg"}],"twitter_card":"summary_large_image","twitter_site":"@CupOfTeaSI","schema":{"@context":"https:\/\/schema.org","@graph":[{"@type":"WebPage","@id":"https:\/\/www.cupoftea.si\/de\/produkt\/gehakeltes-mehrzweckkorb\/","url":"https:\/\/www.cupoftea.si\/de\/produkt\/gehakeltes-mehrzweckkorb\/","name":"Geh\u00e4keltes Mehrzweckkorb - CUP OF TEA","isPartOf":{"@id":"https:\/\/www.cupoftea.si\/#website"},"primaryImageOfPage":{"@id":"https:\/\/www.cupoftea.si\/de\/produkt\/gehakeltes-mehrzweckkorb\/#primaryimage"},"image":{"@id":"https:\/\/www.cupoftea.si\/de\/produkt\/gehakeltes-mehrzweckkorb\/#primaryimage"},"thumbnailUrl":"https:\/\/www.cupoftea.si\/wp-content\/uploads\/2021\/05\/PSR-2000px-20210503-COT-produkti1029-scaled.jpg","datePublished":"2021-06-08T08:49:33+00:00","dateModified":"2022-11-29T12:31:36+00:00","breadcrumb":{"@id":"https:\/\/www.cupoftea.si\/de\/produkt\/gehakeltes-mehrzweckkorb\/#breadcrumb"},"inLanguage":"de","potentialAction":[{"@type":"ReadAction","target":["https:\/\/www.cupoftea.si\/de\/produkt\/gehakeltes-mehrzweckkorb\/"]}]},{"@type":"ImageObject","inLanguage":"de","@id":"https:\/\/www.cupoftea.si\/de\/produkt\/gehakeltes-mehrzweckkorb\/#primaryimage","url":"https:\/\/www.cupoftea.si\/wp-content\/uploads\/2021\/05\/PSR-2000px-20210503-COT-produkti1029-scaled.jpg","contentUrl":"https:\/\/www.cupoftea.si\/wp-content\/uploads\/2021\/05\/PSR-2000px-20210503-COT-produkti1029-scaled.jpg","width":2560,"height":1920,"caption":"CUP OF TEA Geh\u00e4keltes Mehrzweckkorb rose"},{"@type":"BreadcrumbList","@id":"https:\/\/www.cupoftea.si\/de\/produkt\/gehakeltes-mehrzweckkorb\/#breadcrumb","itemListElement":[{"@type":"ListItem","position":1,"name":"Home","item":"https:\/\/www.cupoftea.si\/de\/"},{"@type":"ListItem","position":2,"name":"Shop","item":"https:\/\/www.cupoftea.si\/de\/shop\/"},{"@type":"ListItem","position":3,"name":"Geh\u00e4keltes Mehrzweckkorb"}]},{"@type":"WebSite","@id":"https:\/\/www.cupoftea.si\/#website","url":"https:\/\/www.cupoftea.si\/","name":"CUP OF TEA","description":"Reloved Furniture &amp; Interiors","potentialAction":[{"@type":"SearchAction","target":{"@type":"EntryPoint","urlTemplate":"https:\/\/www.cupoftea.si\/?s={search_term_string}"},"query-input":{"@type":"PropertyValueSpecification","valueRequired":true,"valueName":"search_term_string"}}],"inLanguage":"de"}]}},"_links":{"self":[{"href":"https:\/\/www.cupoftea.si\/de\/wp-json\/wp\/v2\/product\/15442"}],"collection":[{"href":"https:\/\/www.cupoftea.si\/de\/wp-json\/wp\/v2\/product"}],"about":[{"href":"https:\/\/www.cupoftea.si\/de\/wp-json\/wp\/v2\/types\/product"}],"wp:featuredmedia":[{"embeddable":true,"href":"https:\/\/www.cupoftea.si\/de\/wp-json\/wp\/v2\/media\/14517"}],"wp:attachment":[{"href":"https:\/\/www.cupoftea.si\/de\/wp-json\/wp\/v2\/media?parent=15442"}],"wp:term":[{"taxonomy":"product_brand","embeddable":true,"href":"https:\/\/www.cupoftea.si\/de\/wp-json\/wp\/v2\/product_brand?post=15442"},{"taxonomy":"product_cat","embeddable":true,"href":"https:\/\/www.cupoftea.si\/de\/wp-json\/wp\/v2\/product_cat?post=15442"},{"taxonomy":"product_tag","embeddable":true,"href":"https:\/\/www.cupoftea.si\/de\/wp-json\/wp\/v2\/product_tag?post=15442"}],"curies":[{"name":"wp","href":"https:\/\/api.w.org\/{rel}","templated":true}]}}