{"id":15448,"date":"2019-09-05T16:51:55","date_gmt":"2019-09-05T14:51:55","guid":{"rendered":"https:\/\/www.cupoftea.si\/product\/reloved-stuhl-027-028\/"},"modified":"2022-11-29T14:48:43","modified_gmt":"2022-11-29T13:48:43","slug":"reloved-stuhl-027-028","status":"publish","type":"product","link":"https:\/\/www.cupoftea.si\/de\/produkt\/reloved-stuhl-027-028\/","title":{"rendered":"Reloved Stuhl 027 &#038; 028"},"content":{"rendered":"<p><span style=\"font-weight: 400;\">Dieser Stuhl wurde mit viel Liebe restauriert und ist bereit f\u00fcr eine zweite Chance im neuen Zuhause. Ein bisschen aufmerksame Pflege und ein modernes Makeover, haben daf\u00fcr gesorgt, dass er viele Jahre lang bequem und brauchbar bleibt. Unsere St\u00fchle sind die Empf\u00e4nger des unikaten Labels f\u00fcr hervorragendes Design \u201eMade in Slovenia.&#8220;<\/span><\/p>\n","protected":false},"excerpt":{"rendered":"<p><strong>Farbe:<\/strong> K\u00f6nigsgelb (Die Farbe kann aufgrund der Bildschirmaufl\u00f6sung leicht abweichen.)<\/p>\n<p><strong>Material:\u00a0<\/strong>Der Stuhl behielt sein urspr\u00fcngliches Holz, erhielt neue, bequeme Kissen und ist mit einem hochwertigen, sorgf\u00e4ltig ausgew\u00e4hlten Samtbezug ausgestattet.<\/p>\n<p><strong>Versand:<\/strong> Dieser Artikel ist auf Lager und bereit f\u00fcr den weltweiten Versand.<\/p>\n","protected":false},"featured_media":14062,"template":"","meta":{"_acf_changed":false,"_links_to":"","_links_to_target":""},"product_brand":[],"product_cat":[811],"product_tag":[812],"class_list":{"0":"post-15448","1":"product","2":"type-product","3":"status-publish","4":"has-post-thumbnail","6":"product_cat-mobel","7":"product_tag-sessel","9":"first","10":"outofstock","11":"shipping-taxable","12":"product-type-simple"},"acf":[],"yoast_head":"<!-- This site is optimized with the Yoast SEO plugin v25.2 - https:\/\/yoast.com\/wordpress\/plugins\/seo\/ -->\n<title>Reloved Stuhl 027 &amp; 028 - CUP OF TEA<\/title>\n<meta name=\"robots\" content=\"index, follow, max-snippet:-1, max-image-preview:large, max-video-preview:-1\" \/>\n<link rel=\"canonical\" href=\"https:\/\/www.cupoftea.si\/de\/produkt\/reloved-stuhl-027-028\/\" \/>\n<meta property=\"og:locale\" content=\"de_DE\" \/>\n<meta property=\"og:type\" content=\"article\" \/>\n<meta property=\"og:title\" content=\"Reloved Stuhl 027 &amp; 028 - CUP OF TEA\" \/>\n<meta property=\"og:description\" content=\"Farbe: K\u00f6nigsgelb (Die Farbe kann aufgrund der Bildschirmaufl\u00f6sung leicht abweichen.)  Material:\u00a0Der Stuhl behielt sein urspr\u00fcngliches Holz, erhielt neue, bequeme Kissen und ist mit einem hochwertigen, sorgf\u00e4ltig ausgew\u00e4hlten Samtbezug ausgestattet.  Versand: Dieser Artikel ist auf Lager und bereit f\u00fcr den weltweiten Versand.\" \/>\n<meta property=\"og:url\" content=\"https:\/\/www.cupoftea.si\/de\/produkt\/reloved-stuhl-027-028\/\" \/>\n<meta property=\"og:site_name\" content=\"CUP OF TEA\" \/>\n<meta property=\"article:publisher\" content=\"https:\/\/www.facebook.com\/cupoftea.si\/\" \/>\n<meta property=\"article:modified_time\" content=\"2022-11-29T13:48:43+00:00\" \/>\n<meta property=\"og:image\" content=\"https:\/\/www.cupoftea.si\/wp-content\/uploads\/2019\/09\/Cup-of-tea-2000px-250kb-6-e1567703237717.jpg\" \/>\n\t<meta property=\"og:image:width\" content=\"1330\" \/>\n\t<meta property=\"og:image:height\" content=\"1330\" \/>\n\t<meta property=\"og:image:type\" content=\"image\/jpeg\" \/>\n<meta name=\"twitter:card\" content=\"summary_large_image\" \/>\n<meta name=\"twitter:site\" content=\"@CupOfTeaSI\" \/>\n<script type=\"application\/ld+json\" class=\"yoast-schema-graph\">{\"@context\":\"https:\/\/schema.org\",\"@graph\":[{\"@type\":\"WebPage\",\"@id\":\"https:\/\/www.cupoftea.si\/de\/produkt\/reloved-stuhl-027-028\/\",\"url\":\"https:\/\/www.cupoftea.si\/de\/produkt\/reloved-stuhl-027-028\/\",\"name\":\"Reloved Stuhl 027 & 028 - CUP OF TEA\",\"isPartOf\":{\"@id\":\"https:\/\/www.cupoftea.si\/#website\"},\"primaryImageOfPage\":{\"@id\":\"https:\/\/www.cupoftea.si\/de\/produkt\/reloved-stuhl-027-028\/#primaryimage\"},\"image\":{\"@id\":\"https:\/\/www.cupoftea.si\/de\/produkt\/reloved-stuhl-027-028\/#primaryimage\"},\"thumbnailUrl\":\"https:\/\/www.cupoftea.si\/wp-content\/uploads\/2019\/09\/Cup-of-tea-2000px-250kb-6-e1567703237717.jpg\",\"datePublished\":\"2019-09-05T14:51:55+00:00\",\"dateModified\":\"2022-11-29T13:48:43+00:00\",\"breadcrumb\":{\"@id\":\"https:\/\/www.cupoftea.si\/de\/produkt\/reloved-stuhl-027-028\/#breadcrumb\"},\"inLanguage\":\"de\",\"potentialAction\":[{\"@type\":\"ReadAction\",\"target\":[\"https:\/\/www.cupoftea.si\/de\/produkt\/reloved-stuhl-027-028\/\"]}]},{\"@type\":\"ImageObject\",\"inLanguage\":\"de\",\"@id\":\"https:\/\/www.cupoftea.si\/de\/produkt\/reloved-stuhl-027-028\/#primaryimage\",\"url\":\"https:\/\/www.cupoftea.si\/wp-content\/uploads\/2019\/09\/Cup-of-tea-2000px-250kb-6-e1567703237717.jpg\",\"contentUrl\":\"https:\/\/www.cupoftea.si\/wp-content\/uploads\/2019\/09\/Cup-of-tea-2000px-250kb-6-e1567703237717.jpg\",\"width\":1330,\"height\":1330,\"caption\":\"RELOVED STUHL CUP OF TEA VINTAGE GELB K\u00f6nigsgelb\"},{\"@type\":\"BreadcrumbList\",\"@id\":\"https:\/\/www.cupoftea.si\/de\/produkt\/reloved-stuhl-027-028\/#breadcrumb\",\"itemListElement\":[{\"@type\":\"ListItem\",\"position\":1,\"name\":\"Home\",\"item\":\"https:\/\/www.cupoftea.si\/de\/\"},{\"@type\":\"ListItem\",\"position\":2,\"name\":\"Shop\",\"item\":\"https:\/\/www.cupoftea.si\/de\/shop\/\"},{\"@type\":\"ListItem\",\"position\":3,\"name\":\"Reloved Stuhl 027 &#038; 028\"}]},{\"@type\":\"WebSite\",\"@id\":\"https:\/\/www.cupoftea.si\/#website\",\"url\":\"https:\/\/www.cupoftea.si\/\",\"name\":\"CUP OF TEA\",\"description\":\"Reloved Furniture &amp; Interiors\",\"potentialAction\":[{\"@type\":\"SearchAction\",\"target\":{\"@type\":\"EntryPoint\",\"urlTemplate\":\"https:\/\/www.cupoftea.si\/?s={search_term_string}\"},\"query-input\":{\"@type\":\"PropertyValueSpecification\",\"valueRequired\":true,\"valueName\":\"search_term_string\"}}],\"inLanguage\":\"de\"}]}<\/script>\n<!-- \/ Yoast SEO plugin. -->","yoast_head_json":{"title":"Reloved Stuhl 027 & 028 - CUP OF TEA","robots":{"index":"index","follow":"follow","max-snippet":"max-snippet:-1","max-image-preview":"max-image-preview:large","max-video-preview":"max-video-preview:-1"},"canonical":"https:\/\/www.cupoftea.si\/de\/produkt\/reloved-stuhl-027-028\/","og_locale":"de_DE","og_type":"article","og_title":"Reloved Stuhl 027 & 028 - CUP OF TEA","og_description":"Farbe: K\u00f6nigsgelb (Die Farbe kann aufgrund der Bildschirmaufl\u00f6sung leicht abweichen.)  Material:\u00a0Der Stuhl behielt sein urspr\u00fcngliches Holz, erhielt neue, bequeme Kissen und ist mit einem hochwertigen, sorgf\u00e4ltig ausgew\u00e4hlten Samtbezug ausgestattet.  Versand: Dieser Artikel ist auf Lager und bereit f\u00fcr den weltweiten Versand.","og_url":"https:\/\/www.cupoftea.si\/de\/produkt\/reloved-stuhl-027-028\/","og_site_name":"CUP OF TEA","article_publisher":"https:\/\/www.facebook.com\/cupoftea.si\/","article_modified_time":"2022-11-29T13:48:43+00:00","og_image":[{"width":1330,"height":1330,"url":"https:\/\/www.cupoftea.si\/wp-content\/uploads\/2019\/09\/Cup-of-tea-2000px-250kb-6-e1567703237717.jpg","type":"image\/jpeg"}],"twitter_card":"summary_large_image","twitter_site":"@CupOfTeaSI","schema":{"@context":"https:\/\/schema.org","@graph":[{"@type":"WebPage","@id":"https:\/\/www.cupoftea.si\/de\/produkt\/reloved-stuhl-027-028\/","url":"https:\/\/www.cupoftea.si\/de\/produkt\/reloved-stuhl-027-028\/","name":"Reloved Stuhl 027 & 028 - CUP OF TEA","isPartOf":{"@id":"https:\/\/www.cupoftea.si\/#website"},"primaryImageOfPage":{"@id":"https:\/\/www.cupoftea.si\/de\/produkt\/reloved-stuhl-027-028\/#primaryimage"},"image":{"@id":"https:\/\/www.cupoftea.si\/de\/produkt\/reloved-stuhl-027-028\/#primaryimage"},"thumbnailUrl":"https:\/\/www.cupoftea.si\/wp-content\/uploads\/2019\/09\/Cup-of-tea-2000px-250kb-6-e1567703237717.jpg","datePublished":"2019-09-05T14:51:55+00:00","dateModified":"2022-11-29T13:48:43+00:00","breadcrumb":{"@id":"https:\/\/www.cupoftea.si\/de\/produkt\/reloved-stuhl-027-028\/#breadcrumb"},"inLanguage":"de","potentialAction":[{"@type":"ReadAction","target":["https:\/\/www.cupoftea.si\/de\/produkt\/reloved-stuhl-027-028\/"]}]},{"@type":"ImageObject","inLanguage":"de","@id":"https:\/\/www.cupoftea.si\/de\/produkt\/reloved-stuhl-027-028\/#primaryimage","url":"https:\/\/www.cupoftea.si\/wp-content\/uploads\/2019\/09\/Cup-of-tea-2000px-250kb-6-e1567703237717.jpg","contentUrl":"https:\/\/www.cupoftea.si\/wp-content\/uploads\/2019\/09\/Cup-of-tea-2000px-250kb-6-e1567703237717.jpg","width":1330,"height":1330,"caption":"RELOVED STUHL CUP OF TEA VINTAGE GELB K\u00f6nigsgelb"},{"@type":"BreadcrumbList","@id":"https:\/\/www.cupoftea.si\/de\/produkt\/reloved-stuhl-027-028\/#breadcrumb","itemListElement":[{"@type":"ListItem","position":1,"name":"Home","item":"https:\/\/www.cupoftea.si\/de\/"},{"@type":"ListItem","position":2,"name":"Shop","item":"https:\/\/www.cupoftea.si\/de\/shop\/"},{"@type":"ListItem","position":3,"name":"Reloved Stuhl 027 &#038; 028"}]},{"@type":"WebSite","@id":"https:\/\/www.cupoftea.si\/#website","url":"https:\/\/www.cupoftea.si\/","name":"CUP OF TEA","description":"Reloved Furniture &amp; Interiors","potentialAction":[{"@type":"SearchAction","target":{"@type":"EntryPoint","urlTemplate":"https:\/\/www.cupoftea.si\/?s={search_term_string}"},"query-input":{"@type":"PropertyValueSpecification","valueRequired":true,"valueName":"search_term_string"}}],"inLanguage":"de"}]}},"_links":{"self":[{"href":"https:\/\/www.cupoftea.si\/de\/wp-json\/wp\/v2\/product\/15448"}],"collection":[{"href":"https:\/\/www.cupoftea.si\/de\/wp-json\/wp\/v2\/product"}],"about":[{"href":"https:\/\/www.cupoftea.si\/de\/wp-json\/wp\/v2\/types\/product"}],"wp:featuredmedia":[{"embeddable":true,"href":"https:\/\/www.cupoftea.si\/de\/wp-json\/wp\/v2\/media\/14062"}],"wp:attachment":[{"href":"https:\/\/www.cupoftea.si\/de\/wp-json\/wp\/v2\/media?parent=15448"}],"wp:term":[{"taxonomy":"product_brand","embeddable":true,"href":"https:\/\/www.cupoftea.si\/de\/wp-json\/wp\/v2\/product_brand?post=15448"},{"taxonomy":"product_cat","embeddable":true,"href":"https:\/\/www.cupoftea.si\/de\/wp-json\/wp\/v2\/product_cat?post=15448"},{"taxonomy":"product_tag","embeddable":true,"href":"https:\/\/www.cupoftea.si\/de\/wp-json\/wp\/v2\/product_tag?post=15448"}],"curies":[{"name":"wp","href":"https:\/\/api.w.org\/{rel}","templated":true}]}}