{"id":10907,"date":"2021-09-17T10:25:15","date_gmt":"2021-09-17T08:25:15","guid":{"rendered":"https:\/\/www.cupoftea.si\/?page_id=10907"},"modified":"2026-04-17T13:22:36","modified_gmt":"2026-04-17T11:22:36","slug":"contact","status":"publish","type":"page","link":"https:\/\/www.cupoftea.si\/fr\/contact\/","title":{"rendered":"Contact"},"content":{"rendered":"<section class=\"wpb-content-wrapper\"><p>[vc_row content_text_aligment=\u00a0\u00bb\u00a0\u00bb use_row_as_full_screen_section=\u00a0\u00bbno\u00a0\u00bb][vc_column width=\u00a0\u00bb1\/2&Prime;][vc_column_text]<\/p>\n<h3>\u00c9crivez-nous<\/h3>\n<p>[\/vc_column_text][vc_empty_space]\n<div class=\"wpcf7 no-js\" id=\"wpcf7-f11302-o1\" lang=\"sl-SI\" dir=\"ltr\" data-wpcf7-id=\"11302\">\n<div class=\"screen-reader-response\"><p role=\"status\" aria-live=\"polite\" aria-atomic=\"true\"><\/p> <ul><\/ul><\/div>\n<form action=\"\/fr\/wp-json\/wp\/v2\/pages\/10907#wpcf7-f11302-o1\" method=\"post\" class=\"wpcf7-form init\" aria-label=\"Contact form\" novalidate=\"novalidate\" data-status=\"init\">\n<div style=\"display: none;\">\n<input type=\"hidden\" name=\"_wpcf7\" value=\"11302\" \/>\n<input type=\"hidden\" name=\"_wpcf7_version\" value=\"6.0.6\" \/>\n<input type=\"hidden\" name=\"_wpcf7_locale\" value=\"sl_SI\" \/>\n<input type=\"hidden\" name=\"_wpcf7_unit_tag\" value=\"wpcf7-f11302-o1\" \/>\n<input type=\"hidden\" name=\"_wpcf7_container_post\" value=\"0\" \/>\n<input type=\"hidden\" name=\"_wpcf7_posted_data_hash\" value=\"\" \/>\n<input type=\"hidden\" name=\"_wpcf7_recaptcha_response\" value=\"\" \/>\n<\/div>\n<p><label> Votre nom *:<br \/>\n<span class=\"wpcf7-form-control-wrap\" data-name=\"your-name\"><input size=\"40\" maxlength=\"400\" class=\"wpcf7-form-control wpcf7-text wpcf7-validates-as-required\" aria-required=\"true\" aria-invalid=\"false\" value=\"\" type=\"text\" name=\"your-name\" \/><\/span> <\/label>\n<\/p>\n<p><label> Votre e-mail *:<br \/>\n<span class=\"wpcf7-form-control-wrap\" data-name=\"your-email\"><input size=\"40\" maxlength=\"400\" class=\"wpcf7-form-control wpcf7-email wpcf7-validates-as-required wpcf7-text wpcf7-validates-as-email\" aria-required=\"true\" aria-invalid=\"false\" value=\"\" type=\"email\" name=\"your-email\" \/><\/span> <\/label>\n<\/p>\n<p><label> Sujet:<br \/>\n<span class=\"wpcf7-form-control-wrap\" data-name=\"your-subject\"><input size=\"40\" maxlength=\"400\" class=\"wpcf7-form-control wpcf7-text\" aria-invalid=\"false\" value=\"\" type=\"text\" name=\"your-subject\" \/><\/span> <\/label>\n<\/p>\n<p><label> Message:<br \/>\n<span class=\"wpcf7-form-control-wrap\" data-name=\"your-message\"><textarea cols=\"40\" rows=\"10\" maxlength=\"2000\" class=\"wpcf7-form-control wpcf7-textarea\" aria-invalid=\"false\" name=\"your-message\"><\/textarea><\/span> <\/label>\n<\/p>\n<p><input class=\"wpcf7-form-control wpcf7-submit has-spinner\" type=\"submit\" value=\"SEND\" \/>\n<\/p><p style=\"display: none !important;\" class=\"akismet-fields-container\" data-prefix=\"_wpcf7_ak_\"><label>&#916;<textarea name=\"_wpcf7_ak_hp_textarea\" cols=\"45\" rows=\"8\" maxlength=\"100\"><\/textarea><\/label><input type=\"hidden\" id=\"ak_js_1\" name=\"_wpcf7_ak_js\" value=\"146\"\/><script>document.getElementById( \"ak_js_1\" ).setAttribute( \"value\", ( new Date() ).getTime() );<\/script><\/p><div class=\"wpcf7-response-output\" aria-hidden=\"true\"><\/div>\n<\/form>\n<\/div>\n[vc_empty_space height=\u00a0\u00bb40px\u00a0\u00bb][\/vc_column][vc_column width=\u00a0\u00bb1\/2&Prime;][vc_column_text]<\/p>\n<h3>Restons en contact<\/h3>\n<p>[\/vc_column_text][vc_empty_space][vc_column_text]Votre Cup of Tea sur les r\u00e9seaux sociaux. Nous esp\u00e9rons vous revoir bient\u00f4t sur <a href=\"https:\/\/www.facebook.com\/cupoftea.france\" target=\"_blank\" rel=\"noopener\">Facebook<\/a> et <a href=\"https:\/\/www.instagram.com\/cupoftea.si\/?hl=en\" target=\"_blank\" rel=\"noopener\">Instagram<\/a> ![\/vc_column_text][vc_empty_space height=\u00a0\u00bb29px\u00a0\u00bb][vc_column_text]Pour toute question concernant nos produits, l\u2019aide \u00e0 la s\u00e9lection, des id\u00e9es de coop\u00e9ration ou une invitation pour une excellente tasse de th\u00e9, vous pouvez aussi nous contacter aux adresses email ci-dessous.[\/vc_column_text][vc_empty_space height=\u00a0\u00bb29px\u00a0\u00bb][vc_column_text]<\/p>\n<div class=\"wpb_text_column wpb_content_element \">\n<div class=\"wpb_wrapper\">\n<p>Information &amp; assistance | <span style=\"color: #003366;\"><a style=\"color: #003366;\" href=\"mailto:info@cupoftea.si\" rel=\"noreferrer\">info@cupoftea.si<\/a><\/span><\/p>\n<\/div>\n<\/div>\n<p>[\/vc_column_text][vc_column_text]Cooperation &amp; id\u00e9es | <span style=\"color: #003366;\"><a style=\"color: #003366;\" href=\"mailto:sales@cupoftea.si\">sales@cupoftea.si<\/a><\/span>[\/vc_column_text][vc_empty_space height=\u00a0\u00bb29px\u00a0\u00bb][vc_column_text]<\/p>\n<p id=\"tw-target-text\" class=\"tw-data-text tw-text-large XcVN5d tw-ta\" dir=\"ltr\" data-placeholder=\"Translation\"><span class=\"Y2IQFc\" lang=\"fr\">Int\u00e9ress\u00e9 par la vente en gros ? Formulaire de contact ici.<\/span><\/p>\n<p><a href=\"https:\/\/www.cupoftea.si\/wholesale\/\" target=\"_blank\" rel=\"noopener\">here<\/a>.[\/vc_column_text][vc_empty_space height=\u00a0\u00bb43px\u00a0\u00bb][vc_column_text]<strong>COT STUDIO d.o.o.<\/strong><\/p>\n<p>Verstov\u0161kova ulica 4 | 2000 Maribor | Slov\u00e9nie[\/vc_column_text][\/vc_column][\/vc_row][vc_row content_text_aligment=\u00a0\u00bb\u00a0\u00bb use_row_as_full_screen_section=\u00a0\u00bbno\u00a0\u00bb][vc_column][vc_empty_space height=\u00a0\u00bb86px\u00a0\u00bb][\/vc_column][\/vc_row][vc_row content_text_aligment=\u00a0\u00bb\u00a0\u00bb use_row_as_full_screen_section=\u00a0\u00bbno\u00a0\u00bb][vc_column width=\u00a0\u00bb1\/2&Prime;][vc_column_text]<\/p>\n<h3>Rendez-nous visite<\/h3>\n<p>[\/vc_column_text][vc_empty_space][vc_column_text]Parfois, rien ne remplace le fait de voir un article en personne; pour voir la couleur sous la lumi\u00e8re naturelle, sentir la douceur de la laine 100% m\u00e9rinos, essayer ce fauteuil auquel vous n\u2019arr\u00eatez pas de penser, ou simplement vous faire plaisir avec un peu de \u201cl\u00e8che-vitrine\u201d.<\/p>\n<p>Vous trouverez une s\u00e9lection d\u2019articles Cup of Tea dans ces charmantes boutiques consacr\u00e9es au travail d\u2019artisans slov\u00e8nes.<\/p>\n<p>\u00c0 bient\u00f4t ![\/vc_column_text][vc_empty_space height=\u00a0\u00bb43px\u00a0\u00bb][vc_column_text]<strong>Maribor:<br \/>\nProjektna pisarna Centra za Kreativnost<\/strong><br \/>\nPartizanska cesta\u00a011, 2000 Maribor[\/vc_column_text][vc_column_text]<strong>Ljubljana:<br \/>\nMuzej za arhitekturo in oblikovanje \u2013<br \/>\nmuzejska trgovina<\/strong><br \/>\nPot na Fu\u017eine 2, 1000 Ljubljana[\/vc_column_text][vc_empty_space height=\u00a0\u00bb86px\u00a0\u00bb][\/vc_column][vc_column width=\u00a0\u00bb1\/2&Prime;][vc_empty_space height=\u00a0\u00bb86px\u00a0\u00bb][vc_single_image image=\u00a0\u00bb12117&Prime; img_size=\u00a0\u00bbfull\u00a0\u00bb][\/vc_column][\/vc_row][vc_row content_text_aligment=\u00a0\u00bb\u00a0\u00bb use_row_as_full_screen_section=\u00a0\u00bbno\u00a0\u00bb][vc_column][vc_empty_space height=\u00a0\u00bb86px\u00a0\u00bb][\/vc_column][\/vc_row]<\/p>\n<\/section>","protected":false},"excerpt":{"rendered":"<p>[vc_row content_text_aligment=\u00a0\u00bb\u00a0\u00bb use_row_as_full_screen_section=\u00a0\u00bbno\u00a0\u00bb][vc_column width=\u00a0\u00bb1\/2&Prime;][vc_column_text] \u00c9crivez-nous [\/vc_column_text][vc_empty_space][vc_empty_space height=\u00a0\u00bb40px\u00a0\u00bb][\/vc_column][vc_column width=\u00a0\u00bb1\/2&Prime;][vc_column_text] Restons en contact [\/vc_column_text][vc_empty_space][vc_column_text]Votre Cup of Tea sur les r\u00e9seaux sociaux. Nous esp\u00e9rons vous revoir bient\u00f4t sur Facebook et Instagram ![\/vc_column_text][vc_empty_space height=\u00a0\u00bb29px\u00a0\u00bb][vc_column_text]Pour toute question concernant nos produits, l\u2019aide \u00e0 la s\u00e9lection, des id\u00e9es de coop\u00e9ration ou une [&hellip;]<\/p>\n","protected":false},"author":5,"featured_media":0,"parent":0,"menu_order":5,"comment_status":"closed","ping_status":"closed","template":"","meta":{"_acf_changed":false,"footnotes":"","_links_to":"","_links_to_target":""},"class_list":["post-10907","page","type-page","status-publish","hentry"],"acf":[],"yoast_head":"<!-- This site is optimized with the Yoast SEO plugin v25.2 - https:\/\/yoast.com\/wordpress\/plugins\/seo\/ -->\n<title>Contact - CUP OF TEA<\/title>\n<meta name=\"robots\" content=\"index, follow, max-snippet:-1, max-image-preview:large, max-video-preview:-1\" \/>\n<link rel=\"canonical\" href=\"https:\/\/www.cupoftea.si\/fr\/contact\/\" \/>\n<meta property=\"og:locale\" content=\"fr_FR\" \/>\n<meta property=\"og:type\" content=\"article\" \/>\n<meta property=\"og:title\" content=\"Contact - CUP OF TEA\" \/>\n<meta property=\"og:description\" content=\"[vc_row content_text_aligment=\u00a0\u00bb\u00a0\u00bb use_row_as_full_screen_section=\u00a0\u00bbno\u00a0\u00bb][vc_column width=\u00a0\u00bb1\/2&Prime;][vc_column_text] \u00c9crivez-nous [\/vc_column_text][vc_empty_space][vc_empty_space height=\u00a0\u00bb40px\u00a0\u00bb][\/vc_column][vc_column width=\u00a0\u00bb1\/2&Prime;][vc_column_text] Restons en contact [\/vc_column_text][vc_empty_space][vc_column_text]Votre Cup of Tea sur les r\u00e9seaux sociaux. Nous esp\u00e9rons vous revoir bient\u00f4t sur Facebook et Instagram ![\/vc_column_text][vc_empty_space height=\u00a0\u00bb29px\u00a0\u00bb][vc_column_text]Pour toute question concernant nos produits, l\u2019aide \u00e0 la s\u00e9lection, des id\u00e9es de coop\u00e9ration ou une [&hellip;]\" \/>\n<meta property=\"og:url\" content=\"https:\/\/www.cupoftea.si\/fr\/contact\/\" \/>\n<meta property=\"og:site_name\" content=\"CUP OF TEA\" \/>\n<meta property=\"article:publisher\" content=\"https:\/\/www.facebook.com\/cupoftea.si\/\" \/>\n<meta property=\"article:modified_time\" content=\"2026-04-17T11:22:36+00:00\" \/>\n<meta property=\"og:image\" content=\"https:\/\/www.cupoftea.si\/wp-content\/uploads\/2017\/11\/cup_of_tea_velvet_cushion4.jpg\" \/>\n\t<meta property=\"og:image:width\" content=\"585\" \/>\n\t<meta property=\"og:image:height\" content=\"780\" \/>\n\t<meta property=\"og:image:type\" content=\"image\/jpeg\" \/>\n<meta name=\"twitter:card\" content=\"summary_large_image\" \/>\n<meta name=\"twitter:site\" content=\"@CupOfTeaSI\" \/>\n<meta name=\"twitter:label1\" content=\"Dur\u00e9e de lecture estim\u00e9e\" \/>\n\t<meta name=\"twitter:data1\" content=\"2 minutes\" \/>\n<script type=\"application\/ld+json\" class=\"yoast-schema-graph\">{\"@context\":\"https:\/\/schema.org\",\"@graph\":[{\"@type\":\"WebPage\",\"@id\":\"https:\/\/www.cupoftea.si\/fr\/contact\/\",\"url\":\"https:\/\/www.cupoftea.si\/fr\/contact\/\",\"name\":\"Contact - CUP OF TEA\",\"isPartOf\":{\"@id\":\"https:\/\/www.cupoftea.si\/#website\"},\"datePublished\":\"2021-09-17T08:25:15+00:00\",\"dateModified\":\"2026-04-17T11:22:36+00:00\",\"breadcrumb\":{\"@id\":\"https:\/\/www.cupoftea.si\/fr\/contact\/#breadcrumb\"},\"inLanguage\":\"fr-FR\",\"potentialAction\":[{\"@type\":\"ReadAction\",\"target\":[\"https:\/\/www.cupoftea.si\/fr\/contact\/\"]}]},{\"@type\":\"BreadcrumbList\",\"@id\":\"https:\/\/www.cupoftea.si\/fr\/contact\/#breadcrumb\",\"itemListElement\":[{\"@type\":\"ListItem\",\"position\":1,\"name\":\"Home\",\"item\":\"https:\/\/www.cupoftea.si\/fr\/\"},{\"@type\":\"ListItem\",\"position\":2,\"name\":\"Contact\"}]},{\"@type\":\"WebSite\",\"@id\":\"https:\/\/www.cupoftea.si\/#website\",\"url\":\"https:\/\/www.cupoftea.si\/\",\"name\":\"CUP OF TEA\",\"description\":\"Reloved Furniture &amp; Interiors\",\"potentialAction\":[{\"@type\":\"SearchAction\",\"target\":{\"@type\":\"EntryPoint\",\"urlTemplate\":\"https:\/\/www.cupoftea.si\/?s={search_term_string}\"},\"query-input\":{\"@type\":\"PropertyValueSpecification\",\"valueRequired\":true,\"valueName\":\"search_term_string\"}}],\"inLanguage\":\"fr-FR\"}]}<\/script>\n<!-- \/ Yoast SEO plugin. -->","yoast_head_json":{"title":"Contact - CUP OF TEA","robots":{"index":"index","follow":"follow","max-snippet":"max-snippet:-1","max-image-preview":"max-image-preview:large","max-video-preview":"max-video-preview:-1"},"canonical":"https:\/\/www.cupoftea.si\/fr\/contact\/","og_locale":"fr_FR","og_type":"article","og_title":"Contact - CUP OF TEA","og_description":"[vc_row content_text_aligment=\u00a0\u00bb\u00a0\u00bb use_row_as_full_screen_section=\u00a0\u00bbno\u00a0\u00bb][vc_column width=\u00a0\u00bb1\/2&Prime;][vc_column_text] \u00c9crivez-nous [\/vc_column_text][vc_empty_space][vc_empty_space height=\u00a0\u00bb40px\u00a0\u00bb][\/vc_column][vc_column width=\u00a0\u00bb1\/2&Prime;][vc_column_text] Restons en contact [\/vc_column_text][vc_empty_space][vc_column_text]Votre Cup of Tea sur les r\u00e9seaux sociaux. Nous esp\u00e9rons vous revoir bient\u00f4t sur Facebook et Instagram ![\/vc_column_text][vc_empty_space height=\u00a0\u00bb29px\u00a0\u00bb][vc_column_text]Pour toute question concernant nos produits, l\u2019aide \u00e0 la s\u00e9lection, des id\u00e9es de coop\u00e9ration ou une [&hellip;]","og_url":"https:\/\/www.cupoftea.si\/fr\/contact\/","og_site_name":"CUP OF TEA","article_publisher":"https:\/\/www.facebook.com\/cupoftea.si\/","article_modified_time":"2026-04-17T11:22:36+00:00","og_image":[{"width":585,"height":780,"url":"https:\/\/www.cupoftea.si\/wp-content\/uploads\/2017\/11\/cup_of_tea_velvet_cushion4.jpg","type":"image\/jpeg"}],"twitter_card":"summary_large_image","twitter_site":"@CupOfTeaSI","twitter_misc":{"Dur\u00e9e de lecture estim\u00e9e":"2 minutes"},"schema":{"@context":"https:\/\/schema.org","@graph":[{"@type":"WebPage","@id":"https:\/\/www.cupoftea.si\/fr\/contact\/","url":"https:\/\/www.cupoftea.si\/fr\/contact\/","name":"Contact - CUP OF TEA","isPartOf":{"@id":"https:\/\/www.cupoftea.si\/#website"},"datePublished":"2021-09-17T08:25:15+00:00","dateModified":"2026-04-17T11:22:36+00:00","breadcrumb":{"@id":"https:\/\/www.cupoftea.si\/fr\/contact\/#breadcrumb"},"inLanguage":"fr-FR","potentialAction":[{"@type":"ReadAction","target":["https:\/\/www.cupoftea.si\/fr\/contact\/"]}]},{"@type":"BreadcrumbList","@id":"https:\/\/www.cupoftea.si\/fr\/contact\/#breadcrumb","itemListElement":[{"@type":"ListItem","position":1,"name":"Home","item":"https:\/\/www.cupoftea.si\/fr\/"},{"@type":"ListItem","position":2,"name":"Contact"}]},{"@type":"WebSite","@id":"https:\/\/www.cupoftea.si\/#website","url":"https:\/\/www.cupoftea.si\/","name":"CUP OF TEA","description":"Reloved Furniture &amp; Interiors","potentialAction":[{"@type":"SearchAction","target":{"@type":"EntryPoint","urlTemplate":"https:\/\/www.cupoftea.si\/?s={search_term_string}"},"query-input":{"@type":"PropertyValueSpecification","valueRequired":true,"valueName":"search_term_string"}}],"inLanguage":"fr-FR"}]}},"_links":{"self":[{"href":"https:\/\/www.cupoftea.si\/fr\/wp-json\/wp\/v2\/pages\/10907"}],"collection":[{"href":"https:\/\/www.cupoftea.si\/fr\/wp-json\/wp\/v2\/pages"}],"about":[{"href":"https:\/\/www.cupoftea.si\/fr\/wp-json\/wp\/v2\/types\/page"}],"author":[{"embeddable":true,"href":"https:\/\/www.cupoftea.si\/fr\/wp-json\/wp\/v2\/users\/5"}],"replies":[{"embeddable":true,"href":"https:\/\/www.cupoftea.si\/fr\/wp-json\/wp\/v2\/comments?post=10907"}],"version-history":[{"count":8,"href":"https:\/\/www.cupoftea.si\/fr\/wp-json\/wp\/v2\/pages\/10907\/revisions"}],"predecessor-version":[{"id":16815,"href":"https:\/\/www.cupoftea.si\/fr\/wp-json\/wp\/v2\/pages\/10907\/revisions\/16815"}],"wp:attachment":[{"href":"https:\/\/www.cupoftea.si\/fr\/wp-json\/wp\/v2\/media?parent=10907"}],"curies":[{"name":"wp","href":"https:\/\/api.w.org\/{rel}","templated":true}]}}