{"id":10915,"date":"2021-09-17T10:39:51","date_gmt":"2021-09-17T08:39:51","guid":{"rendered":"https:\/\/www.cupoftea.si\/?page_id=10915"},"modified":"2021-09-17T10:39:51","modified_gmt":"2021-09-17T08:39:51","slug":"julija-kaja-hrovat-x-cot","status":"publish","type":"page","link":"https:\/\/www.cupoftea.si\/fr\/julija-kaja-hrovat-x-cot\/","title":{"rendered":"Julija Kaja Hrovat X COT"},"content":{"rendered":"<section class=\"wpb-content-wrapper\"><p>[vc_row row_content_width=\u00a0\u00bbgrid\u00a0\u00bb content_text_aligment=\u00a0\u00bbleft\u00a0\u00bb use_row_as_full_screen_section=\u00a0\u00bbno\u00a0\u00bb][vc_column][vc_custom_heading text=\u00a0\u00bbJulija Kaja Hrovat X Cup of Tea\u00a0\u00bb font_container=\u00a0\u00bbtag:h2|text_align:center\u00a0\u00bb google_fonts=\u00a0\u00bbfont_family:Open%20Sans%3A300%2C300italic%2Cregular%2Citalic%2C600%2C600italic%2C700%2C700italic%2C800%2C800italic|font_style:600%20bold%20regular%3A600%3Anormal\u00a0\u00bb][vc_empty_space height=\u00a0\u00bb14px\u00a0\u00bb][vc_custom_heading text=\u00a0\u00bbJulija poss\u00e9dait deux fauteuils en attente de restauration depuis un petit moment. Autour d\u2019une excellente tasse de th\u00e9, nous avons d\u00e9cid\u00e9 de nous associer pour les restaurer. De notre c\u00f4t\u00e9, nous nous sommes assur\u00e9s que les fauteuils puissent \u00e0 nouveau \u00eatre utilisables : nous avons ponc\u00e9 les armatures, les avons enduites d\u2019huile protectrice, puis nous avons r\u00e9assembl\u00e9 les diff\u00e9rentes pi\u00e8ces et remplac\u00e9 les ressorts manquants. Julija s\u2019est occup\u00e9e des coussins, qu\u2019elle a rev\u00eatus d\u2019une garniture textile qui porte son motif distinctif, et a ajout\u00e9 des fermetures \u00e9clair dor\u00e9es. Pour finir, nous avons ajout\u00e9 notre badge bien-aim\u00e9 \u201cReloved by CUP OF TEA\u201d.\u00a0\u00bb font_container=\u00a0\u00bbtag:h2|font_size:16|text_align:center|color:%23666666|line_height:1.5&Prime; google_fonts=\u00a0\u00bbfont_family:Open%20Sans%3A300%2C300italic%2Cregular%2Citalic%2C600%2C600italic%2C700%2C700italic%2C800%2C800italic|font_style:300%20light%20regular%3A300%3Anormal\u00a0\u00bb][\/vc_column][\/vc_row][vc_row row_content_width=\u00a0\u00bbgrid\u00a0\u00bb content_text_aligment=\u00a0\u00bbleft\u00a0\u00bb use_row_as_full_screen_section=\u00a0\u00bbno\u00a0\u00bb][vc_column][vc_empty_space][vc_single_image image=\u00a0\u00bb10164&Prime; img_size=\u00a0\u00bblarge\u00a0\u00bb alignment=\u00a0\u00bbcenter\u00a0\u00bb][\/vc_column][\/vc_row][vc_row row_content_width=\u00a0\u00bbgrid\u00a0\u00bb content_text_aligment=\u00a0\u00bbleft\u00a0\u00bb use_row_as_full_screen_section=\u00a0\u00bbno\u00a0\u00bb][vc_column][vc_empty_space height=\u00a0\u00bb52px\u00a0\u00bb][vc_column_text]<\/p>\n<p style=\"text-align: center;\">Julija d\u00e9crit la r\u00e9novation des chaises comme inestimable. Elle a utilis\u00e9 son motif \u201cmaison\u201d en noir pour la garniture. Cette marque de fabrique de la cr\u00e9atrice est le motif JKH, qui a \u00e9t\u00e9 cr\u00e9\u00e9 \u00e0 la suite de recherches sur le patrimoine culturel slov\u00e8ne et tire son origine d\u2019anciens tissus, ou plus exactement de napperons.<\/p>\n<p>[\/vc_column_text][vc_empty_space height=\u00a0\u00bb52px\u00a0\u00bb][\/vc_column][\/vc_row][vc_row row_content_width=\u00a0\u00bbgrid\u00a0\u00bb content_text_aligment=\u00a0\u00bbcenter\u00a0\u00bb use_row_as_full_screen_section=\u00a0\u00bbno\u00a0\u00bb][vc_column width=\u00a0\u00bb1\/2&Prime;][vc_single_image image=\u00a0\u00bb10155&Prime; img_size=\u00a0\u00bblarge\u00a0\u00bb][\/vc_column][vc_column width=\u00a0\u00bb1\/2&Prime;][vc_single_image image=\u00a0\u00bb10152&Prime; img_size=\u00a0\u00bblarge\u00a0\u00bb alignment=\u00a0\u00bbcenter\u00a0\u00bb][\/vc_column][\/vc_row][vc_row row_content_width=\u00a0\u00bbgrid\u00a0\u00bb content_text_aligment=\u00a0\u00bbleft\u00a0\u00bb use_row_as_full_screen_section=\u00a0\u00bbno\u00a0\u00bb][vc_column][vc_empty_space height=\u00a0\u00bb52px\u00a0\u00bb][vc_column_text]<\/p>\n<p style=\"text-align: center;\">Julija a transform\u00e9 num\u00e9riquement le motif mentionn\u00e9 afin qu&rsquo;il puisse \u00eatre utilis\u00e9 lors de diverses techniques textiles et lui a donn\u00e9 le nom de l&rsquo;une des fleurs slov\u00e8nes prot\u00e9g\u00e9es : la fleur du Triglav, qui est \u00e9galement un symbole reconnaissable de la gamme \u00ab\u00a0slovETNO\u00a0\u00bb. Elle a opt\u00e9 pour le noir mystique, qui n&rsquo;est pas vraiment une couleur selon la th\u00e9orie des couleurs, mais repr\u00e9sente la force, la confiance et l&rsquo;\u00e9l\u00e9gance. Julija a utilis\u00e9 du polyester hydrofuge et une technique sp\u00e9ciale de matelassage.<\/p>\n<p>[\/vc_column_text][vc_empty_space height=\u00a0\u00bb52px\u00a0\u00bb][\/vc_column][\/vc_row][vc_row row_content_width=\u00a0\u00bbgrid\u00a0\u00bb content_text_aligment=\u00a0\u00bbcenter\u00a0\u00bb use_row_as_full_screen_section=\u00a0\u00bbno\u00a0\u00bb][vc_column width=\u00a0\u00bb1\/2&Prime;][vc_single_image image=\u00a0\u00bb10149&Prime; img_size=\u00a0\u00bblarge\u00a0\u00bb alignment=\u00a0\u00bbcenter\u00a0\u00bb][\/vc_column][vc_column width=\u00a0\u00bb1\/2&Prime;][vc_single_image image=\u00a0\u00bb10161&Prime; img_size=\u00a0\u00bblarge\u00a0\u00bb][\/vc_column][\/vc_row][vc_row row_content_width=\u00a0\u00bbgrid\u00a0\u00bb content_text_aligment=\u00a0\u00bbleft\u00a0\u00bb use_row_as_full_screen_section=\u00a0\u00bbno\u00a0\u00bb][vc_column][vc_empty_space height=\u00a0\u00bb52px\u00a0\u00bb][vc_column_text]<\/p>\n<p style=\"text-align: center;\">En ce qui concerne la distinction entre la mode et le design industriel, elle affirme que \u00ab tout cela appartient au domaine de la mode, parce que la mode ce n&rsquo;est pas seulement les v\u00eatements, c\u2019est le mode de vie de tout un chacun; c\u2019est la musique que nous \u00e9coutons, le parfum que nous portons et enfin, et pas des moindres, les meubles que nous choisissons pour notre maison ou notre espace de travail. Je ne pr\u00eate pas trop attention aux tendances du design et j\u2019\u00e9labore mes collections de mani\u00e8re \u00e0 ce qu&rsquo;elles soient durables du point de vue du design \u00e9galement. Il me semble que m\u00eame dans le design industriel, la plupart des designers adoptent cette approche : un design durable qui survit \u00e0 la mode et aux saisons \u00bb.<\/p>\n<p style=\"text-align: center;\">Julija aime utiliser des mat\u00e9riaux naturels et certifi\u00e9s, et con\u00e7oit souvent une pi\u00e8ce unique qui est recycl\u00e9e ou upcycl\u00e9e (pour la gamme Artisanal), au sein m\u00eame d\u2019une collection. Son style de pr\u00e9dilection est le style \u00e9clectique, elle aime ainsi \u00ab m\u00e9langer diff\u00e9rentes p\u00e9riodes historiques, en utilisant des couleurs et motifs vari\u00e9s; mettre en sc\u00e8ne voire styliser un espace avec des pi\u00e8ces int\u00e9ressantes et utiles charg\u00e9es d\u2019histoire !\u00a0\u00bb<\/p>\n<p style=\"text-align: center;\">Elle d\u00e9crit la sc\u00e8ne cr\u00e9ative slov\u00e8ne, \u00e0 laquelle participent de nombreux cr\u00e9ateurs, artistes et designers, comme color\u00e9e et riche. Julija conclut avec optimisme : \u00ab Je suis heureuse que de plus en plus d&rsquo;entre nous (cr\u00e9ateurs) se tournent vers une approche durable et se servent de l&rsquo;h\u00e9ritage culturel et de l&rsquo;histoire slov\u00e8nes comme source d\u2019inspiration. D\u2019ailleurs, nous sommes de plus en plus fiers de notre histoire et de nos racines. \u00bb<\/p>\n<p>[\/vc_column_text][vc_empty_space height=\u00a0\u00bb52px\u00a0\u00bb][\/vc_column][\/vc_row][vc_row row_content_width=\u00a0\u00bbgrid\u00a0\u00bb content_text_aligment=\u00a0\u00bbleft\u00a0\u00bb use_row_as_full_screen_section=\u00a0\u00bbno\u00a0\u00bb][vc_column width=\u00a0\u00bb2\/3&Prime;][vc_single_image image=\u00a0\u00bb10167&Prime; img_size=\u00a0\u00bblarge\u00a0\u00bb][\/vc_column][vc_column width=\u00a0\u00bb1\/3&Prime;][vc_single_image image=\u00a0\u00bb10170&Prime; img_size=\u00a0\u00bb1500&#215;2000&Prime; alignment=\u00a0\u00bbright\u00a0\u00bb][vc_empty_space][\/vc_column][\/vc_row][vc_row content_text_aligment=\u00a0\u00bb\u00a0\u00bb use_row_as_full_screen_section=\u00a0\u00bbno\u00a0\u00bb][vc_column][vc_empty_space height=\u00a0\u00bb52px\u00a0\u00bb][\/vc_column][\/vc_row]<\/p>\n<\/section>","protected":false},"excerpt":{"rendered":"<p>[vc_row row_content_width=\u00a0\u00bbgrid\u00a0\u00bb content_text_aligment=\u00a0\u00bbleft\u00a0\u00bb use_row_as_full_screen_section=\u00a0\u00bbno\u00a0\u00bb][vc_column][vc_custom_heading text=\u00a0\u00bbJulija Kaja Hrovat X Cup of Tea\u00a0\u00bb font_container=\u00a0\u00bbtag:h2|text_align:center\u00a0\u00bb google_fonts=\u00a0\u00bbfont_family:Open%20Sans%3A300%2C300italic%2Cregular%2Citalic%2C600%2C600italic%2C700%2C700italic%2C800%2C800italic|font_style:600%20bold%20regular%3A600%3Anormal\u00a0\u00bb][vc_empty_space height=\u00a0\u00bb14px\u00a0\u00bb][vc_custom_heading text=\u00a0\u00bbJulija poss\u00e9dait deux fauteuils en attente de restauration depuis un petit moment. Autour d\u2019une excellente tasse de th\u00e9, nous avons d\u00e9cid\u00e9 de nous associer pour les restaurer. De notre c\u00f4t\u00e9, nous [&hellip;]<\/p>\n","protected":false},"author":5,"featured_media":0,"parent":0,"menu_order":0,"comment_status":"closed","ping_status":"closed","template":"","meta":{"_acf_changed":false,"footnotes":"","_links_to":"","_links_to_target":""},"class_list":["post-10915","page","type-page","status-publish","hentry"],"acf":[],"yoast_head":"<!-- This site is optimized with the Yoast SEO plugin v25.2 - https:\/\/yoast.com\/wordpress\/plugins\/seo\/ -->\n<title>Julija Kaja Hrovat X COT - CUP OF TEA<\/title>\n<meta name=\"robots\" content=\"index, follow, max-snippet:-1, max-image-preview:large, max-video-preview:-1\" \/>\n<link rel=\"canonical\" href=\"https:\/\/www.cupoftea.si\/fr\/julija-kaja-hrovat-x-cot\/\" \/>\n<meta property=\"og:locale\" content=\"fr_FR\" \/>\n<meta property=\"og:type\" content=\"article\" \/>\n<meta property=\"og:title\" content=\"Julija Kaja Hrovat X COT - CUP OF TEA\" \/>\n<meta property=\"og:description\" content=\"[vc_row row_content_width=\u00a0\u00bbgrid\u00a0\u00bb content_text_aligment=\u00a0\u00bbleft\u00a0\u00bb use_row_as_full_screen_section=\u00a0\u00bbno\u00a0\u00bb][vc_column][vc_custom_heading text=\u00a0\u00bbJulija Kaja Hrovat X Cup of Tea\u00a0\u00bb font_container=\u00a0\u00bbtag:h2|text_align:center\u00a0\u00bb google_fonts=\u00a0\u00bbfont_family:Open%20Sans%3A300%2C300italic%2Cregular%2Citalic%2C600%2C600italic%2C700%2C700italic%2C800%2C800italic|font_style:600%20bold%20regular%3A600%3Anormal\u00a0\u00bb][vc_empty_space height=\u00a0\u00bb14px\u00a0\u00bb][vc_custom_heading text=\u00a0\u00bbJulija poss\u00e9dait deux fauteuils en attente de restauration depuis un petit moment. Autour d\u2019une excellente tasse de th\u00e9, nous avons d\u00e9cid\u00e9 de nous associer pour les restaurer. De notre c\u00f4t\u00e9, nous [&hellip;]\" \/>\n<meta property=\"og:url\" content=\"https:\/\/www.cupoftea.si\/fr\/julija-kaja-hrovat-x-cot\/\" \/>\n<meta property=\"og:site_name\" content=\"CUP OF TEA\" \/>\n<meta property=\"article:publisher\" content=\"https:\/\/www.facebook.com\/cupoftea.si\/\" \/>\n<meta property=\"og:image\" content=\"https:\/\/www.cupoftea.si\/wp-content\/uploads\/2017\/11\/cup_of_tea_velvet_cushion4.jpg\" \/>\n\t<meta property=\"og:image:width\" content=\"585\" \/>\n\t<meta property=\"og:image:height\" content=\"780\" \/>\n\t<meta property=\"og:image:type\" content=\"image\/jpeg\" \/>\n<meta name=\"twitter:card\" content=\"summary_large_image\" \/>\n<meta name=\"twitter:site\" content=\"@CupOfTeaSI\" \/>\n<meta name=\"twitter:label1\" content=\"Dur\u00e9e de lecture estim\u00e9e\" \/>\n\t<meta name=\"twitter:data1\" content=\"3 minutes\" \/>\n<script type=\"application\/ld+json\" class=\"yoast-schema-graph\">{\"@context\":\"https:\/\/schema.org\",\"@graph\":[{\"@type\":\"WebPage\",\"@id\":\"https:\/\/www.cupoftea.si\/fr\/julija-kaja-hrovat-x-cot\/\",\"url\":\"https:\/\/www.cupoftea.si\/fr\/julija-kaja-hrovat-x-cot\/\",\"name\":\"Julija Kaja Hrovat X COT - CUP OF TEA\",\"isPartOf\":{\"@id\":\"https:\/\/www.cupoftea.si\/#website\"},\"datePublished\":\"2021-09-17T08:39:51+00:00\",\"breadcrumb\":{\"@id\":\"https:\/\/www.cupoftea.si\/fr\/julija-kaja-hrovat-x-cot\/#breadcrumb\"},\"inLanguage\":\"fr-FR\",\"potentialAction\":[{\"@type\":\"ReadAction\",\"target\":[\"https:\/\/www.cupoftea.si\/fr\/julija-kaja-hrovat-x-cot\/\"]}]},{\"@type\":\"BreadcrumbList\",\"@id\":\"https:\/\/www.cupoftea.si\/fr\/julija-kaja-hrovat-x-cot\/#breadcrumb\",\"itemListElement\":[{\"@type\":\"ListItem\",\"position\":1,\"name\":\"Home\",\"item\":\"https:\/\/www.cupoftea.si\/fr\/\"},{\"@type\":\"ListItem\",\"position\":2,\"name\":\"Julija Kaja Hrovat X COT\"}]},{\"@type\":\"WebSite\",\"@id\":\"https:\/\/www.cupoftea.si\/#website\",\"url\":\"https:\/\/www.cupoftea.si\/\",\"name\":\"CUP OF TEA\",\"description\":\"Reloved Furniture &amp; Interiors\",\"potentialAction\":[{\"@type\":\"SearchAction\",\"target\":{\"@type\":\"EntryPoint\",\"urlTemplate\":\"https:\/\/www.cupoftea.si\/?s={search_term_string}\"},\"query-input\":{\"@type\":\"PropertyValueSpecification\",\"valueRequired\":true,\"valueName\":\"search_term_string\"}}],\"inLanguage\":\"fr-FR\"}]}<\/script>\n<!-- \/ Yoast SEO plugin. -->","yoast_head_json":{"title":"Julija Kaja Hrovat X COT - CUP OF TEA","robots":{"index":"index","follow":"follow","max-snippet":"max-snippet:-1","max-image-preview":"max-image-preview:large","max-video-preview":"max-video-preview:-1"},"canonical":"https:\/\/www.cupoftea.si\/fr\/julija-kaja-hrovat-x-cot\/","og_locale":"fr_FR","og_type":"article","og_title":"Julija Kaja Hrovat X COT - CUP OF TEA","og_description":"[vc_row row_content_width=\u00a0\u00bbgrid\u00a0\u00bb content_text_aligment=\u00a0\u00bbleft\u00a0\u00bb use_row_as_full_screen_section=\u00a0\u00bbno\u00a0\u00bb][vc_column][vc_custom_heading text=\u00a0\u00bbJulija Kaja Hrovat X Cup of Tea\u00a0\u00bb font_container=\u00a0\u00bbtag:h2|text_align:center\u00a0\u00bb google_fonts=\u00a0\u00bbfont_family:Open%20Sans%3A300%2C300italic%2Cregular%2Citalic%2C600%2C600italic%2C700%2C700italic%2C800%2C800italic|font_style:600%20bold%20regular%3A600%3Anormal\u00a0\u00bb][vc_empty_space height=\u00a0\u00bb14px\u00a0\u00bb][vc_custom_heading text=\u00a0\u00bbJulija poss\u00e9dait deux fauteuils en attente de restauration depuis un petit moment. Autour d\u2019une excellente tasse de th\u00e9, nous avons d\u00e9cid\u00e9 de nous associer pour les restaurer. De notre c\u00f4t\u00e9, nous [&hellip;]","og_url":"https:\/\/www.cupoftea.si\/fr\/julija-kaja-hrovat-x-cot\/","og_site_name":"CUP OF TEA","article_publisher":"https:\/\/www.facebook.com\/cupoftea.si\/","og_image":[{"width":585,"height":780,"url":"https:\/\/www.cupoftea.si\/wp-content\/uploads\/2017\/11\/cup_of_tea_velvet_cushion4.jpg","type":"image\/jpeg"}],"twitter_card":"summary_large_image","twitter_site":"@CupOfTeaSI","twitter_misc":{"Dur\u00e9e de lecture estim\u00e9e":"3 minutes"},"schema":{"@context":"https:\/\/schema.org","@graph":[{"@type":"WebPage","@id":"https:\/\/www.cupoftea.si\/fr\/julija-kaja-hrovat-x-cot\/","url":"https:\/\/www.cupoftea.si\/fr\/julija-kaja-hrovat-x-cot\/","name":"Julija Kaja Hrovat X COT - CUP OF TEA","isPartOf":{"@id":"https:\/\/www.cupoftea.si\/#website"},"datePublished":"2021-09-17T08:39:51+00:00","breadcrumb":{"@id":"https:\/\/www.cupoftea.si\/fr\/julija-kaja-hrovat-x-cot\/#breadcrumb"},"inLanguage":"fr-FR","potentialAction":[{"@type":"ReadAction","target":["https:\/\/www.cupoftea.si\/fr\/julija-kaja-hrovat-x-cot\/"]}]},{"@type":"BreadcrumbList","@id":"https:\/\/www.cupoftea.si\/fr\/julija-kaja-hrovat-x-cot\/#breadcrumb","itemListElement":[{"@type":"ListItem","position":1,"name":"Home","item":"https:\/\/www.cupoftea.si\/fr\/"},{"@type":"ListItem","position":2,"name":"Julija Kaja Hrovat X COT"}]},{"@type":"WebSite","@id":"https:\/\/www.cupoftea.si\/#website","url":"https:\/\/www.cupoftea.si\/","name":"CUP OF TEA","description":"Reloved Furniture &amp; Interiors","potentialAction":[{"@type":"SearchAction","target":{"@type":"EntryPoint","urlTemplate":"https:\/\/www.cupoftea.si\/?s={search_term_string}"},"query-input":{"@type":"PropertyValueSpecification","valueRequired":true,"valueName":"search_term_string"}}],"inLanguage":"fr-FR"}]}},"_links":{"self":[{"href":"https:\/\/www.cupoftea.si\/fr\/wp-json\/wp\/v2\/pages\/10915"}],"collection":[{"href":"https:\/\/www.cupoftea.si\/fr\/wp-json\/wp\/v2\/pages"}],"about":[{"href":"https:\/\/www.cupoftea.si\/fr\/wp-json\/wp\/v2\/types\/page"}],"author":[{"embeddable":true,"href":"https:\/\/www.cupoftea.si\/fr\/wp-json\/wp\/v2\/users\/5"}],"replies":[{"embeddable":true,"href":"https:\/\/www.cupoftea.si\/fr\/wp-json\/wp\/v2\/comments?post=10915"}],"version-history":[{"count":2,"href":"https:\/\/www.cupoftea.si\/fr\/wp-json\/wp\/v2\/pages\/10915\/revisions"}],"predecessor-version":[{"id":10917,"href":"https:\/\/www.cupoftea.si\/fr\/wp-json\/wp\/v2\/pages\/10915\/revisions\/10917"}],"wp:attachment":[{"href":"https:\/\/www.cupoftea.si\/fr\/wp-json\/wp\/v2\/media?parent=10915"}],"curies":[{"name":"wp","href":"https:\/\/api.w.org\/{rel}","templated":true}]}}