{"id":11000,"date":"2021-09-17T11:10:29","date_gmt":"2021-09-17T09:10:29","guid":{"rendered":"https:\/\/www.cupoftea.si\/?page_id=11000"},"modified":"2021-09-17T11:10:29","modified_gmt":"2021-09-17T09:10:29","slug":"le-label-de-design-dexcellence-made-in-slovenia","status":"publish","type":"page","link":"https:\/\/www.cupoftea.si\/fr\/le-label-de-design-dexcellence-made-in-slovenia\/","title":{"rendered":"Le label de Design d\u2019Excellence \u201cMade in Slovenia\u201d"},"content":{"rendered":"<section class=\"wpb-content-wrapper\"><p>[vc_row row_content_width=\u00a0\u00bbgrid\u00a0\u00bb content_text_aligment=\u00a0\u00bbleft\u00a0\u00bb use_row_as_full_screen_section=\u00a0\u00bbno\u00a0\u00bb][vc_column][vc_custom_heading text=\u00a0\u00bbLe label de Design d\u2019Excellence \u201cMade in Slovenia\u201d\u00a0\u00bb font_container=\u00a0\u00bbtag:h2|text_align:center\u00a0\u00bb google_fonts=\u00a0\u00bbfont_family:Open%20Sans%3A300%2C300italic%2Cregular%2Citalic%2C600%2C600italic%2C700%2C700italic%2C800%2C800italic|font_style:600%20bold%20regular%3A600%3Anormal\u00a0\u00bb][vc_empty_space height=\u00a0\u00bb14px\u00a0\u00bb][vc_custom_heading text=\u00a0\u00bbNos \u201cFauteuils Relook\u00e9s\u201d ont re\u00e7u le label d\u2019exception \u201cMade in Slovenia\u201d, qui r\u00e9compense l\u2019excellence en mati\u00e8re de design. Gr\u00e2ce \u00e0 cette marque d\u2019excellence, le Centre pour la Cr\u00e9ativit\u00e9 encourage le d\u00e9veloppement de produits et de services alliant cr\u00e9ativit\u00e9 et vision d&rsquo;entreprise. Le label discerne ainsi une collection reconnue dans le monde entier pour son design slov\u00e8ne sup\u00e9rieur, il promeut les principes de durabilit\u00e9 et contribue \u00e0 la coop\u00e9ration entre les secteurs cr\u00e9atifs et \u00e9conomiques pour le progr\u00e8s social, le d\u00e9veloppement des produits et services innovants et la reconnaissance des marques slov\u00e8nes.\u00a0\u00bb font_container=\u00a0\u00bbtag:h2|font_size:16|text_align:center|color:%23666666|line_height:1.5&Prime; google_fonts=\u00a0\u00bbfont_family:Open%20Sans%3A300%2C300italic%2Cregular%2Citalic%2C600%2C600italic%2C700%2C700italic%2C800%2C800italic|font_style:300%20light%20regular%3A300%3Anormal\u00a0\u00bb][\/vc_column][\/vc_row][vc_row content_text_aligment=\u00a0\u00bb\u00a0\u00bb use_row_as_full_screen_section=\u00a0\u00bbno\u00a0\u00bb][vc_column][vc_empty_space][\/vc_column][\/vc_row][vc_row row_content_width=\u00a0\u00bbgrid\u00a0\u00bb content_text_aligment=\u00a0\u00bbcenter\u00a0\u00bb use_row_as_full_screen_section=\u00a0\u00bbno\u00a0\u00bb][vc_column][vc_single_image image=\u00a0\u00bb10379&Prime; img_size=\u00a0\u00bbfull\u00a0\u00bb][\/vc_column][\/vc_row][vc_row content_text_aligment=\u00a0\u00bb\u00a0\u00bb use_row_as_full_screen_section=\u00a0\u00bbno\u00a0\u00bb][vc_column][vc_empty_space height=\u00a0\u00bb52px\u00a0\u00bb][\/vc_column][\/vc_row]<\/p>\n<\/section>","protected":false},"excerpt":{"rendered":"<p>[vc_row row_content_width=\u00a0\u00bbgrid\u00a0\u00bb content_text_aligment=\u00a0\u00bbleft\u00a0\u00bb use_row_as_full_screen_section=\u00a0\u00bbno\u00a0\u00bb][vc_column][vc_custom_heading text=\u00a0\u00bbLe label de Design d\u2019Excellence \u201cMade in Slovenia\u201d\u00a0\u00bb font_container=\u00a0\u00bbtag:h2|text_align:center\u00a0\u00bb google_fonts=\u00a0\u00bbfont_family:Open%20Sans%3A300%2C300italic%2Cregular%2Citalic%2C600%2C600italic%2C700%2C700italic%2C800%2C800italic|font_style:600%20bold%20regular%3A600%3Anormal\u00a0\u00bb][vc_empty_space height=\u00a0\u00bb14px\u00a0\u00bb][vc_custom_heading text=\u00a0\u00bbNos \u201cFauteuils Relook\u00e9s\u201d ont re\u00e7u le label d\u2019exception \u201cMade in Slovenia\u201d, qui r\u00e9compense l\u2019excellence en mati\u00e8re de design. Gr\u00e2ce \u00e0 cette marque d\u2019excellence, le Centre pour la Cr\u00e9ativit\u00e9 encourage le [&hellip;]<\/p>\n","protected":false},"author":5,"featured_media":0,"parent":0,"menu_order":0,"comment_status":"closed","ping_status":"closed","template":"","meta":{"_acf_changed":false,"footnotes":"","_links_to":"","_links_to_target":""},"class_list":["post-11000","page","type-page","status-publish","hentry"],"acf":[],"yoast_head":"<!-- This site is optimized with the Yoast SEO plugin v25.2 - https:\/\/yoast.com\/wordpress\/plugins\/seo\/ -->\n<title>Le label de Design d\u2019Excellence \u201cMade in Slovenia\u201d - CUP OF TEA<\/title>\n<meta name=\"robots\" content=\"index, follow, max-snippet:-1, max-image-preview:large, max-video-preview:-1\" \/>\n<link rel=\"canonical\" href=\"https:\/\/www.cupoftea.si\/fr\/le-label-de-design-dexcellence-made-in-slovenia\/\" \/>\n<meta property=\"og:locale\" content=\"fr_FR\" \/>\n<meta property=\"og:type\" content=\"article\" \/>\n<meta property=\"og:title\" content=\"Le label de Design d\u2019Excellence \u201cMade in Slovenia\u201d - CUP OF TEA\" \/>\n<meta property=\"og:description\" content=\"[vc_row row_content_width=\u00a0\u00bbgrid\u00a0\u00bb content_text_aligment=\u00a0\u00bbleft\u00a0\u00bb use_row_as_full_screen_section=\u00a0\u00bbno\u00a0\u00bb][vc_column][vc_custom_heading text=\u00a0\u00bbLe label de Design d\u2019Excellence \u201cMade in Slovenia\u201d\u00a0\u00bb font_container=\u00a0\u00bbtag:h2|text_align:center\u00a0\u00bb google_fonts=\u00a0\u00bbfont_family:Open%20Sans%3A300%2C300italic%2Cregular%2Citalic%2C600%2C600italic%2C700%2C700italic%2C800%2C800italic|font_style:600%20bold%20regular%3A600%3Anormal\u00a0\u00bb][vc_empty_space height=\u00a0\u00bb14px\u00a0\u00bb][vc_custom_heading text=\u00a0\u00bbNos \u201cFauteuils Relook\u00e9s\u201d ont re\u00e7u le label d\u2019exception \u201cMade in Slovenia\u201d, qui r\u00e9compense l\u2019excellence en mati\u00e8re de design. Gr\u00e2ce \u00e0 cette marque d\u2019excellence, le Centre pour la Cr\u00e9ativit\u00e9 encourage le [&hellip;]\" \/>\n<meta property=\"og:url\" content=\"https:\/\/www.cupoftea.si\/fr\/le-label-de-design-dexcellence-made-in-slovenia\/\" \/>\n<meta property=\"og:site_name\" content=\"CUP OF TEA\" \/>\n<meta property=\"article:publisher\" content=\"https:\/\/www.facebook.com\/cupoftea.si\/\" \/>\n<meta property=\"og:image\" content=\"https:\/\/www.cupoftea.si\/wp-content\/uploads\/2017\/11\/cup_of_tea_velvet_cushion4.jpg\" \/>\n\t<meta property=\"og:image:width\" content=\"585\" \/>\n\t<meta property=\"og:image:height\" content=\"780\" \/>\n\t<meta property=\"og:image:type\" content=\"image\/jpeg\" \/>\n<meta name=\"twitter:card\" content=\"summary_large_image\" \/>\n<meta name=\"twitter:site\" content=\"@CupOfTeaSI\" \/>\n<meta name=\"twitter:label1\" content=\"Dur\u00e9e de lecture estim\u00e9e\" \/>\n\t<meta name=\"twitter:data1\" content=\"1 minute\" \/>\n<script type=\"application\/ld+json\" class=\"yoast-schema-graph\">{\"@context\":\"https:\/\/schema.org\",\"@graph\":[{\"@type\":\"WebPage\",\"@id\":\"https:\/\/www.cupoftea.si\/fr\/le-label-de-design-dexcellence-made-in-slovenia\/\",\"url\":\"https:\/\/www.cupoftea.si\/fr\/le-label-de-design-dexcellence-made-in-slovenia\/\",\"name\":\"Le label de Design d\u2019Excellence \u201cMade in Slovenia\u201d - CUP OF TEA\",\"isPartOf\":{\"@id\":\"https:\/\/www.cupoftea.si\/#website\"},\"datePublished\":\"2021-09-17T09:10:29+00:00\",\"breadcrumb\":{\"@id\":\"https:\/\/www.cupoftea.si\/fr\/le-label-de-design-dexcellence-made-in-slovenia\/#breadcrumb\"},\"inLanguage\":\"fr-FR\",\"potentialAction\":[{\"@type\":\"ReadAction\",\"target\":[\"https:\/\/www.cupoftea.si\/fr\/le-label-de-design-dexcellence-made-in-slovenia\/\"]}]},{\"@type\":\"BreadcrumbList\",\"@id\":\"https:\/\/www.cupoftea.si\/fr\/le-label-de-design-dexcellence-made-in-slovenia\/#breadcrumb\",\"itemListElement\":[{\"@type\":\"ListItem\",\"position\":1,\"name\":\"Home\",\"item\":\"https:\/\/www.cupoftea.si\/fr\/\"},{\"@type\":\"ListItem\",\"position\":2,\"name\":\"Le label de Design d\u2019Excellence \u201cMade in Slovenia\u201d\"}]},{\"@type\":\"WebSite\",\"@id\":\"https:\/\/www.cupoftea.si\/#website\",\"url\":\"https:\/\/www.cupoftea.si\/\",\"name\":\"CUP OF TEA\",\"description\":\"Reloved Furniture &amp; Interiors\",\"potentialAction\":[{\"@type\":\"SearchAction\",\"target\":{\"@type\":\"EntryPoint\",\"urlTemplate\":\"https:\/\/www.cupoftea.si\/?s={search_term_string}\"},\"query-input\":{\"@type\":\"PropertyValueSpecification\",\"valueRequired\":true,\"valueName\":\"search_term_string\"}}],\"inLanguage\":\"fr-FR\"}]}<\/script>\n<!-- \/ Yoast SEO plugin. -->","yoast_head_json":{"title":"Le label de Design d\u2019Excellence \u201cMade in Slovenia\u201d - CUP OF TEA","robots":{"index":"index","follow":"follow","max-snippet":"max-snippet:-1","max-image-preview":"max-image-preview:large","max-video-preview":"max-video-preview:-1"},"canonical":"https:\/\/www.cupoftea.si\/fr\/le-label-de-design-dexcellence-made-in-slovenia\/","og_locale":"fr_FR","og_type":"article","og_title":"Le label de Design d\u2019Excellence \u201cMade in Slovenia\u201d - CUP OF TEA","og_description":"[vc_row row_content_width=\u00a0\u00bbgrid\u00a0\u00bb content_text_aligment=\u00a0\u00bbleft\u00a0\u00bb use_row_as_full_screen_section=\u00a0\u00bbno\u00a0\u00bb][vc_column][vc_custom_heading text=\u00a0\u00bbLe label de Design d\u2019Excellence \u201cMade in Slovenia\u201d\u00a0\u00bb font_container=\u00a0\u00bbtag:h2|text_align:center\u00a0\u00bb google_fonts=\u00a0\u00bbfont_family:Open%20Sans%3A300%2C300italic%2Cregular%2Citalic%2C600%2C600italic%2C700%2C700italic%2C800%2C800italic|font_style:600%20bold%20regular%3A600%3Anormal\u00a0\u00bb][vc_empty_space height=\u00a0\u00bb14px\u00a0\u00bb][vc_custom_heading text=\u00a0\u00bbNos \u201cFauteuils Relook\u00e9s\u201d ont re\u00e7u le label d\u2019exception \u201cMade in Slovenia\u201d, qui r\u00e9compense l\u2019excellence en mati\u00e8re de design. Gr\u00e2ce \u00e0 cette marque d\u2019excellence, le Centre pour la Cr\u00e9ativit\u00e9 encourage le [&hellip;]","og_url":"https:\/\/www.cupoftea.si\/fr\/le-label-de-design-dexcellence-made-in-slovenia\/","og_site_name":"CUP OF TEA","article_publisher":"https:\/\/www.facebook.com\/cupoftea.si\/","og_image":[{"width":585,"height":780,"url":"https:\/\/www.cupoftea.si\/wp-content\/uploads\/2017\/11\/cup_of_tea_velvet_cushion4.jpg","type":"image\/jpeg"}],"twitter_card":"summary_large_image","twitter_site":"@CupOfTeaSI","twitter_misc":{"Dur\u00e9e de lecture estim\u00e9e":"1 minute"},"schema":{"@context":"https:\/\/schema.org","@graph":[{"@type":"WebPage","@id":"https:\/\/www.cupoftea.si\/fr\/le-label-de-design-dexcellence-made-in-slovenia\/","url":"https:\/\/www.cupoftea.si\/fr\/le-label-de-design-dexcellence-made-in-slovenia\/","name":"Le label de Design d\u2019Excellence \u201cMade in Slovenia\u201d - CUP OF TEA","isPartOf":{"@id":"https:\/\/www.cupoftea.si\/#website"},"datePublished":"2021-09-17T09:10:29+00:00","breadcrumb":{"@id":"https:\/\/www.cupoftea.si\/fr\/le-label-de-design-dexcellence-made-in-slovenia\/#breadcrumb"},"inLanguage":"fr-FR","potentialAction":[{"@type":"ReadAction","target":["https:\/\/www.cupoftea.si\/fr\/le-label-de-design-dexcellence-made-in-slovenia\/"]}]},{"@type":"BreadcrumbList","@id":"https:\/\/www.cupoftea.si\/fr\/le-label-de-design-dexcellence-made-in-slovenia\/#breadcrumb","itemListElement":[{"@type":"ListItem","position":1,"name":"Home","item":"https:\/\/www.cupoftea.si\/fr\/"},{"@type":"ListItem","position":2,"name":"Le label de Design d\u2019Excellence \u201cMade in Slovenia\u201d"}]},{"@type":"WebSite","@id":"https:\/\/www.cupoftea.si\/#website","url":"https:\/\/www.cupoftea.si\/","name":"CUP OF TEA","description":"Reloved Furniture &amp; Interiors","potentialAction":[{"@type":"SearchAction","target":{"@type":"EntryPoint","urlTemplate":"https:\/\/www.cupoftea.si\/?s={search_term_string}"},"query-input":{"@type":"PropertyValueSpecification","valueRequired":true,"valueName":"search_term_string"}}],"inLanguage":"fr-FR"}]}},"_links":{"self":[{"href":"https:\/\/www.cupoftea.si\/fr\/wp-json\/wp\/v2\/pages\/11000"}],"collection":[{"href":"https:\/\/www.cupoftea.si\/fr\/wp-json\/wp\/v2\/pages"}],"about":[{"href":"https:\/\/www.cupoftea.si\/fr\/wp-json\/wp\/v2\/types\/page"}],"author":[{"embeddable":true,"href":"https:\/\/www.cupoftea.si\/fr\/wp-json\/wp\/v2\/users\/5"}],"replies":[{"embeddable":true,"href":"https:\/\/www.cupoftea.si\/fr\/wp-json\/wp\/v2\/comments?post=11000"}],"version-history":[{"count":2,"href":"https:\/\/www.cupoftea.si\/fr\/wp-json\/wp\/v2\/pages\/11000\/revisions"}],"predecessor-version":[{"id":11006,"href":"https:\/\/www.cupoftea.si\/fr\/wp-json\/wp\/v2\/pages\/11000\/revisions\/11006"}],"wp:attachment":[{"href":"https:\/\/www.cupoftea.si\/fr\/wp-json\/wp\/v2\/media?parent=11000"}],"curies":[{"name":"wp","href":"https:\/\/api.w.org\/{rel}","templated":true}]}}