{"id":11007,"date":"2021-09-17T11:13:01","date_gmt":"2021-09-17T09:13:01","guid":{"rendered":"https:\/\/www.cupoftea.si\/?page_id=11007"},"modified":"2022-10-11T19:22:59","modified_gmt":"2022-10-11T17:22:59","slug":"projet","status":"publish","type":"page","link":"https:\/\/www.cupoftea.si\/fr\/projet\/","title":{"rendered":"Projet"},"content":{"rendered":"<section class=\"wpb-content-wrapper\"><p>[vc_row content_text_aligment=\u00a0\u00bb\u00a0\u00bb use_row_as_full_screen_section=\u00a0\u00bbno\u00a0\u00bb][vc_column][vc_column_text]L&rsquo;investissement du projet <strong>\u00ab\u00a0Etablissement d&rsquo;une coop\u00e9ration dans la conception de produits Cup of Tea durables et l&rsquo;expansion de la marque sur les march\u00e9s fran\u00e7ais et britanniques\u00a0\u00bb<\/strong> est cofinanc\u00e9 par la R\u00e9publique de Slov\u00e9nie et l&rsquo;Union europ\u00e9enne \u00e0 partir du Fonds europ\u00e9en de d\u00e9veloppement r\u00e9gional.<\/p>\n<p>En combinant connaissance et cr\u00e9ativit\u00e9, nous voulons offrir aux clients finaux, des produits Cup of Tea innovants, uniques et durables, qui seront le r\u00e9sultat d&rsquo;une coop\u00e9ration avec des artistes slov\u00e8nes dans les domaines des industries culturelles et cr\u00e9atives. En outre, le projet vise \u00e9galement \u00e0 promouvoir et \u00e0 d\u00e9velopper la marque sur les march\u00e9s \u00e9trangers.<\/p>\n<p>Ainsi, cette d\u00e9marche nous permettra de sensibiliser \u00e0 la r\u00e9utilisation, \u00e0 la r\u00e9cup\u00e9ration et au recyclage en tant que fondements importants d&rsquo;une consommation durable. Gr\u00e2ce aux canaux num\u00e9riques, nous pr\u00e9senterons la marque Cup of Tea aux march\u00e9s fran\u00e7ais et britannique et nous nous concentrerons sur la recherche de potentiels nouveaux magasins en ligne conceptuels et artisanaux, et d&rsquo;autres revendeurs potentiels de nos produits.[\/vc_column_text][vc_empty_space height=\u00a0\u00bb50px\u00a0\u00bb][\/vc_column][\/vc_row][vc_row gap=\u00a0\u00bb30&Prime; equal_height=\u00a0\u00bbyes\u00a0\u00bb content_placement=\u00a0\u00bbbottom\u00a0\u00bb content_text_aligment=\u00a0\u00bbcenter\u00a0\u00bb use_row_as_full_screen_section=\u00a0\u00bbno\u00a0\u00bb][vc_column width=\u00a0\u00bb1\/3&Prime;][vc_single_image image=\u00a0\u00bb12480&Prime; img_size=\u00a0\u00bbfull\u00a0\u00bb alignment=\u00a0\u00bbcenter\u00a0\u00bb][\/vc_column][vc_column width=\u00a0\u00bb1\/3&Prime;][vc_single_image image=\u00a0\u00bb12477&Prime; img_size=\u00a0\u00bbfull\u00a0\u00bb alignment=\u00a0\u00bbcenter\u00a0\u00bb][\/vc_column][vc_column width=\u00a0\u00bb1\/3&Prime;][vc_single_image image=\u00a0\u00bb12443&Prime; img_size=\u00a0\u00bbfull\u00a0\u00bb alignment=\u00a0\u00bbcenter\u00a0\u00bb][\/vc_column][\/vc_row]<\/p>\n<\/section>","protected":false},"excerpt":{"rendered":"<p>[vc_row content_text_aligment=\u00a0\u00bb\u00a0\u00bb use_row_as_full_screen_section=\u00a0\u00bbno\u00a0\u00bb][vc_column][vc_column_text]L&rsquo;investissement du projet \u00ab\u00a0Etablissement d&rsquo;une coop\u00e9ration dans la conception de produits Cup of Tea durables et l&rsquo;expansion de la marque sur les march\u00e9s fran\u00e7ais et britanniques\u00a0\u00bb est cofinanc\u00e9 par la R\u00e9publique de Slov\u00e9nie et l&rsquo;Union europ\u00e9enne \u00e0 partir du Fonds europ\u00e9en de d\u00e9veloppement [&hellip;]<\/p>\n","protected":false},"author":5,"featured_media":0,"parent":0,"menu_order":0,"comment_status":"closed","ping_status":"closed","template":"","meta":{"_acf_changed":false,"footnotes":"","_links_to":"","_links_to_target":""},"class_list":["post-11007","page","type-page","status-publish","hentry"],"acf":[],"yoast_head":"<!-- This site is optimized with the Yoast SEO plugin v25.2 - https:\/\/yoast.com\/wordpress\/plugins\/seo\/ -->\n<title>Projet - CUP OF TEA<\/title>\n<meta name=\"robots\" content=\"index, follow, max-snippet:-1, max-image-preview:large, max-video-preview:-1\" \/>\n<link rel=\"canonical\" href=\"https:\/\/www.cupoftea.si\/fr\/projet\/\" \/>\n<meta property=\"og:locale\" content=\"fr_FR\" \/>\n<meta property=\"og:type\" content=\"article\" \/>\n<meta property=\"og:title\" content=\"Projet - CUP OF TEA\" \/>\n<meta property=\"og:description\" content=\"[vc_row content_text_aligment=\u00a0\u00bb\u00a0\u00bb use_row_as_full_screen_section=\u00a0\u00bbno\u00a0\u00bb][vc_column][vc_column_text]L&rsquo;investissement du projet \u00ab\u00a0Etablissement d&rsquo;une coop\u00e9ration dans la conception de produits Cup of Tea durables et l&rsquo;expansion de la marque sur les march\u00e9s fran\u00e7ais et britanniques\u00a0\u00bb est cofinanc\u00e9 par la R\u00e9publique de Slov\u00e9nie et l&rsquo;Union europ\u00e9enne \u00e0 partir du Fonds europ\u00e9en de d\u00e9veloppement [&hellip;]\" \/>\n<meta property=\"og:url\" content=\"https:\/\/www.cupoftea.si\/fr\/projet\/\" \/>\n<meta property=\"og:site_name\" content=\"CUP OF TEA\" \/>\n<meta property=\"article:publisher\" content=\"https:\/\/www.facebook.com\/cupoftea.si\/\" \/>\n<meta property=\"article:modified_time\" content=\"2022-10-11T17:22:59+00:00\" \/>\n<meta property=\"og:image\" content=\"https:\/\/www.cupoftea.si\/wp-content\/uploads\/2017\/11\/cup_of_tea_velvet_cushion4.jpg\" \/>\n\t<meta property=\"og:image:width\" content=\"585\" \/>\n\t<meta property=\"og:image:height\" content=\"780\" \/>\n\t<meta property=\"og:image:type\" content=\"image\/jpeg\" \/>\n<meta name=\"twitter:card\" content=\"summary_large_image\" \/>\n<meta name=\"twitter:site\" content=\"@CupOfTeaSI\" \/>\n<meta name=\"twitter:label1\" content=\"Dur\u00e9e de lecture estim\u00e9e\" \/>\n\t<meta name=\"twitter:data1\" content=\"2 minutes\" \/>\n<script type=\"application\/ld+json\" class=\"yoast-schema-graph\">{\"@context\":\"https:\/\/schema.org\",\"@graph\":[{\"@type\":\"WebPage\",\"@id\":\"https:\/\/www.cupoftea.si\/fr\/projet\/\",\"url\":\"https:\/\/www.cupoftea.si\/fr\/projet\/\",\"name\":\"Projet - CUP OF TEA\",\"isPartOf\":{\"@id\":\"https:\/\/www.cupoftea.si\/#website\"},\"datePublished\":\"2021-09-17T09:13:01+00:00\",\"dateModified\":\"2022-10-11T17:22:59+00:00\",\"breadcrumb\":{\"@id\":\"https:\/\/www.cupoftea.si\/fr\/projet\/#breadcrumb\"},\"inLanguage\":\"fr-FR\",\"potentialAction\":[{\"@type\":\"ReadAction\",\"target\":[\"https:\/\/www.cupoftea.si\/fr\/projet\/\"]}]},{\"@type\":\"BreadcrumbList\",\"@id\":\"https:\/\/www.cupoftea.si\/fr\/projet\/#breadcrumb\",\"itemListElement\":[{\"@type\":\"ListItem\",\"position\":1,\"name\":\"Home\",\"item\":\"https:\/\/www.cupoftea.si\/fr\/\"},{\"@type\":\"ListItem\",\"position\":2,\"name\":\"Projet\"}]},{\"@type\":\"WebSite\",\"@id\":\"https:\/\/www.cupoftea.si\/#website\",\"url\":\"https:\/\/www.cupoftea.si\/\",\"name\":\"CUP OF TEA\",\"description\":\"Reloved Furniture &amp; Interiors\",\"potentialAction\":[{\"@type\":\"SearchAction\",\"target\":{\"@type\":\"EntryPoint\",\"urlTemplate\":\"https:\/\/www.cupoftea.si\/?s={search_term_string}\"},\"query-input\":{\"@type\":\"PropertyValueSpecification\",\"valueRequired\":true,\"valueName\":\"search_term_string\"}}],\"inLanguage\":\"fr-FR\"}]}<\/script>\n<!-- \/ Yoast SEO plugin. -->","yoast_head_json":{"title":"Projet - CUP OF TEA","robots":{"index":"index","follow":"follow","max-snippet":"max-snippet:-1","max-image-preview":"max-image-preview:large","max-video-preview":"max-video-preview:-1"},"canonical":"https:\/\/www.cupoftea.si\/fr\/projet\/","og_locale":"fr_FR","og_type":"article","og_title":"Projet - CUP OF TEA","og_description":"[vc_row content_text_aligment=\u00a0\u00bb\u00a0\u00bb use_row_as_full_screen_section=\u00a0\u00bbno\u00a0\u00bb][vc_column][vc_column_text]L&rsquo;investissement du projet \u00ab\u00a0Etablissement d&rsquo;une coop\u00e9ration dans la conception de produits Cup of Tea durables et l&rsquo;expansion de la marque sur les march\u00e9s fran\u00e7ais et britanniques\u00a0\u00bb est cofinanc\u00e9 par la R\u00e9publique de Slov\u00e9nie et l&rsquo;Union europ\u00e9enne \u00e0 partir du Fonds europ\u00e9en de d\u00e9veloppement [&hellip;]","og_url":"https:\/\/www.cupoftea.si\/fr\/projet\/","og_site_name":"CUP OF TEA","article_publisher":"https:\/\/www.facebook.com\/cupoftea.si\/","article_modified_time":"2022-10-11T17:22:59+00:00","og_image":[{"width":585,"height":780,"url":"https:\/\/www.cupoftea.si\/wp-content\/uploads\/2017\/11\/cup_of_tea_velvet_cushion4.jpg","type":"image\/jpeg"}],"twitter_card":"summary_large_image","twitter_site":"@CupOfTeaSI","twitter_misc":{"Dur\u00e9e de lecture estim\u00e9e":"2 minutes"},"schema":{"@context":"https:\/\/schema.org","@graph":[{"@type":"WebPage","@id":"https:\/\/www.cupoftea.si\/fr\/projet\/","url":"https:\/\/www.cupoftea.si\/fr\/projet\/","name":"Projet - CUP OF TEA","isPartOf":{"@id":"https:\/\/www.cupoftea.si\/#website"},"datePublished":"2021-09-17T09:13:01+00:00","dateModified":"2022-10-11T17:22:59+00:00","breadcrumb":{"@id":"https:\/\/www.cupoftea.si\/fr\/projet\/#breadcrumb"},"inLanguage":"fr-FR","potentialAction":[{"@type":"ReadAction","target":["https:\/\/www.cupoftea.si\/fr\/projet\/"]}]},{"@type":"BreadcrumbList","@id":"https:\/\/www.cupoftea.si\/fr\/projet\/#breadcrumb","itemListElement":[{"@type":"ListItem","position":1,"name":"Home","item":"https:\/\/www.cupoftea.si\/fr\/"},{"@type":"ListItem","position":2,"name":"Projet"}]},{"@type":"WebSite","@id":"https:\/\/www.cupoftea.si\/#website","url":"https:\/\/www.cupoftea.si\/","name":"CUP OF TEA","description":"Reloved Furniture &amp; Interiors","potentialAction":[{"@type":"SearchAction","target":{"@type":"EntryPoint","urlTemplate":"https:\/\/www.cupoftea.si\/?s={search_term_string}"},"query-input":{"@type":"PropertyValueSpecification","valueRequired":true,"valueName":"search_term_string"}}],"inLanguage":"fr-FR"}]}},"_links":{"self":[{"href":"https:\/\/www.cupoftea.si\/fr\/wp-json\/wp\/v2\/pages\/11007"}],"collection":[{"href":"https:\/\/www.cupoftea.si\/fr\/wp-json\/wp\/v2\/pages"}],"about":[{"href":"https:\/\/www.cupoftea.si\/fr\/wp-json\/wp\/v2\/types\/page"}],"author":[{"embeddable":true,"href":"https:\/\/www.cupoftea.si\/fr\/wp-json\/wp\/v2\/users\/5"}],"replies":[{"embeddable":true,"href":"https:\/\/www.cupoftea.si\/fr\/wp-json\/wp\/v2\/comments?post=11007"}],"version-history":[{"count":5,"href":"https:\/\/www.cupoftea.si\/fr\/wp-json\/wp\/v2\/pages\/11007\/revisions"}],"predecessor-version":[{"id":12515,"href":"https:\/\/www.cupoftea.si\/fr\/wp-json\/wp\/v2\/pages\/11007\/revisions\/12515"}],"wp:attachment":[{"href":"https:\/\/www.cupoftea.si\/fr\/wp-json\/wp\/v2\/media?parent=11007"}],"curies":[{"name":"wp","href":"https:\/\/api.w.org\/{rel}","templated":true}]}}