{"id":11361,"date":"2019-11-29T22:15:12","date_gmt":"2021-10-01T09:19:02","guid":{"rendered":"https:\/\/www.cupoftea.si\/?post_type=product&#038;p=11361"},"modified":"2021-10-11T16:14:43","modified_gmt":"2021-10-11T14:14:43","slug":"reloved-chair-036","status":"publish","type":"product","link":"https:\/\/www.cupoftea.si\/fr\/produit\/reloved-chair-036\/","title":{"rendered":"Reloved Chair 036"},"content":{"rendered":"<p>Cette chaise a \u00e9t\u00e9 restaur\u00e9e \u00e0 la main et trait\u00e9e de mani\u00e8re durable avec beaucoup d\u2019amour. Elle est maintenant pr\u00eate pour une seconde chance dans sa nouvelle maison. Elle a b\u00e9n\u00e9fici\u00e9 d\u2019une attention soign\u00e9e et d\u2019une transformation moderne afin qu\u2019elle conserve tout son confort pour les ann\u00e9es \u00e0 venir.<\/p>\n","protected":false},"excerpt":{"rendered":"<p id=\"tw-target-text\" class=\"tw-data-text tw-text-large XcVN5d tw-ta\" dir=\"ltr\" data-placeholder=\"Translation\"><span class=\"Y2IQFc\" lang=\"fr\"><strong>Couleur :<\/strong> noir dramatique (la couleur peut varier l\u00e9g\u00e8rement en raison de la r\u00e9solution de l&rsquo;\u00e9cran.)<\/span><\/p>\n<p><strong>Mati\u00e8re :<\/strong> Le bois d\u2019origine de ce chaise a \u00e9t\u00e9 conserv\u00e9; de nouveaux coussins confortables ont \u00e9t\u00e9 ajout\u00e9s et recouverts de velours de haute qualit\u00e9 soigneusement s\u00e9lectionn\u00e9.<\/p>\n","protected":false},"featured_media":11363,"template":"","meta":{"_acf_changed":false,"_links_to":"","_links_to_target":""},"product_brand":[],"product_cat":[666,767],"product_tag":[667],"class_list":{"0":"post-11361","1":"product","2":"type-product","3":"status-publish","4":"has-post-thumbnail","6":"product_cat-mobilier","7":"product_cat-soldes","8":"product_tag-chaise","10":"first","11":"instock","12":"sale","13":"shipping-taxable","14":"purchasable","15":"product-type-simple"},"acf":[],"yoast_head":"<!-- This site is optimized with the Yoast SEO plugin v25.2 - https:\/\/yoast.com\/wordpress\/plugins\/seo\/ -->\n<title>Reloved Chair 036 - CUP OF TEA<\/title>\n<meta name=\"robots\" content=\"index, follow, max-snippet:-1, max-image-preview:large, max-video-preview:-1\" \/>\n<link rel=\"canonical\" href=\"https:\/\/www.cupoftea.si\/fr\/produit\/reloved-chair-036\/\" \/>\n<meta property=\"og:locale\" content=\"fr_FR\" \/>\n<meta property=\"og:type\" content=\"article\" \/>\n<meta property=\"og:title\" content=\"Reloved Chair 036 - CUP OF TEA\" \/>\n<meta property=\"og:description\" content=\"Couleur : noir dramatique (la couleur peut varier l\u00e9g\u00e8rement en raison de la r\u00e9solution de l&#039;\u00e9cran.) Mati\u00e8re : Le bois d\u2019origine de ce chaise a \u00e9t\u00e9 conserv\u00e9; de nouveaux coussins confortables ont \u00e9t\u00e9 ajout\u00e9s et recouverts de velours de haute qualit\u00e9 soigneusement s\u00e9lectionn\u00e9.\" \/>\n<meta property=\"og:url\" content=\"https:\/\/www.cupoftea.si\/fr\/produit\/reloved-chair-036\/\" \/>\n<meta property=\"og:site_name\" content=\"CUP OF TEA\" \/>\n<meta property=\"article:publisher\" content=\"https:\/\/www.facebook.com\/cupoftea.si\/\" \/>\n<meta property=\"article:modified_time\" content=\"2021-10-11T14:14:43+00:00\" \/>\n<meta property=\"og:image\" content=\"https:\/\/www.cupoftea.si\/wp-content\/uploads\/2019\/11\/COT20191025-2000px-10-e1575064831666.jpg\" \/>\n\t<meta property=\"og:image:width\" content=\"1320\" \/>\n\t<meta property=\"og:image:height\" content=\"1320\" \/>\n\t<meta property=\"og:image:type\" content=\"image\/jpeg\" \/>\n<meta name=\"twitter:card\" content=\"summary_large_image\" \/>\n<meta name=\"twitter:site\" content=\"@CupOfTeaSI\" \/>\n<meta name=\"twitter:label1\" content=\"Dur\u00e9e de lecture estim\u00e9e\" \/>\n\t<meta name=\"twitter:data1\" content=\"1 minute\" \/>\n<script type=\"application\/ld+json\" class=\"yoast-schema-graph\">{\"@context\":\"https:\/\/schema.org\",\"@graph\":[{\"@type\":\"WebPage\",\"@id\":\"https:\/\/www.cupoftea.si\/fr\/produit\/reloved-chair-036\/\",\"url\":\"https:\/\/www.cupoftea.si\/fr\/produit\/reloved-chair-036\/\",\"name\":\"Reloved Chair 036 - CUP OF TEA\",\"isPartOf\":{\"@id\":\"https:\/\/www.cupoftea.si\/#website\"},\"primaryImageOfPage\":{\"@id\":\"https:\/\/www.cupoftea.si\/fr\/produit\/reloved-chair-036\/#primaryimage\"},\"image\":{\"@id\":\"https:\/\/www.cupoftea.si\/fr\/produit\/reloved-chair-036\/#primaryimage\"},\"thumbnailUrl\":\"https:\/\/www.cupoftea.si\/wp-content\/uploads\/2019\/11\/COT20191025-2000px-10-e1575064831666.jpg\",\"datePublished\":\"2021-10-01T09:19:02+00:00\",\"dateModified\":\"2021-10-11T14:14:43+00:00\",\"breadcrumb\":{\"@id\":\"https:\/\/www.cupoftea.si\/fr\/produit\/reloved-chair-036\/#breadcrumb\"},\"inLanguage\":\"fr-FR\",\"potentialAction\":[{\"@type\":\"ReadAction\",\"target\":[\"https:\/\/www.cupoftea.si\/fr\/produit\/reloved-chair-036\/\"]}]},{\"@type\":\"ImageObject\",\"inLanguage\":\"fr-FR\",\"@id\":\"https:\/\/www.cupoftea.si\/fr\/produit\/reloved-chair-036\/#primaryimage\",\"url\":\"https:\/\/www.cupoftea.si\/wp-content\/uploads\/2019\/11\/COT20191025-2000px-10-e1575064831666.jpg\",\"contentUrl\":\"https:\/\/www.cupoftea.si\/wp-content\/uploads\/2019\/11\/COT20191025-2000px-10-e1575064831666.jpg\",\"width\":1320,\"height\":1320},{\"@type\":\"BreadcrumbList\",\"@id\":\"https:\/\/www.cupoftea.si\/fr\/produit\/reloved-chair-036\/#breadcrumb\",\"itemListElement\":[{\"@type\":\"ListItem\",\"position\":1,\"name\":\"Home\",\"item\":\"https:\/\/www.cupoftea.si\/fr\/\"},{\"@type\":\"ListItem\",\"position\":2,\"name\":\"Boutique\",\"item\":\"https:\/\/www.cupoftea.si\/fr\/boutique\/\"},{\"@type\":\"ListItem\",\"position\":3,\"name\":\"Reloved Chair 036\"}]},{\"@type\":\"WebSite\",\"@id\":\"https:\/\/www.cupoftea.si\/#website\",\"url\":\"https:\/\/www.cupoftea.si\/\",\"name\":\"CUP OF TEA\",\"description\":\"Reloved Furniture &amp; Interiors\",\"potentialAction\":[{\"@type\":\"SearchAction\",\"target\":{\"@type\":\"EntryPoint\",\"urlTemplate\":\"https:\/\/www.cupoftea.si\/?s={search_term_string}\"},\"query-input\":{\"@type\":\"PropertyValueSpecification\",\"valueRequired\":true,\"valueName\":\"search_term_string\"}}],\"inLanguage\":\"fr-FR\"}]}<\/script>\n<!-- \/ Yoast SEO plugin. -->","yoast_head_json":{"title":"Reloved Chair 036 - CUP OF TEA","robots":{"index":"index","follow":"follow","max-snippet":"max-snippet:-1","max-image-preview":"max-image-preview:large","max-video-preview":"max-video-preview:-1"},"canonical":"https:\/\/www.cupoftea.si\/fr\/produit\/reloved-chair-036\/","og_locale":"fr_FR","og_type":"article","og_title":"Reloved Chair 036 - CUP OF TEA","og_description":"Couleur : noir dramatique (la couleur peut varier l\u00e9g\u00e8rement en raison de la r\u00e9solution de l'\u00e9cran.) Mati\u00e8re : Le bois d\u2019origine de ce chaise a \u00e9t\u00e9 conserv\u00e9; de nouveaux coussins confortables ont \u00e9t\u00e9 ajout\u00e9s et recouverts de velours de haute qualit\u00e9 soigneusement s\u00e9lectionn\u00e9.","og_url":"https:\/\/www.cupoftea.si\/fr\/produit\/reloved-chair-036\/","og_site_name":"CUP OF TEA","article_publisher":"https:\/\/www.facebook.com\/cupoftea.si\/","article_modified_time":"2021-10-11T14:14:43+00:00","og_image":[{"width":1320,"height":1320,"url":"https:\/\/www.cupoftea.si\/wp-content\/uploads\/2019\/11\/COT20191025-2000px-10-e1575064831666.jpg","type":"image\/jpeg"}],"twitter_card":"summary_large_image","twitter_site":"@CupOfTeaSI","twitter_misc":{"Dur\u00e9e de lecture estim\u00e9e":"1 minute"},"schema":{"@context":"https:\/\/schema.org","@graph":[{"@type":"WebPage","@id":"https:\/\/www.cupoftea.si\/fr\/produit\/reloved-chair-036\/","url":"https:\/\/www.cupoftea.si\/fr\/produit\/reloved-chair-036\/","name":"Reloved Chair 036 - CUP OF TEA","isPartOf":{"@id":"https:\/\/www.cupoftea.si\/#website"},"primaryImageOfPage":{"@id":"https:\/\/www.cupoftea.si\/fr\/produit\/reloved-chair-036\/#primaryimage"},"image":{"@id":"https:\/\/www.cupoftea.si\/fr\/produit\/reloved-chair-036\/#primaryimage"},"thumbnailUrl":"https:\/\/www.cupoftea.si\/wp-content\/uploads\/2019\/11\/COT20191025-2000px-10-e1575064831666.jpg","datePublished":"2021-10-01T09:19:02+00:00","dateModified":"2021-10-11T14:14:43+00:00","breadcrumb":{"@id":"https:\/\/www.cupoftea.si\/fr\/produit\/reloved-chair-036\/#breadcrumb"},"inLanguage":"fr-FR","potentialAction":[{"@type":"ReadAction","target":["https:\/\/www.cupoftea.si\/fr\/produit\/reloved-chair-036\/"]}]},{"@type":"ImageObject","inLanguage":"fr-FR","@id":"https:\/\/www.cupoftea.si\/fr\/produit\/reloved-chair-036\/#primaryimage","url":"https:\/\/www.cupoftea.si\/wp-content\/uploads\/2019\/11\/COT20191025-2000px-10-e1575064831666.jpg","contentUrl":"https:\/\/www.cupoftea.si\/wp-content\/uploads\/2019\/11\/COT20191025-2000px-10-e1575064831666.jpg","width":1320,"height":1320},{"@type":"BreadcrumbList","@id":"https:\/\/www.cupoftea.si\/fr\/produit\/reloved-chair-036\/#breadcrumb","itemListElement":[{"@type":"ListItem","position":1,"name":"Home","item":"https:\/\/www.cupoftea.si\/fr\/"},{"@type":"ListItem","position":2,"name":"Boutique","item":"https:\/\/www.cupoftea.si\/fr\/boutique\/"},{"@type":"ListItem","position":3,"name":"Reloved Chair 036"}]},{"@type":"WebSite","@id":"https:\/\/www.cupoftea.si\/#website","url":"https:\/\/www.cupoftea.si\/","name":"CUP OF TEA","description":"Reloved Furniture &amp; Interiors","potentialAction":[{"@type":"SearchAction","target":{"@type":"EntryPoint","urlTemplate":"https:\/\/www.cupoftea.si\/?s={search_term_string}"},"query-input":{"@type":"PropertyValueSpecification","valueRequired":true,"valueName":"search_term_string"}}],"inLanguage":"fr-FR"}]}},"_links":{"self":[{"href":"https:\/\/www.cupoftea.si\/fr\/wp-json\/wp\/v2\/product\/11361"}],"collection":[{"href":"https:\/\/www.cupoftea.si\/fr\/wp-json\/wp\/v2\/product"}],"about":[{"href":"https:\/\/www.cupoftea.si\/fr\/wp-json\/wp\/v2\/types\/product"}],"wp:featuredmedia":[{"embeddable":true,"href":"https:\/\/www.cupoftea.si\/fr\/wp-json\/wp\/v2\/media\/11363"}],"wp:attachment":[{"href":"https:\/\/www.cupoftea.si\/fr\/wp-json\/wp\/v2\/media?parent=11361"}],"wp:term":[{"taxonomy":"product_brand","embeddable":true,"href":"https:\/\/www.cupoftea.si\/fr\/wp-json\/wp\/v2\/product_brand?post=11361"},{"taxonomy":"product_cat","embeddable":true,"href":"https:\/\/www.cupoftea.si\/fr\/wp-json\/wp\/v2\/product_cat?post=11361"},{"taxonomy":"product_tag","embeddable":true,"href":"https:\/\/www.cupoftea.si\/fr\/wp-json\/wp\/v2\/product_tag?post=11361"}],"curies":[{"name":"wp","href":"https:\/\/api.w.org\/{rel}","templated":true}]}}