{"id":11449,"date":"2020-11-02T14:40:31","date_gmt":"2021-10-03T16:58:24","guid":{"rendered":"https:\/\/www.cupoftea.si\/?post_type=product&#038;p=11449"},"modified":"2022-12-22T15:38:41","modified_gmt":"2022-12-22T14:38:41","slug":"tapis-rond-merinos-mania-gris-90","status":"publish","type":"product","link":"https:\/\/www.cupoftea.si\/fr\/produit\/tapis-rond-merinos-mania-gris-90\/","title":{"rendered":"Tapis rond M\u00e9rino Mania"},"content":{"rendered":"<p>Ce tapis royal tricot\u00e9 \u00e0 la main en Slov\u00e9nie \/ Europe est compos\u00e9 de laine 100% m\u00e9rinos. En plus d\u2019\u00eatre exceptionnellement doux et confortable, il poss\u00e8de \u00e9galement des propri\u00e9t\u00e9s antibact\u00e9riennes et antimicrobiennes. Il est antistatique, r\u00e9sistant aux taches et n&rsquo;absorbe pas les odeurs.<\/p>\n","protected":false},"excerpt":{"rendered":"<p id=\"tw-target-text\" class=\"tw-data-text tw-text-large XcVN5d tw-ta\" dir=\"ltr\" data-placeholder=\"Translation\"><span class=\"Y2IQFc\" lang=\"fr\"><strong>Couleur\u00a0:<\/strong>\u00a0Gris fer (la couleur peut varier l\u00e9g\u00e8rement en raison de la r\u00e9solution de l&rsquo;\u00e9cran.)<\/span><\/p>\n<p><strong>Mati\u00e8re :<\/strong> Ce tapis est fait \u00e0 la main \u00e0 partir de laine 100% m\u00e9rinos.<\/p>\n<p id=\"tw-target-text\" class=\"tw-data-text tw-text-large XcVN5d tw-ta\" dir=\"ltr\" data-placeholder=\"Translation\"><span class=\"Y2IQFc\" lang=\"fr\"><strong>Dimension :<\/strong> 90 cm de diam\u00e8tre<\/span><\/p>\n","protected":false},"featured_media":11429,"template":"","meta":{"_acf_changed":false,"_links_to":"","_links_to_target":""},"product_brand":[],"product_cat":[766,767,931,932],"product_tag":[684,686,930],"class_list":{"0":"post-11449","1":"product","2":"type-product","3":"status-publish","4":"has-post-thumbnail","6":"product_cat-tapis","7":"product_cat-soldes","8":"product_cat-laine","9":"product_cat-tricot","10":"product_tag-tricot","11":"product_tag-tapis-fr","12":"product_tag-laine","14":"first","15":"outofstock","16":"sale","17":"shipping-taxable","18":"purchasable","19":"product-type-simple"},"acf":[],"yoast_head":"<!-- This site is optimized with the Yoast SEO plugin v25.2 - https:\/\/yoast.com\/wordpress\/plugins\/seo\/ -->\n<title>Tapis rond M\u00e9rino Mania - CUP OF TEA<\/title>\n<meta name=\"robots\" content=\"index, follow, max-snippet:-1, max-image-preview:large, max-video-preview:-1\" \/>\n<link rel=\"canonical\" href=\"https:\/\/www.cupoftea.si\/fr\/produit\/tapis-rond-merinos-mania-gris-90\/\" \/>\n<meta property=\"og:locale\" content=\"fr_FR\" \/>\n<meta property=\"og:type\" content=\"article\" \/>\n<meta property=\"og:title\" content=\"Tapis rond M\u00e9rino Mania - CUP OF TEA\" \/>\n<meta property=\"og:description\" content=\"Couleur\u00a0:\u00a0Gris fer (la couleur peut varier l\u00e9g\u00e8rement en raison de la r\u00e9solution de l&#039;\u00e9cran.) Mati\u00e8re : Ce tapis est fait \u00e0 la main \u00e0 partir de laine 100% m\u00e9rinos. Dimension : 90 cm de diam\u00e8tre\" \/>\n<meta property=\"og:url\" content=\"https:\/\/www.cupoftea.si\/fr\/produit\/tapis-rond-merinos-mania-gris-90\/\" \/>\n<meta property=\"og:site_name\" content=\"CUP OF TEA\" \/>\n<meta property=\"article:publisher\" content=\"https:\/\/www.facebook.com\/cupoftea.si\/\" \/>\n<meta property=\"article:modified_time\" content=\"2022-12-22T14:38:41+00:00\" \/>\n<meta property=\"og:image\" content=\"https:\/\/www.cupoftea.si\/wp-content\/uploads\/2020\/11\/COT-2000px-250kb-1045-e1604584450637.jpg\" \/>\n\t<meta property=\"og:image:width\" content=\"1330\" \/>\n\t<meta property=\"og:image:height\" content=\"1320\" \/>\n\t<meta property=\"og:image:type\" content=\"image\/jpeg\" \/>\n<meta name=\"twitter:card\" content=\"summary_large_image\" \/>\n<meta name=\"twitter:site\" content=\"@CupOfTeaSI\" \/>\n<meta name=\"twitter:label1\" content=\"Dur\u00e9e de lecture estim\u00e9e\" \/>\n\t<meta name=\"twitter:data1\" content=\"1 minute\" \/>\n<script type=\"application\/ld+json\" class=\"yoast-schema-graph\">{\"@context\":\"https:\/\/schema.org\",\"@graph\":[{\"@type\":\"WebPage\",\"@id\":\"https:\/\/www.cupoftea.si\/fr\/produit\/tapis-rond-merinos-mania-gris-90\/\",\"url\":\"https:\/\/www.cupoftea.si\/fr\/produit\/tapis-rond-merinos-mania-gris-90\/\",\"name\":\"Tapis rond M\u00e9rino Mania - CUP OF TEA\",\"isPartOf\":{\"@id\":\"https:\/\/www.cupoftea.si\/#website\"},\"primaryImageOfPage\":{\"@id\":\"https:\/\/www.cupoftea.si\/fr\/produit\/tapis-rond-merinos-mania-gris-90\/#primaryimage\"},\"image\":{\"@id\":\"https:\/\/www.cupoftea.si\/fr\/produit\/tapis-rond-merinos-mania-gris-90\/#primaryimage\"},\"thumbnailUrl\":\"https:\/\/www.cupoftea.si\/wp-content\/uploads\/2020\/11\/COT-2000px-250kb-1045-e1604584450637.jpg\",\"datePublished\":\"2021-10-03T16:58:24+00:00\",\"dateModified\":\"2022-12-22T14:38:41+00:00\",\"breadcrumb\":{\"@id\":\"https:\/\/www.cupoftea.si\/fr\/produit\/tapis-rond-merinos-mania-gris-90\/#breadcrumb\"},\"inLanguage\":\"fr-FR\",\"potentialAction\":[{\"@type\":\"ReadAction\",\"target\":[\"https:\/\/www.cupoftea.si\/fr\/produit\/tapis-rond-merinos-mania-gris-90\/\"]}]},{\"@type\":\"ImageObject\",\"inLanguage\":\"fr-FR\",\"@id\":\"https:\/\/www.cupoftea.si\/fr\/produit\/tapis-rond-merinos-mania-gris-90\/#primaryimage\",\"url\":\"https:\/\/www.cupoftea.si\/wp-content\/uploads\/2020\/11\/COT-2000px-250kb-1045-e1604584450637.jpg\",\"contentUrl\":\"https:\/\/www.cupoftea.si\/wp-content\/uploads\/2020\/11\/COT-2000px-250kb-1045-e1604584450637.jpg\",\"width\":1330,\"height\":1320,\"caption\":\"tapis rond M\u00e9rinos Mania Cup of Tea gris\"},{\"@type\":\"BreadcrumbList\",\"@id\":\"https:\/\/www.cupoftea.si\/fr\/produit\/tapis-rond-merinos-mania-gris-90\/#breadcrumb\",\"itemListElement\":[{\"@type\":\"ListItem\",\"position\":1,\"name\":\"Home\",\"item\":\"https:\/\/www.cupoftea.si\/fr\/\"},{\"@type\":\"ListItem\",\"position\":2,\"name\":\"Boutique\",\"item\":\"https:\/\/www.cupoftea.si\/fr\/boutique\/\"},{\"@type\":\"ListItem\",\"position\":3,\"name\":\"Tapis rond M\u00e9rino Mania\"}]},{\"@type\":\"WebSite\",\"@id\":\"https:\/\/www.cupoftea.si\/#website\",\"url\":\"https:\/\/www.cupoftea.si\/\",\"name\":\"CUP OF TEA\",\"description\":\"Reloved Furniture &amp; Interiors\",\"potentialAction\":[{\"@type\":\"SearchAction\",\"target\":{\"@type\":\"EntryPoint\",\"urlTemplate\":\"https:\/\/www.cupoftea.si\/?s={search_term_string}\"},\"query-input\":{\"@type\":\"PropertyValueSpecification\",\"valueRequired\":true,\"valueName\":\"search_term_string\"}}],\"inLanguage\":\"fr-FR\"}]}<\/script>\n<!-- \/ Yoast SEO plugin. -->","yoast_head_json":{"title":"Tapis rond M\u00e9rino Mania - CUP OF TEA","robots":{"index":"index","follow":"follow","max-snippet":"max-snippet:-1","max-image-preview":"max-image-preview:large","max-video-preview":"max-video-preview:-1"},"canonical":"https:\/\/www.cupoftea.si\/fr\/produit\/tapis-rond-merinos-mania-gris-90\/","og_locale":"fr_FR","og_type":"article","og_title":"Tapis rond M\u00e9rino Mania - CUP OF TEA","og_description":"Couleur\u00a0:\u00a0Gris fer (la couleur peut varier l\u00e9g\u00e8rement en raison de la r\u00e9solution de l'\u00e9cran.) Mati\u00e8re : Ce tapis est fait \u00e0 la main \u00e0 partir de laine 100% m\u00e9rinos. Dimension : 90 cm de diam\u00e8tre","og_url":"https:\/\/www.cupoftea.si\/fr\/produit\/tapis-rond-merinos-mania-gris-90\/","og_site_name":"CUP OF TEA","article_publisher":"https:\/\/www.facebook.com\/cupoftea.si\/","article_modified_time":"2022-12-22T14:38:41+00:00","og_image":[{"width":1330,"height":1320,"url":"https:\/\/www.cupoftea.si\/wp-content\/uploads\/2020\/11\/COT-2000px-250kb-1045-e1604584450637.jpg","type":"image\/jpeg"}],"twitter_card":"summary_large_image","twitter_site":"@CupOfTeaSI","twitter_misc":{"Dur\u00e9e de lecture estim\u00e9e":"1 minute"},"schema":{"@context":"https:\/\/schema.org","@graph":[{"@type":"WebPage","@id":"https:\/\/www.cupoftea.si\/fr\/produit\/tapis-rond-merinos-mania-gris-90\/","url":"https:\/\/www.cupoftea.si\/fr\/produit\/tapis-rond-merinos-mania-gris-90\/","name":"Tapis rond M\u00e9rino Mania - CUP OF TEA","isPartOf":{"@id":"https:\/\/www.cupoftea.si\/#website"},"primaryImageOfPage":{"@id":"https:\/\/www.cupoftea.si\/fr\/produit\/tapis-rond-merinos-mania-gris-90\/#primaryimage"},"image":{"@id":"https:\/\/www.cupoftea.si\/fr\/produit\/tapis-rond-merinos-mania-gris-90\/#primaryimage"},"thumbnailUrl":"https:\/\/www.cupoftea.si\/wp-content\/uploads\/2020\/11\/COT-2000px-250kb-1045-e1604584450637.jpg","datePublished":"2021-10-03T16:58:24+00:00","dateModified":"2022-12-22T14:38:41+00:00","breadcrumb":{"@id":"https:\/\/www.cupoftea.si\/fr\/produit\/tapis-rond-merinos-mania-gris-90\/#breadcrumb"},"inLanguage":"fr-FR","potentialAction":[{"@type":"ReadAction","target":["https:\/\/www.cupoftea.si\/fr\/produit\/tapis-rond-merinos-mania-gris-90\/"]}]},{"@type":"ImageObject","inLanguage":"fr-FR","@id":"https:\/\/www.cupoftea.si\/fr\/produit\/tapis-rond-merinos-mania-gris-90\/#primaryimage","url":"https:\/\/www.cupoftea.si\/wp-content\/uploads\/2020\/11\/COT-2000px-250kb-1045-e1604584450637.jpg","contentUrl":"https:\/\/www.cupoftea.si\/wp-content\/uploads\/2020\/11\/COT-2000px-250kb-1045-e1604584450637.jpg","width":1330,"height":1320,"caption":"tapis rond M\u00e9rinos Mania Cup of Tea gris"},{"@type":"BreadcrumbList","@id":"https:\/\/www.cupoftea.si\/fr\/produit\/tapis-rond-merinos-mania-gris-90\/#breadcrumb","itemListElement":[{"@type":"ListItem","position":1,"name":"Home","item":"https:\/\/www.cupoftea.si\/fr\/"},{"@type":"ListItem","position":2,"name":"Boutique","item":"https:\/\/www.cupoftea.si\/fr\/boutique\/"},{"@type":"ListItem","position":3,"name":"Tapis rond M\u00e9rino Mania"}]},{"@type":"WebSite","@id":"https:\/\/www.cupoftea.si\/#website","url":"https:\/\/www.cupoftea.si\/","name":"CUP OF TEA","description":"Reloved Furniture &amp; Interiors","potentialAction":[{"@type":"SearchAction","target":{"@type":"EntryPoint","urlTemplate":"https:\/\/www.cupoftea.si\/?s={search_term_string}"},"query-input":{"@type":"PropertyValueSpecification","valueRequired":true,"valueName":"search_term_string"}}],"inLanguage":"fr-FR"}]}},"_links":{"self":[{"href":"https:\/\/www.cupoftea.si\/fr\/wp-json\/wp\/v2\/product\/11449"}],"collection":[{"href":"https:\/\/www.cupoftea.si\/fr\/wp-json\/wp\/v2\/product"}],"about":[{"href":"https:\/\/www.cupoftea.si\/fr\/wp-json\/wp\/v2\/types\/product"}],"wp:featuredmedia":[{"embeddable":true,"href":"https:\/\/www.cupoftea.si\/fr\/wp-json\/wp\/v2\/media\/11429"}],"wp:attachment":[{"href":"https:\/\/www.cupoftea.si\/fr\/wp-json\/wp\/v2\/media?parent=11449"}],"wp:term":[{"taxonomy":"product_brand","embeddable":true,"href":"https:\/\/www.cupoftea.si\/fr\/wp-json\/wp\/v2\/product_brand?post=11449"},{"taxonomy":"product_cat","embeddable":true,"href":"https:\/\/www.cupoftea.si\/fr\/wp-json\/wp\/v2\/product_cat?post=11449"},{"taxonomy":"product_tag","embeddable":true,"href":"https:\/\/www.cupoftea.si\/fr\/wp-json\/wp\/v2\/product_tag?post=11449"}],"curies":[{"name":"wp","href":"https:\/\/api.w.org\/{rel}","templated":true}]}}