{"id":11724,"date":"2021-06-08T10:49:33","date_gmt":"2021-06-08T08:49:33","guid":{"rendered":"https:\/\/www.cupoftea.si\/product\/crochet-basket\/"},"modified":"2021-10-12T12:19:46","modified_gmt":"2021-10-12T10:19:46","slug":"panier-multi-usages-au-crochet","status":"publish","type":"product","link":"https:\/\/www.cupoftea.si\/fr\/produit\/panier-multi-usages-au-crochet\/","title":{"rendered":"Panier multi-usages au crochet"},"content":{"rendered":"<p>Ce panier multi-usage apportera une sensation de confort \u00e0 votre maison ou votre bureau, et surtout, il servira au rangement des petits objets. Vous pouvez tout y ranger, des crayons aux agrafes, des cl\u00e9s, de la ouate, des cr\u00e8mes et bien d\u2019autres petites choses, afin que tout reste \u00e0 port\u00e9e de main, mais en m\u00eame temps rang\u00e9s et en s\u00e9curit\u00e9.<\/p>\n","protected":false},"excerpt":{"rendered":"<p><strong>Couleur\u00a0:\u00a0<\/strong>Veuillez s\u00e9lectionner l&rsquo;une des options ci-dessous. (La couleur du produit peut varier l\u00e9g\u00e8rement de ce qui est affich\u00e9 \u00e0 l\u2019\u00e9cran.)<\/p>\n<p><strong>Mati\u00e8re :<\/strong> Produit tiss\u00e9 \u00e0 la main \u00e0 partir de fils de coton recycl\u00e9s respectueux de l\u2019environnement.<\/p>\n<div class=\"woocommerce-product-details__short-description\">\n<p id=\"tw-target-text\" class=\"tw-data-text tw-text-large XcVN5d tw-ta\" dir=\"ltr\" data-placeholder=\"Translation\"><span class=\"Y2IQFc\" lang=\"fr\"><strong>Dimensions :\u00a0<\/strong><\/span>petit &#8211; environ 13 cm de diam\u00e8tre et 8 cm de hauteur | moyen &#8211; environ 17 cm de diam\u00e8tre et 9,5 cm de hauteur<\/p>\n<\/div>\n","protected":false},"featured_media":9936,"template":"","meta":{"_acf_changed":false,"_links_to":"","_links_to_target":""},"product_brand":[],"product_cat":[671,673],"product_tag":[680,681],"class_list":{"0":"post-11724","1":"product","2":"type-product","3":"status-publish","4":"has-post-thumbnail","6":"product_cat-paniers","7":"product_cat-crochet-fr-2","8":"product_tag-crochet-fr","9":"product_tag-paniers","11":"first","12":"instock","13":"shipping-taxable","14":"purchasable","15":"product-type-variable"},"acf":[],"yoast_head":"<!-- This site is optimized with the Yoast SEO plugin v25.2 - https:\/\/yoast.com\/wordpress\/plugins\/seo\/ -->\n<title>Panier multi-usages au crochet - CUP OF TEA<\/title>\n<meta name=\"robots\" content=\"index, follow, max-snippet:-1, max-image-preview:large, max-video-preview:-1\" \/>\n<link rel=\"canonical\" href=\"https:\/\/www.cupoftea.si\/fr\/produit\/panier-multi-usages-au-crochet\/\" \/>\n<meta property=\"og:locale\" content=\"fr_FR\" \/>\n<meta property=\"og:type\" content=\"article\" \/>\n<meta property=\"og:title\" content=\"Panier multi-usages au crochet - CUP OF TEA\" \/>\n<meta property=\"og:description\" content=\"Couleur\u00a0:\u00a0Veuillez s\u00e9lectionner l&#039;une des options ci-dessous. (La couleur du produit peut varier l\u00e9g\u00e8rement de ce qui est affich\u00e9 \u00e0 l\u2019\u00e9cran.)  Mati\u00e8re : Produit tiss\u00e9 \u00e0 la main \u00e0 partir de fils de coton recycl\u00e9s respectueux de l\u2019environnement.  Dimensions :\u00a0petit - environ 13 cm de diam\u00e8tre et 8 cm de hauteur | moyen - environ 17 cm de diam\u00e8tre et 9,5 cm de hauteur\" \/>\n<meta property=\"og:url\" content=\"https:\/\/www.cupoftea.si\/fr\/produit\/panier-multi-usages-au-crochet\/\" \/>\n<meta property=\"og:site_name\" content=\"CUP OF TEA\" \/>\n<meta property=\"article:publisher\" content=\"https:\/\/www.facebook.com\/cupoftea.si\/\" \/>\n<meta property=\"article:modified_time\" content=\"2021-10-12T10:19:46+00:00\" \/>\n<meta property=\"og:image\" content=\"https:\/\/www.cupoftea.si\/wp-content\/uploads\/2021\/05\/PSR-2000px-20210503-COT-produkti1029-scaled.jpg\" \/>\n\t<meta property=\"og:image:width\" content=\"2560\" \/>\n\t<meta property=\"og:image:height\" content=\"1920\" \/>\n\t<meta property=\"og:image:type\" content=\"image\/jpeg\" \/>\n<meta name=\"twitter:card\" content=\"summary_large_image\" \/>\n<meta name=\"twitter:site\" content=\"@CupOfTeaSI\" \/>\n<script type=\"application\/ld+json\" class=\"yoast-schema-graph\">{\"@context\":\"https:\/\/schema.org\",\"@graph\":[{\"@type\":\"WebPage\",\"@id\":\"https:\/\/www.cupoftea.si\/fr\/produit\/panier-multi-usages-au-crochet\/\",\"url\":\"https:\/\/www.cupoftea.si\/fr\/produit\/panier-multi-usages-au-crochet\/\",\"name\":\"Panier multi-usages au crochet - CUP OF TEA\",\"isPartOf\":{\"@id\":\"https:\/\/www.cupoftea.si\/#website\"},\"primaryImageOfPage\":{\"@id\":\"https:\/\/www.cupoftea.si\/fr\/produit\/panier-multi-usages-au-crochet\/#primaryimage\"},\"image\":{\"@id\":\"https:\/\/www.cupoftea.si\/fr\/produit\/panier-multi-usages-au-crochet\/#primaryimage\"},\"thumbnailUrl\":\"https:\/\/www.cupoftea.si\/wp-content\/uploads\/2021\/05\/PSR-2000px-20210503-COT-produkti1029-scaled.jpg\",\"datePublished\":\"2021-06-08T08:49:33+00:00\",\"dateModified\":\"2021-10-12T10:19:46+00:00\",\"breadcrumb\":{\"@id\":\"https:\/\/www.cupoftea.si\/fr\/produit\/panier-multi-usages-au-crochet\/#breadcrumb\"},\"inLanguage\":\"fr-FR\",\"potentialAction\":[{\"@type\":\"ReadAction\",\"target\":[\"https:\/\/www.cupoftea.si\/fr\/produit\/panier-multi-usages-au-crochet\/\"]}]},{\"@type\":\"ImageObject\",\"inLanguage\":\"fr-FR\",\"@id\":\"https:\/\/www.cupoftea.si\/fr\/produit\/panier-multi-usages-au-crochet\/#primaryimage\",\"url\":\"https:\/\/www.cupoftea.si\/wp-content\/uploads\/2021\/05\/PSR-2000px-20210503-COT-produkti1029-scaled.jpg\",\"contentUrl\":\"https:\/\/www.cupoftea.si\/wp-content\/uploads\/2021\/05\/PSR-2000px-20210503-COT-produkti1029-scaled.jpg\",\"width\":2560,\"height\":1920,\"caption\":\"CUP OF TEA MULTIPURPOSE BASKET MELLOW ROSE\"},{\"@type\":\"BreadcrumbList\",\"@id\":\"https:\/\/www.cupoftea.si\/fr\/produit\/panier-multi-usages-au-crochet\/#breadcrumb\",\"itemListElement\":[{\"@type\":\"ListItem\",\"position\":1,\"name\":\"Home\",\"item\":\"https:\/\/www.cupoftea.si\/fr\/\"},{\"@type\":\"ListItem\",\"position\":2,\"name\":\"Boutique\",\"item\":\"https:\/\/www.cupoftea.si\/fr\/boutique\/\"},{\"@type\":\"ListItem\",\"position\":3,\"name\":\"Panier multi-usages au crochet\"}]},{\"@type\":\"WebSite\",\"@id\":\"https:\/\/www.cupoftea.si\/#website\",\"url\":\"https:\/\/www.cupoftea.si\/\",\"name\":\"CUP OF TEA\",\"description\":\"Reloved Furniture &amp; Interiors\",\"potentialAction\":[{\"@type\":\"SearchAction\",\"target\":{\"@type\":\"EntryPoint\",\"urlTemplate\":\"https:\/\/www.cupoftea.si\/?s={search_term_string}\"},\"query-input\":{\"@type\":\"PropertyValueSpecification\",\"valueRequired\":true,\"valueName\":\"search_term_string\"}}],\"inLanguage\":\"fr-FR\"}]}<\/script>\n<!-- \/ Yoast SEO plugin. -->","yoast_head_json":{"title":"Panier multi-usages au crochet - CUP OF TEA","robots":{"index":"index","follow":"follow","max-snippet":"max-snippet:-1","max-image-preview":"max-image-preview:large","max-video-preview":"max-video-preview:-1"},"canonical":"https:\/\/www.cupoftea.si\/fr\/produit\/panier-multi-usages-au-crochet\/","og_locale":"fr_FR","og_type":"article","og_title":"Panier multi-usages au crochet - CUP OF TEA","og_description":"Couleur\u00a0:\u00a0Veuillez s\u00e9lectionner l'une des options ci-dessous. (La couleur du produit peut varier l\u00e9g\u00e8rement de ce qui est affich\u00e9 \u00e0 l\u2019\u00e9cran.)  Mati\u00e8re : Produit tiss\u00e9 \u00e0 la main \u00e0 partir de fils de coton recycl\u00e9s respectueux de l\u2019environnement.  Dimensions :\u00a0petit - environ 13 cm de diam\u00e8tre et 8 cm de hauteur | moyen - environ 17 cm de diam\u00e8tre et 9,5 cm de hauteur","og_url":"https:\/\/www.cupoftea.si\/fr\/produit\/panier-multi-usages-au-crochet\/","og_site_name":"CUP OF TEA","article_publisher":"https:\/\/www.facebook.com\/cupoftea.si\/","article_modified_time":"2021-10-12T10:19:46+00:00","og_image":[{"width":2560,"height":1920,"url":"https:\/\/www.cupoftea.si\/wp-content\/uploads\/2021\/05\/PSR-2000px-20210503-COT-produkti1029-scaled.jpg","type":"image\/jpeg"}],"twitter_card":"summary_large_image","twitter_site":"@CupOfTeaSI","schema":{"@context":"https:\/\/schema.org","@graph":[{"@type":"WebPage","@id":"https:\/\/www.cupoftea.si\/fr\/produit\/panier-multi-usages-au-crochet\/","url":"https:\/\/www.cupoftea.si\/fr\/produit\/panier-multi-usages-au-crochet\/","name":"Panier multi-usages au crochet - CUP OF TEA","isPartOf":{"@id":"https:\/\/www.cupoftea.si\/#website"},"primaryImageOfPage":{"@id":"https:\/\/www.cupoftea.si\/fr\/produit\/panier-multi-usages-au-crochet\/#primaryimage"},"image":{"@id":"https:\/\/www.cupoftea.si\/fr\/produit\/panier-multi-usages-au-crochet\/#primaryimage"},"thumbnailUrl":"https:\/\/www.cupoftea.si\/wp-content\/uploads\/2021\/05\/PSR-2000px-20210503-COT-produkti1029-scaled.jpg","datePublished":"2021-06-08T08:49:33+00:00","dateModified":"2021-10-12T10:19:46+00:00","breadcrumb":{"@id":"https:\/\/www.cupoftea.si\/fr\/produit\/panier-multi-usages-au-crochet\/#breadcrumb"},"inLanguage":"fr-FR","potentialAction":[{"@type":"ReadAction","target":["https:\/\/www.cupoftea.si\/fr\/produit\/panier-multi-usages-au-crochet\/"]}]},{"@type":"ImageObject","inLanguage":"fr-FR","@id":"https:\/\/www.cupoftea.si\/fr\/produit\/panier-multi-usages-au-crochet\/#primaryimage","url":"https:\/\/www.cupoftea.si\/wp-content\/uploads\/2021\/05\/PSR-2000px-20210503-COT-produkti1029-scaled.jpg","contentUrl":"https:\/\/www.cupoftea.si\/wp-content\/uploads\/2021\/05\/PSR-2000px-20210503-COT-produkti1029-scaled.jpg","width":2560,"height":1920,"caption":"CUP OF TEA MULTIPURPOSE BASKET MELLOW ROSE"},{"@type":"BreadcrumbList","@id":"https:\/\/www.cupoftea.si\/fr\/produit\/panier-multi-usages-au-crochet\/#breadcrumb","itemListElement":[{"@type":"ListItem","position":1,"name":"Home","item":"https:\/\/www.cupoftea.si\/fr\/"},{"@type":"ListItem","position":2,"name":"Boutique","item":"https:\/\/www.cupoftea.si\/fr\/boutique\/"},{"@type":"ListItem","position":3,"name":"Panier multi-usages au crochet"}]},{"@type":"WebSite","@id":"https:\/\/www.cupoftea.si\/#website","url":"https:\/\/www.cupoftea.si\/","name":"CUP OF TEA","description":"Reloved Furniture &amp; Interiors","potentialAction":[{"@type":"SearchAction","target":{"@type":"EntryPoint","urlTemplate":"https:\/\/www.cupoftea.si\/?s={search_term_string}"},"query-input":{"@type":"PropertyValueSpecification","valueRequired":true,"valueName":"search_term_string"}}],"inLanguage":"fr-FR"}]}},"_links":{"self":[{"href":"https:\/\/www.cupoftea.si\/fr\/wp-json\/wp\/v2\/product\/11724"}],"collection":[{"href":"https:\/\/www.cupoftea.si\/fr\/wp-json\/wp\/v2\/product"}],"about":[{"href":"https:\/\/www.cupoftea.si\/fr\/wp-json\/wp\/v2\/types\/product"}],"wp:featuredmedia":[{"embeddable":true,"href":"https:\/\/www.cupoftea.si\/fr\/wp-json\/wp\/v2\/media\/9936"}],"wp:attachment":[{"href":"https:\/\/www.cupoftea.si\/fr\/wp-json\/wp\/v2\/media?parent=11724"}],"wp:term":[{"taxonomy":"product_brand","embeddable":true,"href":"https:\/\/www.cupoftea.si\/fr\/wp-json\/wp\/v2\/product_brand?post=11724"},{"taxonomy":"product_cat","embeddable":true,"href":"https:\/\/www.cupoftea.si\/fr\/wp-json\/wp\/v2\/product_cat?post=11724"},{"taxonomy":"product_tag","embeddable":true,"href":"https:\/\/www.cupoftea.si\/fr\/wp-json\/wp\/v2\/product_tag?post=11724"}],"curies":[{"name":"wp","href":"https:\/\/api.w.org\/{rel}","templated":true}]}}