{"id":11825,"date":"2018-06-13T19:16:27","date_gmt":"2018-06-13T17:16:27","guid":{"rendered":"https:\/\/www.cupoftea.si\/product\/coussin-carre-retour-au-velours\/"},"modified":"2018-06-13T19:16:27","modified_gmt":"2018-06-13T17:16:27","slug":"coussin-carre-retour-au-velours","status":"publish","type":"product","link":"https:\/\/www.cupoftea.si\/fr\/produit\/coussin-carre-retour-au-velours\/","title":{"rendered":"Coussin carr\u00e9 Retour au velours"},"content":{"rendered":"<p>Le coussin en velours fait main de la collection Retour au velours ajoutera une douceur visuelle et sensuelle \u00e0 n\u2019importe quelle pi\u00e8ce. Disponible dans dans un nombre de couleurs et dimensions limit\u00e9es.<\/p>\n","protected":false},"excerpt":{"rendered":"<p><strong>Couleur :\u00a0<\/strong>Veuillez s\u00e9lectionner l\u2019une des options ci-dessous. (La couleur du produit peut varier l\u00e9g\u00e8rement de ce qui est affich\u00e9 \u00e0 l\u2019\u00e9cran.)<\/p>\n<p><strong>Mati\u00e8re : <\/strong>Le coussin est fait de velours de haute qualit\u00e9. Nous utilisons un rembourrage en polyester pour un entretien facile et un confort de longue dur\u00e9e.<\/p>\n<p><strong>Dimensions :<\/strong>\u00a040 x 40 cm<\/p>\n","protected":false},"featured_media":11826,"template":"","meta":{"_acf_changed":false,"_links_to":"","_links_to_target":""},"product_brand":[],"product_cat":[676],"product_tag":[683,776],"class_list":{"0":"post-11825","1":"product","2":"type-product","3":"status-publish","4":"has-post-thumbnail","6":"product_cat-retour-au-velours","7":"product_tag-coussins","8":"product_tag-velours","10":"first","11":"instock","12":"shipping-taxable","13":"purchasable","14":"product-type-variable"},"acf":[],"yoast_head":"<!-- This site is optimized with the Yoast SEO plugin v25.2 - https:\/\/yoast.com\/wordpress\/plugins\/seo\/ -->\n<title>Coussin carr\u00e9 Retour au velours - CUP OF TEA<\/title>\n<meta name=\"robots\" content=\"index, follow, max-snippet:-1, max-image-preview:large, max-video-preview:-1\" \/>\n<link rel=\"canonical\" href=\"https:\/\/www.cupoftea.si\/fr\/produit\/coussin-carre-retour-au-velours\/\" \/>\n<meta property=\"og:locale\" content=\"fr_FR\" \/>\n<meta property=\"og:type\" content=\"article\" \/>\n<meta property=\"og:title\" content=\"Coussin carr\u00e9 Retour au velours - CUP OF TEA\" \/>\n<meta property=\"og:description\" content=\"Couleur :\u00a0Veuillez s\u00e9lectionner l\u2019une des options ci-dessous. (La couleur du produit peut varier l\u00e9g\u00e8rement de ce qui est affich\u00e9 \u00e0 l\u2019\u00e9cran.)  Mati\u00e8re : Le coussin est fait de velours de haute qualit\u00e9. Nous utilisons un rembourrage en polyester pour un entretien facile et un confort de longue dur\u00e9e.  Dimensions :\u00a040 x 40 cm\" \/>\n<meta property=\"og:url\" content=\"https:\/\/www.cupoftea.si\/fr\/produit\/coussin-carre-retour-au-velours\/\" \/>\n<meta property=\"og:site_name\" content=\"CUP OF TEA\" \/>\n<meta property=\"article:publisher\" content=\"https:\/\/www.facebook.com\/cupoftea.si\/\" \/>\n<meta property=\"og:image\" content=\"https:\/\/www.cupoftea.si\/wp-content\/uploads\/2018\/06\/P-Cup-of-tea_2000px_250kb-23.jpg\" \/>\n\t<meta property=\"og:image:width\" content=\"2000\" \/>\n\t<meta property=\"og:image:height\" content=\"1333\" \/>\n\t<meta property=\"og:image:type\" content=\"image\/jpeg\" \/>\n<meta name=\"twitter:card\" content=\"summary_large_image\" \/>\n<meta name=\"twitter:site\" content=\"@CupOfTeaSI\" \/>\n<script type=\"application\/ld+json\" class=\"yoast-schema-graph\">{\"@context\":\"https:\/\/schema.org\",\"@graph\":[{\"@type\":\"WebPage\",\"@id\":\"https:\/\/www.cupoftea.si\/fr\/produit\/coussin-carre-retour-au-velours\/\",\"url\":\"https:\/\/www.cupoftea.si\/fr\/produit\/coussin-carre-retour-au-velours\/\",\"name\":\"Coussin carr\u00e9 Retour au velours - CUP OF TEA\",\"isPartOf\":{\"@id\":\"https:\/\/www.cupoftea.si\/#website\"},\"primaryImageOfPage\":{\"@id\":\"https:\/\/www.cupoftea.si\/fr\/produit\/coussin-carre-retour-au-velours\/#primaryimage\"},\"image\":{\"@id\":\"https:\/\/www.cupoftea.si\/fr\/produit\/coussin-carre-retour-au-velours\/#primaryimage\"},\"thumbnailUrl\":\"https:\/\/www.cupoftea.si\/wp-content\/uploads\/2018\/06\/P-Cup-of-tea_2000px_250kb-23.jpg\",\"datePublished\":\"2018-06-13T17:16:27+00:00\",\"breadcrumb\":{\"@id\":\"https:\/\/www.cupoftea.si\/fr\/produit\/coussin-carre-retour-au-velours\/#breadcrumb\"},\"inLanguage\":\"fr-FR\",\"potentialAction\":[{\"@type\":\"ReadAction\",\"target\":[\"https:\/\/www.cupoftea.si\/fr\/produit\/coussin-carre-retour-au-velours\/\"]}]},{\"@type\":\"ImageObject\",\"inLanguage\":\"fr-FR\",\"@id\":\"https:\/\/www.cupoftea.si\/fr\/produit\/coussin-carre-retour-au-velours\/#primaryimage\",\"url\":\"https:\/\/www.cupoftea.si\/wp-content\/uploads\/2018\/06\/P-Cup-of-tea_2000px_250kb-23.jpg\",\"contentUrl\":\"https:\/\/www.cupoftea.si\/wp-content\/uploads\/2018\/06\/P-Cup-of-tea_2000px_250kb-23.jpg\",\"width\":2000,\"height\":1333,\"caption\":\"CUP OF TEA Coussin carr\u00e9 Retour au velours\"},{\"@type\":\"BreadcrumbList\",\"@id\":\"https:\/\/www.cupoftea.si\/fr\/produit\/coussin-carre-retour-au-velours\/#breadcrumb\",\"itemListElement\":[{\"@type\":\"ListItem\",\"position\":1,\"name\":\"Home\",\"item\":\"https:\/\/www.cupoftea.si\/fr\/\"},{\"@type\":\"ListItem\",\"position\":2,\"name\":\"Boutique\",\"item\":\"https:\/\/www.cupoftea.si\/fr\/boutique\/\"},{\"@type\":\"ListItem\",\"position\":3,\"name\":\"Coussin carr\u00e9 Retour au velours\"}]},{\"@type\":\"WebSite\",\"@id\":\"https:\/\/www.cupoftea.si\/#website\",\"url\":\"https:\/\/www.cupoftea.si\/\",\"name\":\"CUP OF TEA\",\"description\":\"Reloved Furniture &amp; Interiors\",\"potentialAction\":[{\"@type\":\"SearchAction\",\"target\":{\"@type\":\"EntryPoint\",\"urlTemplate\":\"https:\/\/www.cupoftea.si\/?s={search_term_string}\"},\"query-input\":{\"@type\":\"PropertyValueSpecification\",\"valueRequired\":true,\"valueName\":\"search_term_string\"}}],\"inLanguage\":\"fr-FR\"}]}<\/script>\n<!-- \/ Yoast SEO plugin. -->","yoast_head_json":{"title":"Coussin carr\u00e9 Retour au velours - CUP OF TEA","robots":{"index":"index","follow":"follow","max-snippet":"max-snippet:-1","max-image-preview":"max-image-preview:large","max-video-preview":"max-video-preview:-1"},"canonical":"https:\/\/www.cupoftea.si\/fr\/produit\/coussin-carre-retour-au-velours\/","og_locale":"fr_FR","og_type":"article","og_title":"Coussin carr\u00e9 Retour au velours - CUP OF TEA","og_description":"Couleur :\u00a0Veuillez s\u00e9lectionner l\u2019une des options ci-dessous. (La couleur du produit peut varier l\u00e9g\u00e8rement de ce qui est affich\u00e9 \u00e0 l\u2019\u00e9cran.)  Mati\u00e8re : Le coussin est fait de velours de haute qualit\u00e9. Nous utilisons un rembourrage en polyester pour un entretien facile et un confort de longue dur\u00e9e.  Dimensions :\u00a040 x 40 cm","og_url":"https:\/\/www.cupoftea.si\/fr\/produit\/coussin-carre-retour-au-velours\/","og_site_name":"CUP OF TEA","article_publisher":"https:\/\/www.facebook.com\/cupoftea.si\/","og_image":[{"width":2000,"height":1333,"url":"https:\/\/www.cupoftea.si\/wp-content\/uploads\/2018\/06\/P-Cup-of-tea_2000px_250kb-23.jpg","type":"image\/jpeg"}],"twitter_card":"summary_large_image","twitter_site":"@CupOfTeaSI","schema":{"@context":"https:\/\/schema.org","@graph":[{"@type":"WebPage","@id":"https:\/\/www.cupoftea.si\/fr\/produit\/coussin-carre-retour-au-velours\/","url":"https:\/\/www.cupoftea.si\/fr\/produit\/coussin-carre-retour-au-velours\/","name":"Coussin carr\u00e9 Retour au velours - CUP OF TEA","isPartOf":{"@id":"https:\/\/www.cupoftea.si\/#website"},"primaryImageOfPage":{"@id":"https:\/\/www.cupoftea.si\/fr\/produit\/coussin-carre-retour-au-velours\/#primaryimage"},"image":{"@id":"https:\/\/www.cupoftea.si\/fr\/produit\/coussin-carre-retour-au-velours\/#primaryimage"},"thumbnailUrl":"https:\/\/www.cupoftea.si\/wp-content\/uploads\/2018\/06\/P-Cup-of-tea_2000px_250kb-23.jpg","datePublished":"2018-06-13T17:16:27+00:00","breadcrumb":{"@id":"https:\/\/www.cupoftea.si\/fr\/produit\/coussin-carre-retour-au-velours\/#breadcrumb"},"inLanguage":"fr-FR","potentialAction":[{"@type":"ReadAction","target":["https:\/\/www.cupoftea.si\/fr\/produit\/coussin-carre-retour-au-velours\/"]}]},{"@type":"ImageObject","inLanguage":"fr-FR","@id":"https:\/\/www.cupoftea.si\/fr\/produit\/coussin-carre-retour-au-velours\/#primaryimage","url":"https:\/\/www.cupoftea.si\/wp-content\/uploads\/2018\/06\/P-Cup-of-tea_2000px_250kb-23.jpg","contentUrl":"https:\/\/www.cupoftea.si\/wp-content\/uploads\/2018\/06\/P-Cup-of-tea_2000px_250kb-23.jpg","width":2000,"height":1333,"caption":"CUP OF TEA Coussin carr\u00e9 Retour au velours"},{"@type":"BreadcrumbList","@id":"https:\/\/www.cupoftea.si\/fr\/produit\/coussin-carre-retour-au-velours\/#breadcrumb","itemListElement":[{"@type":"ListItem","position":1,"name":"Home","item":"https:\/\/www.cupoftea.si\/fr\/"},{"@type":"ListItem","position":2,"name":"Boutique","item":"https:\/\/www.cupoftea.si\/fr\/boutique\/"},{"@type":"ListItem","position":3,"name":"Coussin carr\u00e9 Retour au velours"}]},{"@type":"WebSite","@id":"https:\/\/www.cupoftea.si\/#website","url":"https:\/\/www.cupoftea.si\/","name":"CUP OF TEA","description":"Reloved Furniture &amp; Interiors","potentialAction":[{"@type":"SearchAction","target":{"@type":"EntryPoint","urlTemplate":"https:\/\/www.cupoftea.si\/?s={search_term_string}"},"query-input":{"@type":"PropertyValueSpecification","valueRequired":true,"valueName":"search_term_string"}}],"inLanguage":"fr-FR"}]}},"_links":{"self":[{"href":"https:\/\/www.cupoftea.si\/fr\/wp-json\/wp\/v2\/product\/11825"}],"collection":[{"href":"https:\/\/www.cupoftea.si\/fr\/wp-json\/wp\/v2\/product"}],"about":[{"href":"https:\/\/www.cupoftea.si\/fr\/wp-json\/wp\/v2\/types\/product"}],"wp:featuredmedia":[{"embeddable":true,"href":"https:\/\/www.cupoftea.si\/fr\/wp-json\/wp\/v2\/media\/11826"}],"wp:attachment":[{"href":"https:\/\/www.cupoftea.si\/fr\/wp-json\/wp\/v2\/media?parent=11825"}],"wp:term":[{"taxonomy":"product_brand","embeddable":true,"href":"https:\/\/www.cupoftea.si\/fr\/wp-json\/wp\/v2\/product_brand?post=11825"},{"taxonomy":"product_cat","embeddable":true,"href":"https:\/\/www.cupoftea.si\/fr\/wp-json\/wp\/v2\/product_cat?post=11825"},{"taxonomy":"product_tag","embeddable":true,"href":"https:\/\/www.cupoftea.si\/fr\/wp-json\/wp\/v2\/product_tag?post=11825"}],"curies":[{"name":"wp","href":"https:\/\/api.w.org\/{rel}","templated":true}]}}