{"id":11893,"date":"2017-11-04T15:07:52","date_gmt":"2017-11-04T14:07:52","guid":{"rendered":"https:\/\/www.cupoftea.si\/product\/coussin-a-pois-au-crochet-3\/"},"modified":"2021-10-12T20:56:09","modified_gmt":"2021-10-12T18:56:09","slug":"coussin-a-pois-au-crochet-menthe","status":"publish","type":"product","link":"https:\/\/www.cupoftea.si\/fr\/produit\/coussin-a-pois-au-crochet-menthe\/","title":{"rendered":"Coussin \u00e0 pois au crochet"},"content":{"rendered":"<p>Coussin unique fait \u00e0 la main en Slov\u00e9nie \/ Europe, il arbore des n\u0153uds \u00e0 l\u2019avant et rev\u00eat un doux tissu \u00e0 l\u2019arri\u00e8re. C\u2019est un coussin qui vous enchantera par sa douceur et sa chaleur, pour une une sensation de confort toute particuli\u00e8re.<\/p>\n","protected":false},"excerpt":{"rendered":"<p><strong>Couleur :\u00a0<\/strong>Menthe\u00a0(La couleur du produit peut varier l\u00e9g\u00e8rement de ce qui est affich\u00e9 \u00e0 l\u2019\u00e9cran.)<\/p>\n<p><strong>Mati\u00e8re : <\/strong>La housse est faite de fils soigneusement s\u00e9lectionn\u00e9s, qui conf\u00e8rent au coussin une douceur et une facilit\u00e9 d\u2019utilisation exceptionnelles. Le dos de la housse est en coton et la fermeture \u00e9clair n\u2019est pas visible.<\/p>\n<p><strong>Dimensions :<\/strong> 40 x 40 cm<\/p>\n","protected":false},"featured_media":11894,"template":"","meta":{"_acf_changed":false,"_links_to":"","_links_to_target":""},"product_brand":[],"product_cat":[673,675],"product_tag":[680,683],"class_list":{"0":"post-11893","1":"product","2":"type-product","3":"status-publish","4":"has-post-thumbnail","6":"product_cat-crochet-fr-2","7":"product_cat-pois-crochet","8":"product_tag-crochet-fr","9":"product_tag-coussins","11":"first","12":"outofstock","13":"shipping-taxable","14":"purchasable","15":"product-type-simple"},"acf":[],"yoast_head":"<!-- This site is optimized with the Yoast SEO plugin v25.2 - https:\/\/yoast.com\/wordpress\/plugins\/seo\/ -->\n<title>Coussin \u00e0 pois au crochet - CUP OF TEA<\/title>\n<meta name=\"robots\" content=\"index, follow, max-snippet:-1, max-image-preview:large, max-video-preview:-1\" \/>\n<link rel=\"canonical\" href=\"https:\/\/www.cupoftea.si\/fr\/produit\/coussin-a-pois-au-crochet-menthe\/\" \/>\n<meta property=\"og:locale\" content=\"fr_FR\" \/>\n<meta property=\"og:type\" content=\"article\" \/>\n<meta property=\"og:title\" content=\"Coussin \u00e0 pois au crochet - CUP OF TEA\" \/>\n<meta property=\"og:description\" content=\"Couleur :\u00a0Menthe\u00a0(La couleur du produit peut varier l\u00e9g\u00e8rement de ce qui est affich\u00e9 \u00e0 l\u2019\u00e9cran.)  Mati\u00e8re : La housse est faite de fils soigneusement s\u00e9lectionn\u00e9s, qui conf\u00e8rent au coussin une douceur et une facilit\u00e9 d\u2019utilisation exceptionnelles. Le dos de la housse est en coton et la fermeture \u00e9clair n\u2019est pas visible.  Dimensions : 40 x 40 cm\" \/>\n<meta property=\"og:url\" content=\"https:\/\/www.cupoftea.si\/fr\/produit\/coussin-a-pois-au-crochet-menthe\/\" \/>\n<meta property=\"og:site_name\" content=\"CUP OF TEA\" \/>\n<meta property=\"article:publisher\" content=\"https:\/\/www.facebook.com\/cupoftea.si\/\" \/>\n<meta property=\"article:modified_time\" content=\"2021-10-12T18:56:09+00:00\" \/>\n<meta property=\"og:image\" content=\"https:\/\/www.cupoftea.si\/wp-content\/uploads\/2017\/11\/Cup_of_Tea_chrochet_cushion_cover-30-1024x683-1.jpg\" \/>\n\t<meta property=\"og:image:width\" content=\"1024\" \/>\n\t<meta property=\"og:image:height\" content=\"683\" \/>\n\t<meta property=\"og:image:type\" content=\"image\/jpeg\" \/>\n<meta name=\"twitter:card\" content=\"summary_large_image\" \/>\n<meta name=\"twitter:site\" content=\"@CupOfTeaSI\" \/>\n<script type=\"application\/ld+json\" class=\"yoast-schema-graph\">{\"@context\":\"https:\/\/schema.org\",\"@graph\":[{\"@type\":\"WebPage\",\"@id\":\"https:\/\/www.cupoftea.si\/fr\/produit\/coussin-a-pois-au-crochet-menthe\/\",\"url\":\"https:\/\/www.cupoftea.si\/fr\/produit\/coussin-a-pois-au-crochet-menthe\/\",\"name\":\"Coussin \u00e0 pois au crochet - CUP OF TEA\",\"isPartOf\":{\"@id\":\"https:\/\/www.cupoftea.si\/#website\"},\"primaryImageOfPage\":{\"@id\":\"https:\/\/www.cupoftea.si\/fr\/produit\/coussin-a-pois-au-crochet-menthe\/#primaryimage\"},\"image\":{\"@id\":\"https:\/\/www.cupoftea.si\/fr\/produit\/coussin-a-pois-au-crochet-menthe\/#primaryimage\"},\"thumbnailUrl\":\"https:\/\/www.cupoftea.si\/wp-content\/uploads\/2017\/11\/Cup_of_Tea_chrochet_cushion_cover-30-1024x683-1.jpg\",\"datePublished\":\"2017-11-04T14:07:52+00:00\",\"dateModified\":\"2021-10-12T18:56:09+00:00\",\"breadcrumb\":{\"@id\":\"https:\/\/www.cupoftea.si\/fr\/produit\/coussin-a-pois-au-crochet-menthe\/#breadcrumb\"},\"inLanguage\":\"fr-FR\",\"potentialAction\":[{\"@type\":\"ReadAction\",\"target\":[\"https:\/\/www.cupoftea.si\/fr\/produit\/coussin-a-pois-au-crochet-menthe\/\"]}]},{\"@type\":\"ImageObject\",\"inLanguage\":\"fr-FR\",\"@id\":\"https:\/\/www.cupoftea.si\/fr\/produit\/coussin-a-pois-au-crochet-menthe\/#primaryimage\",\"url\":\"https:\/\/www.cupoftea.si\/wp-content\/uploads\/2017\/11\/Cup_of_Tea_chrochet_cushion_cover-30-1024x683-1.jpg\",\"contentUrl\":\"https:\/\/www.cupoftea.si\/wp-content\/uploads\/2017\/11\/Cup_of_Tea_chrochet_cushion_cover-30-1024x683-1.jpg\",\"width\":1024,\"height\":683,\"caption\":\"CUP OF TEA Coussin \u00e0 pois au crochet Menthe\"},{\"@type\":\"BreadcrumbList\",\"@id\":\"https:\/\/www.cupoftea.si\/fr\/produit\/coussin-a-pois-au-crochet-menthe\/#breadcrumb\",\"itemListElement\":[{\"@type\":\"ListItem\",\"position\":1,\"name\":\"Home\",\"item\":\"https:\/\/www.cupoftea.si\/fr\/\"},{\"@type\":\"ListItem\",\"position\":2,\"name\":\"Boutique\",\"item\":\"https:\/\/www.cupoftea.si\/fr\/boutique\/\"},{\"@type\":\"ListItem\",\"position\":3,\"name\":\"Coussin \u00e0 pois au crochet\"}]},{\"@type\":\"WebSite\",\"@id\":\"https:\/\/www.cupoftea.si\/#website\",\"url\":\"https:\/\/www.cupoftea.si\/\",\"name\":\"CUP OF TEA\",\"description\":\"Reloved Furniture &amp; Interiors\",\"potentialAction\":[{\"@type\":\"SearchAction\",\"target\":{\"@type\":\"EntryPoint\",\"urlTemplate\":\"https:\/\/www.cupoftea.si\/?s={search_term_string}\"},\"query-input\":{\"@type\":\"PropertyValueSpecification\",\"valueRequired\":true,\"valueName\":\"search_term_string\"}}],\"inLanguage\":\"fr-FR\"}]}<\/script>\n<!-- \/ Yoast SEO plugin. -->","yoast_head_json":{"title":"Coussin \u00e0 pois au crochet - CUP OF TEA","robots":{"index":"index","follow":"follow","max-snippet":"max-snippet:-1","max-image-preview":"max-image-preview:large","max-video-preview":"max-video-preview:-1"},"canonical":"https:\/\/www.cupoftea.si\/fr\/produit\/coussin-a-pois-au-crochet-menthe\/","og_locale":"fr_FR","og_type":"article","og_title":"Coussin \u00e0 pois au crochet - CUP OF TEA","og_description":"Couleur :\u00a0Menthe\u00a0(La couleur du produit peut varier l\u00e9g\u00e8rement de ce qui est affich\u00e9 \u00e0 l\u2019\u00e9cran.)  Mati\u00e8re : La housse est faite de fils soigneusement s\u00e9lectionn\u00e9s, qui conf\u00e8rent au coussin une douceur et une facilit\u00e9 d\u2019utilisation exceptionnelles. Le dos de la housse est en coton et la fermeture \u00e9clair n\u2019est pas visible.  Dimensions : 40 x 40 cm","og_url":"https:\/\/www.cupoftea.si\/fr\/produit\/coussin-a-pois-au-crochet-menthe\/","og_site_name":"CUP OF TEA","article_publisher":"https:\/\/www.facebook.com\/cupoftea.si\/","article_modified_time":"2021-10-12T18:56:09+00:00","og_image":[{"width":1024,"height":683,"url":"https:\/\/www.cupoftea.si\/wp-content\/uploads\/2017\/11\/Cup_of_Tea_chrochet_cushion_cover-30-1024x683-1.jpg","type":"image\/jpeg"}],"twitter_card":"summary_large_image","twitter_site":"@CupOfTeaSI","schema":{"@context":"https:\/\/schema.org","@graph":[{"@type":"WebPage","@id":"https:\/\/www.cupoftea.si\/fr\/produit\/coussin-a-pois-au-crochet-menthe\/","url":"https:\/\/www.cupoftea.si\/fr\/produit\/coussin-a-pois-au-crochet-menthe\/","name":"Coussin \u00e0 pois au crochet - CUP OF TEA","isPartOf":{"@id":"https:\/\/www.cupoftea.si\/#website"},"primaryImageOfPage":{"@id":"https:\/\/www.cupoftea.si\/fr\/produit\/coussin-a-pois-au-crochet-menthe\/#primaryimage"},"image":{"@id":"https:\/\/www.cupoftea.si\/fr\/produit\/coussin-a-pois-au-crochet-menthe\/#primaryimage"},"thumbnailUrl":"https:\/\/www.cupoftea.si\/wp-content\/uploads\/2017\/11\/Cup_of_Tea_chrochet_cushion_cover-30-1024x683-1.jpg","datePublished":"2017-11-04T14:07:52+00:00","dateModified":"2021-10-12T18:56:09+00:00","breadcrumb":{"@id":"https:\/\/www.cupoftea.si\/fr\/produit\/coussin-a-pois-au-crochet-menthe\/#breadcrumb"},"inLanguage":"fr-FR","potentialAction":[{"@type":"ReadAction","target":["https:\/\/www.cupoftea.si\/fr\/produit\/coussin-a-pois-au-crochet-menthe\/"]}]},{"@type":"ImageObject","inLanguage":"fr-FR","@id":"https:\/\/www.cupoftea.si\/fr\/produit\/coussin-a-pois-au-crochet-menthe\/#primaryimage","url":"https:\/\/www.cupoftea.si\/wp-content\/uploads\/2017\/11\/Cup_of_Tea_chrochet_cushion_cover-30-1024x683-1.jpg","contentUrl":"https:\/\/www.cupoftea.si\/wp-content\/uploads\/2017\/11\/Cup_of_Tea_chrochet_cushion_cover-30-1024x683-1.jpg","width":1024,"height":683,"caption":"CUP OF TEA Coussin \u00e0 pois au crochet Menthe"},{"@type":"BreadcrumbList","@id":"https:\/\/www.cupoftea.si\/fr\/produit\/coussin-a-pois-au-crochet-menthe\/#breadcrumb","itemListElement":[{"@type":"ListItem","position":1,"name":"Home","item":"https:\/\/www.cupoftea.si\/fr\/"},{"@type":"ListItem","position":2,"name":"Boutique","item":"https:\/\/www.cupoftea.si\/fr\/boutique\/"},{"@type":"ListItem","position":3,"name":"Coussin \u00e0 pois au crochet"}]},{"@type":"WebSite","@id":"https:\/\/www.cupoftea.si\/#website","url":"https:\/\/www.cupoftea.si\/","name":"CUP OF TEA","description":"Reloved Furniture &amp; Interiors","potentialAction":[{"@type":"SearchAction","target":{"@type":"EntryPoint","urlTemplate":"https:\/\/www.cupoftea.si\/?s={search_term_string}"},"query-input":{"@type":"PropertyValueSpecification","valueRequired":true,"valueName":"search_term_string"}}],"inLanguage":"fr-FR"}]}},"_links":{"self":[{"href":"https:\/\/www.cupoftea.si\/fr\/wp-json\/wp\/v2\/product\/11893"}],"collection":[{"href":"https:\/\/www.cupoftea.si\/fr\/wp-json\/wp\/v2\/product"}],"about":[{"href":"https:\/\/www.cupoftea.si\/fr\/wp-json\/wp\/v2\/types\/product"}],"wp:featuredmedia":[{"embeddable":true,"href":"https:\/\/www.cupoftea.si\/fr\/wp-json\/wp\/v2\/media\/11894"}],"wp:attachment":[{"href":"https:\/\/www.cupoftea.si\/fr\/wp-json\/wp\/v2\/media?parent=11893"}],"wp:term":[{"taxonomy":"product_brand","embeddable":true,"href":"https:\/\/www.cupoftea.si\/fr\/wp-json\/wp\/v2\/product_brand?post=11893"},{"taxonomy":"product_cat","embeddable":true,"href":"https:\/\/www.cupoftea.si\/fr\/wp-json\/wp\/v2\/product_cat?post=11893"},{"taxonomy":"product_tag","embeddable":true,"href":"https:\/\/www.cupoftea.si\/fr\/wp-json\/wp\/v2\/product_tag?post=11893"}],"curies":[{"name":"wp","href":"https:\/\/api.w.org\/{rel}","templated":true}]}}