{"id":12238,"date":"2022-07-12T15:46:22","date_gmt":"2022-07-12T13:46:22","guid":{"rendered":"https:\/\/www.cupoftea.si\/?post_type=product&#038;p=12238"},"modified":"2022-11-07T11:59:03","modified_gmt":"2022-11-07T10:59:03","slug":"fauteuil-relooke-085","status":"publish","type":"product","link":"https:\/\/www.cupoftea.si\/fr\/produit\/fauteuil-relooke-085\/","title":{"rendered":"Fauteuil relook\u00e9 085"},"content":{"rendered":"<p>Ce fauteuil relook\u00e9 a \u00e9t\u00e9 restaur\u00e9 avec beaucoup d\u2019amour, il est maintenant pr\u00eat pour une seconde chance dans sa nouvelle maison. Il a b\u00e9n\u00e9fici\u00e9 d\u2019une attention soign\u00e9e et d\u2019une transformation moderne afin qu\u2019il conserve tout son confort pour les ann\u00e9es \u00e0 venir. Nos fauteuils sont les laur\u00e9ats du label unique de design d\u2019excellence \u201cMade in Slovenia\u201d.<\/p>\n<p>Cet article est le r\u00e9sultat de notre collaboration avec la talentueuse Aljo Horvat.<\/p>\n","protected":false},"excerpt":{"rendered":"<p><strong>Couleur :<\/strong> motif Free As A Bird par Alja Horvat (La couleur peut varier l\u00e9g\u00e8rement en raison de la r\u00e9solution de l&rsquo;\u00e9cran.)<\/p>\n<p><strong>Mati\u00e8re :<\/strong> Le bois d\u2019origine de ce fauteuil a \u00e9t\u00e9 conserv\u00e9; de nouveaux coussins confortables ont \u00e9t\u00e9 ajout\u00e9s et recouverts de coton de haute qualit\u00e9 soigneusement s\u00e9lectionn\u00e9.<\/p>\n<p><strong>Dimension :<\/strong> 75 (hauteur) x 63 (largeur) x 74 (profondeur) cm<br \/>\n49 (profondeur du si\u00e8ge) &amp; 38 (hauteur du si\u00e8ge) cm<\/p>\n<p>&nbsp;<\/p>\n","protected":false},"featured_media":12240,"template":"","meta":{"_acf_changed":false,"_links_to":"","_links_to_target":""},"product_brand":[],"product_cat":[798,666],"product_tag":[667],"class_list":{"0":"post-12238","1":"product","2":"type-product","3":"status-publish","4":"has-post-thumbnail","6":"product_cat-collaborations-fr","7":"product_cat-mobilier","8":"product_tag-chaise","10":"first","11":"outofstock","12":"shipping-taxable","13":"product-type-simple"},"acf":[],"yoast_head":"<!-- This site is optimized with the Yoast SEO plugin v25.2 - https:\/\/yoast.com\/wordpress\/plugins\/seo\/ -->\n<title>Fauteuil relook\u00e9 085 - CUP OF TEA<\/title>\n<meta name=\"robots\" content=\"index, follow, max-snippet:-1, max-image-preview:large, max-video-preview:-1\" \/>\n<link rel=\"canonical\" href=\"https:\/\/www.cupoftea.si\/fr\/produit\/fauteuil-relooke-085\/\" \/>\n<meta property=\"og:locale\" content=\"fr_FR\" \/>\n<meta property=\"og:type\" content=\"article\" \/>\n<meta property=\"og:title\" content=\"Fauteuil relook\u00e9 085 - CUP OF TEA\" \/>\n<meta property=\"og:description\" content=\"Couleur : motif Free As A Bird par Alja Horvat (La couleur peut varier l\u00e9g\u00e8rement en raison de la r\u00e9solution de l&#039;\u00e9cran.)  Mati\u00e8re : Le bois d\u2019origine de ce fauteuil a \u00e9t\u00e9 conserv\u00e9; de nouveaux coussins confortables ont \u00e9t\u00e9 ajout\u00e9s et recouverts de coton de haute qualit\u00e9 soigneusement s\u00e9lectionn\u00e9.  Dimension : 75 (hauteur) x 63 (largeur) x 74 (profondeur) cm 49 (profondeur du si\u00e8ge) &amp; 38 (hauteur du si\u00e8ge) cm  &nbsp;\" \/>\n<meta property=\"og:url\" content=\"https:\/\/www.cupoftea.si\/fr\/produit\/fauteuil-relooke-085\/\" \/>\n<meta property=\"og:site_name\" content=\"CUP OF TEA\" \/>\n<meta property=\"article:publisher\" content=\"https:\/\/www.facebook.com\/cupoftea.si\/\" \/>\n<meta property=\"article:modified_time\" content=\"2022-11-07T10:59:03+00:00\" \/>\n<meta property=\"og:image\" content=\"https:\/\/www.cupoftea.si\/wp-content\/uploads\/2022\/07\/DSCF7843-2048pxCE-e1657634225874.jpg\" \/>\n\t<meta property=\"og:image:width\" content=\"1525\" \/>\n\t<meta property=\"og:image:height\" content=\"1525\" \/>\n\t<meta property=\"og:image:type\" content=\"image\/jpeg\" \/>\n<meta name=\"twitter:card\" content=\"summary_large_image\" \/>\n<meta name=\"twitter:site\" content=\"@CupOfTeaSI\" \/>\n<meta name=\"twitter:label1\" content=\"Dur\u00e9e de lecture estim\u00e9e\" \/>\n\t<meta name=\"twitter:data1\" content=\"1 minute\" \/>\n<script type=\"application\/ld+json\" class=\"yoast-schema-graph\">{\"@context\":\"https:\/\/schema.org\",\"@graph\":[{\"@type\":\"WebPage\",\"@id\":\"https:\/\/www.cupoftea.si\/fr\/produit\/fauteuil-relooke-085\/\",\"url\":\"https:\/\/www.cupoftea.si\/fr\/produit\/fauteuil-relooke-085\/\",\"name\":\"Fauteuil relook\u00e9 085 - CUP OF TEA\",\"isPartOf\":{\"@id\":\"https:\/\/www.cupoftea.si\/#website\"},\"primaryImageOfPage\":{\"@id\":\"https:\/\/www.cupoftea.si\/fr\/produit\/fauteuil-relooke-085\/#primaryimage\"},\"image\":{\"@id\":\"https:\/\/www.cupoftea.si\/fr\/produit\/fauteuil-relooke-085\/#primaryimage\"},\"thumbnailUrl\":\"https:\/\/www.cupoftea.si\/wp-content\/uploads\/2022\/07\/DSCF7843-2048pxCE-e1657634225874.jpg\",\"datePublished\":\"2022-07-12T13:46:22+00:00\",\"dateModified\":\"2022-11-07T10:59:03+00:00\",\"breadcrumb\":{\"@id\":\"https:\/\/www.cupoftea.si\/fr\/produit\/fauteuil-relooke-085\/#breadcrumb\"},\"inLanguage\":\"fr-FR\",\"potentialAction\":[{\"@type\":\"ReadAction\",\"target\":[\"https:\/\/www.cupoftea.si\/fr\/produit\/fauteuil-relooke-085\/\"]}]},{\"@type\":\"ImageObject\",\"inLanguage\":\"fr-FR\",\"@id\":\"https:\/\/www.cupoftea.si\/fr\/produit\/fauteuil-relooke-085\/#primaryimage\",\"url\":\"https:\/\/www.cupoftea.si\/wp-content\/uploads\/2022\/07\/DSCF7843-2048pxCE-e1657634225874.jpg\",\"contentUrl\":\"https:\/\/www.cupoftea.si\/wp-content\/uploads\/2022\/07\/DSCF7843-2048pxCE-e1657634225874.jpg\",\"width\":1525,\"height\":1525,\"caption\":\"Alja Horvat X Cup of Tea |\"},{\"@type\":\"BreadcrumbList\",\"@id\":\"https:\/\/www.cupoftea.si\/fr\/produit\/fauteuil-relooke-085\/#breadcrumb\",\"itemListElement\":[{\"@type\":\"ListItem\",\"position\":1,\"name\":\"Home\",\"item\":\"https:\/\/www.cupoftea.si\/fr\/\"},{\"@type\":\"ListItem\",\"position\":2,\"name\":\"Boutique\",\"item\":\"https:\/\/www.cupoftea.si\/fr\/boutique\/\"},{\"@type\":\"ListItem\",\"position\":3,\"name\":\"Fauteuil relook\u00e9 085\"}]},{\"@type\":\"WebSite\",\"@id\":\"https:\/\/www.cupoftea.si\/#website\",\"url\":\"https:\/\/www.cupoftea.si\/\",\"name\":\"CUP OF TEA\",\"description\":\"Reloved Furniture &amp; Interiors\",\"potentialAction\":[{\"@type\":\"SearchAction\",\"target\":{\"@type\":\"EntryPoint\",\"urlTemplate\":\"https:\/\/www.cupoftea.si\/?s={search_term_string}\"},\"query-input\":{\"@type\":\"PropertyValueSpecification\",\"valueRequired\":true,\"valueName\":\"search_term_string\"}}],\"inLanguage\":\"fr-FR\"}]}<\/script>\n<!-- \/ Yoast SEO plugin. -->","yoast_head_json":{"title":"Fauteuil relook\u00e9 085 - CUP OF TEA","robots":{"index":"index","follow":"follow","max-snippet":"max-snippet:-1","max-image-preview":"max-image-preview:large","max-video-preview":"max-video-preview:-1"},"canonical":"https:\/\/www.cupoftea.si\/fr\/produit\/fauteuil-relooke-085\/","og_locale":"fr_FR","og_type":"article","og_title":"Fauteuil relook\u00e9 085 - CUP OF TEA","og_description":"Couleur : motif Free As A Bird par Alja Horvat (La couleur peut varier l\u00e9g\u00e8rement en raison de la r\u00e9solution de l'\u00e9cran.)  Mati\u00e8re : Le bois d\u2019origine de ce fauteuil a \u00e9t\u00e9 conserv\u00e9; de nouveaux coussins confortables ont \u00e9t\u00e9 ajout\u00e9s et recouverts de coton de haute qualit\u00e9 soigneusement s\u00e9lectionn\u00e9.  Dimension : 75 (hauteur) x 63 (largeur) x 74 (profondeur) cm 49 (profondeur du si\u00e8ge) &amp; 38 (hauteur du si\u00e8ge) cm  &nbsp;","og_url":"https:\/\/www.cupoftea.si\/fr\/produit\/fauteuil-relooke-085\/","og_site_name":"CUP OF TEA","article_publisher":"https:\/\/www.facebook.com\/cupoftea.si\/","article_modified_time":"2022-11-07T10:59:03+00:00","og_image":[{"width":1525,"height":1525,"url":"https:\/\/www.cupoftea.si\/wp-content\/uploads\/2022\/07\/DSCF7843-2048pxCE-e1657634225874.jpg","type":"image\/jpeg"}],"twitter_card":"summary_large_image","twitter_site":"@CupOfTeaSI","twitter_misc":{"Dur\u00e9e de lecture estim\u00e9e":"1 minute"},"schema":{"@context":"https:\/\/schema.org","@graph":[{"@type":"WebPage","@id":"https:\/\/www.cupoftea.si\/fr\/produit\/fauteuil-relooke-085\/","url":"https:\/\/www.cupoftea.si\/fr\/produit\/fauteuil-relooke-085\/","name":"Fauteuil relook\u00e9 085 - CUP OF TEA","isPartOf":{"@id":"https:\/\/www.cupoftea.si\/#website"},"primaryImageOfPage":{"@id":"https:\/\/www.cupoftea.si\/fr\/produit\/fauteuil-relooke-085\/#primaryimage"},"image":{"@id":"https:\/\/www.cupoftea.si\/fr\/produit\/fauteuil-relooke-085\/#primaryimage"},"thumbnailUrl":"https:\/\/www.cupoftea.si\/wp-content\/uploads\/2022\/07\/DSCF7843-2048pxCE-e1657634225874.jpg","datePublished":"2022-07-12T13:46:22+00:00","dateModified":"2022-11-07T10:59:03+00:00","breadcrumb":{"@id":"https:\/\/www.cupoftea.si\/fr\/produit\/fauteuil-relooke-085\/#breadcrumb"},"inLanguage":"fr-FR","potentialAction":[{"@type":"ReadAction","target":["https:\/\/www.cupoftea.si\/fr\/produit\/fauteuil-relooke-085\/"]}]},{"@type":"ImageObject","inLanguage":"fr-FR","@id":"https:\/\/www.cupoftea.si\/fr\/produit\/fauteuil-relooke-085\/#primaryimage","url":"https:\/\/www.cupoftea.si\/wp-content\/uploads\/2022\/07\/DSCF7843-2048pxCE-e1657634225874.jpg","contentUrl":"https:\/\/www.cupoftea.si\/wp-content\/uploads\/2022\/07\/DSCF7843-2048pxCE-e1657634225874.jpg","width":1525,"height":1525,"caption":"Alja Horvat X Cup of Tea |"},{"@type":"BreadcrumbList","@id":"https:\/\/www.cupoftea.si\/fr\/produit\/fauteuil-relooke-085\/#breadcrumb","itemListElement":[{"@type":"ListItem","position":1,"name":"Home","item":"https:\/\/www.cupoftea.si\/fr\/"},{"@type":"ListItem","position":2,"name":"Boutique","item":"https:\/\/www.cupoftea.si\/fr\/boutique\/"},{"@type":"ListItem","position":3,"name":"Fauteuil relook\u00e9 085"}]},{"@type":"WebSite","@id":"https:\/\/www.cupoftea.si\/#website","url":"https:\/\/www.cupoftea.si\/","name":"CUP OF TEA","description":"Reloved Furniture &amp; Interiors","potentialAction":[{"@type":"SearchAction","target":{"@type":"EntryPoint","urlTemplate":"https:\/\/www.cupoftea.si\/?s={search_term_string}"},"query-input":{"@type":"PropertyValueSpecification","valueRequired":true,"valueName":"search_term_string"}}],"inLanguage":"fr-FR"}]}},"_links":{"self":[{"href":"https:\/\/www.cupoftea.si\/fr\/wp-json\/wp\/v2\/product\/12238"}],"collection":[{"href":"https:\/\/www.cupoftea.si\/fr\/wp-json\/wp\/v2\/product"}],"about":[{"href":"https:\/\/www.cupoftea.si\/fr\/wp-json\/wp\/v2\/types\/product"}],"wp:featuredmedia":[{"embeddable":true,"href":"https:\/\/www.cupoftea.si\/fr\/wp-json\/wp\/v2\/media\/12240"}],"wp:attachment":[{"href":"https:\/\/www.cupoftea.si\/fr\/wp-json\/wp\/v2\/media?parent=12238"}],"wp:term":[{"taxonomy":"product_brand","embeddable":true,"href":"https:\/\/www.cupoftea.si\/fr\/wp-json\/wp\/v2\/product_brand?post=12238"},{"taxonomy":"product_cat","embeddable":true,"href":"https:\/\/www.cupoftea.si\/fr\/wp-json\/wp\/v2\/product_cat?post=12238"},{"taxonomy":"product_tag","embeddable":true,"href":"https:\/\/www.cupoftea.si\/fr\/wp-json\/wp\/v2\/product_tag?post=12238"}],"curies":[{"name":"wp","href":"https:\/\/api.w.org\/{rel}","templated":true}]}}