{"id":15190,"date":"2021-10-25T18:39:41","date_gmt":"2021-10-25T16:39:41","guid":{"rendered":"https:\/\/www.cupoftea.si\/product\/chaise-relookee-079-080-081\/"},"modified":"2021-10-25T18:39:41","modified_gmt":"2021-10-25T16:39:41","slug":"chaise-relookee-079-080-081","status":"publish","type":"product","link":"https:\/\/www.cupoftea.si\/fr\/produit\/chaise-relookee-079-080-081\/","title":{"rendered":"Chaise relook\u00e9e 079, 080 &#038; 081"},"content":{"rendered":"<p><span data-sheets-value=\"{&quot;1&quot;:2,&quot;2&quot;:&quot;Ce fauteuil relook\u00e9 a \u00e9t\u00e9 restaur\u00e9 avec beaucoup d\u2019amour, il est maintenant pr\u00eat pour une seconde chance dans sa nouvelle maison. Il a b\u00e9n\u00e9fici\u00e9 d\u2019une attention soign\u00e9e et d\u2019une transformation moderne afin qu\u2019il conserve tout son confort pour les ann\u00e9es \u00e0 venir. Nos fauteuils sont les laur\u00e9ats du label unique de design d\u2019excellence \u201cMade in Slovenia\u201d.&quot;}\" data-sheets-userformat=\"{&quot;2&quot;:13245,&quot;3&quot;:{&quot;1&quot;:0},&quot;5&quot;:{&quot;1&quot;:[{&quot;1&quot;:2,&quot;2&quot;:0,&quot;5&quot;:{&quot;1&quot;:2,&quot;2&quot;:0}},{&quot;1&quot;:0,&quot;2&quot;:0,&quot;3&quot;:3},{&quot;1&quot;:1,&quot;2&quot;:0,&quot;4&quot;:1}]},&quot;6&quot;:{&quot;1&quot;:[{&quot;1&quot;:2,&quot;2&quot;:0,&quot;5&quot;:{&quot;1&quot;:2,&quot;2&quot;:0}},{&quot;1&quot;:0,&quot;2&quot;:0,&quot;3&quot;:3},{&quot;1&quot;:1,&quot;2&quot;:0,&quot;4&quot;:1}]},&quot;7&quot;:{&quot;1&quot;:[{&quot;1&quot;:2,&quot;2&quot;:0,&quot;5&quot;:{&quot;1&quot;:2,&quot;2&quot;:0}},{&quot;1&quot;:0,&quot;2&quot;:0,&quot;3&quot;:3},{&quot;1&quot;:1,&quot;2&quot;:0,&quot;4&quot;:1}]},&quot;8&quot;:{&quot;1&quot;:[{&quot;1&quot;:2,&quot;2&quot;:0,&quot;5&quot;:{&quot;1&quot;:2,&quot;2&quot;:0}},{&quot;1&quot;:0,&quot;2&quot;:0,&quot;3&quot;:3},{&quot;1&quot;:1,&quot;2&quot;:0,&quot;4&quot;:1}]},&quot;10&quot;:2,&quot;11&quot;:4,&quot;12&quot;:0,&quot;15&quot;:&quot;Calibri&quot;,&quot;16&quot;:11}\">Cette chaise relook\u00e9e a \u00e9t\u00e9 restaur\u00e9e avec beaucoup d\u2019amour, elle est maintenant pr\u00eate pour une seconde chance dans sa nouvelle maison. Elle a b\u00e9n\u00e9fici\u00e9 d\u2019une attention soign\u00e9e et d\u2019une transformation moderne afin qu\u2019elle conserve tout son confort pour les ann\u00e9es \u00e0 venir. Nos chaises sont les laur\u00e9ats du label unique de design d\u2019excellence \u201cMade in Slovenia\u201d.<\/span><\/p>\n","protected":false},"excerpt":{"rendered":"<p id=\"tw-target-text\" class=\"tw-data-text tw-text-large XcVN5d tw-ta\" dir=\"ltr\" data-placeholder=\"Translation\"><span class=\"Y2IQFc\" lang=\"fr\"><strong>Couleur :<\/strong> <span data-sheets-value=\"{&quot;1&quot;:2,&quot;2&quot;:&quot;Rose P\u00e2le&quot;}\" data-sheets-userformat=\"{&quot;2&quot;:573,&quot;3&quot;:{&quot;1&quot;:0},&quot;5&quot;:{&quot;1&quot;:[{&quot;1&quot;:2,&quot;2&quot;:0,&quot;5&quot;:{&quot;1&quot;:2,&quot;2&quot;:0}},{&quot;1&quot;:0,&quot;2&quot;:0,&quot;3&quot;:3},{&quot;1&quot;:1,&quot;2&quot;:0,&quot;4&quot;:1}]},&quot;6&quot;:{&quot;1&quot;:[{&quot;1&quot;:2,&quot;2&quot;:0,&quot;5&quot;:{&quot;1&quot;:2,&quot;2&quot;:0}},{&quot;1&quot;:0,&quot;2&quot;:0,&quot;3&quot;:3},{&quot;1&quot;:1,&quot;2&quot;:0,&quot;4&quot;:1}]},&quot;7&quot;:{&quot;1&quot;:[{&quot;1&quot;:2,&quot;2&quot;:0,&quot;5&quot;:{&quot;1&quot;:2,&quot;2&quot;:0}},{&quot;1&quot;:0,&quot;2&quot;:0,&quot;3&quot;:3},{&quot;1&quot;:1,&quot;2&quot;:0,&quot;4&quot;:1}]},&quot;8&quot;:{&quot;1&quot;:[{&quot;1&quot;:2,&quot;2&quot;:0,&quot;5&quot;:{&quot;1&quot;:2,&quot;2&quot;:0}},{&quot;1&quot;:0,&quot;2&quot;:0,&quot;3&quot;:3},{&quot;1&quot;:1,&quot;2&quot;:0,&quot;4&quot;:1}]},&quot;12&quot;:0}\">Rose P\u00e2le ou Orange Sanguine<\/span> (La couleur peut varier l\u00e9g\u00e8rement en raison de la r\u00e9solution de l&rsquo;\u00e9cran.)<\/span><\/p>\n<p><strong>Mati\u00e8re :<\/strong> <span data-sheets-value=\"{&quot;1&quot;:2,&quot;2&quot;:&quot;Mati\u00e8re : Le bois d\u2019origine de ce chaise a \u00e9t\u00e9 conserv\u00e9; de nouveaux coussins confortables ont \u00e9t\u00e9 ajout\u00e9s et recouverts de velours de haute qualit\u00e9 soigneusement s\u00e9lectionn\u00e9.&quot;}\" data-sheets-userformat=\"{&quot;2&quot;:13245,&quot;3&quot;:{&quot;1&quot;:0},&quot;5&quot;:{&quot;1&quot;:[{&quot;1&quot;:2,&quot;2&quot;:0,&quot;5&quot;:{&quot;1&quot;:2,&quot;2&quot;:0}},{&quot;1&quot;:0,&quot;2&quot;:0,&quot;3&quot;:3},{&quot;1&quot;:1,&quot;2&quot;:0,&quot;4&quot;:1}]},&quot;6&quot;:{&quot;1&quot;:[{&quot;1&quot;:2,&quot;2&quot;:0,&quot;5&quot;:{&quot;1&quot;:2,&quot;2&quot;:0}},{&quot;1&quot;:0,&quot;2&quot;:0,&quot;3&quot;:3},{&quot;1&quot;:1,&quot;2&quot;:0,&quot;4&quot;:1}]},&quot;7&quot;:{&quot;1&quot;:[{&quot;1&quot;:2,&quot;2&quot;:0,&quot;5&quot;:{&quot;1&quot;:2,&quot;2&quot;:0}},{&quot;1&quot;:0,&quot;2&quot;:0,&quot;3&quot;:3},{&quot;1&quot;:1,&quot;2&quot;:0,&quot;4&quot;:1}]},&quot;8&quot;:{&quot;1&quot;:[{&quot;1&quot;:2,&quot;2&quot;:0,&quot;5&quot;:{&quot;1&quot;:2,&quot;2&quot;:0}},{&quot;1&quot;:0,&quot;2&quot;:0,&quot;3&quot;:3},{&quot;1&quot;:1,&quot;2&quot;:0,&quot;4&quot;:1}]},&quot;10&quot;:2,&quot;11&quot;:4,&quot;12&quot;:0,&quot;15&quot;:&quot;Calibri&quot;,&quot;16&quot;:11}\">Le bois d\u2019origine de cette chaise a \u00e9t\u00e9 conserv\u00e9; de nouveaux coussins confortables ont \u00e9t\u00e9 ajout\u00e9s et recouverts de boucl\u00e9 de haute qualit\u00e9 soigneusement s\u00e9lectionn\u00e9.<\/span><\/p>\n","protected":false},"featured_media":12025,"template":"","meta":{"_acf_changed":false,"_links_to":"","_links_to_target":""},"product_brand":[],"product_cat":[666],"product_tag":[667],"class_list":{"0":"post-15190","1":"product","2":"type-product","3":"status-publish","4":"has-post-thumbnail","6":"product_cat-mobilier","7":"product_tag-chaise","9":"first","10":"outofstock","11":"shipping-taxable","12":"product-type-variable"},"acf":[],"yoast_head":"<!-- This site is optimized with the Yoast SEO plugin v25.2 - https:\/\/yoast.com\/wordpress\/plugins\/seo\/ -->\n<title>Chaise relook\u00e9e 079, 080 &amp; 081 - CUP OF TEA<\/title>\n<meta name=\"robots\" content=\"index, follow, max-snippet:-1, max-image-preview:large, max-video-preview:-1\" \/>\n<link rel=\"canonical\" href=\"https:\/\/www.cupoftea.si\/fr\/produit\/chaise-relookee-079-080-081\/\" \/>\n<meta property=\"og:locale\" content=\"fr_FR\" \/>\n<meta property=\"og:type\" content=\"article\" \/>\n<meta property=\"og:title\" content=\"Chaise relook\u00e9e 079, 080 &amp; 081 - CUP OF TEA\" \/>\n<meta property=\"og:description\" content=\"Couleur : Rose P\u00e2le ou Orange Sanguine (La couleur peut varier l\u00e9g\u00e8rement en raison de la r\u00e9solution de l&#039;\u00e9cran.) Mati\u00e8re : Le bois d\u2019origine de cette chaise a \u00e9t\u00e9 conserv\u00e9; de nouveaux coussins confortables ont \u00e9t\u00e9 ajout\u00e9s et recouverts de boucl\u00e9 de haute qualit\u00e9 soigneusement s\u00e9lectionn\u00e9.\" \/>\n<meta property=\"og:url\" content=\"https:\/\/www.cupoftea.si\/fr\/produit\/chaise-relookee-079-080-081\/\" \/>\n<meta property=\"og:site_name\" content=\"CUP OF TEA\" \/>\n<meta property=\"article:publisher\" content=\"https:\/\/www.facebook.com\/cupoftea.si\/\" \/>\n<meta property=\"og:image\" content=\"https:\/\/www.cupoftea.si\/wp-content\/uploads\/2021\/10\/20210830-COT-produkti1321-2048px-e1635180629922.jpg\" \/>\n\t<meta property=\"og:image:width\" content=\"1525\" \/>\n\t<meta property=\"og:image:height\" content=\"1525\" \/>\n\t<meta property=\"og:image:type\" content=\"image\/jpeg\" \/>\n<meta name=\"twitter:card\" content=\"summary_large_image\" \/>\n<meta name=\"twitter:site\" content=\"@CupOfTeaSI\" \/>\n<script type=\"application\/ld+json\" class=\"yoast-schema-graph\">{\"@context\":\"https:\/\/schema.org\",\"@graph\":[{\"@type\":\"WebPage\",\"@id\":\"https:\/\/www.cupoftea.si\/fr\/produit\/chaise-relookee-079-080-081\/\",\"url\":\"https:\/\/www.cupoftea.si\/fr\/produit\/chaise-relookee-079-080-081\/\",\"name\":\"Chaise relook\u00e9e 079, 080 & 081 - CUP OF TEA\",\"isPartOf\":{\"@id\":\"https:\/\/www.cupoftea.si\/#website\"},\"primaryImageOfPage\":{\"@id\":\"https:\/\/www.cupoftea.si\/fr\/produit\/chaise-relookee-079-080-081\/#primaryimage\"},\"image\":{\"@id\":\"https:\/\/www.cupoftea.si\/fr\/produit\/chaise-relookee-079-080-081\/#primaryimage\"},\"thumbnailUrl\":\"https:\/\/www.cupoftea.si\/wp-content\/uploads\/2021\/10\/20210830-COT-produkti1321-2048px-e1635180629922.jpg\",\"datePublished\":\"2021-10-25T16:39:41+00:00\",\"breadcrumb\":{\"@id\":\"https:\/\/www.cupoftea.si\/fr\/produit\/chaise-relookee-079-080-081\/#breadcrumb\"},\"inLanguage\":\"fr-FR\",\"potentialAction\":[{\"@type\":\"ReadAction\",\"target\":[\"https:\/\/www.cupoftea.si\/fr\/produit\/chaise-relookee-079-080-081\/\"]}]},{\"@type\":\"ImageObject\",\"inLanguage\":\"fr-FR\",\"@id\":\"https:\/\/www.cupoftea.si\/fr\/produit\/chaise-relookee-079-080-081\/#primaryimage\",\"url\":\"https:\/\/www.cupoftea.si\/wp-content\/uploads\/2021\/10\/20210830-COT-produkti1321-2048px-e1635180629922.jpg\",\"contentUrl\":\"https:\/\/www.cupoftea.si\/wp-content\/uploads\/2021\/10\/20210830-COT-produkti1321-2048px-e1635180629922.jpg\",\"width\":1525,\"height\":1525,\"caption\":\"CHAISE RELOOK\u00c9E CUP OF TEA VINTAGE\"},{\"@type\":\"BreadcrumbList\",\"@id\":\"https:\/\/www.cupoftea.si\/fr\/produit\/chaise-relookee-079-080-081\/#breadcrumb\",\"itemListElement\":[{\"@type\":\"ListItem\",\"position\":1,\"name\":\"Home\",\"item\":\"https:\/\/www.cupoftea.si\/fr\/\"},{\"@type\":\"ListItem\",\"position\":2,\"name\":\"Boutique\",\"item\":\"https:\/\/www.cupoftea.si\/fr\/boutique\/\"},{\"@type\":\"ListItem\",\"position\":3,\"name\":\"Chaise relook\u00e9e 079, 080 &#038; 081\"}]},{\"@type\":\"WebSite\",\"@id\":\"https:\/\/www.cupoftea.si\/#website\",\"url\":\"https:\/\/www.cupoftea.si\/\",\"name\":\"CUP OF TEA\",\"description\":\"Reloved Furniture &amp; Interiors\",\"potentialAction\":[{\"@type\":\"SearchAction\",\"target\":{\"@type\":\"EntryPoint\",\"urlTemplate\":\"https:\/\/www.cupoftea.si\/?s={search_term_string}\"},\"query-input\":{\"@type\":\"PropertyValueSpecification\",\"valueRequired\":true,\"valueName\":\"search_term_string\"}}],\"inLanguage\":\"fr-FR\"}]}<\/script>\n<!-- \/ Yoast SEO plugin. -->","yoast_head_json":{"title":"Chaise relook\u00e9e 079, 080 & 081 - CUP OF TEA","robots":{"index":"index","follow":"follow","max-snippet":"max-snippet:-1","max-image-preview":"max-image-preview:large","max-video-preview":"max-video-preview:-1"},"canonical":"https:\/\/www.cupoftea.si\/fr\/produit\/chaise-relookee-079-080-081\/","og_locale":"fr_FR","og_type":"article","og_title":"Chaise relook\u00e9e 079, 080 & 081 - CUP OF TEA","og_description":"Couleur : Rose P\u00e2le ou Orange Sanguine (La couleur peut varier l\u00e9g\u00e8rement en raison de la r\u00e9solution de l'\u00e9cran.) Mati\u00e8re : Le bois d\u2019origine de cette chaise a \u00e9t\u00e9 conserv\u00e9; de nouveaux coussins confortables ont \u00e9t\u00e9 ajout\u00e9s et recouverts de boucl\u00e9 de haute qualit\u00e9 soigneusement s\u00e9lectionn\u00e9.","og_url":"https:\/\/www.cupoftea.si\/fr\/produit\/chaise-relookee-079-080-081\/","og_site_name":"CUP OF TEA","article_publisher":"https:\/\/www.facebook.com\/cupoftea.si\/","og_image":[{"width":1525,"height":1525,"url":"https:\/\/www.cupoftea.si\/wp-content\/uploads\/2021\/10\/20210830-COT-produkti1321-2048px-e1635180629922.jpg","type":"image\/jpeg"}],"twitter_card":"summary_large_image","twitter_site":"@CupOfTeaSI","schema":{"@context":"https:\/\/schema.org","@graph":[{"@type":"WebPage","@id":"https:\/\/www.cupoftea.si\/fr\/produit\/chaise-relookee-079-080-081\/","url":"https:\/\/www.cupoftea.si\/fr\/produit\/chaise-relookee-079-080-081\/","name":"Chaise relook\u00e9e 079, 080 & 081 - CUP OF TEA","isPartOf":{"@id":"https:\/\/www.cupoftea.si\/#website"},"primaryImageOfPage":{"@id":"https:\/\/www.cupoftea.si\/fr\/produit\/chaise-relookee-079-080-081\/#primaryimage"},"image":{"@id":"https:\/\/www.cupoftea.si\/fr\/produit\/chaise-relookee-079-080-081\/#primaryimage"},"thumbnailUrl":"https:\/\/www.cupoftea.si\/wp-content\/uploads\/2021\/10\/20210830-COT-produkti1321-2048px-e1635180629922.jpg","datePublished":"2021-10-25T16:39:41+00:00","breadcrumb":{"@id":"https:\/\/www.cupoftea.si\/fr\/produit\/chaise-relookee-079-080-081\/#breadcrumb"},"inLanguage":"fr-FR","potentialAction":[{"@type":"ReadAction","target":["https:\/\/www.cupoftea.si\/fr\/produit\/chaise-relookee-079-080-081\/"]}]},{"@type":"ImageObject","inLanguage":"fr-FR","@id":"https:\/\/www.cupoftea.si\/fr\/produit\/chaise-relookee-079-080-081\/#primaryimage","url":"https:\/\/www.cupoftea.si\/wp-content\/uploads\/2021\/10\/20210830-COT-produkti1321-2048px-e1635180629922.jpg","contentUrl":"https:\/\/www.cupoftea.si\/wp-content\/uploads\/2021\/10\/20210830-COT-produkti1321-2048px-e1635180629922.jpg","width":1525,"height":1525,"caption":"CHAISE RELOOK\u00c9E CUP OF TEA VINTAGE"},{"@type":"BreadcrumbList","@id":"https:\/\/www.cupoftea.si\/fr\/produit\/chaise-relookee-079-080-081\/#breadcrumb","itemListElement":[{"@type":"ListItem","position":1,"name":"Home","item":"https:\/\/www.cupoftea.si\/fr\/"},{"@type":"ListItem","position":2,"name":"Boutique","item":"https:\/\/www.cupoftea.si\/fr\/boutique\/"},{"@type":"ListItem","position":3,"name":"Chaise relook\u00e9e 079, 080 &#038; 081"}]},{"@type":"WebSite","@id":"https:\/\/www.cupoftea.si\/#website","url":"https:\/\/www.cupoftea.si\/","name":"CUP OF TEA","description":"Reloved Furniture &amp; Interiors","potentialAction":[{"@type":"SearchAction","target":{"@type":"EntryPoint","urlTemplate":"https:\/\/www.cupoftea.si\/?s={search_term_string}"},"query-input":{"@type":"PropertyValueSpecification","valueRequired":true,"valueName":"search_term_string"}}],"inLanguage":"fr-FR"}]}},"_links":{"self":[{"href":"https:\/\/www.cupoftea.si\/fr\/wp-json\/wp\/v2\/product\/15190"}],"collection":[{"href":"https:\/\/www.cupoftea.si\/fr\/wp-json\/wp\/v2\/product"}],"about":[{"href":"https:\/\/www.cupoftea.si\/fr\/wp-json\/wp\/v2\/types\/product"}],"wp:featuredmedia":[{"embeddable":true,"href":"https:\/\/www.cupoftea.si\/fr\/wp-json\/wp\/v2\/media\/12025"}],"wp:attachment":[{"href":"https:\/\/www.cupoftea.si\/fr\/wp-json\/wp\/v2\/media?parent=15190"}],"wp:term":[{"taxonomy":"product_brand","embeddable":true,"href":"https:\/\/www.cupoftea.si\/fr\/wp-json\/wp\/v2\/product_brand?post=15190"},{"taxonomy":"product_cat","embeddable":true,"href":"https:\/\/www.cupoftea.si\/fr\/wp-json\/wp\/v2\/product_cat?post=15190"},{"taxonomy":"product_tag","embeddable":true,"href":"https:\/\/www.cupoftea.si\/fr\/wp-json\/wp\/v2\/product_tag?post=15190"}],"curies":[{"name":"wp","href":"https:\/\/api.w.org\/{rel}","templated":true}]}}