{"id":15836,"date":"2021-01-30T11:30:12","date_gmt":"2021-01-30T10:30:12","guid":{"rendered":"https:\/\/www.cupoftea.si\/product\/coussin-rond-merinos-mania-2\/"},"modified":"2021-01-30T11:30:12","modified_gmt":"2021-01-30T10:30:12","slug":"coussin-rond-merinos-mania-2","status":"publish","type":"product","link":"https:\/\/www.cupoftea.si\/fr\/produit\/coussin-rond-merinos-mania-2\/","title":{"rendered":"Coussin rond M\u00e9rinos Mania"},"content":{"rendered":"<p>Le coussin tricot\u00e9 \u00e0 la main en laine 100 % m\u00e9rinos est extr\u00eamement doux, durable et agr\u00e9able. La laine m\u00e9rinos a des propri\u00e9t\u00e9s antibact\u00e9riennes et antimicrobiennes. De plus, c\u2019est une mati\u00e8re antistatique, r\u00e9sistante aux taches et qui n&rsquo;absorbe pas les odeurs.<\/p>\n","protected":false},"excerpt":{"rendered":"<p><strong>Couleur :<\/strong> Lavande. (La couleur du produit peut varier l\u00e9g\u00e8rement de ce qui est affich\u00e9 \u00e0 l\u2019\u00e9cran.)<\/p>\n<p><strong>Dimension:<\/strong>\u00a030 cm de diam\u00e8tre<\/p>\n<p><strong>Mati\u00e8re :<\/strong> Le coussin est fait de laine 100 % m\u00e9rinos (un mat\u00e9riau naturel adapt\u00e9 \u00e0 toutes les saisons).<\/p>\n","protected":false},"featured_media":14407,"template":"","meta":{"_acf_changed":false,"_links_to":"","_links_to_target":""},"product_brand":[],"product_cat":[767,931,932],"product_tag":[683,930],"class_list":{"0":"post-15836","1":"product","2":"type-product","3":"status-publish","4":"has-post-thumbnail","6":"product_cat-soldes","7":"product_cat-laine","8":"product_cat-tricot","9":"product_tag-coussins","10":"product_tag-laine","12":"first","13":"outofstock","14":"sale","15":"shipping-taxable","16":"purchasable","17":"product-type-simple"},"acf":[],"yoast_head":"<!-- This site is optimized with the Yoast SEO plugin v25.2 - https:\/\/yoast.com\/wordpress\/plugins\/seo\/ -->\n<title>Coussin rond M\u00e9rinos Mania - CUP OF TEA<\/title>\n<meta name=\"robots\" content=\"index, follow, max-snippet:-1, max-image-preview:large, max-video-preview:-1\" \/>\n<link rel=\"canonical\" href=\"https:\/\/www.cupoftea.si\/fr\/produit\/coussin-rond-merinos-mania-2\/\" \/>\n<meta property=\"og:locale\" content=\"fr_FR\" \/>\n<meta property=\"og:type\" content=\"article\" \/>\n<meta property=\"og:title\" content=\"Coussin rond M\u00e9rinos Mania - CUP OF TEA\" \/>\n<meta property=\"og:description\" content=\"Couleur : Lavande. (La couleur du produit peut varier l\u00e9g\u00e8rement de ce qui est affich\u00e9 \u00e0 l\u2019\u00e9cran.)  Dimension:\u00a030 cm de diam\u00e8tre  Mati\u00e8re : Le coussin est fait de laine 100 % m\u00e9rinos (un mat\u00e9riau naturel adapt\u00e9 \u00e0 toutes les saisons).\" \/>\n<meta property=\"og:url\" content=\"https:\/\/www.cupoftea.si\/fr\/produit\/coussin-rond-merinos-mania-2\/\" \/>\n<meta property=\"og:site_name\" content=\"CUP OF TEA\" \/>\n<meta property=\"article:publisher\" content=\"https:\/\/www.facebook.com\/cupoftea.si\/\" \/>\n<meta property=\"og:image\" content=\"https:\/\/www.cupoftea.si\/wp-content\/uploads\/2021\/01\/IMG_1431-3-scaled.jpg\" \/>\n\t<meta property=\"og:image:width\" content=\"2560\" \/>\n\t<meta property=\"og:image:height\" content=\"1711\" \/>\n\t<meta property=\"og:image:type\" content=\"image\/jpeg\" \/>\n<meta name=\"twitter:card\" content=\"summary_large_image\" \/>\n<meta name=\"twitter:site\" content=\"@CupOfTeaSI\" \/>\n<script type=\"application\/ld+json\" class=\"yoast-schema-graph\">{\"@context\":\"https:\/\/schema.org\",\"@graph\":[{\"@type\":\"WebPage\",\"@id\":\"https:\/\/www.cupoftea.si\/fr\/produit\/coussin-rond-merinos-mania-2\/\",\"url\":\"https:\/\/www.cupoftea.si\/fr\/produit\/coussin-rond-merinos-mania-2\/\",\"name\":\"Coussin rond M\u00e9rinos Mania - CUP OF TEA\",\"isPartOf\":{\"@id\":\"https:\/\/www.cupoftea.si\/#website\"},\"primaryImageOfPage\":{\"@id\":\"https:\/\/www.cupoftea.si\/fr\/produit\/coussin-rond-merinos-mania-2\/#primaryimage\"},\"image\":{\"@id\":\"https:\/\/www.cupoftea.si\/fr\/produit\/coussin-rond-merinos-mania-2\/#primaryimage\"},\"thumbnailUrl\":\"https:\/\/www.cupoftea.si\/wp-content\/uploads\/2021\/01\/IMG_1431-3-scaled.jpg\",\"datePublished\":\"2021-01-30T10:30:12+00:00\",\"breadcrumb\":{\"@id\":\"https:\/\/www.cupoftea.si\/fr\/produit\/coussin-rond-merinos-mania-2\/#breadcrumb\"},\"inLanguage\":\"fr-FR\",\"potentialAction\":[{\"@type\":\"ReadAction\",\"target\":[\"https:\/\/www.cupoftea.si\/fr\/produit\/coussin-rond-merinos-mania-2\/\"]}]},{\"@type\":\"ImageObject\",\"inLanguage\":\"fr-FR\",\"@id\":\"https:\/\/www.cupoftea.si\/fr\/produit\/coussin-rond-merinos-mania-2\/#primaryimage\",\"url\":\"https:\/\/www.cupoftea.si\/wp-content\/uploads\/2021\/01\/IMG_1431-3-scaled.jpg\",\"contentUrl\":\"https:\/\/www.cupoftea.si\/wp-content\/uploads\/2021\/01\/IMG_1431-3-scaled.jpg\",\"width\":2560,\"height\":1711,\"caption\":\"Coussin rond M\u00e9rinos Mania lavande\"},{\"@type\":\"BreadcrumbList\",\"@id\":\"https:\/\/www.cupoftea.si\/fr\/produit\/coussin-rond-merinos-mania-2\/#breadcrumb\",\"itemListElement\":[{\"@type\":\"ListItem\",\"position\":1,\"name\":\"Home\",\"item\":\"https:\/\/www.cupoftea.si\/fr\/\"},{\"@type\":\"ListItem\",\"position\":2,\"name\":\"Boutique\",\"item\":\"https:\/\/www.cupoftea.si\/fr\/boutique\/\"},{\"@type\":\"ListItem\",\"position\":3,\"name\":\"Coussin rond M\u00e9rinos Mania\"}]},{\"@type\":\"WebSite\",\"@id\":\"https:\/\/www.cupoftea.si\/#website\",\"url\":\"https:\/\/www.cupoftea.si\/\",\"name\":\"CUP OF TEA\",\"description\":\"Reloved Furniture &amp; Interiors\",\"potentialAction\":[{\"@type\":\"SearchAction\",\"target\":{\"@type\":\"EntryPoint\",\"urlTemplate\":\"https:\/\/www.cupoftea.si\/?s={search_term_string}\"},\"query-input\":{\"@type\":\"PropertyValueSpecification\",\"valueRequired\":true,\"valueName\":\"search_term_string\"}}],\"inLanguage\":\"fr-FR\"}]}<\/script>\n<!-- \/ Yoast SEO plugin. -->","yoast_head_json":{"title":"Coussin rond M\u00e9rinos Mania - CUP OF TEA","robots":{"index":"index","follow":"follow","max-snippet":"max-snippet:-1","max-image-preview":"max-image-preview:large","max-video-preview":"max-video-preview:-1"},"canonical":"https:\/\/www.cupoftea.si\/fr\/produit\/coussin-rond-merinos-mania-2\/","og_locale":"fr_FR","og_type":"article","og_title":"Coussin rond M\u00e9rinos Mania - CUP OF TEA","og_description":"Couleur : Lavande. (La couleur du produit peut varier l\u00e9g\u00e8rement de ce qui est affich\u00e9 \u00e0 l\u2019\u00e9cran.)  Dimension:\u00a030 cm de diam\u00e8tre  Mati\u00e8re : Le coussin est fait de laine 100 % m\u00e9rinos (un mat\u00e9riau naturel adapt\u00e9 \u00e0 toutes les saisons).","og_url":"https:\/\/www.cupoftea.si\/fr\/produit\/coussin-rond-merinos-mania-2\/","og_site_name":"CUP OF TEA","article_publisher":"https:\/\/www.facebook.com\/cupoftea.si\/","og_image":[{"width":2560,"height":1711,"url":"https:\/\/www.cupoftea.si\/wp-content\/uploads\/2021\/01\/IMG_1431-3-scaled.jpg","type":"image\/jpeg"}],"twitter_card":"summary_large_image","twitter_site":"@CupOfTeaSI","schema":{"@context":"https:\/\/schema.org","@graph":[{"@type":"WebPage","@id":"https:\/\/www.cupoftea.si\/fr\/produit\/coussin-rond-merinos-mania-2\/","url":"https:\/\/www.cupoftea.si\/fr\/produit\/coussin-rond-merinos-mania-2\/","name":"Coussin rond M\u00e9rinos Mania - CUP OF TEA","isPartOf":{"@id":"https:\/\/www.cupoftea.si\/#website"},"primaryImageOfPage":{"@id":"https:\/\/www.cupoftea.si\/fr\/produit\/coussin-rond-merinos-mania-2\/#primaryimage"},"image":{"@id":"https:\/\/www.cupoftea.si\/fr\/produit\/coussin-rond-merinos-mania-2\/#primaryimage"},"thumbnailUrl":"https:\/\/www.cupoftea.si\/wp-content\/uploads\/2021\/01\/IMG_1431-3-scaled.jpg","datePublished":"2021-01-30T10:30:12+00:00","breadcrumb":{"@id":"https:\/\/www.cupoftea.si\/fr\/produit\/coussin-rond-merinos-mania-2\/#breadcrumb"},"inLanguage":"fr-FR","potentialAction":[{"@type":"ReadAction","target":["https:\/\/www.cupoftea.si\/fr\/produit\/coussin-rond-merinos-mania-2\/"]}]},{"@type":"ImageObject","inLanguage":"fr-FR","@id":"https:\/\/www.cupoftea.si\/fr\/produit\/coussin-rond-merinos-mania-2\/#primaryimage","url":"https:\/\/www.cupoftea.si\/wp-content\/uploads\/2021\/01\/IMG_1431-3-scaled.jpg","contentUrl":"https:\/\/www.cupoftea.si\/wp-content\/uploads\/2021\/01\/IMG_1431-3-scaled.jpg","width":2560,"height":1711,"caption":"Coussin rond M\u00e9rinos Mania lavande"},{"@type":"BreadcrumbList","@id":"https:\/\/www.cupoftea.si\/fr\/produit\/coussin-rond-merinos-mania-2\/#breadcrumb","itemListElement":[{"@type":"ListItem","position":1,"name":"Home","item":"https:\/\/www.cupoftea.si\/fr\/"},{"@type":"ListItem","position":2,"name":"Boutique","item":"https:\/\/www.cupoftea.si\/fr\/boutique\/"},{"@type":"ListItem","position":3,"name":"Coussin rond M\u00e9rinos Mania"}]},{"@type":"WebSite","@id":"https:\/\/www.cupoftea.si\/#website","url":"https:\/\/www.cupoftea.si\/","name":"CUP OF TEA","description":"Reloved Furniture &amp; Interiors","potentialAction":[{"@type":"SearchAction","target":{"@type":"EntryPoint","urlTemplate":"https:\/\/www.cupoftea.si\/?s={search_term_string}"},"query-input":{"@type":"PropertyValueSpecification","valueRequired":true,"valueName":"search_term_string"}}],"inLanguage":"fr-FR"}]}},"_links":{"self":[{"href":"https:\/\/www.cupoftea.si\/fr\/wp-json\/wp\/v2\/product\/15836"}],"collection":[{"href":"https:\/\/www.cupoftea.si\/fr\/wp-json\/wp\/v2\/product"}],"about":[{"href":"https:\/\/www.cupoftea.si\/fr\/wp-json\/wp\/v2\/types\/product"}],"wp:featuredmedia":[{"embeddable":true,"href":"https:\/\/www.cupoftea.si\/fr\/wp-json\/wp\/v2\/media\/14407"}],"wp:attachment":[{"href":"https:\/\/www.cupoftea.si\/fr\/wp-json\/wp\/v2\/media?parent=15836"}],"wp:term":[{"taxonomy":"product_brand","embeddable":true,"href":"https:\/\/www.cupoftea.si\/fr\/wp-json\/wp\/v2\/product_brand?post=15836"},{"taxonomy":"product_cat","embeddable":true,"href":"https:\/\/www.cupoftea.si\/fr\/wp-json\/wp\/v2\/product_cat?post=15836"},{"taxonomy":"product_tag","embeddable":true,"href":"https:\/\/www.cupoftea.si\/fr\/wp-json\/wp\/v2\/product_tag?post=15836"}],"curies":[{"name":"wp","href":"https:\/\/api.w.org\/{rel}","templated":true}]}}