{"id":16339,"date":"2023-01-24T21:41:09","date_gmt":"2023-01-24T20:41:10","guid":{"rendered":"https:\/\/www.cupoftea.si\/?post_type=product&#038;p=16339"},"modified":"2023-03-24T09:29:20","modified_gmt":"2023-03-24T08:29:20","slug":"fauteuil-ciel-rose-001","status":"publish","type":"product","link":"https:\/\/www.cupoftea.si\/fr\/produit\/fauteuil-ciel-rose-001\/","title":{"rendered":"Fauteuil Ciel Rose 001"},"content":{"rendered":"<p>Le fauteuil unique Ciel Rose 001 est fabriqu\u00e9 \u00e0 la main avec beaucoup d&rsquo;amour dans le cadre de notre collection de produits d&rsquo;ameublement durables.\u00a0Il a b\u00e9n\u00e9fici\u00e9 d\u2019une attention soign\u00e9e afin qu\u2019il conserve tout son confort pour les ann\u00e9es \u00e0 venir.<\/p>\n","protected":false},"excerpt":{"rendered":"<p id=\"tw-target-text\" class=\"tw-data-text tw-text-large XcVN5d tw-ta\" dir=\"ltr\" data-placeholder=\"Translation\"><span class=\"Y2IQFc\" lang=\"fr\"><strong>Couleur :<\/strong> motif unique par Brinas Studio (La couleur peut varier l\u00e9g\u00e8rement en raison de la r\u00e9solution de l&rsquo;\u00e9cran.)<\/span><\/p>\n<p dir=\"ltr\" data-placeholder=\"Translation\"><strong>Dimension:<\/strong>\u00a067 (hauteur) x 70 (profondeur) x 65 (largeur) cm<br \/>\n65 (profondeur du si\u00e8ge) &amp; 40 (largeur du si\u00e8ge) cm<\/p>\n<p><span data-sheets-value=\"{&quot;1&quot;:2,&quot;2&quot;:&quot;Mati\u00e8re : Le bois d\u2019origine de ce fauteuil a \u00e9t\u00e9 conserv\u00e9; de nouveaux coussins confortables ont \u00e9t\u00e9 ajout\u00e9s et recouverts de velours de haute qualit\u00e9 soigneusement s\u00e9lectionn\u00e9.&quot;}\" data-sheets-userformat=\"{&quot;2&quot;:13245,&quot;3&quot;:{&quot;1&quot;:0},&quot;5&quot;:{&quot;1&quot;:[{&quot;1&quot;:2,&quot;2&quot;:0,&quot;5&quot;:{&quot;1&quot;:2,&quot;2&quot;:0}},{&quot;1&quot;:0,&quot;2&quot;:0,&quot;3&quot;:3},{&quot;1&quot;:1,&quot;2&quot;:0,&quot;4&quot;:1}]},&quot;6&quot;:{&quot;1&quot;:[{&quot;1&quot;:2,&quot;2&quot;:0,&quot;5&quot;:{&quot;1&quot;:2,&quot;2&quot;:0}},{&quot;1&quot;:0,&quot;2&quot;:0,&quot;3&quot;:3},{&quot;1&quot;:1,&quot;2&quot;:0,&quot;4&quot;:1}]},&quot;7&quot;:{&quot;1&quot;:[{&quot;1&quot;:2,&quot;2&quot;:0,&quot;5&quot;:{&quot;1&quot;:2,&quot;2&quot;:0}},{&quot;1&quot;:0,&quot;2&quot;:0,&quot;3&quot;:3},{&quot;1&quot;:1,&quot;2&quot;:0,&quot;4&quot;:1}]},&quot;8&quot;:{&quot;1&quot;:[{&quot;1&quot;:2,&quot;2&quot;:0,&quot;5&quot;:{&quot;1&quot;:2,&quot;2&quot;:0}},{&quot;1&quot;:0,&quot;2&quot;:0,&quot;3&quot;:3},{&quot;1&quot;:1,&quot;2&quot;:0,&quot;4&quot;:1}]},&quot;10&quot;:2,&quot;11&quot;:4,&quot;12&quot;:0,&quot;15&quot;:&quot;Calibri&quot;,&quot;16&quot;:11}\"><strong>Mati\u00e8re<\/strong> :\u00a0<\/span>les housses sont fabriqu\u00e9es \u00e0 partir d&rsquo;un m\u00e9lange de coton et de lin durable teint \u00e0 la main, les parties en bois sont fabriqu\u00e9es \u00e0 partir de h\u00eatre \u00e9tuv\u00e9<\/p>\n<p>&nbsp;<\/p>\n<p>&nbsp;<\/p>\n","protected":false},"featured_media":16248,"template":"","meta":{"_acf_changed":false,"_links_to":"","_links_to_target":""},"product_brand":[],"product_cat":[798],"product_tag":[968],"class_list":{"0":"post-16339","1":"product","2":"type-product","3":"status-publish","4":"has-post-thumbnail","6":"product_cat-collaborations-fr","7":"product_tag-fauteil","9":"first","10":"instock","11":"shipping-taxable","12":"purchasable","13":"product-type-simple"},"acf":[],"yoast_head":"<!-- This site is optimized with the Yoast SEO plugin v25.2 - https:\/\/yoast.com\/wordpress\/plugins\/seo\/ -->\n<title>Fauteuil Ciel Rose 001 - CUP OF TEA<\/title>\n<meta name=\"robots\" content=\"index, follow, max-snippet:-1, max-image-preview:large, max-video-preview:-1\" \/>\n<link rel=\"canonical\" href=\"https:\/\/www.cupoftea.si\/fr\/produit\/fauteuil-ciel-rose-001\/\" \/>\n<meta property=\"og:locale\" content=\"fr_FR\" \/>\n<meta property=\"og:type\" content=\"article\" \/>\n<meta property=\"og:title\" content=\"Fauteuil Ciel Rose 001 - CUP OF TEA\" \/>\n<meta property=\"og:description\" content=\"Couleur : motif unique par Brinas Studio (La couleur peut varier l\u00e9g\u00e8rement en raison de la r\u00e9solution de l&#039;\u00e9cran.) Dimension:\u00a067 (hauteur) x 70 (profondeur) x 65 (largeur) cm 65 (profondeur du si\u00e8ge) &amp; 40 (largeur du si\u00e8ge) cm Mati\u00e8re :\u00a0les housses sont fabriqu\u00e9es \u00e0 partir d&#039;un m\u00e9lange de coton et de lin durable teint \u00e0 la main, les parties en bois sont fabriqu\u00e9es \u00e0 partir de h\u00eatre \u00e9tuv\u00e9  &nbsp;  &nbsp;\" \/>\n<meta property=\"og:url\" content=\"https:\/\/www.cupoftea.si\/fr\/produit\/fauteuil-ciel-rose-001\/\" \/>\n<meta property=\"og:site_name\" content=\"CUP OF TEA\" \/>\n<meta property=\"article:publisher\" content=\"https:\/\/www.facebook.com\/cupoftea.si\/\" \/>\n<meta property=\"article:modified_time\" content=\"2023-03-24T08:29:20+00:00\" \/>\n<meta property=\"og:image\" content=\"https:\/\/www.cupoftea.si\/wp-content\/uploads\/2023\/01\/20221223-COT-produkti2515-1-2048px-200kb-e1674743435765.jpg\" \/>\n\t<meta property=\"og:image:width\" content=\"1536\" \/>\n\t<meta property=\"og:image:height\" content=\"2048\" \/>\n\t<meta property=\"og:image:type\" content=\"image\/jpeg\" \/>\n<meta name=\"twitter:card\" content=\"summary_large_image\" \/>\n<meta name=\"twitter:site\" content=\"@CupOfTeaSI\" \/>\n<script type=\"application\/ld+json\" class=\"yoast-schema-graph\">{\"@context\":\"https:\/\/schema.org\",\"@graph\":[{\"@type\":\"WebPage\",\"@id\":\"https:\/\/www.cupoftea.si\/fr\/produit\/fauteuil-ciel-rose-001\/\",\"url\":\"https:\/\/www.cupoftea.si\/fr\/produit\/fauteuil-ciel-rose-001\/\",\"name\":\"Fauteuil Ciel Rose 001 - CUP OF TEA\",\"isPartOf\":{\"@id\":\"https:\/\/www.cupoftea.si\/#website\"},\"primaryImageOfPage\":{\"@id\":\"https:\/\/www.cupoftea.si\/fr\/produit\/fauteuil-ciel-rose-001\/#primaryimage\"},\"image\":{\"@id\":\"https:\/\/www.cupoftea.si\/fr\/produit\/fauteuil-ciel-rose-001\/#primaryimage\"},\"thumbnailUrl\":\"https:\/\/www.cupoftea.si\/wp-content\/uploads\/2023\/01\/20221223-COT-produkti2515-1-2048px-200kb-e1674743435765.jpg\",\"datePublished\":\"2023-01-24T20:41:10+00:00\",\"dateModified\":\"2023-03-24T08:29:20+00:00\",\"breadcrumb\":{\"@id\":\"https:\/\/www.cupoftea.si\/fr\/produit\/fauteuil-ciel-rose-001\/#breadcrumb\"},\"inLanguage\":\"fr-FR\",\"potentialAction\":[{\"@type\":\"ReadAction\",\"target\":[\"https:\/\/www.cupoftea.si\/fr\/produit\/fauteuil-ciel-rose-001\/\"]}]},{\"@type\":\"ImageObject\",\"inLanguage\":\"fr-FR\",\"@id\":\"https:\/\/www.cupoftea.si\/fr\/produit\/fauteuil-ciel-rose-001\/#primaryimage\",\"url\":\"https:\/\/www.cupoftea.si\/wp-content\/uploads\/2023\/01\/20221223-COT-produkti2515-1-2048px-200kb-e1674743435765.jpg\",\"contentUrl\":\"https:\/\/www.cupoftea.si\/wp-content\/uploads\/2023\/01\/20221223-COT-produkti2515-1-2048px-200kb-e1674743435765.jpg\",\"width\":1536,\"height\":2048,\"caption\":\"fauteil cup of tea rose ciel durable teint \u00e0 la main\"},{\"@type\":\"BreadcrumbList\",\"@id\":\"https:\/\/www.cupoftea.si\/fr\/produit\/fauteuil-ciel-rose-001\/#breadcrumb\",\"itemListElement\":[{\"@type\":\"ListItem\",\"position\":1,\"name\":\"Home\",\"item\":\"https:\/\/www.cupoftea.si\/fr\/\"},{\"@type\":\"ListItem\",\"position\":2,\"name\":\"Boutique\",\"item\":\"https:\/\/www.cupoftea.si\/fr\/boutique\/\"},{\"@type\":\"ListItem\",\"position\":3,\"name\":\"Fauteuil Ciel Rose 001\"}]},{\"@type\":\"WebSite\",\"@id\":\"https:\/\/www.cupoftea.si\/#website\",\"url\":\"https:\/\/www.cupoftea.si\/\",\"name\":\"CUP OF TEA\",\"description\":\"Reloved Furniture &amp; Interiors\",\"potentialAction\":[{\"@type\":\"SearchAction\",\"target\":{\"@type\":\"EntryPoint\",\"urlTemplate\":\"https:\/\/www.cupoftea.si\/?s={search_term_string}\"},\"query-input\":{\"@type\":\"PropertyValueSpecification\",\"valueRequired\":true,\"valueName\":\"search_term_string\"}}],\"inLanguage\":\"fr-FR\"}]}<\/script>\n<!-- \/ Yoast SEO plugin. -->","yoast_head_json":{"title":"Fauteuil Ciel Rose 001 - CUP OF TEA","robots":{"index":"index","follow":"follow","max-snippet":"max-snippet:-1","max-image-preview":"max-image-preview:large","max-video-preview":"max-video-preview:-1"},"canonical":"https:\/\/www.cupoftea.si\/fr\/produit\/fauteuil-ciel-rose-001\/","og_locale":"fr_FR","og_type":"article","og_title":"Fauteuil Ciel Rose 001 - CUP OF TEA","og_description":"Couleur : motif unique par Brinas Studio (La couleur peut varier l\u00e9g\u00e8rement en raison de la r\u00e9solution de l'\u00e9cran.) Dimension:\u00a067 (hauteur) x 70 (profondeur) x 65 (largeur) cm 65 (profondeur du si\u00e8ge) &amp; 40 (largeur du si\u00e8ge) cm Mati\u00e8re :\u00a0les housses sont fabriqu\u00e9es \u00e0 partir d'un m\u00e9lange de coton et de lin durable teint \u00e0 la main, les parties en bois sont fabriqu\u00e9es \u00e0 partir de h\u00eatre \u00e9tuv\u00e9  &nbsp;  &nbsp;","og_url":"https:\/\/www.cupoftea.si\/fr\/produit\/fauteuil-ciel-rose-001\/","og_site_name":"CUP OF TEA","article_publisher":"https:\/\/www.facebook.com\/cupoftea.si\/","article_modified_time":"2023-03-24T08:29:20+00:00","og_image":[{"width":1536,"height":2048,"url":"https:\/\/www.cupoftea.si\/wp-content\/uploads\/2023\/01\/20221223-COT-produkti2515-1-2048px-200kb-e1674743435765.jpg","type":"image\/jpeg"}],"twitter_card":"summary_large_image","twitter_site":"@CupOfTeaSI","schema":{"@context":"https:\/\/schema.org","@graph":[{"@type":"WebPage","@id":"https:\/\/www.cupoftea.si\/fr\/produit\/fauteuil-ciel-rose-001\/","url":"https:\/\/www.cupoftea.si\/fr\/produit\/fauteuil-ciel-rose-001\/","name":"Fauteuil Ciel Rose 001 - CUP OF TEA","isPartOf":{"@id":"https:\/\/www.cupoftea.si\/#website"},"primaryImageOfPage":{"@id":"https:\/\/www.cupoftea.si\/fr\/produit\/fauteuil-ciel-rose-001\/#primaryimage"},"image":{"@id":"https:\/\/www.cupoftea.si\/fr\/produit\/fauteuil-ciel-rose-001\/#primaryimage"},"thumbnailUrl":"https:\/\/www.cupoftea.si\/wp-content\/uploads\/2023\/01\/20221223-COT-produkti2515-1-2048px-200kb-e1674743435765.jpg","datePublished":"2023-01-24T20:41:10+00:00","dateModified":"2023-03-24T08:29:20+00:00","breadcrumb":{"@id":"https:\/\/www.cupoftea.si\/fr\/produit\/fauteuil-ciel-rose-001\/#breadcrumb"},"inLanguage":"fr-FR","potentialAction":[{"@type":"ReadAction","target":["https:\/\/www.cupoftea.si\/fr\/produit\/fauteuil-ciel-rose-001\/"]}]},{"@type":"ImageObject","inLanguage":"fr-FR","@id":"https:\/\/www.cupoftea.si\/fr\/produit\/fauteuil-ciel-rose-001\/#primaryimage","url":"https:\/\/www.cupoftea.si\/wp-content\/uploads\/2023\/01\/20221223-COT-produkti2515-1-2048px-200kb-e1674743435765.jpg","contentUrl":"https:\/\/www.cupoftea.si\/wp-content\/uploads\/2023\/01\/20221223-COT-produkti2515-1-2048px-200kb-e1674743435765.jpg","width":1536,"height":2048,"caption":"fauteil cup of tea rose ciel durable teint \u00e0 la main"},{"@type":"BreadcrumbList","@id":"https:\/\/www.cupoftea.si\/fr\/produit\/fauteuil-ciel-rose-001\/#breadcrumb","itemListElement":[{"@type":"ListItem","position":1,"name":"Home","item":"https:\/\/www.cupoftea.si\/fr\/"},{"@type":"ListItem","position":2,"name":"Boutique","item":"https:\/\/www.cupoftea.si\/fr\/boutique\/"},{"@type":"ListItem","position":3,"name":"Fauteuil Ciel Rose 001"}]},{"@type":"WebSite","@id":"https:\/\/www.cupoftea.si\/#website","url":"https:\/\/www.cupoftea.si\/","name":"CUP OF TEA","description":"Reloved Furniture &amp; Interiors","potentialAction":[{"@type":"SearchAction","target":{"@type":"EntryPoint","urlTemplate":"https:\/\/www.cupoftea.si\/?s={search_term_string}"},"query-input":{"@type":"PropertyValueSpecification","valueRequired":true,"valueName":"search_term_string"}}],"inLanguage":"fr-FR"}]}},"_links":{"self":[{"href":"https:\/\/www.cupoftea.si\/fr\/wp-json\/wp\/v2\/product\/16339"}],"collection":[{"href":"https:\/\/www.cupoftea.si\/fr\/wp-json\/wp\/v2\/product"}],"about":[{"href":"https:\/\/www.cupoftea.si\/fr\/wp-json\/wp\/v2\/types\/product"}],"wp:featuredmedia":[{"embeddable":true,"href":"https:\/\/www.cupoftea.si\/fr\/wp-json\/wp\/v2\/media\/16248"}],"wp:attachment":[{"href":"https:\/\/www.cupoftea.si\/fr\/wp-json\/wp\/v2\/media?parent=16339"}],"wp:term":[{"taxonomy":"product_brand","embeddable":true,"href":"https:\/\/www.cupoftea.si\/fr\/wp-json\/wp\/v2\/product_brand?post=16339"},{"taxonomy":"product_cat","embeddable":true,"href":"https:\/\/www.cupoftea.si\/fr\/wp-json\/wp\/v2\/product_cat?post=16339"},{"taxonomy":"product_tag","embeddable":true,"href":"https:\/\/www.cupoftea.si\/fr\/wp-json\/wp\/v2\/product_tag?post=16339"}],"curies":[{"name":"wp","href":"https:\/\/api.w.org\/{rel}","templated":true}]}}