{"id":10355,"date":"2021-06-09T17:39:37","date_gmt":"2021-06-09T15:39:37","guid":{"rendered":"https:\/\/www.cupoftea.si\/?page_id=10355"},"modified":"2021-06-11T13:41:30","modified_gmt":"2021-06-11T11:41:30","slug":"znamka-odlicnosti-made-in-slovenia","status":"publish","type":"page","link":"https:\/\/www.cupoftea.si\/sl\/znamka-odlicnosti-made-in-slovenia\/","title":{"rendered":"Znamka odli\u010dnosti &#8220;Made in Slovenia&#8221;"},"content":{"rendered":"<section class=\"wpb-content-wrapper\"><p>[vc_row row_content_width=&#8221;grid&#8221; content_text_aligment=&#8221;left&#8221; use_row_as_full_screen_section=&#8221;no&#8221;][vc_column][vc_custom_heading text=&#8221;Unikatna zna\u010dka odli\u010dnosti &#8220;Made in Slovenia&#8220;&#8221; font_container=&#8221;tag:h2|text_align:center&#8221; google_fonts=&#8221;font_family:Open%20Sans%3A300%2C300italic%2Cregular%2Citalic%2C600%2C600italic%2C700%2C700italic%2C800%2C800italic|font_style:600%20bold%20regular%3A600%3Anormal&#8221;][vc_empty_space height=&#8221;14px&#8221;][vc_custom_heading text=&#8221;Unikatna zna\u010dka odli\u010dnosti &#8220;Made in Slovenia&#8220; uvr\u0161\u010da na\u0161e &#8220;Reloved Armchairs&#8220; v izbor slovenske oblikovalske odli\u010dnosti. Z znamko odli\u010dnosti se spodbuja razvoj izdelkov, in storitev, ki zdru\u017eujejo ustvarjalnost s poslovno vizijo. Center za kreativnost z zna\u010dko ustvarja kolekcijo, ki je v svetu prepoznana kot dobro slovensko oblikovanje, promovira trajnostna na\u010dela in ter prispeva k sodelovanju med kreativnim in gospodarskim sektorjem z namenom dru\u017ebenega napredka, razvoja inovativnih izdelkov in storitev ter prepoznavnosti slovenskih blagovnih znamk.&#8221; font_container=&#8221;tag:h2|font_size:16|text_align:center|color:%23666666|line_height:1.5&#8243; google_fonts=&#8221;font_family:Open%20Sans%3A300%2C300italic%2Cregular%2Citalic%2C600%2C600italic%2C700%2C700italic%2C800%2C800italic|font_style:300%20light%20regular%3A300%3Anormal&#8221;][\/vc_column][\/vc_row][vc_row content_text_aligment=&#8221;&#8221; use_row_as_full_screen_section=&#8221;no&#8221;][vc_column][vc_empty_space][\/vc_column][\/vc_row][vc_row row_content_width=&#8221;grid&#8221; content_text_aligment=&#8221;center&#8221; use_row_as_full_screen_section=&#8221;no&#8221;][vc_column][vc_single_image image=&#8221;10380&#8243; img_size=&#8221;full&#8221;][\/vc_column][\/vc_row][vc_row content_text_aligment=&#8221;&#8221; use_row_as_full_screen_section=&#8221;no&#8221;][vc_column][vc_empty_space height=&#8221;52px&#8221;][\/vc_column][\/vc_row]<\/p>\n<\/section>","protected":false},"excerpt":{"rendered":"<p>[vc_row row_content_width=&#8221;grid&#8221; content_text_aligment=&#8221;left&#8221; use_row_as_full_screen_section=&#8221;no&#8221;][vc_column][vc_custom_heading text=&#8221;Unikatna zna\u010dka odli\u010dnosti &#8220;Made in Slovenia&#8220;&#8221; font_container=&#8221;tag:h2|text_align:center&#8221; google_fonts=&#8221;font_family:Open%20Sans%3A300%2C300italic%2Cregular%2Citalic%2C600%2C600italic%2C700%2C700italic%2C800%2C800italic|font_style:600%20bold%20regular%3A600%3Anormal&#8221;][vc_empty_space height=&#8221;14px&#8221;][vc_custom_heading text=&#8221;Unikatna zna\u010dka odli\u010dnosti &#8220;Made in Slovenia&#8220; uvr\u0161\u010da na\u0161e &#8220;Reloved Armchairs&#8220; v izbor slovenske oblikovalske odli\u010dnosti. Z znamko odli\u010dnosti se spodbuja razvoj izdelkov, in storitev, ki zdru\u017eujejo ustvarjalnost s poslovno vizijo. Center za [&hellip;]<\/p>\n","protected":false},"author":5,"featured_media":0,"parent":0,"menu_order":0,"comment_status":"closed","ping_status":"closed","template":"","meta":{"_acf_changed":false,"footnotes":"","_links_to":"","_links_to_target":""},"class_list":["post-10355","page","type-page","status-publish","hentry"],"acf":[],"yoast_head":"<!-- This site is optimized with the Yoast SEO plugin v25.2 - https:\/\/yoast.com\/wordpress\/plugins\/seo\/ -->\n<title>Znamka odli\u010dnosti &quot;Made in Slovenia&quot; - CUP OF TEA<\/title>\n<meta name=\"robots\" content=\"index, follow, max-snippet:-1, max-image-preview:large, max-video-preview:-1\" \/>\n<link rel=\"canonical\" href=\"https:\/\/www.cupoftea.si\/sl\/znamka-odlicnosti-made-in-slovenia\/\" \/>\n<meta property=\"og:locale\" content=\"sl_SI\" \/>\n<meta property=\"og:type\" content=\"article\" \/>\n<meta property=\"og:title\" content=\"Znamka odli\u010dnosti &quot;Made in Slovenia&quot; - CUP OF TEA\" \/>\n<meta property=\"og:description\" content=\"[vc_row row_content_width=&#8221;grid&#8221; content_text_aligment=&#8221;left&#8221; use_row_as_full_screen_section=&#8221;no&#8221;][vc_column][vc_custom_heading text=&#8221;Unikatna zna\u010dka odli\u010dnosti &#8220;Made in Slovenia&#8220;&#8221; font_container=&#8221;tag:h2|text_align:center&#8221; google_fonts=&#8221;font_family:Open%20Sans%3A300%2C300italic%2Cregular%2Citalic%2C600%2C600italic%2C700%2C700italic%2C800%2C800italic|font_style:600%20bold%20regular%3A600%3Anormal&#8221;][vc_empty_space height=&#8221;14px&#8221;][vc_custom_heading text=&#8221;Unikatna zna\u010dka odli\u010dnosti &#8220;Made in Slovenia&#8220; uvr\u0161\u010da na\u0161e &#8220;Reloved Armchairs&#8220; v izbor slovenske oblikovalske odli\u010dnosti. Z znamko odli\u010dnosti se spodbuja razvoj izdelkov, in storitev, ki zdru\u017eujejo ustvarjalnost s poslovno vizijo. Center za [&hellip;]\" \/>\n<meta property=\"og:url\" content=\"https:\/\/www.cupoftea.si\/sl\/znamka-odlicnosti-made-in-slovenia\/\" \/>\n<meta property=\"og:site_name\" content=\"CUP OF TEA\" \/>\n<meta property=\"article:publisher\" content=\"https:\/\/www.facebook.com\/cupoftea.si\/\" \/>\n<meta property=\"article:modified_time\" content=\"2021-06-11T11:41:30+00:00\" \/>\n<meta property=\"og:image\" content=\"https:\/\/www.cupoftea.si\/wp-content\/uploads\/2017\/11\/cup_of_tea_velvet_cushion4.jpg\" \/>\n\t<meta property=\"og:image:width\" content=\"585\" \/>\n\t<meta property=\"og:image:height\" content=\"780\" \/>\n\t<meta property=\"og:image:type\" content=\"image\/jpeg\" \/>\n<meta name=\"twitter:card\" content=\"summary_large_image\" \/>\n<meta name=\"twitter:site\" content=\"@CupOfTeaSI\" \/>\n<meta name=\"twitter:label1\" content=\"Est. reading time\" \/>\n\t<meta name=\"twitter:data1\" content=\"1 minuta\" \/>\n<script type=\"application\/ld+json\" class=\"yoast-schema-graph\">{\"@context\":\"https:\/\/schema.org\",\"@graph\":[{\"@type\":\"WebPage\",\"@id\":\"https:\/\/www.cupoftea.si\/sl\/znamka-odlicnosti-made-in-slovenia\/\",\"url\":\"https:\/\/www.cupoftea.si\/sl\/znamka-odlicnosti-made-in-slovenia\/\",\"name\":\"Znamka odli\u010dnosti \\\"Made in Slovenia\\\" - CUP OF TEA\",\"isPartOf\":{\"@id\":\"https:\/\/www.cupoftea.si\/#website\"},\"datePublished\":\"2021-06-09T15:39:37+00:00\",\"dateModified\":\"2021-06-11T11:41:30+00:00\",\"breadcrumb\":{\"@id\":\"https:\/\/www.cupoftea.si\/sl\/znamka-odlicnosti-made-in-slovenia\/#breadcrumb\"},\"inLanguage\":\"sl-SI\",\"potentialAction\":[{\"@type\":\"ReadAction\",\"target\":[\"https:\/\/www.cupoftea.si\/sl\/znamka-odlicnosti-made-in-slovenia\/\"]}]},{\"@type\":\"BreadcrumbList\",\"@id\":\"https:\/\/www.cupoftea.si\/sl\/znamka-odlicnosti-made-in-slovenia\/#breadcrumb\",\"itemListElement\":[{\"@type\":\"ListItem\",\"position\":1,\"name\":\"Home\",\"item\":\"https:\/\/www.cupoftea.si\/sl\/\"},{\"@type\":\"ListItem\",\"position\":2,\"name\":\"Znamka odli\u010dnosti &#8220;Made in Slovenia&#8221;\"}]},{\"@type\":\"WebSite\",\"@id\":\"https:\/\/www.cupoftea.si\/#website\",\"url\":\"https:\/\/www.cupoftea.si\/\",\"name\":\"CUP OF TEA\",\"description\":\"Reloved Furniture &amp; Interiors\",\"potentialAction\":[{\"@type\":\"SearchAction\",\"target\":{\"@type\":\"EntryPoint\",\"urlTemplate\":\"https:\/\/www.cupoftea.si\/?s={search_term_string}\"},\"query-input\":{\"@type\":\"PropertyValueSpecification\",\"valueRequired\":true,\"valueName\":\"search_term_string\"}}],\"inLanguage\":\"sl-SI\"}]}<\/script>\n<!-- \/ Yoast SEO plugin. -->","yoast_head_json":{"title":"Znamka odli\u010dnosti \"Made in Slovenia\" - CUP OF TEA","robots":{"index":"index","follow":"follow","max-snippet":"max-snippet:-1","max-image-preview":"max-image-preview:large","max-video-preview":"max-video-preview:-1"},"canonical":"https:\/\/www.cupoftea.si\/sl\/znamka-odlicnosti-made-in-slovenia\/","og_locale":"sl_SI","og_type":"article","og_title":"Znamka odli\u010dnosti \"Made in Slovenia\" - CUP OF TEA","og_description":"[vc_row row_content_width=&#8221;grid&#8221; content_text_aligment=&#8221;left&#8221; use_row_as_full_screen_section=&#8221;no&#8221;][vc_column][vc_custom_heading text=&#8221;Unikatna zna\u010dka odli\u010dnosti &#8220;Made in Slovenia&#8220;&#8221; font_container=&#8221;tag:h2|text_align:center&#8221; google_fonts=&#8221;font_family:Open%20Sans%3A300%2C300italic%2Cregular%2Citalic%2C600%2C600italic%2C700%2C700italic%2C800%2C800italic|font_style:600%20bold%20regular%3A600%3Anormal&#8221;][vc_empty_space height=&#8221;14px&#8221;][vc_custom_heading text=&#8221;Unikatna zna\u010dka odli\u010dnosti &#8220;Made in Slovenia&#8220; uvr\u0161\u010da na\u0161e &#8220;Reloved Armchairs&#8220; v izbor slovenske oblikovalske odli\u010dnosti. Z znamko odli\u010dnosti se spodbuja razvoj izdelkov, in storitev, ki zdru\u017eujejo ustvarjalnost s poslovno vizijo. Center za [&hellip;]","og_url":"https:\/\/www.cupoftea.si\/sl\/znamka-odlicnosti-made-in-slovenia\/","og_site_name":"CUP OF TEA","article_publisher":"https:\/\/www.facebook.com\/cupoftea.si\/","article_modified_time":"2021-06-11T11:41:30+00:00","og_image":[{"width":585,"height":780,"url":"https:\/\/www.cupoftea.si\/wp-content\/uploads\/2017\/11\/cup_of_tea_velvet_cushion4.jpg","type":"image\/jpeg"}],"twitter_card":"summary_large_image","twitter_site":"@CupOfTeaSI","twitter_misc":{"Est. reading time":"1 minuta"},"schema":{"@context":"https:\/\/schema.org","@graph":[{"@type":"WebPage","@id":"https:\/\/www.cupoftea.si\/sl\/znamka-odlicnosti-made-in-slovenia\/","url":"https:\/\/www.cupoftea.si\/sl\/znamka-odlicnosti-made-in-slovenia\/","name":"Znamka odli\u010dnosti \"Made in Slovenia\" - CUP OF TEA","isPartOf":{"@id":"https:\/\/www.cupoftea.si\/#website"},"datePublished":"2021-06-09T15:39:37+00:00","dateModified":"2021-06-11T11:41:30+00:00","breadcrumb":{"@id":"https:\/\/www.cupoftea.si\/sl\/znamka-odlicnosti-made-in-slovenia\/#breadcrumb"},"inLanguage":"sl-SI","potentialAction":[{"@type":"ReadAction","target":["https:\/\/www.cupoftea.si\/sl\/znamka-odlicnosti-made-in-slovenia\/"]}]},{"@type":"BreadcrumbList","@id":"https:\/\/www.cupoftea.si\/sl\/znamka-odlicnosti-made-in-slovenia\/#breadcrumb","itemListElement":[{"@type":"ListItem","position":1,"name":"Home","item":"https:\/\/www.cupoftea.si\/sl\/"},{"@type":"ListItem","position":2,"name":"Znamka odli\u010dnosti &#8220;Made in Slovenia&#8221;"}]},{"@type":"WebSite","@id":"https:\/\/www.cupoftea.si\/#website","url":"https:\/\/www.cupoftea.si\/","name":"CUP OF TEA","description":"Reloved Furniture &amp; Interiors","potentialAction":[{"@type":"SearchAction","target":{"@type":"EntryPoint","urlTemplate":"https:\/\/www.cupoftea.si\/?s={search_term_string}"},"query-input":{"@type":"PropertyValueSpecification","valueRequired":true,"valueName":"search_term_string"}}],"inLanguage":"sl-SI"}]}},"_links":{"self":[{"href":"https:\/\/www.cupoftea.si\/sl\/wp-json\/wp\/v2\/pages\/10355"}],"collection":[{"href":"https:\/\/www.cupoftea.si\/sl\/wp-json\/wp\/v2\/pages"}],"about":[{"href":"https:\/\/www.cupoftea.si\/sl\/wp-json\/wp\/v2\/types\/page"}],"author":[{"embeddable":true,"href":"https:\/\/www.cupoftea.si\/sl\/wp-json\/wp\/v2\/users\/5"}],"replies":[{"embeddable":true,"href":"https:\/\/www.cupoftea.si\/sl\/wp-json\/wp\/v2\/comments?post=10355"}],"version-history":[{"count":6,"href":"https:\/\/www.cupoftea.si\/sl\/wp-json\/wp\/v2\/pages\/10355\/revisions"}],"predecessor-version":[{"id":10382,"href":"https:\/\/www.cupoftea.si\/sl\/wp-json\/wp\/v2\/pages\/10355\/revisions\/10382"}],"wp:attachment":[{"href":"https:\/\/www.cupoftea.si\/sl\/wp-json\/wp\/v2\/media?parent=10355"}],"curies":[{"name":"wp","href":"https:\/\/api.w.org\/{rel}","templated":true}]}}