{"id":10177,"date":"2021-05-28T13:24:07","date_gmt":"2021-05-28T11:24:07","guid":{"rendered":"https:\/\/www.cupoftea.si\/?post_type=product&#038;p=10177"},"modified":"2022-11-09T11:05:55","modified_gmt":"2022-11-09T10:05:55","slug":"naslonjac-z-ljubeznijo-069-070","status":"publish","type":"product","link":"https:\/\/www.cupoftea.si\/sl\/izdelek\/naslonjac-z-ljubeznijo-069-070\/","title":{"rendered":"Naslonja\u010d z ljubeznijo 069 &#038; 070"},"content":{"rendered":"<p>Naslonja\u010d je bil ro\u010dno, trajnostno obdelan z veliko mero ljubezni in je pripravljen na drugo prilo\u017enost v novem domu. Kan\u010dek skrbne pozornosti in moderna preobrazba sta poskrbeli, da bo naslonja\u010d \u0161e dolga leta ostal udoben kot je v tem trenutku. Na\u0161i naslonja\u010di so prejemniki unikatne una\u010dke odli\u010dnosti &#8220;Made in Slovenia&#8221;.<\/p>\n<p>Ta fotelj je plod na\u0161ega sodelovanja z nadarjeno slovensko modno oblikovalko Sanijo Reja.<\/p>\n","protected":false},"excerpt":{"rendered":"<p><strong>Barva:<\/strong>\u00a0Rde\u010da \u010de\u0161nja (Barva izdelka lahko rahlo odstopa od prikazane na zaslonu.)<\/p>\n<p><strong>Material:<\/strong> Naslonja\u010d je ohranil izvorni les, se ovil v nove, udobne blazine in pokril s kvalitetno, skrbno izbrano, \u017eametno prevleko.<\/p>\n","protected":false},"featured_media":10199,"template":"","meta":{"_acf_changed":false,"_links_to":"","_links_to_target":""},"product_brand":[],"product_cat":[800,448,576],"product_tag":[459],"class_list":{"0":"post-10177","1":"product","2":"type-product","3":"status-publish","4":"has-post-thumbnail","6":"product_cat-sodelovanja","7":"product_cat-pohistvo","8":"product_cat-odprodaja-zalog","9":"product_tag-stol","11":"first","12":"outofstock","13":"shipping-taxable","14":"product-type-simple"},"acf":[],"yoast_head":"<!-- This site is optimized with the Yoast SEO plugin v25.2 - https:\/\/yoast.com\/wordpress\/plugins\/seo\/ -->\n<title>Naslonja\u010d z ljubeznijo 069 &amp; 070 - CUP OF TEA<\/title>\n<meta name=\"robots\" content=\"index, follow, max-snippet:-1, max-image-preview:large, max-video-preview:-1\" \/>\n<link rel=\"canonical\" href=\"https:\/\/www.cupoftea.si\/sl\/izdelek\/naslonjac-z-ljubeznijo-069-070\/\" \/>\n<meta property=\"og:locale\" content=\"sl_SI\" \/>\n<meta property=\"og:type\" content=\"article\" \/>\n<meta property=\"og:title\" content=\"Naslonja\u010d z ljubeznijo 069 &amp; 070 - CUP OF TEA\" \/>\n<meta property=\"og:description\" content=\"Barva:\u00a0Rde\u010da \u010de\u0161nja (Barva izdelka lahko rahlo odstopa od prikazane na zaslonu.)  Material: Naslonja\u010d je ohranil izvorni les, se ovil v nove, udobne blazine in pokril s kvalitetno, skrbno izbrano, \u017eametno prevleko.\" \/>\n<meta property=\"og:url\" content=\"https:\/\/www.cupoftea.si\/sl\/izdelek\/naslonjac-z-ljubeznijo-069-070\/\" \/>\n<meta property=\"og:site_name\" content=\"CUP OF TEA\" \/>\n<meta property=\"article:publisher\" content=\"https:\/\/www.facebook.com\/cupoftea.si\/\" \/>\n<meta property=\"article:modified_time\" content=\"2022-11-09T10:05:55+00:00\" \/>\n<meta property=\"og:image\" content=\"https:\/\/www.cupoftea.si\/wp-content\/uploads\/2021\/06\/PSR-2000px-20210503-COT-produkti0958-scaled-e1622650787623.jpg\" \/>\n\t<meta property=\"og:image:width\" content=\"1920\" \/>\n\t<meta property=\"og:image:height\" content=\"2560\" \/>\n\t<meta property=\"og:image:type\" content=\"image\/jpeg\" \/>\n<meta name=\"twitter:card\" content=\"summary_large_image\" \/>\n<meta name=\"twitter:site\" content=\"@CupOfTeaSI\" \/>\n<meta name=\"twitter:label1\" content=\"Est. reading time\" \/>\n\t<meta name=\"twitter:data1\" content=\"1 minuta\" \/>\n<script type=\"application\/ld+json\" class=\"yoast-schema-graph\">{\"@context\":\"https:\/\/schema.org\",\"@graph\":[{\"@type\":\"WebPage\",\"@id\":\"https:\/\/www.cupoftea.si\/sl\/izdelek\/naslonjac-z-ljubeznijo-069-070\/\",\"url\":\"https:\/\/www.cupoftea.si\/sl\/izdelek\/naslonjac-z-ljubeznijo-069-070\/\",\"name\":\"Naslonja\u010d z ljubeznijo 069 & 070 - CUP OF TEA\",\"isPartOf\":{\"@id\":\"https:\/\/www.cupoftea.si\/#website\"},\"primaryImageOfPage\":{\"@id\":\"https:\/\/www.cupoftea.si\/sl\/izdelek\/naslonjac-z-ljubeznijo-069-070\/#primaryimage\"},\"image\":{\"@id\":\"https:\/\/www.cupoftea.si\/sl\/izdelek\/naslonjac-z-ljubeznijo-069-070\/#primaryimage\"},\"thumbnailUrl\":\"https:\/\/www.cupoftea.si\/wp-content\/uploads\/2021\/06\/PSR-2000px-20210503-COT-produkti0958-scaled-e1622650787623.jpg\",\"datePublished\":\"2021-05-28T11:24:07+00:00\",\"dateModified\":\"2022-11-09T10:05:55+00:00\",\"breadcrumb\":{\"@id\":\"https:\/\/www.cupoftea.si\/sl\/izdelek\/naslonjac-z-ljubeznijo-069-070\/#breadcrumb\"},\"inLanguage\":\"sl-SI\",\"potentialAction\":[{\"@type\":\"ReadAction\",\"target\":[\"https:\/\/www.cupoftea.si\/sl\/izdelek\/naslonjac-z-ljubeznijo-069-070\/\"]}]},{\"@type\":\"ImageObject\",\"inLanguage\":\"sl-SI\",\"@id\":\"https:\/\/www.cupoftea.si\/sl\/izdelek\/naslonjac-z-ljubeznijo-069-070\/#primaryimage\",\"url\":\"https:\/\/www.cupoftea.si\/wp-content\/uploads\/2021\/06\/PSR-2000px-20210503-COT-produkti0958-scaled-e1622650787623.jpg\",\"contentUrl\":\"https:\/\/www.cupoftea.si\/wp-content\/uploads\/2021\/06\/PSR-2000px-20210503-COT-produkti0958-scaled-e1622650787623.jpg\",\"width\":1920,\"height\":2560,\"caption\":\"CUP OF TEA x SANIJA REJA NALONJA\u010c Z LJUBEZNIJO RDE\u010cA \u010cE\u0160NJA VINTAGE \u017dAMET\"},{\"@type\":\"BreadcrumbList\",\"@id\":\"https:\/\/www.cupoftea.si\/sl\/izdelek\/naslonjac-z-ljubeznijo-069-070\/#breadcrumb\",\"itemListElement\":[{\"@type\":\"ListItem\",\"position\":1,\"name\":\"Home\",\"item\":\"https:\/\/www.cupoftea.si\/sl\/\"},{\"@type\":\"ListItem\",\"position\":2,\"name\":\"Trgovina\",\"item\":\"https:\/\/www.cupoftea.si\/sl\/trgovina\/\"},{\"@type\":\"ListItem\",\"position\":3,\"name\":\"Naslonja\u010d z ljubeznijo 069 &#038; 070\"}]},{\"@type\":\"WebSite\",\"@id\":\"https:\/\/www.cupoftea.si\/#website\",\"url\":\"https:\/\/www.cupoftea.si\/\",\"name\":\"CUP OF TEA\",\"description\":\"Reloved Furniture &amp; Interiors\",\"potentialAction\":[{\"@type\":\"SearchAction\",\"target\":{\"@type\":\"EntryPoint\",\"urlTemplate\":\"https:\/\/www.cupoftea.si\/?s={search_term_string}\"},\"query-input\":{\"@type\":\"PropertyValueSpecification\",\"valueRequired\":true,\"valueName\":\"search_term_string\"}}],\"inLanguage\":\"sl-SI\"}]}<\/script>\n<!-- \/ Yoast SEO plugin. -->","yoast_head_json":{"title":"Naslonja\u010d z ljubeznijo 069 & 070 - CUP OF TEA","robots":{"index":"index","follow":"follow","max-snippet":"max-snippet:-1","max-image-preview":"max-image-preview:large","max-video-preview":"max-video-preview:-1"},"canonical":"https:\/\/www.cupoftea.si\/sl\/izdelek\/naslonjac-z-ljubeznijo-069-070\/","og_locale":"sl_SI","og_type":"article","og_title":"Naslonja\u010d z ljubeznijo 069 & 070 - CUP OF TEA","og_description":"Barva:\u00a0Rde\u010da \u010de\u0161nja (Barva izdelka lahko rahlo odstopa od prikazane na zaslonu.)  Material: Naslonja\u010d je ohranil izvorni les, se ovil v nove, udobne blazine in pokril s kvalitetno, skrbno izbrano, \u017eametno prevleko.","og_url":"https:\/\/www.cupoftea.si\/sl\/izdelek\/naslonjac-z-ljubeznijo-069-070\/","og_site_name":"CUP OF TEA","article_publisher":"https:\/\/www.facebook.com\/cupoftea.si\/","article_modified_time":"2022-11-09T10:05:55+00:00","og_image":[{"width":1920,"height":2560,"url":"https:\/\/www.cupoftea.si\/wp-content\/uploads\/2021\/06\/PSR-2000px-20210503-COT-produkti0958-scaled-e1622650787623.jpg","type":"image\/jpeg"}],"twitter_card":"summary_large_image","twitter_site":"@CupOfTeaSI","twitter_misc":{"Est. reading time":"1 minuta"},"schema":{"@context":"https:\/\/schema.org","@graph":[{"@type":"WebPage","@id":"https:\/\/www.cupoftea.si\/sl\/izdelek\/naslonjac-z-ljubeznijo-069-070\/","url":"https:\/\/www.cupoftea.si\/sl\/izdelek\/naslonjac-z-ljubeznijo-069-070\/","name":"Naslonja\u010d z ljubeznijo 069 & 070 - CUP OF TEA","isPartOf":{"@id":"https:\/\/www.cupoftea.si\/#website"},"primaryImageOfPage":{"@id":"https:\/\/www.cupoftea.si\/sl\/izdelek\/naslonjac-z-ljubeznijo-069-070\/#primaryimage"},"image":{"@id":"https:\/\/www.cupoftea.si\/sl\/izdelek\/naslonjac-z-ljubeznijo-069-070\/#primaryimage"},"thumbnailUrl":"https:\/\/www.cupoftea.si\/wp-content\/uploads\/2021\/06\/PSR-2000px-20210503-COT-produkti0958-scaled-e1622650787623.jpg","datePublished":"2021-05-28T11:24:07+00:00","dateModified":"2022-11-09T10:05:55+00:00","breadcrumb":{"@id":"https:\/\/www.cupoftea.si\/sl\/izdelek\/naslonjac-z-ljubeznijo-069-070\/#breadcrumb"},"inLanguage":"sl-SI","potentialAction":[{"@type":"ReadAction","target":["https:\/\/www.cupoftea.si\/sl\/izdelek\/naslonjac-z-ljubeznijo-069-070\/"]}]},{"@type":"ImageObject","inLanguage":"sl-SI","@id":"https:\/\/www.cupoftea.si\/sl\/izdelek\/naslonjac-z-ljubeznijo-069-070\/#primaryimage","url":"https:\/\/www.cupoftea.si\/wp-content\/uploads\/2021\/06\/PSR-2000px-20210503-COT-produkti0958-scaled-e1622650787623.jpg","contentUrl":"https:\/\/www.cupoftea.si\/wp-content\/uploads\/2021\/06\/PSR-2000px-20210503-COT-produkti0958-scaled-e1622650787623.jpg","width":1920,"height":2560,"caption":"CUP OF TEA x SANIJA REJA NALONJA\u010c Z LJUBEZNIJO RDE\u010cA \u010cE\u0160NJA VINTAGE \u017dAMET"},{"@type":"BreadcrumbList","@id":"https:\/\/www.cupoftea.si\/sl\/izdelek\/naslonjac-z-ljubeznijo-069-070\/#breadcrumb","itemListElement":[{"@type":"ListItem","position":1,"name":"Home","item":"https:\/\/www.cupoftea.si\/sl\/"},{"@type":"ListItem","position":2,"name":"Trgovina","item":"https:\/\/www.cupoftea.si\/sl\/trgovina\/"},{"@type":"ListItem","position":3,"name":"Naslonja\u010d z ljubeznijo 069 &#038; 070"}]},{"@type":"WebSite","@id":"https:\/\/www.cupoftea.si\/#website","url":"https:\/\/www.cupoftea.si\/","name":"CUP OF TEA","description":"Reloved Furniture &amp; Interiors","potentialAction":[{"@type":"SearchAction","target":{"@type":"EntryPoint","urlTemplate":"https:\/\/www.cupoftea.si\/?s={search_term_string}"},"query-input":{"@type":"PropertyValueSpecification","valueRequired":true,"valueName":"search_term_string"}}],"inLanguage":"sl-SI"}]}},"_links":{"self":[{"href":"https:\/\/www.cupoftea.si\/sl\/wp-json\/wp\/v2\/product\/10177"}],"collection":[{"href":"https:\/\/www.cupoftea.si\/sl\/wp-json\/wp\/v2\/product"}],"about":[{"href":"https:\/\/www.cupoftea.si\/sl\/wp-json\/wp\/v2\/types\/product"}],"wp:featuredmedia":[{"embeddable":true,"href":"https:\/\/www.cupoftea.si\/sl\/wp-json\/wp\/v2\/media\/10199"}],"wp:attachment":[{"href":"https:\/\/www.cupoftea.si\/sl\/wp-json\/wp\/v2\/media?parent=10177"}],"wp:term":[{"taxonomy":"product_brand","embeddable":true,"href":"https:\/\/www.cupoftea.si\/sl\/wp-json\/wp\/v2\/product_brand?post=10177"},{"taxonomy":"product_cat","embeddable":true,"href":"https:\/\/www.cupoftea.si\/sl\/wp-json\/wp\/v2\/product_cat?post=10177"},{"taxonomy":"product_tag","embeddable":true,"href":"https:\/\/www.cupoftea.si\/sl\/wp-json\/wp\/v2\/product_tag?post=10177"}],"curies":[{"name":"wp","href":"https:\/\/api.w.org\/{rel}","templated":true}]}}