{"id":12011,"date":"2021-10-25T18:39:41","date_gmt":"2021-10-25T16:39:41","guid":{"rendered":"https:\/\/www.cupoftea.si\/?post_type=product&#038;p=12011"},"modified":"2022-11-07T12:35:05","modified_gmt":"2022-11-07T11:35:05","slug":"stol-z-ljubeznijo-079-080-081","status":"publish","type":"product","link":"https:\/\/www.cupoftea.si\/sl\/izdelek\/stol-z-ljubeznijo-079-080-081\/","title":{"rendered":"Stol z ljubeznijo 079, 080 &#038; 081"},"content":{"rendered":"<p>Stol, ki se po obliki spogleduje z brez\u010dasnimi deli Michaela Thoneta, bo zapeljal vsakega, ki ga bo zagledal. Brez\u010dasni \u017eamet na sedalu in osve\u017eeni leseni deli stola, bodo poskrbeli, da bo stol \u0161e dolgo \u010dasa udoben in trpe\u017een. Vse za to, da se lahko sprostite in u\u017eivate v unikatnem izdelku Cup of Tea!<\/p>\n","protected":false},"excerpt":{"rendered":"<p><strong>Barva:<\/strong>\u00a0 Ne\u017eno roza ali rde\u010da pomaran\u010da (Barva izdelka lahko rahlo odstopa od prikazane na zaslonu.)<\/p>\n<p><strong>Material:<\/strong> Stol je ohranil izvorni les, se ovil v nove, udobne blazine in pokril s kvalitetno, skrbno izbrano, \u017eametno prevleko.<\/p>\n","protected":false},"featured_media":12026,"template":"","meta":{"_acf_changed":false,"_links_to":"","_links_to_target":""},"product_brand":[],"product_cat":[448],"product_tag":[459],"class_list":{"0":"post-12011","1":"product","2":"type-product","3":"status-publish","4":"has-post-thumbnail","6":"product_cat-pohistvo","7":"product_tag-stol","9":"first","10":"outofstock","11":"shipping-taxable","12":"product-type-variable"},"acf":[],"yoast_head":"<!-- This site is optimized with the Yoast SEO plugin v25.2 - https:\/\/yoast.com\/wordpress\/plugins\/seo\/ -->\n<title>Stol z ljubeznijo 079, 080 &amp; 081 - CUP OF TEA<\/title>\n<meta name=\"robots\" content=\"index, follow, max-snippet:-1, max-image-preview:large, max-video-preview:-1\" \/>\n<link rel=\"canonical\" href=\"https:\/\/www.cupoftea.si\/sl\/izdelek\/stol-z-ljubeznijo-079-080-081\/\" \/>\n<meta property=\"og:locale\" content=\"sl_SI\" \/>\n<meta property=\"og:type\" content=\"article\" \/>\n<meta property=\"og:title\" content=\"Stol z ljubeznijo 079, 080 &amp; 081 - CUP OF TEA\" \/>\n<meta property=\"og:description\" content=\"Barva:\u00a0 Ne\u017eno roza ali rde\u010da pomaran\u010da (Barva izdelka lahko rahlo odstopa od prikazane na zaslonu.)  Material: Stol je ohranil izvorni les, se ovil v nove, udobne blazine in pokril s kvalitetno, skrbno izbrano, \u017eametno prevleko.\" \/>\n<meta property=\"og:url\" content=\"https:\/\/www.cupoftea.si\/sl\/izdelek\/stol-z-ljubeznijo-079-080-081\/\" \/>\n<meta property=\"og:site_name\" content=\"CUP OF TEA\" \/>\n<meta property=\"article:publisher\" content=\"https:\/\/www.facebook.com\/cupoftea.si\/\" \/>\n<meta property=\"article:modified_time\" content=\"2022-11-07T11:35:05+00:00\" \/>\n<meta property=\"og:image\" content=\"https:\/\/www.cupoftea.si\/wp-content\/uploads\/2021\/10\/20210830-COT-produkti1321-2048px-e1635180629922.jpg\" \/>\n\t<meta property=\"og:image:width\" content=\"1525\" \/>\n\t<meta property=\"og:image:height\" content=\"1525\" \/>\n\t<meta property=\"og:image:type\" content=\"image\/jpeg\" \/>\n<meta name=\"twitter:card\" content=\"summary_large_image\" \/>\n<meta name=\"twitter:site\" content=\"@CupOfTeaSI\" \/>\n<script type=\"application\/ld+json\" class=\"yoast-schema-graph\">{\"@context\":\"https:\/\/schema.org\",\"@graph\":[{\"@type\":\"WebPage\",\"@id\":\"https:\/\/www.cupoftea.si\/sl\/izdelek\/stol-z-ljubeznijo-079-080-081\/\",\"url\":\"https:\/\/www.cupoftea.si\/sl\/izdelek\/stol-z-ljubeznijo-079-080-081\/\",\"name\":\"Stol z ljubeznijo 079, 080 & 081 - CUP OF TEA\",\"isPartOf\":{\"@id\":\"https:\/\/www.cupoftea.si\/#website\"},\"primaryImageOfPage\":{\"@id\":\"https:\/\/www.cupoftea.si\/sl\/izdelek\/stol-z-ljubeznijo-079-080-081\/#primaryimage\"},\"image\":{\"@id\":\"https:\/\/www.cupoftea.si\/sl\/izdelek\/stol-z-ljubeznijo-079-080-081\/#primaryimage\"},\"thumbnailUrl\":\"https:\/\/www.cupoftea.si\/wp-content\/uploads\/2021\/10\/20210830-COT-produkti1321-2048px-e1635180629922.jpg\",\"datePublished\":\"2021-10-25T16:39:41+00:00\",\"dateModified\":\"2022-11-07T11:35:05+00:00\",\"breadcrumb\":{\"@id\":\"https:\/\/www.cupoftea.si\/sl\/izdelek\/stol-z-ljubeznijo-079-080-081\/#breadcrumb\"},\"inLanguage\":\"sl-SI\",\"potentialAction\":[{\"@type\":\"ReadAction\",\"target\":[\"https:\/\/www.cupoftea.si\/sl\/izdelek\/stol-z-ljubeznijo-079-080-081\/\"]}]},{\"@type\":\"ImageObject\",\"inLanguage\":\"sl-SI\",\"@id\":\"https:\/\/www.cupoftea.si\/sl\/izdelek\/stol-z-ljubeznijo-079-080-081\/#primaryimage\",\"url\":\"https:\/\/www.cupoftea.si\/wp-content\/uploads\/2021\/10\/20210830-COT-produkti1321-2048px-e1635180629922.jpg\",\"contentUrl\":\"https:\/\/www.cupoftea.si\/wp-content\/uploads\/2021\/10\/20210830-COT-produkti1321-2048px-e1635180629922.jpg\",\"width\":1525,\"height\":1525,\"caption\":\"CUP OF TEA STOL Z LJUBEZNIJO VINTAGE\"},{\"@type\":\"BreadcrumbList\",\"@id\":\"https:\/\/www.cupoftea.si\/sl\/izdelek\/stol-z-ljubeznijo-079-080-081\/#breadcrumb\",\"itemListElement\":[{\"@type\":\"ListItem\",\"position\":1,\"name\":\"Home\",\"item\":\"https:\/\/www.cupoftea.si\/sl\/\"},{\"@type\":\"ListItem\",\"position\":2,\"name\":\"Trgovina\",\"item\":\"https:\/\/www.cupoftea.si\/sl\/trgovina\/\"},{\"@type\":\"ListItem\",\"position\":3,\"name\":\"Stol z ljubeznijo 079, 080 &#038; 081\"}]},{\"@type\":\"WebSite\",\"@id\":\"https:\/\/www.cupoftea.si\/#website\",\"url\":\"https:\/\/www.cupoftea.si\/\",\"name\":\"CUP OF TEA\",\"description\":\"Reloved Furniture &amp; Interiors\",\"potentialAction\":[{\"@type\":\"SearchAction\",\"target\":{\"@type\":\"EntryPoint\",\"urlTemplate\":\"https:\/\/www.cupoftea.si\/?s={search_term_string}\"},\"query-input\":{\"@type\":\"PropertyValueSpecification\",\"valueRequired\":true,\"valueName\":\"search_term_string\"}}],\"inLanguage\":\"sl-SI\"}]}<\/script>\n<!-- \/ Yoast SEO plugin. -->","yoast_head_json":{"title":"Stol z ljubeznijo 079, 080 & 081 - CUP OF TEA","robots":{"index":"index","follow":"follow","max-snippet":"max-snippet:-1","max-image-preview":"max-image-preview:large","max-video-preview":"max-video-preview:-1"},"canonical":"https:\/\/www.cupoftea.si\/sl\/izdelek\/stol-z-ljubeznijo-079-080-081\/","og_locale":"sl_SI","og_type":"article","og_title":"Stol z ljubeznijo 079, 080 & 081 - CUP OF TEA","og_description":"Barva:\u00a0 Ne\u017eno roza ali rde\u010da pomaran\u010da (Barva izdelka lahko rahlo odstopa od prikazane na zaslonu.)  Material: Stol je ohranil izvorni les, se ovil v nove, udobne blazine in pokril s kvalitetno, skrbno izbrano, \u017eametno prevleko.","og_url":"https:\/\/www.cupoftea.si\/sl\/izdelek\/stol-z-ljubeznijo-079-080-081\/","og_site_name":"CUP OF TEA","article_publisher":"https:\/\/www.facebook.com\/cupoftea.si\/","article_modified_time":"2022-11-07T11:35:05+00:00","og_image":[{"width":1525,"height":1525,"url":"https:\/\/www.cupoftea.si\/wp-content\/uploads\/2021\/10\/20210830-COT-produkti1321-2048px-e1635180629922.jpg","type":"image\/jpeg"}],"twitter_card":"summary_large_image","twitter_site":"@CupOfTeaSI","schema":{"@context":"https:\/\/schema.org","@graph":[{"@type":"WebPage","@id":"https:\/\/www.cupoftea.si\/sl\/izdelek\/stol-z-ljubeznijo-079-080-081\/","url":"https:\/\/www.cupoftea.si\/sl\/izdelek\/stol-z-ljubeznijo-079-080-081\/","name":"Stol z ljubeznijo 079, 080 & 081 - CUP OF TEA","isPartOf":{"@id":"https:\/\/www.cupoftea.si\/#website"},"primaryImageOfPage":{"@id":"https:\/\/www.cupoftea.si\/sl\/izdelek\/stol-z-ljubeznijo-079-080-081\/#primaryimage"},"image":{"@id":"https:\/\/www.cupoftea.si\/sl\/izdelek\/stol-z-ljubeznijo-079-080-081\/#primaryimage"},"thumbnailUrl":"https:\/\/www.cupoftea.si\/wp-content\/uploads\/2021\/10\/20210830-COT-produkti1321-2048px-e1635180629922.jpg","datePublished":"2021-10-25T16:39:41+00:00","dateModified":"2022-11-07T11:35:05+00:00","breadcrumb":{"@id":"https:\/\/www.cupoftea.si\/sl\/izdelek\/stol-z-ljubeznijo-079-080-081\/#breadcrumb"},"inLanguage":"sl-SI","potentialAction":[{"@type":"ReadAction","target":["https:\/\/www.cupoftea.si\/sl\/izdelek\/stol-z-ljubeznijo-079-080-081\/"]}]},{"@type":"ImageObject","inLanguage":"sl-SI","@id":"https:\/\/www.cupoftea.si\/sl\/izdelek\/stol-z-ljubeznijo-079-080-081\/#primaryimage","url":"https:\/\/www.cupoftea.si\/wp-content\/uploads\/2021\/10\/20210830-COT-produkti1321-2048px-e1635180629922.jpg","contentUrl":"https:\/\/www.cupoftea.si\/wp-content\/uploads\/2021\/10\/20210830-COT-produkti1321-2048px-e1635180629922.jpg","width":1525,"height":1525,"caption":"CUP OF TEA STOL Z LJUBEZNIJO VINTAGE"},{"@type":"BreadcrumbList","@id":"https:\/\/www.cupoftea.si\/sl\/izdelek\/stol-z-ljubeznijo-079-080-081\/#breadcrumb","itemListElement":[{"@type":"ListItem","position":1,"name":"Home","item":"https:\/\/www.cupoftea.si\/sl\/"},{"@type":"ListItem","position":2,"name":"Trgovina","item":"https:\/\/www.cupoftea.si\/sl\/trgovina\/"},{"@type":"ListItem","position":3,"name":"Stol z ljubeznijo 079, 080 &#038; 081"}]},{"@type":"WebSite","@id":"https:\/\/www.cupoftea.si\/#website","url":"https:\/\/www.cupoftea.si\/","name":"CUP OF TEA","description":"Reloved Furniture &amp; Interiors","potentialAction":[{"@type":"SearchAction","target":{"@type":"EntryPoint","urlTemplate":"https:\/\/www.cupoftea.si\/?s={search_term_string}"},"query-input":{"@type":"PropertyValueSpecification","valueRequired":true,"valueName":"search_term_string"}}],"inLanguage":"sl-SI"}]}},"_links":{"self":[{"href":"https:\/\/www.cupoftea.si\/sl\/wp-json\/wp\/v2\/product\/12011"}],"collection":[{"href":"https:\/\/www.cupoftea.si\/sl\/wp-json\/wp\/v2\/product"}],"about":[{"href":"https:\/\/www.cupoftea.si\/sl\/wp-json\/wp\/v2\/types\/product"}],"wp:featuredmedia":[{"embeddable":true,"href":"https:\/\/www.cupoftea.si\/sl\/wp-json\/wp\/v2\/media\/12026"}],"wp:attachment":[{"href":"https:\/\/www.cupoftea.si\/sl\/wp-json\/wp\/v2\/media?parent=12011"}],"wp:term":[{"taxonomy":"product_brand","embeddable":true,"href":"https:\/\/www.cupoftea.si\/sl\/wp-json\/wp\/v2\/product_brand?post=12011"},{"taxonomy":"product_cat","embeddable":true,"href":"https:\/\/www.cupoftea.si\/sl\/wp-json\/wp\/v2\/product_cat?post=12011"},{"taxonomy":"product_tag","embeddable":true,"href":"https:\/\/www.cupoftea.si\/sl\/wp-json\/wp\/v2\/product_tag?post=12011"}],"curies":[{"name":"wp","href":"https:\/\/api.w.org\/{rel}","templated":true}]}}