{"id":16085,"date":"2023-01-19T19:47:12","date_gmt":"2023-01-19T18:47:13","guid":{"rendered":"https:\/\/www.cupoftea.si\/?post_type=product&#038;p=16085"},"modified":"2023-01-22T20:48:01","modified_gmt":"2023-01-22T19:48:01","slug":"stol-z-ljubeznijo-110","status":"publish","type":"product","link":"https:\/\/www.cupoftea.si\/sl\/izdelek\/stol-z-ljubeznijo-110\/","title":{"rendered":"Stol z ljubeznijo 110"},"content":{"rendered":"<p>Stol je bil ro\u010dno, trajnostno obdelan z veliko mero ljubezni in je pripravljen na drugo prilo\u017enost v novem domu. Kan\u010dek skrbne pozornosti in moderna preobrazba sta poskrbeli, da bo stol \u0161e dolga leta ostal udoben kot je v tem trenutku. Na\u0161i stoli so prejemniki unikatne una\u010dke odli\u010dnosti \u201cMade in Slovenia\u201d.<\/p>\n","protected":false},"excerpt":{"rendered":"<p><strong>Barva:<\/strong>\u00a0Dramati\u010dno \u010drna (Barva izdelka lahko rahlo odstopa od prikazane na zaslonu.)<\/p>\n<p><strong>Material:<\/strong> Stol je ohranil izvorno kovino, se ovil v nove, udobne blazine in pokril s kvalitetnim, skrbno izbranim umetnim usnjem.<\/p>\n<p><strong>Velikost: <\/strong>74\u00a0(vi\u0161ina) x 54 (\u0161irina) x 58 (globina) cm<\/p>\n<p>44 (globina sedala) &amp; 38 (vi\u0161ina sedala) cm<\/p>\n","protected":false},"featured_media":16105,"template":"","meta":{"_acf_changed":false,"_links_to":"","_links_to_target":""},"product_brand":[],"product_cat":[448],"product_tag":[459],"class_list":{"0":"post-16085","1":"product","2":"type-product","3":"status-publish","4":"has-post-thumbnail","6":"product_cat-pohistvo","7":"product_tag-stol","9":"first","10":"instock","11":"shipping-taxable","12":"purchasable","13":"product-type-simple"},"acf":[],"yoast_head":"<!-- This site is optimized with the Yoast SEO plugin v25.2 - https:\/\/yoast.com\/wordpress\/plugins\/seo\/ -->\n<title>Stol z ljubeznijo 110 - CUP OF TEA<\/title>\n<meta name=\"robots\" content=\"index, follow, max-snippet:-1, max-image-preview:large, max-video-preview:-1\" \/>\n<link rel=\"canonical\" href=\"https:\/\/www.cupoftea.si\/izdelek\/reloved-chair-110\/\" \/>\n<meta property=\"og:locale\" content=\"sl_SI\" \/>\n<meta property=\"og:type\" content=\"article\" \/>\n<meta property=\"og:title\" content=\"Stol z ljubeznijo 110 - CUP OF TEA\" \/>\n<meta property=\"og:description\" content=\"Barva:\u00a0Dramati\u010dno \u010drna (Barva izdelka lahko rahlo odstopa od prikazane na zaslonu.)  Material: Stol je ohranil izvorno kovino, se ovil v nove, udobne blazine in pokril s kvalitetnim, skrbno izbranim umetnim usnjem.  Velikost: 74\u00a0(vi\u0161ina) x 54 (\u0161irina) x 58 (globina) cm  44 (globina sedala) &amp; 38 (vi\u0161ina sedala) cm\" \/>\n<meta property=\"og:url\" content=\"https:\/\/www.cupoftea.si\/izdelek\/reloved-chair-110\/\" \/>\n<meta property=\"og:site_name\" content=\"CUP OF TEA\" \/>\n<meta property=\"article:publisher\" content=\"https:\/\/www.facebook.com\/cupoftea.si\/\" \/>\n<meta property=\"article:modified_time\" content=\"2023-01-22T19:48:01+00:00\" \/>\n<meta property=\"og:image\" content=\"https:\/\/www.cupoftea.si\/wp-content\/uploads\/2023\/01\/20221223-COT-produkti2181-2048px-e1674227758401.jpg\" \/>\n\t<meta property=\"og:image:width\" content=\"1536\" \/>\n\t<meta property=\"og:image:height\" content=\"2048\" \/>\n\t<meta property=\"og:image:type\" content=\"image\/jpeg\" \/>\n<meta name=\"twitter:card\" content=\"summary_large_image\" \/>\n<meta name=\"twitter:site\" content=\"@CupOfTeaSI\" \/>\n<script type=\"application\/ld+json\" class=\"yoast-schema-graph\">{\"@context\":\"https:\/\/schema.org\",\"@graph\":[{\"@type\":\"WebPage\",\"@id\":\"https:\/\/www.cupoftea.si\/izdelek\/reloved-chair-110\/\",\"url\":\"https:\/\/www.cupoftea.si\/izdelek\/reloved-chair-110\/\",\"name\":\"Stol z ljubeznijo 110 - CUP OF TEA\",\"isPartOf\":{\"@id\":\"https:\/\/www.cupoftea.si\/#website\"},\"primaryImageOfPage\":{\"@id\":\"https:\/\/www.cupoftea.si\/izdelek\/reloved-chair-110\/#primaryimage\"},\"image\":{\"@id\":\"https:\/\/www.cupoftea.si\/izdelek\/reloved-chair-110\/#primaryimage\"},\"thumbnailUrl\":\"https:\/\/www.cupoftea.si\/wp-content\/uploads\/2023\/01\/20221223-COT-produkti2181-2048px-e1674227758401.jpg\",\"datePublished\":\"2023-01-19T18:47:13+00:00\",\"dateModified\":\"2023-01-22T19:48:01+00:00\",\"breadcrumb\":{\"@id\":\"https:\/\/www.cupoftea.si\/izdelek\/reloved-chair-110\/#breadcrumb\"},\"inLanguage\":\"sl-SI\",\"potentialAction\":[{\"@type\":\"ReadAction\",\"target\":[\"https:\/\/www.cupoftea.si\/izdelek\/reloved-chair-110\/\"]}]},{\"@type\":\"ImageObject\",\"inLanguage\":\"sl-SI\",\"@id\":\"https:\/\/www.cupoftea.si\/izdelek\/reloved-chair-110\/#primaryimage\",\"url\":\"https:\/\/www.cupoftea.si\/wp-content\/uploads\/2023\/01\/20221223-COT-produkti2181-2048px-e1674227758401.jpg\",\"contentUrl\":\"https:\/\/www.cupoftea.si\/wp-content\/uploads\/2023\/01\/20221223-COT-produkti2181-2048px-e1674227758401.jpg\",\"width\":1536,\"height\":2048,\"caption\":\"RELOVED STOL CUP OF TEA VINTAGE \u010cRNI USNJE\"},{\"@type\":\"BreadcrumbList\",\"@id\":\"https:\/\/www.cupoftea.si\/izdelek\/reloved-chair-110\/#breadcrumb\",\"itemListElement\":[{\"@type\":\"ListItem\",\"position\":1,\"name\":\"Home\",\"item\":\"https:\/\/www.cupoftea.si\/sl\/\"},{\"@type\":\"ListItem\",\"position\":2,\"name\":\"Trgovina\",\"item\":\"https:\/\/www.cupoftea.si\/sl\/trgovina\/\"},{\"@type\":\"ListItem\",\"position\":3,\"name\":\"Stol z ljubeznijo 110\"}]},{\"@type\":\"WebSite\",\"@id\":\"https:\/\/www.cupoftea.si\/#website\",\"url\":\"https:\/\/www.cupoftea.si\/\",\"name\":\"CUP OF TEA\",\"description\":\"Reloved Furniture &amp; Interiors\",\"potentialAction\":[{\"@type\":\"SearchAction\",\"target\":{\"@type\":\"EntryPoint\",\"urlTemplate\":\"https:\/\/www.cupoftea.si\/?s={search_term_string}\"},\"query-input\":{\"@type\":\"PropertyValueSpecification\",\"valueRequired\":true,\"valueName\":\"search_term_string\"}}],\"inLanguage\":\"sl-SI\"}]}<\/script>\n<!-- \/ Yoast SEO plugin. -->","yoast_head_json":{"title":"Stol z ljubeznijo 110 - CUP OF TEA","robots":{"index":"index","follow":"follow","max-snippet":"max-snippet:-1","max-image-preview":"max-image-preview:large","max-video-preview":"max-video-preview:-1"},"canonical":"https:\/\/www.cupoftea.si\/izdelek\/reloved-chair-110\/","og_locale":"sl_SI","og_type":"article","og_title":"Stol z ljubeznijo 110 - CUP OF TEA","og_description":"Barva:\u00a0Dramati\u010dno \u010drna (Barva izdelka lahko rahlo odstopa od prikazane na zaslonu.)  Material: Stol je ohranil izvorno kovino, se ovil v nove, udobne blazine in pokril s kvalitetnim, skrbno izbranim umetnim usnjem.  Velikost: 74\u00a0(vi\u0161ina) x 54 (\u0161irina) x 58 (globina) cm  44 (globina sedala) &amp; 38 (vi\u0161ina sedala) cm","og_url":"https:\/\/www.cupoftea.si\/izdelek\/reloved-chair-110\/","og_site_name":"CUP OF TEA","article_publisher":"https:\/\/www.facebook.com\/cupoftea.si\/","article_modified_time":"2023-01-22T19:48:01+00:00","og_image":[{"width":1536,"height":2048,"url":"https:\/\/www.cupoftea.si\/wp-content\/uploads\/2023\/01\/20221223-COT-produkti2181-2048px-e1674227758401.jpg","type":"image\/jpeg"}],"twitter_card":"summary_large_image","twitter_site":"@CupOfTeaSI","schema":{"@context":"https:\/\/schema.org","@graph":[{"@type":"WebPage","@id":"https:\/\/www.cupoftea.si\/izdelek\/reloved-chair-110\/","url":"https:\/\/www.cupoftea.si\/izdelek\/reloved-chair-110\/","name":"Stol z ljubeznijo 110 - CUP OF TEA","isPartOf":{"@id":"https:\/\/www.cupoftea.si\/#website"},"primaryImageOfPage":{"@id":"https:\/\/www.cupoftea.si\/izdelek\/reloved-chair-110\/#primaryimage"},"image":{"@id":"https:\/\/www.cupoftea.si\/izdelek\/reloved-chair-110\/#primaryimage"},"thumbnailUrl":"https:\/\/www.cupoftea.si\/wp-content\/uploads\/2023\/01\/20221223-COT-produkti2181-2048px-e1674227758401.jpg","datePublished":"2023-01-19T18:47:13+00:00","dateModified":"2023-01-22T19:48:01+00:00","breadcrumb":{"@id":"https:\/\/www.cupoftea.si\/izdelek\/reloved-chair-110\/#breadcrumb"},"inLanguage":"sl-SI","potentialAction":[{"@type":"ReadAction","target":["https:\/\/www.cupoftea.si\/izdelek\/reloved-chair-110\/"]}]},{"@type":"ImageObject","inLanguage":"sl-SI","@id":"https:\/\/www.cupoftea.si\/izdelek\/reloved-chair-110\/#primaryimage","url":"https:\/\/www.cupoftea.si\/wp-content\/uploads\/2023\/01\/20221223-COT-produkti2181-2048px-e1674227758401.jpg","contentUrl":"https:\/\/www.cupoftea.si\/wp-content\/uploads\/2023\/01\/20221223-COT-produkti2181-2048px-e1674227758401.jpg","width":1536,"height":2048,"caption":"RELOVED STOL CUP OF TEA VINTAGE \u010cRNI USNJE"},{"@type":"BreadcrumbList","@id":"https:\/\/www.cupoftea.si\/izdelek\/reloved-chair-110\/#breadcrumb","itemListElement":[{"@type":"ListItem","position":1,"name":"Home","item":"https:\/\/www.cupoftea.si\/sl\/"},{"@type":"ListItem","position":2,"name":"Trgovina","item":"https:\/\/www.cupoftea.si\/sl\/trgovina\/"},{"@type":"ListItem","position":3,"name":"Stol z ljubeznijo 110"}]},{"@type":"WebSite","@id":"https:\/\/www.cupoftea.si\/#website","url":"https:\/\/www.cupoftea.si\/","name":"CUP OF TEA","description":"Reloved Furniture &amp; Interiors","potentialAction":[{"@type":"SearchAction","target":{"@type":"EntryPoint","urlTemplate":"https:\/\/www.cupoftea.si\/?s={search_term_string}"},"query-input":{"@type":"PropertyValueSpecification","valueRequired":true,"valueName":"search_term_string"}}],"inLanguage":"sl-SI"}]}},"_links":{"self":[{"href":"https:\/\/www.cupoftea.si\/sl\/wp-json\/wp\/v2\/product\/16085"}],"collection":[{"href":"https:\/\/www.cupoftea.si\/sl\/wp-json\/wp\/v2\/product"}],"about":[{"href":"https:\/\/www.cupoftea.si\/sl\/wp-json\/wp\/v2\/types\/product"}],"wp:featuredmedia":[{"embeddable":true,"href":"https:\/\/www.cupoftea.si\/sl\/wp-json\/wp\/v2\/media\/16105"}],"wp:attachment":[{"href":"https:\/\/www.cupoftea.si\/sl\/wp-json\/wp\/v2\/media?parent=16085"}],"wp:term":[{"taxonomy":"product_brand","embeddable":true,"href":"https:\/\/www.cupoftea.si\/sl\/wp-json\/wp\/v2\/product_brand?post=16085"},{"taxonomy":"product_cat","embeddable":true,"href":"https:\/\/www.cupoftea.si\/sl\/wp-json\/wp\/v2\/product_cat?post=16085"},{"taxonomy":"product_tag","embeddable":true,"href":"https:\/\/www.cupoftea.si\/sl\/wp-json\/wp\/v2\/product_tag?post=16085"}],"curies":[{"name":"wp","href":"https:\/\/api.w.org\/{rel}","templated":true}]}}