{"id":6358,"date":"2017-11-04T15:15:41","date_gmt":"2017-11-04T14:15:41","guid":{"rendered":"https:\/\/www.cupoftea.si\/product\/blazina-kvackani-vozlicki-soncno-rumena\/"},"modified":"2022-12-22T07:53:00","modified_gmt":"2022-12-22T06:53:00","slug":"blazina-kvackani-vozlicki-soncno-rumena","status":"publish","type":"product","link":"https:\/\/www.cupoftea.si\/sl\/izdelek\/blazina-kvackani-vozlicki-soncno-rumena\/","title":{"rendered":"Blazina Kva\u010dkani vozli\u010dki"},"content":{"rendered":"<p>Ta prevleka za blazino je bila ro\u010dno narejena z veliko ljubezni in to prav tu, v Sloveniji. Je edinstvena, narejena pa je iz skrbno izbranih niti, ki bodo ostale mehke dolgo \u010dasa. Nega prevleke je preprosta. Vse za to, da se lahko popolnoma sprostite ob uporabi izdelka Cup of Tea!<\/p>\n","protected":false},"excerpt":{"rendered":"<p><strong>Barva:<\/strong>\u00a0Son\u010dno rumena (Barva izdelka lahko rahlo odstopa od prikazane na zaslonu.)<\/p>\n<p><strong>Material:<\/strong> Prevleka je izdelana iz skrbno izbranih niti, izbranih na podlagi njihove mehkobe in uporabnosti. Zadnja stran prevleke je iz bomba\u017ea, zadrga ni vidna.<\/p>\n<p><strong>Velikost: <\/strong>40 x 40 cm \/ 16 x 16 in<\/p>\n<p><strong>Dostava:<\/strong> Izdelek je kon\u010dan in se ga lahko dostavi kamorkoli na svetu.<\/p>\n","protected":false},"featured_media":6517,"template":"","meta":{"_acf_changed":false,"_links_to":"","_links_to_target":""},"product_brand":[],"product_cat":[455,453],"product_tag":[460,444],"class_list":{"0":"post-6358","1":"product","2":"type-product","3":"status-publish","4":"has-post-thumbnail","6":"product_cat-kvackani-vozlicki","7":"product_cat-kvackano","8":"product_tag-kvackanje","9":"product_tag-cushion-sl","11":"first","12":"outofstock","13":"shipping-taxable","14":"purchasable","15":"product-type-simple"},"acf":[],"yoast_head":"<!-- This site is optimized with the Yoast SEO plugin v25.2 - https:\/\/yoast.com\/wordpress\/plugins\/seo\/ -->\n<title>Blazina Kva\u010dkani vozli\u010dki - CUP OF TEA<\/title>\n<meta name=\"robots\" content=\"index, follow, max-snippet:-1, max-image-preview:large, max-video-preview:-1\" \/>\n<link rel=\"canonical\" href=\"https:\/\/www.cupoftea.si\/sl\/izdelek\/blazina-kvackani-vozlicki-soncno-rumena\/\" \/>\n<meta property=\"og:locale\" content=\"sl_SI\" \/>\n<meta property=\"og:type\" content=\"article\" \/>\n<meta property=\"og:title\" content=\"Blazina Kva\u010dkani vozli\u010dki - CUP OF TEA\" \/>\n<meta property=\"og:description\" content=\"Barva:\u00a0Son\u010dno rumena (Barva izdelka lahko rahlo odstopa od prikazane na zaslonu.)  Material: Prevleka je izdelana iz skrbno izbranih niti, izbranih na podlagi njihove mehkobe in uporabnosti. Zadnja stran prevleke je iz bomba\u017ea, zadrga ni vidna.  Velikost: 40 x 40 cm \/ 16 x 16 in  Dostava: Izdelek je kon\u010dan in se ga lahko dostavi kamorkoli na svetu.\" \/>\n<meta property=\"og:url\" content=\"https:\/\/www.cupoftea.si\/sl\/izdelek\/blazina-kvackani-vozlicki-soncno-rumena\/\" \/>\n<meta property=\"og:site_name\" content=\"CUP OF TEA\" \/>\n<meta property=\"article:publisher\" content=\"https:\/\/www.facebook.com\/cupoftea.si\/\" \/>\n<meta property=\"article:modified_time\" content=\"2022-12-22T06:53:00+00:00\" \/>\n<meta property=\"og:image\" content=\"https:\/\/www.cupoftea.si\/wp-content\/uploads\/2017\/11\/Cup-of-Tea-chrochet-cushion-cover-24.jpg\" \/>\n\t<meta property=\"og:image:width\" content=\"1024\" \/>\n\t<meta property=\"og:image:height\" content=\"683\" \/>\n\t<meta property=\"og:image:type\" content=\"image\/jpeg\" \/>\n<meta name=\"twitter:card\" content=\"summary_large_image\" \/>\n<meta name=\"twitter:site\" content=\"@CupOfTeaSI\" \/>\n<script type=\"application\/ld+json\" class=\"yoast-schema-graph\">{\"@context\":\"https:\/\/schema.org\",\"@graph\":[{\"@type\":\"WebPage\",\"@id\":\"https:\/\/www.cupoftea.si\/sl\/izdelek\/blazina-kvackani-vozlicki-soncno-rumena\/\",\"url\":\"https:\/\/www.cupoftea.si\/sl\/izdelek\/blazina-kvackani-vozlicki-soncno-rumena\/\",\"name\":\"Blazina Kva\u010dkani vozli\u010dki - CUP OF TEA\",\"isPartOf\":{\"@id\":\"https:\/\/www.cupoftea.si\/#website\"},\"primaryImageOfPage\":{\"@id\":\"https:\/\/www.cupoftea.si\/sl\/izdelek\/blazina-kvackani-vozlicki-soncno-rumena\/#primaryimage\"},\"image\":{\"@id\":\"https:\/\/www.cupoftea.si\/sl\/izdelek\/blazina-kvackani-vozlicki-soncno-rumena\/#primaryimage\"},\"thumbnailUrl\":\"https:\/\/www.cupoftea.si\/wp-content\/uploads\/2017\/11\/Cup-of-Tea-chrochet-cushion-cover-24.jpg\",\"datePublished\":\"2017-11-04T14:15:41+00:00\",\"dateModified\":\"2022-12-22T06:53:00+00:00\",\"breadcrumb\":{\"@id\":\"https:\/\/www.cupoftea.si\/sl\/izdelek\/blazina-kvackani-vozlicki-soncno-rumena\/#breadcrumb\"},\"inLanguage\":\"sl-SI\",\"potentialAction\":[{\"@type\":\"ReadAction\",\"target\":[\"https:\/\/www.cupoftea.si\/sl\/izdelek\/blazina-kvackani-vozlicki-soncno-rumena\/\"]}]},{\"@type\":\"ImageObject\",\"inLanguage\":\"sl-SI\",\"@id\":\"https:\/\/www.cupoftea.si\/sl\/izdelek\/blazina-kvackani-vozlicki-soncno-rumena\/#primaryimage\",\"url\":\"https:\/\/www.cupoftea.si\/wp-content\/uploads\/2017\/11\/Cup-of-Tea-chrochet-cushion-cover-24.jpg\",\"contentUrl\":\"https:\/\/www.cupoftea.si\/wp-content\/uploads\/2017\/11\/Cup-of-Tea-chrochet-cushion-cover-24.jpg\",\"width\":1024,\"height\":683,\"caption\":\"Cup-of-Tea-cblazina-kvackani-vozlicki\"},{\"@type\":\"BreadcrumbList\",\"@id\":\"https:\/\/www.cupoftea.si\/sl\/izdelek\/blazina-kvackani-vozlicki-soncno-rumena\/#breadcrumb\",\"itemListElement\":[{\"@type\":\"ListItem\",\"position\":1,\"name\":\"Home\",\"item\":\"https:\/\/www.cupoftea.si\/sl\/\"},{\"@type\":\"ListItem\",\"position\":2,\"name\":\"Trgovina\",\"item\":\"https:\/\/www.cupoftea.si\/sl\/trgovina\/\"},{\"@type\":\"ListItem\",\"position\":3,\"name\":\"Blazina Kva\u010dkani vozli\u010dki\"}]},{\"@type\":\"WebSite\",\"@id\":\"https:\/\/www.cupoftea.si\/#website\",\"url\":\"https:\/\/www.cupoftea.si\/\",\"name\":\"CUP OF TEA\",\"description\":\"Reloved Furniture &amp; Interiors\",\"potentialAction\":[{\"@type\":\"SearchAction\",\"target\":{\"@type\":\"EntryPoint\",\"urlTemplate\":\"https:\/\/www.cupoftea.si\/?s={search_term_string}\"},\"query-input\":{\"@type\":\"PropertyValueSpecification\",\"valueRequired\":true,\"valueName\":\"search_term_string\"}}],\"inLanguage\":\"sl-SI\"}]}<\/script>\n<!-- \/ Yoast SEO plugin. -->","yoast_head_json":{"title":"Blazina Kva\u010dkani vozli\u010dki - CUP OF TEA","robots":{"index":"index","follow":"follow","max-snippet":"max-snippet:-1","max-image-preview":"max-image-preview:large","max-video-preview":"max-video-preview:-1"},"canonical":"https:\/\/www.cupoftea.si\/sl\/izdelek\/blazina-kvackani-vozlicki-soncno-rumena\/","og_locale":"sl_SI","og_type":"article","og_title":"Blazina Kva\u010dkani vozli\u010dki - CUP OF TEA","og_description":"Barva:\u00a0Son\u010dno rumena (Barva izdelka lahko rahlo odstopa od prikazane na zaslonu.)  Material: Prevleka je izdelana iz skrbno izbranih niti, izbranih na podlagi njihove mehkobe in uporabnosti. Zadnja stran prevleke je iz bomba\u017ea, zadrga ni vidna.  Velikost: 40 x 40 cm \/ 16 x 16 in  Dostava: Izdelek je kon\u010dan in se ga lahko dostavi kamorkoli na svetu.","og_url":"https:\/\/www.cupoftea.si\/sl\/izdelek\/blazina-kvackani-vozlicki-soncno-rumena\/","og_site_name":"CUP OF TEA","article_publisher":"https:\/\/www.facebook.com\/cupoftea.si\/","article_modified_time":"2022-12-22T06:53:00+00:00","og_image":[{"width":1024,"height":683,"url":"https:\/\/www.cupoftea.si\/wp-content\/uploads\/2017\/11\/Cup-of-Tea-chrochet-cushion-cover-24.jpg","type":"image\/jpeg"}],"twitter_card":"summary_large_image","twitter_site":"@CupOfTeaSI","schema":{"@context":"https:\/\/schema.org","@graph":[{"@type":"WebPage","@id":"https:\/\/www.cupoftea.si\/sl\/izdelek\/blazina-kvackani-vozlicki-soncno-rumena\/","url":"https:\/\/www.cupoftea.si\/sl\/izdelek\/blazina-kvackani-vozlicki-soncno-rumena\/","name":"Blazina Kva\u010dkani vozli\u010dki - CUP OF TEA","isPartOf":{"@id":"https:\/\/www.cupoftea.si\/#website"},"primaryImageOfPage":{"@id":"https:\/\/www.cupoftea.si\/sl\/izdelek\/blazina-kvackani-vozlicki-soncno-rumena\/#primaryimage"},"image":{"@id":"https:\/\/www.cupoftea.si\/sl\/izdelek\/blazina-kvackani-vozlicki-soncno-rumena\/#primaryimage"},"thumbnailUrl":"https:\/\/www.cupoftea.si\/wp-content\/uploads\/2017\/11\/Cup-of-Tea-chrochet-cushion-cover-24.jpg","datePublished":"2017-11-04T14:15:41+00:00","dateModified":"2022-12-22T06:53:00+00:00","breadcrumb":{"@id":"https:\/\/www.cupoftea.si\/sl\/izdelek\/blazina-kvackani-vozlicki-soncno-rumena\/#breadcrumb"},"inLanguage":"sl-SI","potentialAction":[{"@type":"ReadAction","target":["https:\/\/www.cupoftea.si\/sl\/izdelek\/blazina-kvackani-vozlicki-soncno-rumena\/"]}]},{"@type":"ImageObject","inLanguage":"sl-SI","@id":"https:\/\/www.cupoftea.si\/sl\/izdelek\/blazina-kvackani-vozlicki-soncno-rumena\/#primaryimage","url":"https:\/\/www.cupoftea.si\/wp-content\/uploads\/2017\/11\/Cup-of-Tea-chrochet-cushion-cover-24.jpg","contentUrl":"https:\/\/www.cupoftea.si\/wp-content\/uploads\/2017\/11\/Cup-of-Tea-chrochet-cushion-cover-24.jpg","width":1024,"height":683,"caption":"Cup-of-Tea-cblazina-kvackani-vozlicki"},{"@type":"BreadcrumbList","@id":"https:\/\/www.cupoftea.si\/sl\/izdelek\/blazina-kvackani-vozlicki-soncno-rumena\/#breadcrumb","itemListElement":[{"@type":"ListItem","position":1,"name":"Home","item":"https:\/\/www.cupoftea.si\/sl\/"},{"@type":"ListItem","position":2,"name":"Trgovina","item":"https:\/\/www.cupoftea.si\/sl\/trgovina\/"},{"@type":"ListItem","position":3,"name":"Blazina Kva\u010dkani vozli\u010dki"}]},{"@type":"WebSite","@id":"https:\/\/www.cupoftea.si\/#website","url":"https:\/\/www.cupoftea.si\/","name":"CUP OF TEA","description":"Reloved Furniture &amp; Interiors","potentialAction":[{"@type":"SearchAction","target":{"@type":"EntryPoint","urlTemplate":"https:\/\/www.cupoftea.si\/?s={search_term_string}"},"query-input":{"@type":"PropertyValueSpecification","valueRequired":true,"valueName":"search_term_string"}}],"inLanguage":"sl-SI"}]}},"_links":{"self":[{"href":"https:\/\/www.cupoftea.si\/sl\/wp-json\/wp\/v2\/product\/6358"}],"collection":[{"href":"https:\/\/www.cupoftea.si\/sl\/wp-json\/wp\/v2\/product"}],"about":[{"href":"https:\/\/www.cupoftea.si\/sl\/wp-json\/wp\/v2\/types\/product"}],"wp:featuredmedia":[{"embeddable":true,"href":"https:\/\/www.cupoftea.si\/sl\/wp-json\/wp\/v2\/media\/6517"}],"wp:attachment":[{"href":"https:\/\/www.cupoftea.si\/sl\/wp-json\/wp\/v2\/media?parent=6358"}],"wp:term":[{"taxonomy":"product_brand","embeddable":true,"href":"https:\/\/www.cupoftea.si\/sl\/wp-json\/wp\/v2\/product_brand?post=6358"},{"taxonomy":"product_cat","embeddable":true,"href":"https:\/\/www.cupoftea.si\/sl\/wp-json\/wp\/v2\/product_cat?post=6358"},{"taxonomy":"product_tag","embeddable":true,"href":"https:\/\/www.cupoftea.si\/sl\/wp-json\/wp\/v2\/product_tag?post=6358"}],"curies":[{"name":"wp","href":"https:\/\/api.w.org\/{rel}","templated":true}]}}