{"id":6698,"date":"2018-06-12T22:45:40","date_gmt":"2018-06-12T20:45:40","guid":{"rendered":"https:\/\/www.cupoftea.si\/?post_type=product&#038;p=6698"},"modified":"2021-10-12T08:04:25","modified_gmt":"2021-10-12T06:04:25","slug":"stol-z-ljubeznijo","status":"publish","type":"product","link":"https:\/\/www.cupoftea.si\/sl\/izdelek\/stol-z-ljubeznijo\/","title":{"rendered":"Stol z ljubeznijo 016"},"content":{"rendered":"<p>Stol je bil ro\u010dno, trajnostno obdelan z veliko mero ljubezni in je pripravljen na drugo prilo\u017enost v novem domu. Kan\u010dek skrbne pozornosti in moderna preobrazba sta poskrbeli, da bo stol \u0161e dolga leta ostal udoben kot je v tem trenutku.<\/p>\n","protected":false},"excerpt":{"rendered":"<p><strong>Barva:<\/strong> Ledeno modra (Barva izdelka lahko rahlo odstopa od prikazane na zaslonu.)<\/p>\n<p><strong>Material:<\/strong> Stol je ohranil izvorni les, se ovil v nove, udobne blazine in pokril s kvalitetno, skrbno izbrano, \u017eametno prevleko.<\/p>\n","protected":false},"featured_media":6700,"template":"","meta":{"_acf_changed":false,"_links_to":"","_links_to_target":""},"product_brand":[],"product_cat":[448],"product_tag":[459],"class_list":{"0":"post-6698","1":"product","2":"type-product","3":"status-publish","4":"has-post-thumbnail","6":"product_cat-pohistvo","7":"product_tag-stol","9":"first","10":"outofstock","11":"shipping-taxable","12":"purchasable","13":"product-type-simple"},"acf":[],"yoast_head":"<!-- This site is optimized with the Yoast SEO plugin v25.2 - https:\/\/yoast.com\/wordpress\/plugins\/seo\/ -->\n<title>Stol z ljubeznijo 016 - CUP OF TEA<\/title>\n<meta name=\"robots\" content=\"index, follow, max-snippet:-1, max-image-preview:large, max-video-preview:-1\" \/>\n<link rel=\"canonical\" href=\"https:\/\/www.cupoftea.si\/sl\/izdelek\/stol-z-ljubeznijo\/\" \/>\n<meta property=\"og:locale\" content=\"sl_SI\" \/>\n<meta property=\"og:type\" content=\"article\" \/>\n<meta property=\"og:title\" content=\"Stol z ljubeznijo 016 - CUP OF TEA\" \/>\n<meta property=\"og:description\" content=\"Barva: Ledeno modra (Barva izdelka lahko rahlo odstopa od prikazane na zaslonu.)  Material: Stol je ohranil izvorni les, se ovil v nove, udobne blazine in pokril s kvalitetno, skrbno izbrano, \u017eametno prevleko.\" \/>\n<meta property=\"og:url\" content=\"https:\/\/www.cupoftea.si\/sl\/izdelek\/stol-z-ljubeznijo\/\" \/>\n<meta property=\"og:site_name\" content=\"CUP OF TEA\" \/>\n<meta property=\"article:publisher\" content=\"https:\/\/www.facebook.com\/cupoftea.si\/\" \/>\n<meta property=\"article:modified_time\" content=\"2021-10-12T06:04:25+00:00\" \/>\n<meta property=\"og:image\" content=\"https:\/\/www.cupoftea.si\/wp-content\/uploads\/2018\/06\/P-Cup-of-tea_2000px_250kb-44-e1528836967241.jpg\" \/>\n\t<meta property=\"og:image:width\" content=\"1331\" \/>\n\t<meta property=\"og:image:height\" content=\"1331\" \/>\n\t<meta property=\"og:image:type\" content=\"image\/jpeg\" \/>\n<meta name=\"twitter:card\" content=\"summary_large_image\" \/>\n<meta name=\"twitter:site\" content=\"@CupOfTeaSI\" \/>\n<meta name=\"twitter:label1\" content=\"Est. reading time\" \/>\n\t<meta name=\"twitter:data1\" content=\"1 minuta\" \/>\n<script type=\"application\/ld+json\" class=\"yoast-schema-graph\">{\"@context\":\"https:\/\/schema.org\",\"@graph\":[{\"@type\":\"WebPage\",\"@id\":\"https:\/\/www.cupoftea.si\/sl\/izdelek\/stol-z-ljubeznijo\/\",\"url\":\"https:\/\/www.cupoftea.si\/sl\/izdelek\/stol-z-ljubeznijo\/\",\"name\":\"Stol z ljubeznijo 016 - CUP OF TEA\",\"isPartOf\":{\"@id\":\"https:\/\/www.cupoftea.si\/#website\"},\"primaryImageOfPage\":{\"@id\":\"https:\/\/www.cupoftea.si\/sl\/izdelek\/stol-z-ljubeznijo\/#primaryimage\"},\"image\":{\"@id\":\"https:\/\/www.cupoftea.si\/sl\/izdelek\/stol-z-ljubeznijo\/#primaryimage\"},\"thumbnailUrl\":\"https:\/\/www.cupoftea.si\/wp-content\/uploads\/2018\/06\/P-Cup-of-tea_2000px_250kb-44-e1528836967241.jpg\",\"datePublished\":\"2018-06-12T20:45:40+00:00\",\"dateModified\":\"2021-10-12T06:04:25+00:00\",\"breadcrumb\":{\"@id\":\"https:\/\/www.cupoftea.si\/sl\/izdelek\/stol-z-ljubeznijo\/#breadcrumb\"},\"inLanguage\":\"sl-SI\",\"potentialAction\":[{\"@type\":\"ReadAction\",\"target\":[\"https:\/\/www.cupoftea.si\/sl\/izdelek\/stol-z-ljubeznijo\/\"]}]},{\"@type\":\"ImageObject\",\"inLanguage\":\"sl-SI\",\"@id\":\"https:\/\/www.cupoftea.si\/sl\/izdelek\/stol-z-ljubeznijo\/#primaryimage\",\"url\":\"https:\/\/www.cupoftea.si\/wp-content\/uploads\/2018\/06\/P-Cup-of-tea_2000px_250kb-44-e1528836967241.jpg\",\"contentUrl\":\"https:\/\/www.cupoftea.si\/wp-content\/uploads\/2018\/06\/P-Cup-of-tea_2000px_250kb-44-e1528836967241.jpg\",\"width\":1331,\"height\":1331,\"caption\":\"Cup Of Tea stol \u017eamet modra\"},{\"@type\":\"BreadcrumbList\",\"@id\":\"https:\/\/www.cupoftea.si\/sl\/izdelek\/stol-z-ljubeznijo\/#breadcrumb\",\"itemListElement\":[{\"@type\":\"ListItem\",\"position\":1,\"name\":\"Home\",\"item\":\"https:\/\/www.cupoftea.si\/sl\/\"},{\"@type\":\"ListItem\",\"position\":2,\"name\":\"Trgovina\",\"item\":\"https:\/\/www.cupoftea.si\/sl\/trgovina\/\"},{\"@type\":\"ListItem\",\"position\":3,\"name\":\"Stol z ljubeznijo 016\"}]},{\"@type\":\"WebSite\",\"@id\":\"https:\/\/www.cupoftea.si\/#website\",\"url\":\"https:\/\/www.cupoftea.si\/\",\"name\":\"CUP OF TEA\",\"description\":\"Reloved Furniture &amp; Interiors\",\"potentialAction\":[{\"@type\":\"SearchAction\",\"target\":{\"@type\":\"EntryPoint\",\"urlTemplate\":\"https:\/\/www.cupoftea.si\/?s={search_term_string}\"},\"query-input\":{\"@type\":\"PropertyValueSpecification\",\"valueRequired\":true,\"valueName\":\"search_term_string\"}}],\"inLanguage\":\"sl-SI\"}]}<\/script>\n<!-- \/ Yoast SEO plugin. -->","yoast_head_json":{"title":"Stol z ljubeznijo 016 - CUP OF TEA","robots":{"index":"index","follow":"follow","max-snippet":"max-snippet:-1","max-image-preview":"max-image-preview:large","max-video-preview":"max-video-preview:-1"},"canonical":"https:\/\/www.cupoftea.si\/sl\/izdelek\/stol-z-ljubeznijo\/","og_locale":"sl_SI","og_type":"article","og_title":"Stol z ljubeznijo 016 - CUP OF TEA","og_description":"Barva: Ledeno modra (Barva izdelka lahko rahlo odstopa od prikazane na zaslonu.)  Material: Stol je ohranil izvorni les, se ovil v nove, udobne blazine in pokril s kvalitetno, skrbno izbrano, \u017eametno prevleko.","og_url":"https:\/\/www.cupoftea.si\/sl\/izdelek\/stol-z-ljubeznijo\/","og_site_name":"CUP OF TEA","article_publisher":"https:\/\/www.facebook.com\/cupoftea.si\/","article_modified_time":"2021-10-12T06:04:25+00:00","og_image":[{"width":1331,"height":1331,"url":"https:\/\/www.cupoftea.si\/wp-content\/uploads\/2018\/06\/P-Cup-of-tea_2000px_250kb-44-e1528836967241.jpg","type":"image\/jpeg"}],"twitter_card":"summary_large_image","twitter_site":"@CupOfTeaSI","twitter_misc":{"Est. reading time":"1 minuta"},"schema":{"@context":"https:\/\/schema.org","@graph":[{"@type":"WebPage","@id":"https:\/\/www.cupoftea.si\/sl\/izdelek\/stol-z-ljubeznijo\/","url":"https:\/\/www.cupoftea.si\/sl\/izdelek\/stol-z-ljubeznijo\/","name":"Stol z ljubeznijo 016 - CUP OF TEA","isPartOf":{"@id":"https:\/\/www.cupoftea.si\/#website"},"primaryImageOfPage":{"@id":"https:\/\/www.cupoftea.si\/sl\/izdelek\/stol-z-ljubeznijo\/#primaryimage"},"image":{"@id":"https:\/\/www.cupoftea.si\/sl\/izdelek\/stol-z-ljubeznijo\/#primaryimage"},"thumbnailUrl":"https:\/\/www.cupoftea.si\/wp-content\/uploads\/2018\/06\/P-Cup-of-tea_2000px_250kb-44-e1528836967241.jpg","datePublished":"2018-06-12T20:45:40+00:00","dateModified":"2021-10-12T06:04:25+00:00","breadcrumb":{"@id":"https:\/\/www.cupoftea.si\/sl\/izdelek\/stol-z-ljubeznijo\/#breadcrumb"},"inLanguage":"sl-SI","potentialAction":[{"@type":"ReadAction","target":["https:\/\/www.cupoftea.si\/sl\/izdelek\/stol-z-ljubeznijo\/"]}]},{"@type":"ImageObject","inLanguage":"sl-SI","@id":"https:\/\/www.cupoftea.si\/sl\/izdelek\/stol-z-ljubeznijo\/#primaryimage","url":"https:\/\/www.cupoftea.si\/wp-content\/uploads\/2018\/06\/P-Cup-of-tea_2000px_250kb-44-e1528836967241.jpg","contentUrl":"https:\/\/www.cupoftea.si\/wp-content\/uploads\/2018\/06\/P-Cup-of-tea_2000px_250kb-44-e1528836967241.jpg","width":1331,"height":1331,"caption":"Cup Of Tea stol \u017eamet modra"},{"@type":"BreadcrumbList","@id":"https:\/\/www.cupoftea.si\/sl\/izdelek\/stol-z-ljubeznijo\/#breadcrumb","itemListElement":[{"@type":"ListItem","position":1,"name":"Home","item":"https:\/\/www.cupoftea.si\/sl\/"},{"@type":"ListItem","position":2,"name":"Trgovina","item":"https:\/\/www.cupoftea.si\/sl\/trgovina\/"},{"@type":"ListItem","position":3,"name":"Stol z ljubeznijo 016"}]},{"@type":"WebSite","@id":"https:\/\/www.cupoftea.si\/#website","url":"https:\/\/www.cupoftea.si\/","name":"CUP OF TEA","description":"Reloved Furniture &amp; Interiors","potentialAction":[{"@type":"SearchAction","target":{"@type":"EntryPoint","urlTemplate":"https:\/\/www.cupoftea.si\/?s={search_term_string}"},"query-input":{"@type":"PropertyValueSpecification","valueRequired":true,"valueName":"search_term_string"}}],"inLanguage":"sl-SI"}]}},"_links":{"self":[{"href":"https:\/\/www.cupoftea.si\/sl\/wp-json\/wp\/v2\/product\/6698"}],"collection":[{"href":"https:\/\/www.cupoftea.si\/sl\/wp-json\/wp\/v2\/product"}],"about":[{"href":"https:\/\/www.cupoftea.si\/sl\/wp-json\/wp\/v2\/types\/product"}],"wp:featuredmedia":[{"embeddable":true,"href":"https:\/\/www.cupoftea.si\/sl\/wp-json\/wp\/v2\/media\/6700"}],"wp:attachment":[{"href":"https:\/\/www.cupoftea.si\/sl\/wp-json\/wp\/v2\/media?parent=6698"}],"wp:term":[{"taxonomy":"product_brand","embeddable":true,"href":"https:\/\/www.cupoftea.si\/sl\/wp-json\/wp\/v2\/product_brand?post=6698"},{"taxonomy":"product_cat","embeddable":true,"href":"https:\/\/www.cupoftea.si\/sl\/wp-json\/wp\/v2\/product_cat?post=6698"},{"taxonomy":"product_tag","embeddable":true,"href":"https:\/\/www.cupoftea.si\/sl\/wp-json\/wp\/v2\/product_tag?post=6698"}],"curies":[{"name":"wp","href":"https:\/\/api.w.org\/{rel}","templated":true}]}}