{"id":7529,"date":"2017-11-03T00:41:38","date_gmt":"2018-07-20T22:41:39","guid":{"rendered":"https:\/\/www.cupoftea.si\/?post_type=product&#038;p=7529"},"modified":"2021-10-12T08:08:23","modified_gmt":"2021-10-12T06:08:23","slug":"kraljevska-pletena-odeja-crna","status":"publish","type":"product","link":"https:\/\/www.cupoftea.si\/sl\/izdelek\/kraljevska-pletena-odeja-crna\/","title":{"rendered":"Kraljevska pletena odeja"},"content":{"rendered":"<p>Ro\u010dno spletena odeja iz 100 % volne merino ponuja vso udobje tega sveta. Je izjemno mehka, trpe\u017ena in ne\u017ena. Volna merino ima antibakteriolo\u0161ke in antimikrobne lastnosti. Poleg tega je antistati\u010dna, odporna na made\u017ee in se ne navzame vonja.<\/p>\n","protected":false},"excerpt":{"rendered":"<p><strong>Barva: <\/strong>Dramati\u010dno \u010drna\u00a0(Barva izdelka lahko rahlo odstopa od prikazane na zaslonu.)<\/p>\n<p><strong>Material:<\/strong> Odeja je narejena iz 100 % volne merino.<\/p>\n","protected":false},"featured_media":7545,"template":"","meta":{"_acf_changed":false,"_links_to":"","_links_to_target":""},"product_brand":[],"product_cat":[452,456,493],"product_tag":[458,462,465],"class_list":{"0":"post-7529","1":"product","2":"type-product","3":"status-publish","4":"has-post-thumbnail","6":"product_cat-odeje","7":"product_cat-pletenje","8":"product_cat-volna","9":"product_tag-odeje","10":"product_tag-pletenje","11":"product_tag-volna","13":"first","14":"instock","15":"shipping-taxable","16":"purchasable","17":"product-type-variable"},"acf":[],"yoast_head":"<!-- This site is optimized with the Yoast SEO plugin v25.2 - https:\/\/yoast.com\/wordpress\/plugins\/seo\/ -->\n<title>Kraljevska pletena odeja - CUP OF TEA<\/title>\n<meta name=\"robots\" content=\"index, follow, max-snippet:-1, max-image-preview:large, max-video-preview:-1\" \/>\n<link rel=\"canonical\" href=\"https:\/\/www.cupoftea.si\/sl\/izdelek\/kraljevska-pletena-odeja-crna\/\" \/>\n<meta property=\"og:locale\" content=\"sl_SI\" \/>\n<meta property=\"og:type\" content=\"article\" \/>\n<meta property=\"og:title\" content=\"Kraljevska pletena odeja - CUP OF TEA\" \/>\n<meta property=\"og:description\" content=\"Barva: Dramati\u010dno \u010drna\u00a0(Barva izdelka lahko rahlo odstopa od prikazane na zaslonu.)  Material: Odeja je narejena iz 100 % volne merino.\" \/>\n<meta property=\"og:url\" content=\"https:\/\/www.cupoftea.si\/sl\/izdelek\/kraljevska-pletena-odeja-crna\/\" \/>\n<meta property=\"og:site_name\" content=\"CUP OF TEA\" \/>\n<meta property=\"article:publisher\" content=\"https:\/\/www.facebook.com\/cupoftea.si\/\" \/>\n<meta property=\"article:modified_time\" content=\"2021-10-12T06:08:23+00:00\" \/>\n<meta property=\"og:image\" content=\"https:\/\/www.cupoftea.si\/wp-content\/uploads\/2018\/07\/20180119-DSC_0182.jpg\" \/>\n\t<meta property=\"og:image:width\" content=\"3872\" \/>\n\t<meta property=\"og:image:height\" content=\"2592\" \/>\n\t<meta property=\"og:image:type\" content=\"image\/jpeg\" \/>\n<meta name=\"twitter:card\" content=\"summary_large_image\" \/>\n<meta name=\"twitter:site\" content=\"@CupOfTeaSI\" \/>\n<script type=\"application\/ld+json\" class=\"yoast-schema-graph\">{\"@context\":\"https:\/\/schema.org\",\"@graph\":[{\"@type\":\"WebPage\",\"@id\":\"https:\/\/www.cupoftea.si\/sl\/izdelek\/kraljevska-pletena-odeja-crna\/\",\"url\":\"https:\/\/www.cupoftea.si\/sl\/izdelek\/kraljevska-pletena-odeja-crna\/\",\"name\":\"Kraljevska pletena odeja - CUP OF TEA\",\"isPartOf\":{\"@id\":\"https:\/\/www.cupoftea.si\/#website\"},\"primaryImageOfPage\":{\"@id\":\"https:\/\/www.cupoftea.si\/sl\/izdelek\/kraljevska-pletena-odeja-crna\/#primaryimage\"},\"image\":{\"@id\":\"https:\/\/www.cupoftea.si\/sl\/izdelek\/kraljevska-pletena-odeja-crna\/#primaryimage\"},\"thumbnailUrl\":\"https:\/\/www.cupoftea.si\/wp-content\/uploads\/2018\/07\/20180119-DSC_0182-scaled.jpg\",\"datePublished\":\"2018-07-20T22:41:39+00:00\",\"dateModified\":\"2021-10-12T06:08:23+00:00\",\"breadcrumb\":{\"@id\":\"https:\/\/www.cupoftea.si\/sl\/izdelek\/kraljevska-pletena-odeja-crna\/#breadcrumb\"},\"inLanguage\":\"sl-SI\",\"potentialAction\":[{\"@type\":\"ReadAction\",\"target\":[\"https:\/\/www.cupoftea.si\/sl\/izdelek\/kraljevska-pletena-odeja-crna\/\"]}]},{\"@type\":\"ImageObject\",\"inLanguage\":\"sl-SI\",\"@id\":\"https:\/\/www.cupoftea.si\/sl\/izdelek\/kraljevska-pletena-odeja-crna\/#primaryimage\",\"url\":\"https:\/\/www.cupoftea.si\/wp-content\/uploads\/2018\/07\/20180119-DSC_0182-scaled.jpg\",\"contentUrl\":\"https:\/\/www.cupoftea.si\/wp-content\/uploads\/2018\/07\/20180119-DSC_0182-scaled.jpg\",\"width\":3872,\"height\":2592,\"caption\":\"Cup Of Tea merino volna odeja pletena \u010drna\"},{\"@type\":\"BreadcrumbList\",\"@id\":\"https:\/\/www.cupoftea.si\/sl\/izdelek\/kraljevska-pletena-odeja-crna\/#breadcrumb\",\"itemListElement\":[{\"@type\":\"ListItem\",\"position\":1,\"name\":\"Home\",\"item\":\"https:\/\/www.cupoftea.si\/sl\/\"},{\"@type\":\"ListItem\",\"position\":2,\"name\":\"Trgovina\",\"item\":\"https:\/\/www.cupoftea.si\/sl\/trgovina\/\"},{\"@type\":\"ListItem\",\"position\":3,\"name\":\"Kraljevska pletena odeja\"}]},{\"@type\":\"WebSite\",\"@id\":\"https:\/\/www.cupoftea.si\/#website\",\"url\":\"https:\/\/www.cupoftea.si\/\",\"name\":\"CUP OF TEA\",\"description\":\"Reloved Furniture &amp; Interiors\",\"potentialAction\":[{\"@type\":\"SearchAction\",\"target\":{\"@type\":\"EntryPoint\",\"urlTemplate\":\"https:\/\/www.cupoftea.si\/?s={search_term_string}\"},\"query-input\":{\"@type\":\"PropertyValueSpecification\",\"valueRequired\":true,\"valueName\":\"search_term_string\"}}],\"inLanguage\":\"sl-SI\"}]}<\/script>\n<!-- \/ Yoast SEO plugin. -->","yoast_head_json":{"title":"Kraljevska pletena odeja - CUP OF TEA","robots":{"index":"index","follow":"follow","max-snippet":"max-snippet:-1","max-image-preview":"max-image-preview:large","max-video-preview":"max-video-preview:-1"},"canonical":"https:\/\/www.cupoftea.si\/sl\/izdelek\/kraljevska-pletena-odeja-crna\/","og_locale":"sl_SI","og_type":"article","og_title":"Kraljevska pletena odeja - CUP OF TEA","og_description":"Barva: Dramati\u010dno \u010drna\u00a0(Barva izdelka lahko rahlo odstopa od prikazane na zaslonu.)  Material: Odeja je narejena iz 100 % volne merino.","og_url":"https:\/\/www.cupoftea.si\/sl\/izdelek\/kraljevska-pletena-odeja-crna\/","og_site_name":"CUP OF TEA","article_publisher":"https:\/\/www.facebook.com\/cupoftea.si\/","article_modified_time":"2021-10-12T06:08:23+00:00","og_image":[{"width":3872,"height":2592,"url":"https:\/\/www.cupoftea.si\/wp-content\/uploads\/2018\/07\/20180119-DSC_0182.jpg","type":"image\/jpeg"}],"twitter_card":"summary_large_image","twitter_site":"@CupOfTeaSI","schema":{"@context":"https:\/\/schema.org","@graph":[{"@type":"WebPage","@id":"https:\/\/www.cupoftea.si\/sl\/izdelek\/kraljevska-pletena-odeja-crna\/","url":"https:\/\/www.cupoftea.si\/sl\/izdelek\/kraljevska-pletena-odeja-crna\/","name":"Kraljevska pletena odeja - CUP OF TEA","isPartOf":{"@id":"https:\/\/www.cupoftea.si\/#website"},"primaryImageOfPage":{"@id":"https:\/\/www.cupoftea.si\/sl\/izdelek\/kraljevska-pletena-odeja-crna\/#primaryimage"},"image":{"@id":"https:\/\/www.cupoftea.si\/sl\/izdelek\/kraljevska-pletena-odeja-crna\/#primaryimage"},"thumbnailUrl":"https:\/\/www.cupoftea.si\/wp-content\/uploads\/2018\/07\/20180119-DSC_0182-scaled.jpg","datePublished":"2018-07-20T22:41:39+00:00","dateModified":"2021-10-12T06:08:23+00:00","breadcrumb":{"@id":"https:\/\/www.cupoftea.si\/sl\/izdelek\/kraljevska-pletena-odeja-crna\/#breadcrumb"},"inLanguage":"sl-SI","potentialAction":[{"@type":"ReadAction","target":["https:\/\/www.cupoftea.si\/sl\/izdelek\/kraljevska-pletena-odeja-crna\/"]}]},{"@type":"ImageObject","inLanguage":"sl-SI","@id":"https:\/\/www.cupoftea.si\/sl\/izdelek\/kraljevska-pletena-odeja-crna\/#primaryimage","url":"https:\/\/www.cupoftea.si\/wp-content\/uploads\/2018\/07\/20180119-DSC_0182-scaled.jpg","contentUrl":"https:\/\/www.cupoftea.si\/wp-content\/uploads\/2018\/07\/20180119-DSC_0182-scaled.jpg","width":3872,"height":2592,"caption":"Cup Of Tea merino volna odeja pletena \u010drna"},{"@type":"BreadcrumbList","@id":"https:\/\/www.cupoftea.si\/sl\/izdelek\/kraljevska-pletena-odeja-crna\/#breadcrumb","itemListElement":[{"@type":"ListItem","position":1,"name":"Home","item":"https:\/\/www.cupoftea.si\/sl\/"},{"@type":"ListItem","position":2,"name":"Trgovina","item":"https:\/\/www.cupoftea.si\/sl\/trgovina\/"},{"@type":"ListItem","position":3,"name":"Kraljevska pletena odeja"}]},{"@type":"WebSite","@id":"https:\/\/www.cupoftea.si\/#website","url":"https:\/\/www.cupoftea.si\/","name":"CUP OF TEA","description":"Reloved Furniture &amp; Interiors","potentialAction":[{"@type":"SearchAction","target":{"@type":"EntryPoint","urlTemplate":"https:\/\/www.cupoftea.si\/?s={search_term_string}"},"query-input":{"@type":"PropertyValueSpecification","valueRequired":true,"valueName":"search_term_string"}}],"inLanguage":"sl-SI"}]}},"_links":{"self":[{"href":"https:\/\/www.cupoftea.si\/sl\/wp-json\/wp\/v2\/product\/7529"}],"collection":[{"href":"https:\/\/www.cupoftea.si\/sl\/wp-json\/wp\/v2\/product"}],"about":[{"href":"https:\/\/www.cupoftea.si\/sl\/wp-json\/wp\/v2\/types\/product"}],"wp:featuredmedia":[{"embeddable":true,"href":"https:\/\/www.cupoftea.si\/sl\/wp-json\/wp\/v2\/media\/7545"}],"wp:attachment":[{"href":"https:\/\/www.cupoftea.si\/sl\/wp-json\/wp\/v2\/media?parent=7529"}],"wp:term":[{"taxonomy":"product_brand","embeddable":true,"href":"https:\/\/www.cupoftea.si\/sl\/wp-json\/wp\/v2\/product_brand?post=7529"},{"taxonomy":"product_cat","embeddable":true,"href":"https:\/\/www.cupoftea.si\/sl\/wp-json\/wp\/v2\/product_cat?post=7529"},{"taxonomy":"product_tag","embeddable":true,"href":"https:\/\/www.cupoftea.si\/sl\/wp-json\/wp\/v2\/product_tag?post=7529"}],"curies":[{"name":"wp","href":"https:\/\/api.w.org\/{rel}","templated":true}]}}