{"id":8161,"date":"2019-11-29T23:15:52","date_gmt":"2020-01-16T22:44:52","guid":{"rendered":"https:\/\/www.cupoftea.si\/?post_type=product&#038;p=8161"},"modified":"2020-01-26T10:54:00","modified_gmt":"2020-01-26T09:54:00","slug":"naslonjac-z-ljubeznijo-043","status":"publish","type":"product","link":"https:\/\/www.cupoftea.si\/sl\/izdelek\/naslonjac-z-ljubeznijo-043\/","title":{"rendered":"Naslonja\u010d z ljubeznijo 043"},"content":{"rendered":"<p>Kdo pravi, da bi pohi\u0161tvo moralo \u017eiveti le eno \u017eivljenje? Ta naslonja\u010d je bil trajnostno obdelan z veliko ljubezni \u2013 in to prav tu, v Sloveniji. Kan\u010dek skrbne pozornosti in moderna preobrazba bosta poskrbela, da bo \u0161e dolga leta ostal udoben kot je v tem trenutku. Vse za to, da se lahko sprostite ob uporabi izdelka Cup of Tea!<\/p>\n","protected":false},"excerpt":{"rendered":"<p><strong>Barva:<\/strong> Kraljevsko rumena (Barva izdelka lahko rahlo odstopa od prikazane na zaslonu.)<\/p>\n<p><strong>Material:<\/strong> Naslonja\u010d je ohranil izvorni les, pokriva pa ga \u017eametna prevleka, izbrana zaradi njene mehkobe in prijetnega izgleda.<\/p>\n<p><strong>Dostava:<\/strong> Izdelek je kon\u010dan in se ga lahko dostavi kamorkoli na svetu.<\/p>\n","protected":false},"featured_media":7631,"template":"","meta":{"_acf_changed":false,"_links_to":"","_links_to_target":""},"product_brand":[],"product_cat":[448],"product_tag":[459],"class_list":{"0":"post-8161","1":"product","2":"type-product","3":"status-publish","4":"has-post-thumbnail","6":"product_cat-pohistvo","7":"product_tag-stol","9":"first","10":"outofstock","11":"shipping-taxable","12":"product-type-simple"},"acf":[],"yoast_head":"<!-- This site is optimized with the Yoast SEO plugin v25.2 - https:\/\/yoast.com\/wordpress\/plugins\/seo\/ -->\n<title>Naslonja\u010d z ljubeznijo 043 - CUP OF TEA<\/title>\n<meta name=\"robots\" content=\"index, follow, max-snippet:-1, max-image-preview:large, max-video-preview:-1\" \/>\n<link rel=\"canonical\" href=\"https:\/\/www.cupoftea.si\/sl\/izdelek\/naslonjac-z-ljubeznijo-043\/\" \/>\n<meta property=\"og:locale\" content=\"sl_SI\" \/>\n<meta property=\"og:type\" content=\"article\" \/>\n<meta property=\"og:title\" content=\"Naslonja\u010d z ljubeznijo 043 - CUP OF TEA\" \/>\n<meta property=\"og:description\" content=\"Barva: Kraljevsko rumena (Barva izdelka lahko rahlo odstopa od prikazane na zaslonu.)  Material: Naslonja\u010d je ohranil izvorni les, pokriva pa ga \u017eametna prevleka, izbrana zaradi njene mehkobe in prijetnega izgleda.  Dostava: Izdelek je kon\u010dan in se ga lahko dostavi kamorkoli na svetu.\" \/>\n<meta property=\"og:url\" content=\"https:\/\/www.cupoftea.si\/sl\/izdelek\/naslonjac-z-ljubeznijo-043\/\" \/>\n<meta property=\"og:site_name\" content=\"CUP OF TEA\" \/>\n<meta property=\"article:publisher\" content=\"https:\/\/www.facebook.com\/cupoftea.si\/\" \/>\n<meta property=\"article:modified_time\" content=\"2020-01-26T09:54:00+00:00\" \/>\n<meta property=\"og:image\" content=\"https:\/\/www.cupoftea.si\/wp-content\/uploads\/2019\/01\/P_Sami-Rahim-Cup-of-tea_1500px-250kb-1-e1546767593408.jpg\" \/>\n\t<meta property=\"og:image:width\" content=\"997\" \/>\n\t<meta property=\"og:image:height\" content=\"997\" \/>\n\t<meta property=\"og:image:type\" content=\"image\/jpeg\" \/>\n<meta name=\"twitter:card\" content=\"summary_large_image\" \/>\n<meta name=\"twitter:site\" content=\"@CupOfTeaSI\" \/>\n<script type=\"application\/ld+json\" class=\"yoast-schema-graph\">{\"@context\":\"https:\/\/schema.org\",\"@graph\":[{\"@type\":\"WebPage\",\"@id\":\"https:\/\/www.cupoftea.si\/sl\/izdelek\/naslonjac-z-ljubeznijo-043\/\",\"url\":\"https:\/\/www.cupoftea.si\/sl\/izdelek\/naslonjac-z-ljubeznijo-043\/\",\"name\":\"Naslonja\u010d z ljubeznijo 043 - CUP OF TEA\",\"isPartOf\":{\"@id\":\"https:\/\/www.cupoftea.si\/#website\"},\"primaryImageOfPage\":{\"@id\":\"https:\/\/www.cupoftea.si\/sl\/izdelek\/naslonjac-z-ljubeznijo-043\/#primaryimage\"},\"image\":{\"@id\":\"https:\/\/www.cupoftea.si\/sl\/izdelek\/naslonjac-z-ljubeznijo-043\/#primaryimage\"},\"thumbnailUrl\":\"https:\/\/www.cupoftea.si\/wp-content\/uploads\/2019\/01\/P_Sami-Rahim-Cup-of-tea_1500px-250kb-1-e1546767593408.jpg\",\"datePublished\":\"2020-01-16T22:44:52+00:00\",\"dateModified\":\"2020-01-26T09:54:00+00:00\",\"breadcrumb\":{\"@id\":\"https:\/\/www.cupoftea.si\/sl\/izdelek\/naslonjac-z-ljubeznijo-043\/#breadcrumb\"},\"inLanguage\":\"sl-SI\",\"potentialAction\":[{\"@type\":\"ReadAction\",\"target\":[\"https:\/\/www.cupoftea.si\/sl\/izdelek\/naslonjac-z-ljubeznijo-043\/\"]}]},{\"@type\":\"ImageObject\",\"inLanguage\":\"sl-SI\",\"@id\":\"https:\/\/www.cupoftea.si\/sl\/izdelek\/naslonjac-z-ljubeznijo-043\/#primaryimage\",\"url\":\"https:\/\/www.cupoftea.si\/wp-content\/uploads\/2019\/01\/P_Sami-Rahim-Cup-of-tea_1500px-250kb-1-e1546767593408.jpg\",\"contentUrl\":\"https:\/\/www.cupoftea.si\/wp-content\/uploads\/2019\/01\/P_Sami-Rahim-Cup-of-tea_1500px-250kb-1-e1546767593408.jpg\",\"width\":997,\"height\":997,\"caption\":\"CUP OF TEA VINTAGE FOTELJ KRALJEVSKO RUMENA\"},{\"@type\":\"BreadcrumbList\",\"@id\":\"https:\/\/www.cupoftea.si\/sl\/izdelek\/naslonjac-z-ljubeznijo-043\/#breadcrumb\",\"itemListElement\":[{\"@type\":\"ListItem\",\"position\":1,\"name\":\"Home\",\"item\":\"https:\/\/www.cupoftea.si\/sl\/\"},{\"@type\":\"ListItem\",\"position\":2,\"name\":\"Trgovina\",\"item\":\"https:\/\/www.cupoftea.si\/sl\/trgovina\/\"},{\"@type\":\"ListItem\",\"position\":3,\"name\":\"Naslonja\u010d z ljubeznijo 043\"}]},{\"@type\":\"WebSite\",\"@id\":\"https:\/\/www.cupoftea.si\/#website\",\"url\":\"https:\/\/www.cupoftea.si\/\",\"name\":\"CUP OF TEA\",\"description\":\"Reloved Furniture &amp; Interiors\",\"potentialAction\":[{\"@type\":\"SearchAction\",\"target\":{\"@type\":\"EntryPoint\",\"urlTemplate\":\"https:\/\/www.cupoftea.si\/?s={search_term_string}\"},\"query-input\":{\"@type\":\"PropertyValueSpecification\",\"valueRequired\":true,\"valueName\":\"search_term_string\"}}],\"inLanguage\":\"sl-SI\"}]}<\/script>\n<!-- \/ Yoast SEO plugin. -->","yoast_head_json":{"title":"Naslonja\u010d z ljubeznijo 043 - CUP OF TEA","robots":{"index":"index","follow":"follow","max-snippet":"max-snippet:-1","max-image-preview":"max-image-preview:large","max-video-preview":"max-video-preview:-1"},"canonical":"https:\/\/www.cupoftea.si\/sl\/izdelek\/naslonjac-z-ljubeznijo-043\/","og_locale":"sl_SI","og_type":"article","og_title":"Naslonja\u010d z ljubeznijo 043 - CUP OF TEA","og_description":"Barva: Kraljevsko rumena (Barva izdelka lahko rahlo odstopa od prikazane na zaslonu.)  Material: Naslonja\u010d je ohranil izvorni les, pokriva pa ga \u017eametna prevleka, izbrana zaradi njene mehkobe in prijetnega izgleda.  Dostava: Izdelek je kon\u010dan in se ga lahko dostavi kamorkoli na svetu.","og_url":"https:\/\/www.cupoftea.si\/sl\/izdelek\/naslonjac-z-ljubeznijo-043\/","og_site_name":"CUP OF TEA","article_publisher":"https:\/\/www.facebook.com\/cupoftea.si\/","article_modified_time":"2020-01-26T09:54:00+00:00","og_image":[{"width":997,"height":997,"url":"https:\/\/www.cupoftea.si\/wp-content\/uploads\/2019\/01\/P_Sami-Rahim-Cup-of-tea_1500px-250kb-1-e1546767593408.jpg","type":"image\/jpeg"}],"twitter_card":"summary_large_image","twitter_site":"@CupOfTeaSI","schema":{"@context":"https:\/\/schema.org","@graph":[{"@type":"WebPage","@id":"https:\/\/www.cupoftea.si\/sl\/izdelek\/naslonjac-z-ljubeznijo-043\/","url":"https:\/\/www.cupoftea.si\/sl\/izdelek\/naslonjac-z-ljubeznijo-043\/","name":"Naslonja\u010d z ljubeznijo 043 - CUP OF TEA","isPartOf":{"@id":"https:\/\/www.cupoftea.si\/#website"},"primaryImageOfPage":{"@id":"https:\/\/www.cupoftea.si\/sl\/izdelek\/naslonjac-z-ljubeznijo-043\/#primaryimage"},"image":{"@id":"https:\/\/www.cupoftea.si\/sl\/izdelek\/naslonjac-z-ljubeznijo-043\/#primaryimage"},"thumbnailUrl":"https:\/\/www.cupoftea.si\/wp-content\/uploads\/2019\/01\/P_Sami-Rahim-Cup-of-tea_1500px-250kb-1-e1546767593408.jpg","datePublished":"2020-01-16T22:44:52+00:00","dateModified":"2020-01-26T09:54:00+00:00","breadcrumb":{"@id":"https:\/\/www.cupoftea.si\/sl\/izdelek\/naslonjac-z-ljubeznijo-043\/#breadcrumb"},"inLanguage":"sl-SI","potentialAction":[{"@type":"ReadAction","target":["https:\/\/www.cupoftea.si\/sl\/izdelek\/naslonjac-z-ljubeznijo-043\/"]}]},{"@type":"ImageObject","inLanguage":"sl-SI","@id":"https:\/\/www.cupoftea.si\/sl\/izdelek\/naslonjac-z-ljubeznijo-043\/#primaryimage","url":"https:\/\/www.cupoftea.si\/wp-content\/uploads\/2019\/01\/P_Sami-Rahim-Cup-of-tea_1500px-250kb-1-e1546767593408.jpg","contentUrl":"https:\/\/www.cupoftea.si\/wp-content\/uploads\/2019\/01\/P_Sami-Rahim-Cup-of-tea_1500px-250kb-1-e1546767593408.jpg","width":997,"height":997,"caption":"CUP OF TEA VINTAGE FOTELJ KRALJEVSKO RUMENA"},{"@type":"BreadcrumbList","@id":"https:\/\/www.cupoftea.si\/sl\/izdelek\/naslonjac-z-ljubeznijo-043\/#breadcrumb","itemListElement":[{"@type":"ListItem","position":1,"name":"Home","item":"https:\/\/www.cupoftea.si\/sl\/"},{"@type":"ListItem","position":2,"name":"Trgovina","item":"https:\/\/www.cupoftea.si\/sl\/trgovina\/"},{"@type":"ListItem","position":3,"name":"Naslonja\u010d z ljubeznijo 043"}]},{"@type":"WebSite","@id":"https:\/\/www.cupoftea.si\/#website","url":"https:\/\/www.cupoftea.si\/","name":"CUP OF TEA","description":"Reloved Furniture &amp; Interiors","potentialAction":[{"@type":"SearchAction","target":{"@type":"EntryPoint","urlTemplate":"https:\/\/www.cupoftea.si\/?s={search_term_string}"},"query-input":{"@type":"PropertyValueSpecification","valueRequired":true,"valueName":"search_term_string"}}],"inLanguage":"sl-SI"}]}},"_links":{"self":[{"href":"https:\/\/www.cupoftea.si\/sl\/wp-json\/wp\/v2\/product\/8161"}],"collection":[{"href":"https:\/\/www.cupoftea.si\/sl\/wp-json\/wp\/v2\/product"}],"about":[{"href":"https:\/\/www.cupoftea.si\/sl\/wp-json\/wp\/v2\/types\/product"}],"wp:featuredmedia":[{"embeddable":true,"href":"https:\/\/www.cupoftea.si\/sl\/wp-json\/wp\/v2\/media\/7631"}],"wp:attachment":[{"href":"https:\/\/www.cupoftea.si\/sl\/wp-json\/wp\/v2\/media?parent=8161"}],"wp:term":[{"taxonomy":"product_brand","embeddable":true,"href":"https:\/\/www.cupoftea.si\/sl\/wp-json\/wp\/v2\/product_brand?post=8161"},{"taxonomy":"product_cat","embeddable":true,"href":"https:\/\/www.cupoftea.si\/sl\/wp-json\/wp\/v2\/product_cat?post=8161"},{"taxonomy":"product_tag","embeddable":true,"href":"https:\/\/www.cupoftea.si\/sl\/wp-json\/wp\/v2\/product_tag?post=8161"}],"curies":[{"name":"wp","href":"https:\/\/api.w.org\/{rel}","templated":true}]}}