{"id":8924,"date":"2020-12-04T11:55:16","date_gmt":"2020-12-04T10:55:16","guid":{"rendered":"https:\/\/www.cupoftea.si\/?post_type=product&#038;p=8924"},"modified":"2022-12-22T15:39:24","modified_gmt":"2022-12-22T14:39:24","slug":"kraljevska-pletena-odeja-modra-100-130","status":"publish","type":"product","link":"https:\/\/www.cupoftea.si\/sl\/izdelek\/kraljevska-pletena-odeja-modra-100-130\/","title":{"rendered":"Kraljevska pletena odeja"},"content":{"rendered":"<p>Ali \u017ee komaj \u010dakate tisti prost dan, ko boste lahko zlezli pod odejo ob pitju vro\u010dega \u010daja, dobri knjigi ali filmu? Ta odeja kraljevske velikosti (namenjena tako kraljem kot kraljicam) vam ponuja vso udobje tega sveta. Ker je narejena iz 100 % volne merino, prina\u0161a s seboj tudi antibakteriolo\u0161ke in antimikrobne lastnosti. Je antistati\u010dna, odporna na made\u017ee in se ne navzame vonja. Poleg tega ne zahteva skoraj ni\u010d nege, zato se lahko sprostite in brez skrbi u\u017eivate v ro\u010dnem izdelku Cup of Tea.<\/p>\n","protected":false},"excerpt":{"rendered":"<p><strong>Barva:<\/strong> Polno\u010dna modrina . (Barva izdelka lahko rahlo odstopa od prikazane na zaslonu.)<\/p>\n<p><strong>Material:<\/strong> Odeja je narejena iz 100 % volne merino. Celo etiketa na odeji je mehka in vas ne bo popraskala med crkljanjem!<\/p>\n<p><strong>Velikost:<\/strong> 100 x 130 cm<\/p>\n<p><strong>Dostava:<\/strong> Izdelek je kon\u010dan in se ga lahko dostavi kamorkoli na svetu.<\/p>\n","protected":false},"featured_media":8007,"template":"","meta":{"_acf_changed":false,"_links_to":"","_links_to_target":""},"product_brand":[],"product_cat":[452,456,493],"product_tag":[458,462,465],"class_list":{"0":"post-8924","1":"product","2":"type-product","3":"status-publish","4":"has-post-thumbnail","6":"product_cat-odeje","7":"product_cat-pletenje","8":"product_cat-volna","9":"product_tag-odeje","10":"product_tag-pletenje","11":"product_tag-volna","13":"first","14":"outofstock","15":"shipping-taxable","16":"purchasable","17":"product-type-simple"},"acf":[],"yoast_head":"<!-- This site is optimized with the Yoast SEO plugin v25.2 - https:\/\/yoast.com\/wordpress\/plugins\/seo\/ -->\n<title>Kraljevska pletena odeja - CUP OF TEA<\/title>\n<meta name=\"robots\" content=\"index, follow, max-snippet:-1, max-image-preview:large, max-video-preview:-1\" \/>\n<link rel=\"canonical\" href=\"https:\/\/www.cupoftea.si\/sl\/izdelek\/kraljevska-pletena-odeja-modra-100-130\/\" \/>\n<meta property=\"og:locale\" content=\"sl_SI\" \/>\n<meta property=\"og:type\" content=\"article\" \/>\n<meta property=\"og:title\" content=\"Kraljevska pletena odeja - CUP OF TEA\" \/>\n<meta property=\"og:description\" content=\"Barva: Polno\u010dna modrina . (Barva izdelka lahko rahlo odstopa od prikazane na zaslonu.)  Material: Odeja je narejena iz 100 % volne merino. Celo etiketa na odeji je mehka in vas ne bo popraskala med crkljanjem!  Velikost: 100 x 130 cm  Dostava: Izdelek je kon\u010dan in se ga lahko dostavi kamorkoli na svetu.\" \/>\n<meta property=\"og:url\" content=\"https:\/\/www.cupoftea.si\/sl\/izdelek\/kraljevska-pletena-odeja-modra-100-130\/\" \/>\n<meta property=\"og:site_name\" content=\"CUP OF TEA\" \/>\n<meta property=\"article:publisher\" content=\"https:\/\/www.facebook.com\/cupoftea.si\/\" \/>\n<meta property=\"article:modified_time\" content=\"2022-12-22T14:39:24+00:00\" \/>\n<meta property=\"og:image\" content=\"https:\/\/www.cupoftea.si\/wp-content\/uploads\/2019\/11\/COT20191025-2000px-7.jpg\" \/>\n\t<meta property=\"og:image:width\" content=\"1333\" \/>\n\t<meta property=\"og:image:height\" content=\"2000\" \/>\n\t<meta property=\"og:image:type\" content=\"image\/jpeg\" \/>\n<meta name=\"twitter:card\" content=\"summary_large_image\" \/>\n<meta name=\"twitter:site\" content=\"@CupOfTeaSI\" \/>\n<script type=\"application\/ld+json\" class=\"yoast-schema-graph\">{\"@context\":\"https:\/\/schema.org\",\"@graph\":[{\"@type\":\"WebPage\",\"@id\":\"https:\/\/www.cupoftea.si\/sl\/izdelek\/kraljevska-pletena-odeja-modra-100-130\/\",\"url\":\"https:\/\/www.cupoftea.si\/sl\/izdelek\/kraljevska-pletena-odeja-modra-100-130\/\",\"name\":\"Kraljevska pletena odeja - CUP OF TEA\",\"isPartOf\":{\"@id\":\"https:\/\/www.cupoftea.si\/#website\"},\"primaryImageOfPage\":{\"@id\":\"https:\/\/www.cupoftea.si\/sl\/izdelek\/kraljevska-pletena-odeja-modra-100-130\/#primaryimage\"},\"image\":{\"@id\":\"https:\/\/www.cupoftea.si\/sl\/izdelek\/kraljevska-pletena-odeja-modra-100-130\/#primaryimage\"},\"thumbnailUrl\":\"https:\/\/www.cupoftea.si\/wp-content\/uploads\/2019\/11\/COT20191025-2000px-7.jpg\",\"datePublished\":\"2020-12-04T10:55:16+00:00\",\"dateModified\":\"2022-12-22T14:39:24+00:00\",\"breadcrumb\":{\"@id\":\"https:\/\/www.cupoftea.si\/sl\/izdelek\/kraljevska-pletena-odeja-modra-100-130\/#breadcrumb\"},\"inLanguage\":\"sl-SI\",\"potentialAction\":[{\"@type\":\"ReadAction\",\"target\":[\"https:\/\/www.cupoftea.si\/sl\/izdelek\/kraljevska-pletena-odeja-modra-100-130\/\"]}]},{\"@type\":\"ImageObject\",\"inLanguage\":\"sl-SI\",\"@id\":\"https:\/\/www.cupoftea.si\/sl\/izdelek\/kraljevska-pletena-odeja-modra-100-130\/#primaryimage\",\"url\":\"https:\/\/www.cupoftea.si\/wp-content\/uploads\/2019\/11\/COT20191025-2000px-7.jpg\",\"contentUrl\":\"https:\/\/www.cupoftea.si\/wp-content\/uploads\/2019\/11\/COT20191025-2000px-7.jpg\",\"width\":1333,\"height\":2000,\"caption\":\"CUP OF TEA PLETENA ODEJA POLNO\u010cNA MODRINA MERINO VOLNA\"},{\"@type\":\"BreadcrumbList\",\"@id\":\"https:\/\/www.cupoftea.si\/sl\/izdelek\/kraljevska-pletena-odeja-modra-100-130\/#breadcrumb\",\"itemListElement\":[{\"@type\":\"ListItem\",\"position\":1,\"name\":\"Home\",\"item\":\"https:\/\/www.cupoftea.si\/sl\/\"},{\"@type\":\"ListItem\",\"position\":2,\"name\":\"Trgovina\",\"item\":\"https:\/\/www.cupoftea.si\/sl\/trgovina\/\"},{\"@type\":\"ListItem\",\"position\":3,\"name\":\"Kraljevska pletena odeja\"}]},{\"@type\":\"WebSite\",\"@id\":\"https:\/\/www.cupoftea.si\/#website\",\"url\":\"https:\/\/www.cupoftea.si\/\",\"name\":\"CUP OF TEA\",\"description\":\"Reloved Furniture &amp; Interiors\",\"potentialAction\":[{\"@type\":\"SearchAction\",\"target\":{\"@type\":\"EntryPoint\",\"urlTemplate\":\"https:\/\/www.cupoftea.si\/?s={search_term_string}\"},\"query-input\":{\"@type\":\"PropertyValueSpecification\",\"valueRequired\":true,\"valueName\":\"search_term_string\"}}],\"inLanguage\":\"sl-SI\"}]}<\/script>\n<!-- \/ Yoast SEO plugin. -->","yoast_head_json":{"title":"Kraljevska pletena odeja - CUP OF TEA","robots":{"index":"index","follow":"follow","max-snippet":"max-snippet:-1","max-image-preview":"max-image-preview:large","max-video-preview":"max-video-preview:-1"},"canonical":"https:\/\/www.cupoftea.si\/sl\/izdelek\/kraljevska-pletena-odeja-modra-100-130\/","og_locale":"sl_SI","og_type":"article","og_title":"Kraljevska pletena odeja - CUP OF TEA","og_description":"Barva: Polno\u010dna modrina . (Barva izdelka lahko rahlo odstopa od prikazane na zaslonu.)  Material: Odeja je narejena iz 100 % volne merino. Celo etiketa na odeji je mehka in vas ne bo popraskala med crkljanjem!  Velikost: 100 x 130 cm  Dostava: Izdelek je kon\u010dan in se ga lahko dostavi kamorkoli na svetu.","og_url":"https:\/\/www.cupoftea.si\/sl\/izdelek\/kraljevska-pletena-odeja-modra-100-130\/","og_site_name":"CUP OF TEA","article_publisher":"https:\/\/www.facebook.com\/cupoftea.si\/","article_modified_time":"2022-12-22T14:39:24+00:00","og_image":[{"width":1333,"height":2000,"url":"https:\/\/www.cupoftea.si\/wp-content\/uploads\/2019\/11\/COT20191025-2000px-7.jpg","type":"image\/jpeg"}],"twitter_card":"summary_large_image","twitter_site":"@CupOfTeaSI","schema":{"@context":"https:\/\/schema.org","@graph":[{"@type":"WebPage","@id":"https:\/\/www.cupoftea.si\/sl\/izdelek\/kraljevska-pletena-odeja-modra-100-130\/","url":"https:\/\/www.cupoftea.si\/sl\/izdelek\/kraljevska-pletena-odeja-modra-100-130\/","name":"Kraljevska pletena odeja - CUP OF TEA","isPartOf":{"@id":"https:\/\/www.cupoftea.si\/#website"},"primaryImageOfPage":{"@id":"https:\/\/www.cupoftea.si\/sl\/izdelek\/kraljevska-pletena-odeja-modra-100-130\/#primaryimage"},"image":{"@id":"https:\/\/www.cupoftea.si\/sl\/izdelek\/kraljevska-pletena-odeja-modra-100-130\/#primaryimage"},"thumbnailUrl":"https:\/\/www.cupoftea.si\/wp-content\/uploads\/2019\/11\/COT20191025-2000px-7.jpg","datePublished":"2020-12-04T10:55:16+00:00","dateModified":"2022-12-22T14:39:24+00:00","breadcrumb":{"@id":"https:\/\/www.cupoftea.si\/sl\/izdelek\/kraljevska-pletena-odeja-modra-100-130\/#breadcrumb"},"inLanguage":"sl-SI","potentialAction":[{"@type":"ReadAction","target":["https:\/\/www.cupoftea.si\/sl\/izdelek\/kraljevska-pletena-odeja-modra-100-130\/"]}]},{"@type":"ImageObject","inLanguage":"sl-SI","@id":"https:\/\/www.cupoftea.si\/sl\/izdelek\/kraljevska-pletena-odeja-modra-100-130\/#primaryimage","url":"https:\/\/www.cupoftea.si\/wp-content\/uploads\/2019\/11\/COT20191025-2000px-7.jpg","contentUrl":"https:\/\/www.cupoftea.si\/wp-content\/uploads\/2019\/11\/COT20191025-2000px-7.jpg","width":1333,"height":2000,"caption":"CUP OF TEA PLETENA ODEJA POLNO\u010cNA MODRINA MERINO VOLNA"},{"@type":"BreadcrumbList","@id":"https:\/\/www.cupoftea.si\/sl\/izdelek\/kraljevska-pletena-odeja-modra-100-130\/#breadcrumb","itemListElement":[{"@type":"ListItem","position":1,"name":"Home","item":"https:\/\/www.cupoftea.si\/sl\/"},{"@type":"ListItem","position":2,"name":"Trgovina","item":"https:\/\/www.cupoftea.si\/sl\/trgovina\/"},{"@type":"ListItem","position":3,"name":"Kraljevska pletena odeja"}]},{"@type":"WebSite","@id":"https:\/\/www.cupoftea.si\/#website","url":"https:\/\/www.cupoftea.si\/","name":"CUP OF TEA","description":"Reloved Furniture &amp; Interiors","potentialAction":[{"@type":"SearchAction","target":{"@type":"EntryPoint","urlTemplate":"https:\/\/www.cupoftea.si\/?s={search_term_string}"},"query-input":{"@type":"PropertyValueSpecification","valueRequired":true,"valueName":"search_term_string"}}],"inLanguage":"sl-SI"}]}},"_links":{"self":[{"href":"https:\/\/www.cupoftea.si\/sl\/wp-json\/wp\/v2\/product\/8924"}],"collection":[{"href":"https:\/\/www.cupoftea.si\/sl\/wp-json\/wp\/v2\/product"}],"about":[{"href":"https:\/\/www.cupoftea.si\/sl\/wp-json\/wp\/v2\/types\/product"}],"wp:featuredmedia":[{"embeddable":true,"href":"https:\/\/www.cupoftea.si\/sl\/wp-json\/wp\/v2\/media\/8007"}],"wp:attachment":[{"href":"https:\/\/www.cupoftea.si\/sl\/wp-json\/wp\/v2\/media?parent=8924"}],"wp:term":[{"taxonomy":"product_brand","embeddable":true,"href":"https:\/\/www.cupoftea.si\/sl\/wp-json\/wp\/v2\/product_brand?post=8924"},{"taxonomy":"product_cat","embeddable":true,"href":"https:\/\/www.cupoftea.si\/sl\/wp-json\/wp\/v2\/product_cat?post=8924"},{"taxonomy":"product_tag","embeddable":true,"href":"https:\/\/www.cupoftea.si\/sl\/wp-json\/wp\/v2\/product_tag?post=8924"}],"curies":[{"name":"wp","href":"https:\/\/api.w.org\/{rel}","templated":true}]}}