{"id":9116,"date":"2021-01-15T00:09:47","date_gmt":"2021-01-14T23:09:47","guid":{"rendered":"https:\/\/www.cupoftea.si\/?post_type=product&#038;p=9116"},"modified":"2021-01-15T15:03:57","modified_gmt":"2021-01-15T14:03:57","slug":"stol-z-ljubeznijo-055","status":"publish","type":"product","link":"https:\/\/www.cupoftea.si\/sl\/izdelek\/stol-z-ljubeznijo-055\/","title":{"rendered":"Stol z ljubeznijo 055"},"content":{"rendered":"<p>Kdo pravi, da bi pohi\u0161tvo moralo \u017eiveti le eno \u017eivljenje? Ta stol je bil trajnostno obdelan z veliko ljubezni \u2013 in to prav tu, v Sloveniji. Kan\u010dek skrbne pozornosti in moderna preobrazba bosta poskrbela, da bo \u0161e dolga leta ostal udoben kot je v tem trenutku. Vse za to, da se lahko sprostite ob uporabi izdelka Cup of Tea!<\/p>\n","protected":false},"excerpt":{"rendered":"<p><strong>Barva:<\/strong>\u00a0Krem bela (Barva izdelka lahko rahlo odstopa od prikazane na zaslonu.)<\/p>\n<p><strong>Material:<\/strong> Stol je ohranil izvorno kovino, pokriva pa ga trpe\u017ena prevleka iz \u017eameta in kvalitetnega umetnega krzna, izbrana zaradi njene mehkobe, prijetnega izgleda in lahkega vzdr\u017eevanja.<\/p>\n<p><strong>Velikost: <\/strong>74\u00a0(vi\u0161ina) x 54 (\u0161irina) x 58 (globina) cm<\/p>\n<p>44 (globina sedala) &amp; 38 (vi\u0161ina sedala) cm<\/p>\n<p><strong>Dostava:<\/strong> Izdelek je kon\u010dan in se ga lahko dostavi kamorkoli na svetu.<\/p>\n","protected":false},"featured_media":9118,"template":"","meta":{"_acf_changed":false,"_links_to":"","_links_to_target":""},"product_brand":[],"product_cat":[448],"product_tag":[459],"class_list":{"0":"post-9116","1":"product","2":"type-product","3":"status-publish","4":"has-post-thumbnail","6":"product_cat-pohistvo","7":"product_tag-stol","9":"first","10":"outofstock","11":"shipping-taxable","12":"product-type-simple"},"acf":[],"yoast_head":"<!-- This site is optimized with the Yoast SEO plugin v25.2 - https:\/\/yoast.com\/wordpress\/plugins\/seo\/ -->\n<title>Stol z ljubeznijo 055 - CUP OF TEA<\/title>\n<meta name=\"robots\" content=\"index, follow, max-snippet:-1, max-image-preview:large, max-video-preview:-1\" \/>\n<link rel=\"canonical\" href=\"https:\/\/www.cupoftea.si\/sl\/izdelek\/stol-z-ljubeznijo-055\/\" \/>\n<meta property=\"og:locale\" content=\"sl_SI\" \/>\n<meta property=\"og:type\" content=\"article\" \/>\n<meta property=\"og:title\" content=\"Stol z ljubeznijo 055 - CUP OF TEA\" \/>\n<meta property=\"og:description\" content=\"Barva:\u00a0Krem bela (Barva izdelka lahko rahlo odstopa od prikazane na zaslonu.)  Material: Stol je ohranil izvorno kovino, pokriva pa ga trpe\u017ena prevleka iz \u017eameta in kvalitetnega umetnega krzna, izbrana zaradi njene mehkobe, prijetnega izgleda in lahkega vzdr\u017eevanja.  Velikost: 74\u00a0(vi\u0161ina) x 54 (\u0161irina) x 58 (globina) cm  44 (globina sedala) &amp; 38 (vi\u0161ina sedala) cm  Dostava: Izdelek je kon\u010dan in se ga lahko dostavi kamorkoli na svetu.\" \/>\n<meta property=\"og:url\" content=\"https:\/\/www.cupoftea.si\/sl\/izdelek\/stol-z-ljubeznijo-055\/\" \/>\n<meta property=\"og:site_name\" content=\"CUP OF TEA\" \/>\n<meta property=\"article:publisher\" content=\"https:\/\/www.facebook.com\/cupoftea.si\/\" \/>\n<meta property=\"article:modified_time\" content=\"2021-01-15T14:03:57+00:00\" \/>\n<meta property=\"og:image\" content=\"https:\/\/www.cupoftea.si\/wp-content\/uploads\/2021\/01\/20201216-COT-2000px-250kb-33-e1610719423962.jpg\" \/>\n\t<meta property=\"og:image:width\" content=\"1326\" \/>\n\t<meta property=\"og:image:height\" content=\"1326\" \/>\n\t<meta property=\"og:image:type\" content=\"image\/jpeg\" \/>\n<meta name=\"twitter:card\" content=\"summary_large_image\" \/>\n<meta name=\"twitter:site\" content=\"@CupOfTeaSI\" \/>\n<script type=\"application\/ld+json\" class=\"yoast-schema-graph\">{\"@context\":\"https:\/\/schema.org\",\"@graph\":[{\"@type\":\"WebPage\",\"@id\":\"https:\/\/www.cupoftea.si\/sl\/izdelek\/stol-z-ljubeznijo-055\/\",\"url\":\"https:\/\/www.cupoftea.si\/sl\/izdelek\/stol-z-ljubeznijo-055\/\",\"name\":\"Stol z ljubeznijo 055 - CUP OF TEA\",\"isPartOf\":{\"@id\":\"https:\/\/www.cupoftea.si\/#website\"},\"primaryImageOfPage\":{\"@id\":\"https:\/\/www.cupoftea.si\/sl\/izdelek\/stol-z-ljubeznijo-055\/#primaryimage\"},\"image\":{\"@id\":\"https:\/\/www.cupoftea.si\/sl\/izdelek\/stol-z-ljubeznijo-055\/#primaryimage\"},\"thumbnailUrl\":\"https:\/\/www.cupoftea.si\/wp-content\/uploads\/2021\/01\/20201216-COT-2000px-250kb-33-e1610719423962.jpg\",\"datePublished\":\"2021-01-14T23:09:47+00:00\",\"dateModified\":\"2021-01-15T14:03:57+00:00\",\"breadcrumb\":{\"@id\":\"https:\/\/www.cupoftea.si\/sl\/izdelek\/stol-z-ljubeznijo-055\/#breadcrumb\"},\"inLanguage\":\"sl-SI\",\"potentialAction\":[{\"@type\":\"ReadAction\",\"target\":[\"https:\/\/www.cupoftea.si\/sl\/izdelek\/stol-z-ljubeznijo-055\/\"]}]},{\"@type\":\"ImageObject\",\"inLanguage\":\"sl-SI\",\"@id\":\"https:\/\/www.cupoftea.si\/sl\/izdelek\/stol-z-ljubeznijo-055\/#primaryimage\",\"url\":\"https:\/\/www.cupoftea.si\/wp-content\/uploads\/2021\/01\/20201216-COT-2000px-250kb-33-e1610719423962.jpg\",\"contentUrl\":\"https:\/\/www.cupoftea.si\/wp-content\/uploads\/2021\/01\/20201216-COT-2000px-250kb-33-e1610719423962.jpg\",\"width\":1326,\"height\":1326,\"caption\":\"CUP OF TEA STOL Z LJUBEZNIJO KREMNO BELA VINTAGE \u017dAMET KRZNO\"},{\"@type\":\"BreadcrumbList\",\"@id\":\"https:\/\/www.cupoftea.si\/sl\/izdelek\/stol-z-ljubeznijo-055\/#breadcrumb\",\"itemListElement\":[{\"@type\":\"ListItem\",\"position\":1,\"name\":\"Home\",\"item\":\"https:\/\/www.cupoftea.si\/sl\/\"},{\"@type\":\"ListItem\",\"position\":2,\"name\":\"Trgovina\",\"item\":\"https:\/\/www.cupoftea.si\/sl\/trgovina\/\"},{\"@type\":\"ListItem\",\"position\":3,\"name\":\"Stol z ljubeznijo 055\"}]},{\"@type\":\"WebSite\",\"@id\":\"https:\/\/www.cupoftea.si\/#website\",\"url\":\"https:\/\/www.cupoftea.si\/\",\"name\":\"CUP OF TEA\",\"description\":\"Reloved Furniture &amp; Interiors\",\"potentialAction\":[{\"@type\":\"SearchAction\",\"target\":{\"@type\":\"EntryPoint\",\"urlTemplate\":\"https:\/\/www.cupoftea.si\/?s={search_term_string}\"},\"query-input\":{\"@type\":\"PropertyValueSpecification\",\"valueRequired\":true,\"valueName\":\"search_term_string\"}}],\"inLanguage\":\"sl-SI\"}]}<\/script>\n<!-- \/ Yoast SEO plugin. -->","yoast_head_json":{"title":"Stol z ljubeznijo 055 - CUP OF TEA","robots":{"index":"index","follow":"follow","max-snippet":"max-snippet:-1","max-image-preview":"max-image-preview:large","max-video-preview":"max-video-preview:-1"},"canonical":"https:\/\/www.cupoftea.si\/sl\/izdelek\/stol-z-ljubeznijo-055\/","og_locale":"sl_SI","og_type":"article","og_title":"Stol z ljubeznijo 055 - CUP OF TEA","og_description":"Barva:\u00a0Krem bela (Barva izdelka lahko rahlo odstopa od prikazane na zaslonu.)  Material: Stol je ohranil izvorno kovino, pokriva pa ga trpe\u017ena prevleka iz \u017eameta in kvalitetnega umetnega krzna, izbrana zaradi njene mehkobe, prijetnega izgleda in lahkega vzdr\u017eevanja.  Velikost: 74\u00a0(vi\u0161ina) x 54 (\u0161irina) x 58 (globina) cm  44 (globina sedala) &amp; 38 (vi\u0161ina sedala) cm  Dostava: Izdelek je kon\u010dan in se ga lahko dostavi kamorkoli na svetu.","og_url":"https:\/\/www.cupoftea.si\/sl\/izdelek\/stol-z-ljubeznijo-055\/","og_site_name":"CUP OF TEA","article_publisher":"https:\/\/www.facebook.com\/cupoftea.si\/","article_modified_time":"2021-01-15T14:03:57+00:00","og_image":[{"width":1326,"height":1326,"url":"https:\/\/www.cupoftea.si\/wp-content\/uploads\/2021\/01\/20201216-COT-2000px-250kb-33-e1610719423962.jpg","type":"image\/jpeg"}],"twitter_card":"summary_large_image","twitter_site":"@CupOfTeaSI","schema":{"@context":"https:\/\/schema.org","@graph":[{"@type":"WebPage","@id":"https:\/\/www.cupoftea.si\/sl\/izdelek\/stol-z-ljubeznijo-055\/","url":"https:\/\/www.cupoftea.si\/sl\/izdelek\/stol-z-ljubeznijo-055\/","name":"Stol z ljubeznijo 055 - CUP OF TEA","isPartOf":{"@id":"https:\/\/www.cupoftea.si\/#website"},"primaryImageOfPage":{"@id":"https:\/\/www.cupoftea.si\/sl\/izdelek\/stol-z-ljubeznijo-055\/#primaryimage"},"image":{"@id":"https:\/\/www.cupoftea.si\/sl\/izdelek\/stol-z-ljubeznijo-055\/#primaryimage"},"thumbnailUrl":"https:\/\/www.cupoftea.si\/wp-content\/uploads\/2021\/01\/20201216-COT-2000px-250kb-33-e1610719423962.jpg","datePublished":"2021-01-14T23:09:47+00:00","dateModified":"2021-01-15T14:03:57+00:00","breadcrumb":{"@id":"https:\/\/www.cupoftea.si\/sl\/izdelek\/stol-z-ljubeznijo-055\/#breadcrumb"},"inLanguage":"sl-SI","potentialAction":[{"@type":"ReadAction","target":["https:\/\/www.cupoftea.si\/sl\/izdelek\/stol-z-ljubeznijo-055\/"]}]},{"@type":"ImageObject","inLanguage":"sl-SI","@id":"https:\/\/www.cupoftea.si\/sl\/izdelek\/stol-z-ljubeznijo-055\/#primaryimage","url":"https:\/\/www.cupoftea.si\/wp-content\/uploads\/2021\/01\/20201216-COT-2000px-250kb-33-e1610719423962.jpg","contentUrl":"https:\/\/www.cupoftea.si\/wp-content\/uploads\/2021\/01\/20201216-COT-2000px-250kb-33-e1610719423962.jpg","width":1326,"height":1326,"caption":"CUP OF TEA STOL Z LJUBEZNIJO KREMNO BELA VINTAGE \u017dAMET KRZNO"},{"@type":"BreadcrumbList","@id":"https:\/\/www.cupoftea.si\/sl\/izdelek\/stol-z-ljubeznijo-055\/#breadcrumb","itemListElement":[{"@type":"ListItem","position":1,"name":"Home","item":"https:\/\/www.cupoftea.si\/sl\/"},{"@type":"ListItem","position":2,"name":"Trgovina","item":"https:\/\/www.cupoftea.si\/sl\/trgovina\/"},{"@type":"ListItem","position":3,"name":"Stol z ljubeznijo 055"}]},{"@type":"WebSite","@id":"https:\/\/www.cupoftea.si\/#website","url":"https:\/\/www.cupoftea.si\/","name":"CUP OF TEA","description":"Reloved Furniture &amp; Interiors","potentialAction":[{"@type":"SearchAction","target":{"@type":"EntryPoint","urlTemplate":"https:\/\/www.cupoftea.si\/?s={search_term_string}"},"query-input":{"@type":"PropertyValueSpecification","valueRequired":true,"valueName":"search_term_string"}}],"inLanguage":"sl-SI"}]}},"_links":{"self":[{"href":"https:\/\/www.cupoftea.si\/sl\/wp-json\/wp\/v2\/product\/9116"}],"collection":[{"href":"https:\/\/www.cupoftea.si\/sl\/wp-json\/wp\/v2\/product"}],"about":[{"href":"https:\/\/www.cupoftea.si\/sl\/wp-json\/wp\/v2\/types\/product"}],"wp:featuredmedia":[{"embeddable":true,"href":"https:\/\/www.cupoftea.si\/sl\/wp-json\/wp\/v2\/media\/9118"}],"wp:attachment":[{"href":"https:\/\/www.cupoftea.si\/sl\/wp-json\/wp\/v2\/media?parent=9116"}],"wp:term":[{"taxonomy":"product_brand","embeddable":true,"href":"https:\/\/www.cupoftea.si\/sl\/wp-json\/wp\/v2\/product_brand?post=9116"},{"taxonomy":"product_cat","embeddable":true,"href":"https:\/\/www.cupoftea.si\/sl\/wp-json\/wp\/v2\/product_cat?post=9116"},{"taxonomy":"product_tag","embeddable":true,"href":"https:\/\/www.cupoftea.si\/sl\/wp-json\/wp\/v2\/product_tag?post=9116"}],"curies":[{"name":"wp","href":"https:\/\/api.w.org\/{rel}","templated":true}]}}