{"id":9433,"date":"2021-01-30T12:10:34","date_gmt":"2021-01-30T11:10:34","guid":{"rendered":"https:\/\/www.cupoftea.si\/?post_type=product&#038;p=9433"},"modified":"2021-10-12T07:56:13","modified_gmt":"2021-10-12T05:56:13","slug":"kvadratna-pletena-blazina-terakota","status":"publish","type":"product","link":"https:\/\/www.cupoftea.si\/sl\/izdelek\/kvadratna-pletena-blazina-terakota\/","title":{"rendered":"Kvadratna pletena blazina"},"content":{"rendered":"<p>Ta ro\u010dno spletena blazina, narejena v Sloveniji, vam ponuja vso udobje tega sveta. Ker je narejena iz 100 % volne merino, prina\u0161a s seboj tudi antibakteriolo\u0161ke in antimikrobne lastnosti. Je antistati\u010dna, odporna na made\u017ee in se ne navzame vonja. Poleg tega ne zahteva skoraj ni\u010d nege, zato se lahko sprostite in brez skrbi u\u017eivate v ro\u010dnem izdelku Cup of Tea.<\/p>\n","protected":false},"excerpt":{"rendered":"<p><strong>Barva:<\/strong> Prosim izberite eno izmed spodaj navedenih mo\u017enosti. (Barva izdelka lahko rahlo odstopa od prikazane na zaslonu.)<\/p>\n<p><strong>Material:<\/strong> Blazina je narejena iz 100 % volne merino.<\/p>\n<p><strong>Velikost:<\/strong> pribli\u017eno 40 x 40 cm<\/p>\n<p><strong>Dostava:<\/strong>\u00a0 Izdelek je kon\u010dan in se ga lahko dostavi kamorkoli na svetu.<\/p>\n","protected":false},"featured_media":9006,"template":"","meta":{"_acf_changed":false,"_links_to":"","_links_to_target":""},"product_brand":[],"product_cat":[456,493,576],"product_tag":[444,465],"class_list":{"0":"post-9433","1":"product","2":"type-product","3":"status-publish","4":"has-post-thumbnail","6":"product_cat-pletenje","7":"product_cat-volna","8":"product_cat-odprodaja-zalog","9":"product_tag-cushion-sl","10":"product_tag-volna","12":"first","13":"outofstock","14":"sale","15":"shipping-taxable","16":"purchasable","17":"product-type-simple"},"acf":[],"yoast_head":"<!-- This site is optimized with the Yoast SEO plugin v25.2 - https:\/\/yoast.com\/wordpress\/plugins\/seo\/ -->\n<title>Kvadratna pletena blazina - CUP OF TEA<\/title>\n<meta name=\"robots\" content=\"index, follow, max-snippet:-1, max-image-preview:large, max-video-preview:-1\" \/>\n<link rel=\"canonical\" href=\"https:\/\/www.cupoftea.si\/izdelek\/square-merino-love-pillow-orange\/\" \/>\n<meta property=\"og:locale\" content=\"sl_SI\" \/>\n<meta property=\"og:type\" content=\"article\" \/>\n<meta property=\"og:title\" content=\"Kvadratna pletena blazina - CUP OF TEA\" \/>\n<meta property=\"og:description\" content=\"Barva: Prosim izberite eno izmed spodaj navedenih mo\u017enosti. (Barva izdelka lahko rahlo odstopa od prikazane na zaslonu.)  Material: Blazina je narejena iz 100 % volne merino.  Velikost: pribli\u017eno 40 x 40 cm  Dostava:\u00a0 Izdelek je kon\u010dan in se ga lahko dostavi kamorkoli na svetu.\" \/>\n<meta property=\"og:url\" content=\"https:\/\/www.cupoftea.si\/izdelek\/square-merino-love-pillow-orange\/\" \/>\n<meta property=\"og:site_name\" content=\"CUP OF TEA\" \/>\n<meta property=\"article:publisher\" content=\"https:\/\/www.facebook.com\/cupoftea.si\/\" \/>\n<meta property=\"article:modified_time\" content=\"2021-10-12T05:56:13+00:00\" \/>\n<meta property=\"og:image\" content=\"https:\/\/www.cupoftea.si\/wp-content\/uploads\/2021\/01\/20201216-COT-2000px-250kb-9.jpg\" \/>\n\t<meta property=\"og:image:width\" content=\"1333\" \/>\n\t<meta property=\"og:image:height\" content=\"2000\" \/>\n\t<meta property=\"og:image:type\" content=\"image\/jpeg\" \/>\n<meta name=\"twitter:card\" content=\"summary_large_image\" \/>\n<meta name=\"twitter:site\" content=\"@CupOfTeaSI\" \/>\n<script type=\"application\/ld+json\" class=\"yoast-schema-graph\">{\"@context\":\"https:\/\/schema.org\",\"@graph\":[{\"@type\":\"WebPage\",\"@id\":\"https:\/\/www.cupoftea.si\/izdelek\/square-merino-love-pillow-orange\/\",\"url\":\"https:\/\/www.cupoftea.si\/izdelek\/square-merino-love-pillow-orange\/\",\"name\":\"Kvadratna pletena blazina - CUP OF TEA\",\"isPartOf\":{\"@id\":\"https:\/\/www.cupoftea.si\/#website\"},\"primaryImageOfPage\":{\"@id\":\"https:\/\/www.cupoftea.si\/izdelek\/square-merino-love-pillow-orange\/#primaryimage\"},\"image\":{\"@id\":\"https:\/\/www.cupoftea.si\/izdelek\/square-merino-love-pillow-orange\/#primaryimage\"},\"thumbnailUrl\":\"https:\/\/www.cupoftea.si\/wp-content\/uploads\/2021\/01\/20201216-COT-2000px-250kb-9.jpg\",\"datePublished\":\"2021-01-30T11:10:34+00:00\",\"dateModified\":\"2021-10-12T05:56:13+00:00\",\"breadcrumb\":{\"@id\":\"https:\/\/www.cupoftea.si\/izdelek\/square-merino-love-pillow-orange\/#breadcrumb\"},\"inLanguage\":\"sl-SI\",\"potentialAction\":[{\"@type\":\"ReadAction\",\"target\":[\"https:\/\/www.cupoftea.si\/izdelek\/square-merino-love-pillow-orange\/\"]}]},{\"@type\":\"ImageObject\",\"inLanguage\":\"sl-SI\",\"@id\":\"https:\/\/www.cupoftea.si\/izdelek\/square-merino-love-pillow-orange\/#primaryimage\",\"url\":\"https:\/\/www.cupoftea.si\/wp-content\/uploads\/2021\/01\/20201216-COT-2000px-250kb-9.jpg\",\"contentUrl\":\"https:\/\/www.cupoftea.si\/wp-content\/uploads\/2021\/01\/20201216-COT-2000px-250kb-9.jpg\",\"width\":1333,\"height\":2000,\"caption\":\"CUP OF TEA KVADRATNA PLETENA BLAZINA MERINO VOLNA\"},{\"@type\":\"BreadcrumbList\",\"@id\":\"https:\/\/www.cupoftea.si\/izdelek\/square-merino-love-pillow-orange\/#breadcrumb\",\"itemListElement\":[{\"@type\":\"ListItem\",\"position\":1,\"name\":\"Home\",\"item\":\"https:\/\/www.cupoftea.si\/sl\/\"},{\"@type\":\"ListItem\",\"position\":2,\"name\":\"Trgovina\",\"item\":\"https:\/\/www.cupoftea.si\/sl\/trgovina\/\"},{\"@type\":\"ListItem\",\"position\":3,\"name\":\"Kvadratna pletena blazina\"}]},{\"@type\":\"WebSite\",\"@id\":\"https:\/\/www.cupoftea.si\/#website\",\"url\":\"https:\/\/www.cupoftea.si\/\",\"name\":\"CUP OF TEA\",\"description\":\"Reloved Furniture &amp; Interiors\",\"potentialAction\":[{\"@type\":\"SearchAction\",\"target\":{\"@type\":\"EntryPoint\",\"urlTemplate\":\"https:\/\/www.cupoftea.si\/?s={search_term_string}\"},\"query-input\":{\"@type\":\"PropertyValueSpecification\",\"valueRequired\":true,\"valueName\":\"search_term_string\"}}],\"inLanguage\":\"sl-SI\"}]}<\/script>\n<!-- \/ Yoast SEO plugin. -->","yoast_head_json":{"title":"Kvadratna pletena blazina - CUP OF TEA","robots":{"index":"index","follow":"follow","max-snippet":"max-snippet:-1","max-image-preview":"max-image-preview:large","max-video-preview":"max-video-preview:-1"},"canonical":"https:\/\/www.cupoftea.si\/izdelek\/square-merino-love-pillow-orange\/","og_locale":"sl_SI","og_type":"article","og_title":"Kvadratna pletena blazina - CUP OF TEA","og_description":"Barva: Prosim izberite eno izmed spodaj navedenih mo\u017enosti. (Barva izdelka lahko rahlo odstopa od prikazane na zaslonu.)  Material: Blazina je narejena iz 100 % volne merino.  Velikost: pribli\u017eno 40 x 40 cm  Dostava:\u00a0 Izdelek je kon\u010dan in se ga lahko dostavi kamorkoli na svetu.","og_url":"https:\/\/www.cupoftea.si\/izdelek\/square-merino-love-pillow-orange\/","og_site_name":"CUP OF TEA","article_publisher":"https:\/\/www.facebook.com\/cupoftea.si\/","article_modified_time":"2021-10-12T05:56:13+00:00","og_image":[{"width":1333,"height":2000,"url":"https:\/\/www.cupoftea.si\/wp-content\/uploads\/2021\/01\/20201216-COT-2000px-250kb-9.jpg","type":"image\/jpeg"}],"twitter_card":"summary_large_image","twitter_site":"@CupOfTeaSI","schema":{"@context":"https:\/\/schema.org","@graph":[{"@type":"WebPage","@id":"https:\/\/www.cupoftea.si\/izdelek\/square-merino-love-pillow-orange\/","url":"https:\/\/www.cupoftea.si\/izdelek\/square-merino-love-pillow-orange\/","name":"Kvadratna pletena blazina - CUP OF TEA","isPartOf":{"@id":"https:\/\/www.cupoftea.si\/#website"},"primaryImageOfPage":{"@id":"https:\/\/www.cupoftea.si\/izdelek\/square-merino-love-pillow-orange\/#primaryimage"},"image":{"@id":"https:\/\/www.cupoftea.si\/izdelek\/square-merino-love-pillow-orange\/#primaryimage"},"thumbnailUrl":"https:\/\/www.cupoftea.si\/wp-content\/uploads\/2021\/01\/20201216-COT-2000px-250kb-9.jpg","datePublished":"2021-01-30T11:10:34+00:00","dateModified":"2021-10-12T05:56:13+00:00","breadcrumb":{"@id":"https:\/\/www.cupoftea.si\/izdelek\/square-merino-love-pillow-orange\/#breadcrumb"},"inLanguage":"sl-SI","potentialAction":[{"@type":"ReadAction","target":["https:\/\/www.cupoftea.si\/izdelek\/square-merino-love-pillow-orange\/"]}]},{"@type":"ImageObject","inLanguage":"sl-SI","@id":"https:\/\/www.cupoftea.si\/izdelek\/square-merino-love-pillow-orange\/#primaryimage","url":"https:\/\/www.cupoftea.si\/wp-content\/uploads\/2021\/01\/20201216-COT-2000px-250kb-9.jpg","contentUrl":"https:\/\/www.cupoftea.si\/wp-content\/uploads\/2021\/01\/20201216-COT-2000px-250kb-9.jpg","width":1333,"height":2000,"caption":"CUP OF TEA KVADRATNA PLETENA BLAZINA MERINO VOLNA"},{"@type":"BreadcrumbList","@id":"https:\/\/www.cupoftea.si\/izdelek\/square-merino-love-pillow-orange\/#breadcrumb","itemListElement":[{"@type":"ListItem","position":1,"name":"Home","item":"https:\/\/www.cupoftea.si\/sl\/"},{"@type":"ListItem","position":2,"name":"Trgovina","item":"https:\/\/www.cupoftea.si\/sl\/trgovina\/"},{"@type":"ListItem","position":3,"name":"Kvadratna pletena blazina"}]},{"@type":"WebSite","@id":"https:\/\/www.cupoftea.si\/#website","url":"https:\/\/www.cupoftea.si\/","name":"CUP OF TEA","description":"Reloved Furniture &amp; Interiors","potentialAction":[{"@type":"SearchAction","target":{"@type":"EntryPoint","urlTemplate":"https:\/\/www.cupoftea.si\/?s={search_term_string}"},"query-input":{"@type":"PropertyValueSpecification","valueRequired":true,"valueName":"search_term_string"}}],"inLanguage":"sl-SI"}]}},"_links":{"self":[{"href":"https:\/\/www.cupoftea.si\/sl\/wp-json\/wp\/v2\/product\/9433"}],"collection":[{"href":"https:\/\/www.cupoftea.si\/sl\/wp-json\/wp\/v2\/product"}],"about":[{"href":"https:\/\/www.cupoftea.si\/sl\/wp-json\/wp\/v2\/types\/product"}],"wp:featuredmedia":[{"embeddable":true,"href":"https:\/\/www.cupoftea.si\/sl\/wp-json\/wp\/v2\/media\/9006"}],"wp:attachment":[{"href":"https:\/\/www.cupoftea.si\/sl\/wp-json\/wp\/v2\/media?parent=9433"}],"wp:term":[{"taxonomy":"product_brand","embeddable":true,"href":"https:\/\/www.cupoftea.si\/sl\/wp-json\/wp\/v2\/product_brand?post=9433"},{"taxonomy":"product_cat","embeddable":true,"href":"https:\/\/www.cupoftea.si\/sl\/wp-json\/wp\/v2\/product_cat?post=9433"},{"taxonomy":"product_tag","embeddable":true,"href":"https:\/\/www.cupoftea.si\/sl\/wp-json\/wp\/v2\/product_tag?post=9433"}],"curies":[{"name":"wp","href":"https:\/\/api.w.org\/{rel}","templated":true}]}}