{"id":9461,"date":"2021-01-30T16:42:11","date_gmt":"2021-01-30T15:42:12","guid":{"rendered":"https:\/\/www.cupoftea.si\/?post_type=product&#038;p=9461"},"modified":"2021-10-12T07:55:01","modified_gmt":"2021-10-12T05:55:01","slug":"kraljevska-pletena-odeja-siva-130x150cm","status":"publish","type":"product","link":"https:\/\/www.cupoftea.si\/sl\/izdelek\/kraljevska-pletena-odeja-siva-130x150cm\/","title":{"rendered":"Kraljevska pletena odeja"},"content":{"rendered":"<p>Ro\u010dno spletena odeja iz 100 % volne merino ponuja vso udobje tega sveta. Je izjemno mehka, trpe\u017ena in ne\u017ena. Volna merino ima antibakteriolo\u0161ke in antimikrobne lastnosti. Poleg tega je antistati\u010dna, odporna na made\u017ee in se ne navzame vonja.<\/p>\n","protected":false},"excerpt":{"rendered":"<p><strong>Barva:<\/strong> Dimno siva (Barva izdelka lahko rahlo odstopa od prikazane na zaslonu.)<\/p>\n<p><strong>Velikost:<\/strong> 130 x 150 cm<\/p>\n<p><strong>Material:<\/strong> Odeja je narejena iz 100 % volne merino.<\/p>\n","protected":false},"featured_media":9490,"template":"","meta":{"_acf_changed":false,"_links_to":"","_links_to_target":""},"product_brand":[],"product_cat":[452,456,493,576],"product_tag":[458,462,465],"class_list":{"0":"post-9461","1":"product","2":"type-product","3":"status-publish","4":"has-post-thumbnail","6":"product_cat-odeje","7":"product_cat-pletenje","8":"product_cat-volna","9":"product_cat-odprodaja-zalog","10":"product_tag-odeje","11":"product_tag-pletenje","12":"product_tag-volna","14":"first","15":"outofstock","16":"sale","17":"shipping-taxable","18":"purchasable","19":"product-type-simple"},"acf":[],"yoast_head":"<!-- This site is optimized with the Yoast SEO plugin v25.2 - https:\/\/yoast.com\/wordpress\/plugins\/seo\/ -->\n<title>Kraljevska pletena odeja - CUP OF TEA<\/title>\n<meta name=\"robots\" content=\"index, follow, max-snippet:-1, max-image-preview:large, max-video-preview:-1\" \/>\n<link rel=\"canonical\" href=\"https:\/\/www.cupoftea.si\/sl\/izdelek\/kraljevska-pletena-odeja-siva-130x150cm\/\" \/>\n<meta property=\"og:locale\" content=\"sl_SI\" \/>\n<meta property=\"og:type\" content=\"article\" \/>\n<meta property=\"og:title\" content=\"Kraljevska pletena odeja - CUP OF TEA\" \/>\n<meta property=\"og:description\" content=\"Barva: Dimno siva (Barva izdelka lahko rahlo odstopa od prikazane na zaslonu.)  Velikost: 130 x 150 cm  Material: Odeja je narejena iz 100 % volne merino.\" \/>\n<meta property=\"og:url\" content=\"https:\/\/www.cupoftea.si\/sl\/izdelek\/kraljevska-pletena-odeja-siva-130x150cm\/\" \/>\n<meta property=\"og:site_name\" content=\"CUP OF TEA\" \/>\n<meta property=\"article:publisher\" content=\"https:\/\/www.facebook.com\/cupoftea.si\/\" \/>\n<meta property=\"article:modified_time\" content=\"2021-10-12T05:55:01+00:00\" \/>\n<meta property=\"og:image\" content=\"https:\/\/www.cupoftea.si\/wp-content\/uploads\/2021\/01\/IMG_1323-scaled.jpg\" \/>\n\t<meta property=\"og:image:width\" content=\"2560\" \/>\n\t<meta property=\"og:image:height\" content=\"1707\" \/>\n\t<meta property=\"og:image:type\" content=\"image\/jpeg\" \/>\n<meta name=\"twitter:card\" content=\"summary_large_image\" \/>\n<meta name=\"twitter:site\" content=\"@CupOfTeaSI\" \/>\n<meta name=\"twitter:label1\" content=\"Est. reading time\" \/>\n\t<meta name=\"twitter:data1\" content=\"1 minuta\" \/>\n<script type=\"application\/ld+json\" class=\"yoast-schema-graph\">{\"@context\":\"https:\/\/schema.org\",\"@graph\":[{\"@type\":\"WebPage\",\"@id\":\"https:\/\/www.cupoftea.si\/sl\/izdelek\/kraljevska-pletena-odeja-siva-130x150cm\/\",\"url\":\"https:\/\/www.cupoftea.si\/sl\/izdelek\/kraljevska-pletena-odeja-siva-130x150cm\/\",\"name\":\"Kraljevska pletena odeja - CUP OF TEA\",\"isPartOf\":{\"@id\":\"https:\/\/www.cupoftea.si\/#website\"},\"primaryImageOfPage\":{\"@id\":\"https:\/\/www.cupoftea.si\/sl\/izdelek\/kraljevska-pletena-odeja-siva-130x150cm\/#primaryimage\"},\"image\":{\"@id\":\"https:\/\/www.cupoftea.si\/sl\/izdelek\/kraljevska-pletena-odeja-siva-130x150cm\/#primaryimage\"},\"thumbnailUrl\":\"https:\/\/www.cupoftea.si\/wp-content\/uploads\/2021\/01\/IMG_1323-scaled.jpg\",\"datePublished\":\"2021-01-30T15:42:12+00:00\",\"dateModified\":\"2021-10-12T05:55:01+00:00\",\"breadcrumb\":{\"@id\":\"https:\/\/www.cupoftea.si\/sl\/izdelek\/kraljevska-pletena-odeja-siva-130x150cm\/#breadcrumb\"},\"inLanguage\":\"sl-SI\",\"potentialAction\":[{\"@type\":\"ReadAction\",\"target\":[\"https:\/\/www.cupoftea.si\/sl\/izdelek\/kraljevska-pletena-odeja-siva-130x150cm\/\"]}]},{\"@type\":\"ImageObject\",\"inLanguage\":\"sl-SI\",\"@id\":\"https:\/\/www.cupoftea.si\/sl\/izdelek\/kraljevska-pletena-odeja-siva-130x150cm\/#primaryimage\",\"url\":\"https:\/\/www.cupoftea.si\/wp-content\/uploads\/2021\/01\/IMG_1323-scaled.jpg\",\"contentUrl\":\"https:\/\/www.cupoftea.si\/wp-content\/uploads\/2021\/01\/IMG_1323-scaled.jpg\",\"width\":2560,\"height\":1707},{\"@type\":\"BreadcrumbList\",\"@id\":\"https:\/\/www.cupoftea.si\/sl\/izdelek\/kraljevska-pletena-odeja-siva-130x150cm\/#breadcrumb\",\"itemListElement\":[{\"@type\":\"ListItem\",\"position\":1,\"name\":\"Home\",\"item\":\"https:\/\/www.cupoftea.si\/sl\/\"},{\"@type\":\"ListItem\",\"position\":2,\"name\":\"Trgovina\",\"item\":\"https:\/\/www.cupoftea.si\/sl\/trgovina\/\"},{\"@type\":\"ListItem\",\"position\":3,\"name\":\"Kraljevska pletena odeja\"}]},{\"@type\":\"WebSite\",\"@id\":\"https:\/\/www.cupoftea.si\/#website\",\"url\":\"https:\/\/www.cupoftea.si\/\",\"name\":\"CUP OF TEA\",\"description\":\"Reloved Furniture &amp; Interiors\",\"potentialAction\":[{\"@type\":\"SearchAction\",\"target\":{\"@type\":\"EntryPoint\",\"urlTemplate\":\"https:\/\/www.cupoftea.si\/?s={search_term_string}\"},\"query-input\":{\"@type\":\"PropertyValueSpecification\",\"valueRequired\":true,\"valueName\":\"search_term_string\"}}],\"inLanguage\":\"sl-SI\"}]}<\/script>\n<!-- \/ Yoast SEO plugin. -->","yoast_head_json":{"title":"Kraljevska pletena odeja - CUP OF TEA","robots":{"index":"index","follow":"follow","max-snippet":"max-snippet:-1","max-image-preview":"max-image-preview:large","max-video-preview":"max-video-preview:-1"},"canonical":"https:\/\/www.cupoftea.si\/sl\/izdelek\/kraljevska-pletena-odeja-siva-130x150cm\/","og_locale":"sl_SI","og_type":"article","og_title":"Kraljevska pletena odeja - CUP OF TEA","og_description":"Barva: Dimno siva (Barva izdelka lahko rahlo odstopa od prikazane na zaslonu.)  Velikost: 130 x 150 cm  Material: Odeja je narejena iz 100 % volne merino.","og_url":"https:\/\/www.cupoftea.si\/sl\/izdelek\/kraljevska-pletena-odeja-siva-130x150cm\/","og_site_name":"CUP OF TEA","article_publisher":"https:\/\/www.facebook.com\/cupoftea.si\/","article_modified_time":"2021-10-12T05:55:01+00:00","og_image":[{"width":2560,"height":1707,"url":"https:\/\/www.cupoftea.si\/wp-content\/uploads\/2021\/01\/IMG_1323-scaled.jpg","type":"image\/jpeg"}],"twitter_card":"summary_large_image","twitter_site":"@CupOfTeaSI","twitter_misc":{"Est. reading time":"1 minuta"},"schema":{"@context":"https:\/\/schema.org","@graph":[{"@type":"WebPage","@id":"https:\/\/www.cupoftea.si\/sl\/izdelek\/kraljevska-pletena-odeja-siva-130x150cm\/","url":"https:\/\/www.cupoftea.si\/sl\/izdelek\/kraljevska-pletena-odeja-siva-130x150cm\/","name":"Kraljevska pletena odeja - CUP OF TEA","isPartOf":{"@id":"https:\/\/www.cupoftea.si\/#website"},"primaryImageOfPage":{"@id":"https:\/\/www.cupoftea.si\/sl\/izdelek\/kraljevska-pletena-odeja-siva-130x150cm\/#primaryimage"},"image":{"@id":"https:\/\/www.cupoftea.si\/sl\/izdelek\/kraljevska-pletena-odeja-siva-130x150cm\/#primaryimage"},"thumbnailUrl":"https:\/\/www.cupoftea.si\/wp-content\/uploads\/2021\/01\/IMG_1323-scaled.jpg","datePublished":"2021-01-30T15:42:12+00:00","dateModified":"2021-10-12T05:55:01+00:00","breadcrumb":{"@id":"https:\/\/www.cupoftea.si\/sl\/izdelek\/kraljevska-pletena-odeja-siva-130x150cm\/#breadcrumb"},"inLanguage":"sl-SI","potentialAction":[{"@type":"ReadAction","target":["https:\/\/www.cupoftea.si\/sl\/izdelek\/kraljevska-pletena-odeja-siva-130x150cm\/"]}]},{"@type":"ImageObject","inLanguage":"sl-SI","@id":"https:\/\/www.cupoftea.si\/sl\/izdelek\/kraljevska-pletena-odeja-siva-130x150cm\/#primaryimage","url":"https:\/\/www.cupoftea.si\/wp-content\/uploads\/2021\/01\/IMG_1323-scaled.jpg","contentUrl":"https:\/\/www.cupoftea.si\/wp-content\/uploads\/2021\/01\/IMG_1323-scaled.jpg","width":2560,"height":1707},{"@type":"BreadcrumbList","@id":"https:\/\/www.cupoftea.si\/sl\/izdelek\/kraljevska-pletena-odeja-siva-130x150cm\/#breadcrumb","itemListElement":[{"@type":"ListItem","position":1,"name":"Home","item":"https:\/\/www.cupoftea.si\/sl\/"},{"@type":"ListItem","position":2,"name":"Trgovina","item":"https:\/\/www.cupoftea.si\/sl\/trgovina\/"},{"@type":"ListItem","position":3,"name":"Kraljevska pletena odeja"}]},{"@type":"WebSite","@id":"https:\/\/www.cupoftea.si\/#website","url":"https:\/\/www.cupoftea.si\/","name":"CUP OF TEA","description":"Reloved Furniture &amp; Interiors","potentialAction":[{"@type":"SearchAction","target":{"@type":"EntryPoint","urlTemplate":"https:\/\/www.cupoftea.si\/?s={search_term_string}"},"query-input":{"@type":"PropertyValueSpecification","valueRequired":true,"valueName":"search_term_string"}}],"inLanguage":"sl-SI"}]}},"_links":{"self":[{"href":"https:\/\/www.cupoftea.si\/sl\/wp-json\/wp\/v2\/product\/9461"}],"collection":[{"href":"https:\/\/www.cupoftea.si\/sl\/wp-json\/wp\/v2\/product"}],"about":[{"href":"https:\/\/www.cupoftea.si\/sl\/wp-json\/wp\/v2\/types\/product"}],"wp:featuredmedia":[{"embeddable":true,"href":"https:\/\/www.cupoftea.si\/sl\/wp-json\/wp\/v2\/media\/9490"}],"wp:attachment":[{"href":"https:\/\/www.cupoftea.si\/sl\/wp-json\/wp\/v2\/media?parent=9461"}],"wp:term":[{"taxonomy":"product_brand","embeddable":true,"href":"https:\/\/www.cupoftea.si\/sl\/wp-json\/wp\/v2\/product_brand?post=9461"},{"taxonomy":"product_cat","embeddable":true,"href":"https:\/\/www.cupoftea.si\/sl\/wp-json\/wp\/v2\/product_cat?post=9461"},{"taxonomy":"product_tag","embeddable":true,"href":"https:\/\/www.cupoftea.si\/sl\/wp-json\/wp\/v2\/product_tag?post=9461"}],"curies":[{"name":"wp","href":"https:\/\/api.w.org\/{rel}","templated":true}]}}